{"id":322544,"date":"2025-10-10T11:57:51","date_gmt":"2025-10-10T09:57:51","guid":{"rendered":"https:\/\/freakuence.nl\/product\/bw-fs-700\/"},"modified":"2026-03-10T06:08:14","modified_gmt":"2026-03-10T05:08:14","slug":"bw-fs-700","status":"publish","type":"product","link":"https:\/\/dev.freakuence.nl\/fr\/produit\/bw-fs-700\/","title":{"rendered":"B&amp;W FS 700"},"content":{"rendered":"<div class=\"product-specifications-list\">\n<div class=\"specification-item row-even\"><span class=\"spec-content\"><strong>Description Freakuence !<\/strong><\/span><\/div>\n<div class=\"specification-item row-odd\"><span class=\"spec-content\"><\/p>\n<p>Les pieds FS-700 S3 permettent \u00e0 vos enceintes de biblioth\u00e8que d&rsquo;atteindre un niveau sup\u00e9rieur. Ils offrent une base stable et r\u00e9duisent les r\u00e9sonances ind\u00e9sirables, pour une restitution claire et pr\u00e9cise. Avec leur design fin et leur gestion int\u00e9gr\u00e9e des c\u00e2bles, ils s&rsquo;int\u00e8grent parfaitement \u00e0 votre installation.  <\/p>\n<p><\/span><\/div>\n<div class=\"specification-item row-even\"><span class=\"spec-content\"><strong>Description g\u00e9n\u00e9rale<\/strong><\/span><\/div>\n<div class=\"specification-item row-odd\"><span class=\"spec-content\"><\/p>\n<p>Le support d&rsquo;enceinte Bowers &amp; Wilkins FS-700 S3 est con\u00e7u pour supporter au mieux les enceintes biblioth\u00e8que de la s\u00e9rie 700. Avec une construction robuste en acier, aluminium et MDF, ce support offre une base solide pour vos enceintes. Les colonnes peuvent \u00eatre remplies de mat\u00e9riau pour r\u00e9duire les r\u00e9sonances et am\u00e9liorer la stabilit\u00e9. Un syst\u00e8me de gestion des c\u00e2bles est \u00e9galement int\u00e9gr\u00e9 pour que votre installation reste ordonn\u00e9e. Disponible en noir et en argent, le FS-700 S3 est livr\u00e9 avec des pieds en caoutchouc et des pointes pour un placement sur diff\u00e9rents types de sols.    <\/p>\n<p><\/span><\/div>\n<div class=\"specification-item row-even\"><span class=\"spec-content\"><strong>Histoire de la marque<\/strong><\/span><\/div>\n<div class=\"specification-item row-odd\"><span class=\"spec-content\"><\/p>\n<p>Bowers &amp; Wilkins, fond\u00e9e en 1966 par John Bowers et Roy Wilkins, a vu le jour dans la ville anglaise de Worthing. La soci\u00e9t\u00e9 est n\u00e9e de la passion de Bowers pour l&rsquo;ing\u00e9nierie du son, qu&rsquo;il avait d\u00e9velopp\u00e9e en travaillant dans un magasin d&rsquo;\u00e9lectronique. John Bowers \u00e9tait un perfectionniste tr\u00e8s attach\u00e9 \u00e0 la pr\u00e9cision acoustique.   Dans les ann\u00e9es qui suivent, la soci\u00e9t\u00e9 se d\u00e9veloppe sous la direction de Bowers, qui joue un r\u00f4le central jusqu&rsquo;\u00e0 sa mort en 1987. L&rsquo;accent a \u00e9t\u00e9 mis sur la recherche et le d\u00e9veloppement, l&rsquo;\u00e9quipe apportant des innovations dans la technologie de la reproduction sonore. Apr\u00e8s la mort de Bowers, l&rsquo;entreprise a pris de nouvelles directions sous l&rsquo;\u00e9gide de diff\u00e9rents propri\u00e9taires.  <\/p>\n<p><\/span><\/div>\n<\/div>\n","protected":false},"excerpt":{"rendered":"<p>Description Freakuence ! Les pieds FS-700 S3 permettent \u00e0 vos enceintes de biblioth\u00e8que d&rsquo;atteindre un niveau sup\u00e9rieur. Ils offrent une base stable et r\u00e9duisent les r\u00e9sonances ind\u00e9sirables, pour une restitution claire et pr\u00e9cise. Avec leur design fin et leur gestion int\u00e9gr\u00e9e des c\u00e2bles, ils s&rsquo;int\u00e8grent parfaitement \u00e0 votre installation. Description g\u00e9n\u00e9rale Le support d&rsquo;enceinte Bowers [&hellip;]<\/p>\n","protected":false},"featured_media":322573,"template":"","meta":{"_acf_changed":false,"inline_featured_image":false},"product_brand":[],"product_cat":[345],"product_tag":[533],"class_list":{"0":"post-322544","1":"product","2":"type-product","3":"status-publish","4":"has-post-thumbnail","6":"product_cat-speakers","7":"product_tag-used","8":"pa_kleur-gris","10":"first","11":"instock","12":"purchasable","13":"product-type-simple"},"acf":{"website":true,"show_on_homepage":false,"brand_title":"B&W","product_type":"FS 700","color":"Gris","subcolor":"","reserved_status":"0"},"_links":{"self":[{"href":"https:\/\/dev.freakuence.nl\/fr\/wp-json\/wp\/v2\/product\/322544","targetHints":{"allow":["GET"]}}],"collection":[{"href":"https:\/\/dev.freakuence.nl\/fr\/wp-json\/wp\/v2\/product"}],"about":[{"href":"https:\/\/dev.freakuence.nl\/fr\/wp-json\/wp\/v2\/types\/product"}],"wp:featuredmedia":[{"embeddable":true,"href":"https:\/\/dev.freakuence.nl\/fr\/wp-json\/wp\/v2\/media\/322573"}],"wp:attachment":[{"href":"https:\/\/dev.freakuence.nl\/fr\/wp-json\/wp\/v2\/media?parent=322544"}],"wp:term":[{"taxonomy":"product_brand","embeddable":true,"href":"https:\/\/dev.freakuence.nl\/fr\/wp-json\/wp\/v2\/product_brand?post=322544"},{"taxonomy":"product_cat","embeddable":true,"href":"https:\/\/dev.freakuence.nl\/fr\/wp-json\/wp\/v2\/product_cat?post=322544"},{"taxonomy":"product_tag","embeddable":true,"href":"https:\/\/dev.freakuence.nl\/fr\/wp-json\/wp\/v2\/product_tag?post=322544"}],"curies":[{"name":"wp","href":"https:\/\/api.w.org\/{rel}","templated":true}]}}