{"id":322572,"date":"2025-10-09T12:14:18","date_gmt":"2025-10-09T10:14:18","guid":{"rendered":"https:\/\/freakuence.nl\/product\/atoll-in-100-se\/"},"modified":"2026-04-08T18:27:40","modified_gmt":"2026-04-08T16:27:40","slug":"atoll-in-100-se","status":"publish","type":"product","link":"https:\/\/dev.freakuence.nl\/fr\/produit\/atoll-in-100-se\/","title":{"rendered":"Atoll IN 100"},"content":{"rendered":"<div class=\"product-specifications-list\">\n<div class=\"specification-item row-header\"><span class=\"spec-content\"><strong>Description Freakuence !<\/strong><\/span><\/div>\n<div class=\"specification-item row-even\"><span class=\"spec-content\">Alors, c&rsquo;est parti ! Cet appareil fran\u00e7ais donne vie \u00e0 votre (musique). La lecture est claire et d\u00e9taill\u00e9e, avec des m\u00e9diums ouverts et des aigus \u00e9tincelants. Les basses sont tendues et sans r\u00e9sonances ind\u00e9sirables. Les voix \u00e9mergent avec une pr\u00e9sence r\u00e9aliste, sans \u00eatre \u00e9crasantes. L&rsquo;image st\u00e9r\u00e9o est large et profonde.     <\/span><\/div>\n<div class=\"specification-item row-header\"><span class=\"spec-content\"><strong>D\u00e9tails<\/strong><\/span><\/div>\n<div class=\"specification-item row-even\"><span class=\"spec-content\">Vous cherchez un autre mod\u00e8le de la s\u00e9rie actuelle de la marque ? Envoyez-nous un message !  Nous aimons en faire quelque chose d&rsquo;amusant.<\/span><\/div>\n<div class=\"specification-item row-header\"><span class=\"spec-content\"><strong>Description g\u00e9n\u00e9rale<\/strong><\/span><\/div>\n<div class=\"specification-item row-even\"><span class=\"spec-content\">L&rsquo;Atoll IN100 est un amplificateur int\u00e9gr\u00e9 connu pour sa capacit\u00e9 \u00e0 offrir une sc\u00e8ne sonore d\u00e9taill\u00e9e et dynamique. Avec une puissance de sortie de 2&#215;100 W \u00e0 8\u03a9, cet amplificateur offre suffisamment de puissance pour alimenter une vari\u00e9t\u00e9 d&rsquo;enceintes. Ses composants discrets et ses \u00e9tages de sortie MOS-FET assurent une reproduction pr\u00e9cise et transparente de la musique, faisant ressortir les d\u00e9tails les plus fins ainsi que l&rsquo;image st\u00e9r\u00e9o.  <\/p>\n<p>Gr\u00e2ce \u00e0 sa qualit\u00e9 de fabrication et \u00e0 l&rsquo;utilisation de composants s\u00e9lectionn\u00e9s, l&rsquo;Atoll IN100 Signature d\u00e9livre un son \u00e0 la fois chaleureux et analytique. Les deux transformateurs toro\u00efdaux et les circuits soigneusement con\u00e7us contribuent \u00e0 un fonctionnement stable et fiable, pour une exp\u00e9rience d&rsquo;\u00e9coute homog\u00e8ne. <\/p>\n<p>Vous envisagez d&rsquo;ajouter l&rsquo;Atoll IN100 \u00e0 votre syst\u00e8me audio ? Planifiez une s\u00e9ance d&rsquo;\u00e9coute pour d\u00e9couvrir par vous-m\u00eame les qualit\u00e9s de cet amplificateur int\u00e9gr\u00e9, ou contactez-nous pour discuter des possibilit\u00e9s de reprise. <\/span><\/div>\n<div class=\"specification-item row-header\"><span class=\"spec-content\"><strong>Informations g\u00e9n\u00e9rales<\/strong><\/span><\/div>\n<div class=\"specification-item row-even\"><span class=\"spec-content\">L&rsquo;Atoll IN 100 est un amplificateur con\u00e7u avec une attention particuli\u00e8re aux d\u00e9tails audiophiles. Le fabricant fran\u00e7ais Atoll est connu pour sa philosophie de conception minimaliste et n&rsquo;utilise que des mat\u00e9riaux de haute qualit\u00e9. Le bo\u00eetier est en m\u00e9tal robuste pour une stabilit\u00e9 et une protection optimales. Le c\u00e2blage interne est soigneusement r\u00e9alis\u00e9 avec des chemins de signaux courts, ce qui am\u00e9liore la qualit\u00e9 du son. Les composants sont s\u00e9lectionn\u00e9s pour leur qualit\u00e9 sonore et leur durabilit\u00e9, et Atoll travaille avec des fournisseurs locaux pour ses mat\u00e9riaux. Des ing\u00e9nieurs tels que St\u00e9phane Dubreuil ont contribu\u00e9 \u00e0 la conception, en se concentrant sur la fourniture d&rsquo;un son pur et d\u00e9taill\u00e9.     <\/span><\/div>\n<div class=\"specification-item row-header\"><span class=\"spec-content\"><strong>Histoire de la marque<\/strong><\/span><\/div>\n<div class=\"specification-item row-even\"><span class=\"spec-content\">Atoll Electronique a \u00e9t\u00e9 fond\u00e9e en 1997 par les fr\u00e8res St\u00e9phane et Emmanuel Dubreuil \u00e0 Br\u00e9cey, en France. Leur objectif \u00e9tait de d\u00e9velopper des composants audio de haute qualit\u00e9 accessibles \u00e0 un large public. St\u00e9phane et Emmanuel combinent leur expertise technique et leur passion pour la musique afin de concevoir et de fabriquer des produits en France. La philosophie d&rsquo;Atoll se concentre sur la simplicit\u00e9 du design, l&rsquo;utilisation de composants de qualit\u00e9 et l&rsquo;accent mis sur l&rsquo;assemblage manuel pour assurer un haut niveau de savoir-faire. Leur approche refl\u00e8te un engagement de pr\u00e9cision et de minutie dans tous les aspects du processus de production.    <\/span><\/div>\n<\/div>\n","protected":false},"excerpt":{"rendered":"<p>Description Freakuence ! Alors, c&rsquo;est parti ! Cet appareil fran\u00e7ais donne vie \u00e0 votre (musique). La lecture est claire et d\u00e9taill\u00e9e, avec des m\u00e9diums ouverts et des aigus \u00e9tincelants. Les basses sont tendues et sans r\u00e9sonances ind\u00e9sirables. Les voix \u00e9mergent avec une pr\u00e9sence r\u00e9aliste, sans \u00eatre \u00e9crasantes. L&rsquo;image st\u00e9r\u00e9o est large et profonde. D\u00e9tails Vous [&hellip;]<\/p>\n","protected":false},"featured_media":404021,"template":"","meta":{"_acf_changed":false,"inline_featured_image":false},"product_brand":[],"product_cat":[530,745,773],"product_tag":[533],"class_list":{"0":"post-322572","1":"product","2":"type-product","3":"status-publish","4":"has-post-thumbnail","6":"product_cat-amplificateurs","7":"product_cat-amplificateurs-stereo","8":"product_cat-classe-a-amplificateurs-stereo-a-b","9":"product_tag-used","10":"pa_kleur-noir","12":"first","13":"instock","14":"sold-individually","15":"purchasable","16":"product-type-simple"},"acf":{"website":true,"show_on_homepage":false,"brand_title":"Atoll","product_type":"IN 100","color":"Noir","subcolor":"","reserved_status":"1"},"_links":{"self":[{"href":"https:\/\/dev.freakuence.nl\/fr\/wp-json\/wp\/v2\/product\/322572","targetHints":{"allow":["GET"]}}],"collection":[{"href":"https:\/\/dev.freakuence.nl\/fr\/wp-json\/wp\/v2\/product"}],"about":[{"href":"https:\/\/dev.freakuence.nl\/fr\/wp-json\/wp\/v2\/types\/product"}],"wp:featuredmedia":[{"embeddable":true,"href":"https:\/\/dev.freakuence.nl\/fr\/wp-json\/wp\/v2\/media\/404021"}],"wp:attachment":[{"href":"https:\/\/dev.freakuence.nl\/fr\/wp-json\/wp\/v2\/media?parent=322572"}],"wp:term":[{"taxonomy":"product_brand","embeddable":true,"href":"https:\/\/dev.freakuence.nl\/fr\/wp-json\/wp\/v2\/product_brand?post=322572"},{"taxonomy":"product_cat","embeddable":true,"href":"https:\/\/dev.freakuence.nl\/fr\/wp-json\/wp\/v2\/product_cat?post=322572"},{"taxonomy":"product_tag","embeddable":true,"href":"https:\/\/dev.freakuence.nl\/fr\/wp-json\/wp\/v2\/product_tag?post=322572"}],"curies":[{"name":"wp","href":"https:\/\/api.w.org\/{rel}","templated":true}]}}