{"id":323036,"date":"2025-10-09T11:46:29","date_gmt":"2025-10-09T09:46:29","guid":{"rendered":"https:\/\/freakuence.nl\/product\/c-e-c-da3n\/"},"modified":"2026-03-10T04:44:25","modified_gmt":"2026-03-10T03:44:25","slug":"c-e-c-da3n","status":"publish","type":"product","link":"https:\/\/dev.freakuence.nl\/fr\/produit\/c-e-c-da3n\/","title":{"rendered":"C.E.C. DA3N"},"content":{"rendered":"<div class=\"product-specifications-list\">\n<div class=\"specification-item row-even\"><span class=\"spec-content\"><strong>Description Freakuence !<\/strong><\/span><\/div>\n<div class=\"specification-item row-odd\"><span class=\"spec-content\"><\/p>\n<p>C.E.C. est connu pour ses lecteurs&#8230; mais ses dacs m\u00e9ritent \u00e9galement d&rsquo;\u00eatre mentionn\u00e9s. Le DA3N est un dac puissant et rapide. Il sait comment poser une image d&rsquo;ambiance. Venez faire une d\u00e9mo ! Peut-\u00eatre avec des disques C.E.C.    <\/p>\n<p><\/span><\/div>\n<div class=\"specification-item row-even\"><span class=\"spec-content\"><strong>D\u00e9tails<\/strong><\/span><\/div>\n<div class=\"specification-item row-odd\"><span class=\"spec-content\">Comme nous sommes revendeurs de cette marque, nous sommes heureux de vous offrir la garantie compl\u00e8te du revendeur sur ce produit particulier ! Pourquoi ? Nous sommes confiants et cette assurance rend les choses encore plus amusantes.Vous cherchez un autre type de produit dans la s\u00e9rie actuelle de la marque ? Envoyez un message ! Dommages, voir les photos ! Prix de vente au d\u00e9tail : 4195.00<\/span><\/div>\n<div class=\"specification-item row-even\"><span class=\"spec-content\"><strong>Description g\u00e9n\u00e9rale<\/strong><\/span><\/div>\n<div class=\"specification-item row-odd\"><span class=\"spec-content\"><\/p>\n<p><strong>D\u00e9couvrez la polyvalence du C.E.C. DA3N<\/strong><\/p>\n<p><\/p>\n<p><\/p>\n<p>Le C.E.C. DA3N est un convertisseur num\u00e9rique-analogique qui permet \u00e0 votre collection musicale de passer au niveau sup\u00e9rieur. Gr\u00e2ce aux diff\u00e9rentes entr\u00e9es num\u00e9riques (RCA coaxiale, TOSLINK, AES\/EBU et USB), vous pouvez facilement connecter diff\u00e9rentes sources. La connexion Super Link, compos\u00e9e de quatre connecteurs BNC, assure une transmission optimale entre le DA3N et les boucles C.E.C. compatibles telles que le TL3N.  <\/p>\n<p>\u00c0 l&rsquo;arri\u00e8re, vous trouverez quatre sorties analogiques : deux sorties st\u00e9r\u00e9o avec des niveaux de signal fixes et r\u00e9glables, disponibles en formats sym\u00e9trique (XLR) et asym\u00e9trique (RCA). Vous pouvez ainsi connecter le DA3N directement \u00e0 un amplificateur ou \u00e0 des enceintes actives. <\/p>\n<p>La puce ES9008 Sabre Reference DAC, connue pour ses performances audio professionnelles, se trouve \u00e0 l&rsquo;int\u00e9rieur. Cette puce contribue \u00e0 une reproduction d\u00e9taill\u00e9e et dynamique de la musique. <\/p>\n<p>Vous vous demandez comment le C.E.C. DA3N peut enrichir votre exp\u00e9rience d&rsquo;\u00e9coute ? Passez nous voir et faites-en l&rsquo;exp\u00e9rience vous-m\u00eame. <\/p>\n<p><\/span><\/div>\n<div class=\"specification-item row-even\"><span class=\"spec-content\"><strong>Informations g\u00e9n\u00e9rales<\/strong><\/span><\/div>\n<div class=\"specification-item row-odd\"><span class=\"spec-content\"><\/p>\n<p>Le C.E.C. TL5 est con\u00e7u avec leur fameuse technologie de transmission par courroie, qui applique les principes de la table tournante \u00e0 la lecture des CD, pour un minimum de vibrations et d&rsquo;instabilit\u00e9. Le ch\u00e2ssis est solide et \u00e0 faible r\u00e9sonance, avec une fa\u00e7ade en aluminium et une structure interne renforc\u00e9e. Les composants de l&rsquo;entra\u00eenement sont fabriqu\u00e9s au Japon. La philosophie qui sous-tend la conception est la transmission pure du signal sans bruit, d\u00e9velopp\u00e9e par une petite \u00e9quipe sp\u00e9cialis\u00e9e au sein de C.E.C.   <\/p>\n<p><\/span><\/div>\n<div class=\"specification-item row-even\"><span class=\"spec-content\"><strong>Histoire de la marque<\/strong><\/span><\/div>\n<div class=\"specification-item row-odd\"><span class=\"spec-content\"><\/p>\n<p>C.E.C. (Chuo Denki Co., Ltd.) a \u00e9t\u00e9 fond\u00e9e en 1954 \u00e0 Tokyo, au Japon. La soci\u00e9t\u00e9 a commenc\u00e9 par produire des phonographes, puis a d\u00e9velopp\u00e9 des tourne-disques \u00e9lectriques. En 1991, C.E.C. a lanc\u00e9 son premier lecteur de CD \u00e0 entra\u00eenement par courroie, le TL1. Ce lecteur utilise un syst\u00e8me d&rsquo;entra\u00eenement qui combine des \u00e9l\u00e9ments des platines analogiques conventionnelles avec la technologie num\u00e9rique des CD. Le fabricant a \u00e9galement d\u00e9velopp\u00e9 sa propre interface num\u00e9rique, le Superlink digital link. C.E.C. produit ses propres appareils, notamment des lecteurs de CD, des convertisseurs DA et des amplificateurs. La production et l&rsquo;assemblage ont lieu au Japon, avec des composants fabriqu\u00e9s en interne ou s\u00e9lectionn\u00e9s sp\u00e9cifiquement. L&rsquo;entreprise adopte une approche de conception modulaire o\u00f9 les composants sont interchangeables au sein de certaines lignes de produits.       <\/p>\n<p><\/span><\/div>\n<\/div>\n","protected":false},"excerpt":{"rendered":"<p>Description Freakuence ! C.E.C. est connu pour ses lecteurs&#8230; mais ses dacs m\u00e9ritent \u00e9galement d&rsquo;\u00eatre mentionn\u00e9s. Le DA3N est un dac puissant et rapide. Il sait comment poser une image d&rsquo;ambiance. Venez faire une d\u00e9mo ! Peut-\u00eatre avec des disques C.E.C. D\u00e9tails Comme nous sommes revendeurs de cette marque, nous sommes heureux de vous offrir [&hellip;]<\/p>\n","protected":false},"featured_media":323048,"template":"","meta":{"_acf_changed":false,"inline_featured_image":false},"product_brand":[],"product_cat":[548],"product_tag":[533],"class_list":{"0":"post-323036","1":"product","2":"type-product","3":"status-publish","4":"has-post-thumbnail","6":"product_cat-dac-et-streamers","7":"product_tag-used","8":"pa_kleur-gris","10":"first","11":"instock","12":"purchasable","13":"product-type-simple"},"acf":{"website":true,"show_on_homepage":false,"brand_title":"C.E.C.","product_type":"DA3N","color":"Gris","subcolor":"","reserved_status":"0"},"yoast_head":"<!-- This site is optimized with the Yoast SEO plugin v25.9 - https:\/\/yoast.com\/wordpress\/plugins\/seo\/ -->\n<title>C.E.C. DA3N | Freakuence!<\/title>\n<meta name=\"robots\" content=\"noindex, follow, max-snippet:-1, max-image-preview:large, max-video-preview:-1\" \/>\n<meta property=\"og:locale\" content=\"fr_FR\" \/>\n<meta property=\"og:type\" content=\"article\" \/>\n<meta property=\"og:title\" content=\"C.E.C. DA3N | Freakuence!\" \/>\n<meta property=\"og:description\" content=\"Description Freakuence ! C.E.C. est connu pour ses lecteurs&#8230; mais ses dacs m\u00e9ritent \u00e9galement d&rsquo;\u00eatre mentionn\u00e9s. Le DA3N est un dac puissant et rapide. Il sait comment poser une image d&rsquo;ambiance. Venez faire une d\u00e9mo ! Peut-\u00eatre avec des disques C.E.C. D\u00e9tails Comme nous sommes revendeurs de cette marque, nous sommes heureux de vous offrir [&hellip;]\" \/>\n<meta property=\"og:url\" content=\"https:\/\/dev.freakuence.nl\/fr\/produit\/c-e-c-da3n\/\" \/>\n<meta property=\"og:site_name\" content=\"Freakuence!\" \/>\n<meta property=\"article:modified_time\" content=\"2026-03-10T03:44:25+00:00\" \/>\n<meta property=\"og:image\" content=\"https:\/\/dev.freakuence.nl\/wp-content\/uploads\/2025\/10\/17600030931979-17902-IMG0887-1-scaled.jpg\" \/>\n\t<meta property=\"og:image:width\" content=\"1800\" \/>\n\t<meta property=\"og:image:height\" content=\"1200\" \/>\n\t<meta property=\"og:image:type\" content=\"image\/jpeg\" \/>\n<meta name=\"twitter:card\" content=\"summary_large_image\" \/>\n<script type=\"application\/ld+json\" class=\"yoast-schema-graph\">{\"@context\":\"https:\/\/schema.org\",\"@graph\":[{\"@type\":\"WebPage\",\"@id\":\"https:\/\/dev.freakuence.nl\/fr\/produit\/c-e-c-da3n\/\",\"url\":\"https:\/\/dev.freakuence.nl\/fr\/produit\/c-e-c-da3n\/\",\"name\":\"C.E.C. DA3N | Freakuence!\",\"isPartOf\":{\"@id\":\"https:\/\/dev.freakuence.nl\/fr\/#website\"},\"primaryImageOfPage\":{\"@id\":\"https:\/\/dev.freakuence.nl\/fr\/produit\/c-e-c-da3n\/#primaryimage\"},\"image\":{\"@id\":\"https:\/\/dev.freakuence.nl\/fr\/produit\/c-e-c-da3n\/#primaryimage\"},\"thumbnailUrl\":\"https:\/\/dev.freakuence.nl\/wp-content\/uploads\/2025\/10\/17600030931979-17902-IMG0887-1-scaled.jpg\",\"datePublished\":\"2025-10-09T09:46:29+00:00\",\"dateModified\":\"2026-03-10T03:44:25+00:00\",\"breadcrumb\":{\"@id\":\"https:\/\/dev.freakuence.nl\/fr\/produit\/c-e-c-da3n\/#breadcrumb\"},\"inLanguage\":\"fr-FR\",\"potentialAction\":[{\"@type\":\"ReadAction\",\"target\":[\"https:\/\/dev.freakuence.nl\/fr\/produit\/c-e-c-da3n\/\"]}]},{\"@type\":\"ImageObject\",\"inLanguage\":\"fr-FR\",\"@id\":\"https:\/\/dev.freakuence.nl\/fr\/produit\/c-e-c-da3n\/#primaryimage\",\"url\":\"https:\/\/dev.freakuence.nl\/wp-content\/uploads\/2025\/10\/17600030931979-17902-IMG0887-1-scaled.jpg\",\"contentUrl\":\"https:\/\/dev.freakuence.nl\/wp-content\/uploads\/2025\/10\/17600030931979-17902-IMG0887-1-scaled.jpg\",\"width\":1800,\"height\":1200},{\"@type\":\"BreadcrumbList\",\"@id\":\"https:\/\/dev.freakuence.nl\/fr\/produit\/c-e-c-da3n\/#breadcrumb\",\"itemListElement\":[{\"@type\":\"ListItem\",\"position\":1,\"name\":\"Accueil\",\"item\":\"https:\/\/dev.freakuence.nl\/fr\/\"},{\"@type\":\"ListItem\",\"position\":2,\"name\":\"Produits\",\"item\":\"https:\/\/dev.freakuence.nl\/fr\/produits\/\"},{\"@type\":\"ListItem\",\"position\":3,\"name\":\"C.E.C. DA3N\"}]},{\"@type\":\"WebSite\",\"@id\":\"https:\/\/dev.freakuence.nl\/fr\/#website\",\"url\":\"https:\/\/dev.freakuence.nl\/fr\/\",\"name\":\"Freakuence!\",\"description\":\"Freakuence!\",\"publisher\":{\"@id\":\"https:\/\/dev.freakuence.nl\/fr\/#organization\"},\"alternateName\":\"Freakuence\",\"potentialAction\":[{\"@type\":\"SearchAction\",\"target\":{\"@type\":\"EntryPoint\",\"urlTemplate\":\"https:\/\/dev.freakuence.nl\/fr\/?s={search_term_string}\"},\"query-input\":{\"@type\":\"PropertyValueSpecification\",\"valueRequired\":true,\"valueName\":\"search_term_string\"}}],\"inLanguage\":\"fr-FR\"},{\"@type\":\"Organization\",\"@id\":\"https:\/\/dev.freakuence.nl\/fr\/#organization\",\"name\":\"Freakuence !\",\"url\":\"https:\/\/dev.freakuence.nl\/fr\/\",\"logo\":{\"@type\":\"ImageObject\",\"inLanguage\":\"fr-FR\",\"@id\":\"https:\/\/dev.freakuence.nl\/fr\/#\/schema\/logo\/image\/\",\"url\":\"https:\/\/dev.freakuence.nl\/wp-content\/uploads\/2022\/05\/Brown_3_RGB_Freakuence-1.png\",\"contentUrl\":\"https:\/\/dev.freakuence.nl\/wp-content\/uploads\/2022\/05\/Brown_3_RGB_Freakuence-1.png\",\"width\":2560,\"height\":684,\"caption\":\"Freakuence !\"},\"image\":{\"@id\":\"https:\/\/dev.freakuence.nl\/fr\/#\/schema\/logo\/image\/\"},\"sameAs\":[\"https:\/\/www.instagram.com\/freakuence_notorious_audio\/\"]}]}<\/script>\n<!-- \/ Yoast SEO plugin. -->","yoast_head_json":{"title":"C.E.C. DA3N | Freakuence!","robots":{"index":"noindex","follow":"follow","max-snippet":"max-snippet:-1","max-image-preview":"max-image-preview:large","max-video-preview":"max-video-preview:-1"},"og_locale":"fr_FR","og_type":"article","og_title":"C.E.C. DA3N | Freakuence!","og_description":"Description Freakuence ! C.E.C. est connu pour ses lecteurs&#8230; mais ses dacs m\u00e9ritent \u00e9galement d&rsquo;\u00eatre mentionn\u00e9s. Le DA3N est un dac puissant et rapide. Il sait comment poser une image d&rsquo;ambiance. Venez faire une d\u00e9mo ! Peut-\u00eatre avec des disques C.E.C. D\u00e9tails Comme nous sommes revendeurs de cette marque, nous sommes heureux de vous offrir [&hellip;]","og_url":"https:\/\/dev.freakuence.nl\/fr\/produit\/c-e-c-da3n\/","og_site_name":"Freakuence!","article_modified_time":"2026-03-10T03:44:25+00:00","og_image":[{"width":1800,"height":1200,"url":"https:\/\/dev.freakuence.nl\/wp-content\/uploads\/2025\/10\/17600030931979-17902-IMG0887-1-scaled.jpg","type":"image\/jpeg"}],"twitter_card":"summary_large_image","schema":{"@context":"https:\/\/schema.org","@graph":[{"@type":"WebPage","@id":"https:\/\/dev.freakuence.nl\/fr\/produit\/c-e-c-da3n\/","url":"https:\/\/dev.freakuence.nl\/fr\/produit\/c-e-c-da3n\/","name":"C.E.C. DA3N | Freakuence!","isPartOf":{"@id":"https:\/\/dev.freakuence.nl\/fr\/#website"},"primaryImageOfPage":{"@id":"https:\/\/dev.freakuence.nl\/fr\/produit\/c-e-c-da3n\/#primaryimage"},"image":{"@id":"https:\/\/dev.freakuence.nl\/fr\/produit\/c-e-c-da3n\/#primaryimage"},"thumbnailUrl":"https:\/\/dev.freakuence.nl\/wp-content\/uploads\/2025\/10\/17600030931979-17902-IMG0887-1-scaled.jpg","datePublished":"2025-10-09T09:46:29+00:00","dateModified":"2026-03-10T03:44:25+00:00","breadcrumb":{"@id":"https:\/\/dev.freakuence.nl\/fr\/produit\/c-e-c-da3n\/#breadcrumb"},"inLanguage":"fr-FR","potentialAction":[{"@type":"ReadAction","target":["https:\/\/dev.freakuence.nl\/fr\/produit\/c-e-c-da3n\/"]}]},{"@type":"ImageObject","inLanguage":"fr-FR","@id":"https:\/\/dev.freakuence.nl\/fr\/produit\/c-e-c-da3n\/#primaryimage","url":"https:\/\/dev.freakuence.nl\/wp-content\/uploads\/2025\/10\/17600030931979-17902-IMG0887-1-scaled.jpg","contentUrl":"https:\/\/dev.freakuence.nl\/wp-content\/uploads\/2025\/10\/17600030931979-17902-IMG0887-1-scaled.jpg","width":1800,"height":1200},{"@type":"BreadcrumbList","@id":"https:\/\/dev.freakuence.nl\/fr\/produit\/c-e-c-da3n\/#breadcrumb","itemListElement":[{"@type":"ListItem","position":1,"name":"Accueil","item":"https:\/\/dev.freakuence.nl\/fr\/"},{"@type":"ListItem","position":2,"name":"Produits","item":"https:\/\/dev.freakuence.nl\/fr\/produits\/"},{"@type":"ListItem","position":3,"name":"C.E.C. DA3N"}]},{"@type":"WebSite","@id":"https:\/\/dev.freakuence.nl\/fr\/#website","url":"https:\/\/dev.freakuence.nl\/fr\/","name":"Freakuence!","description":"Freakuence!","publisher":{"@id":"https:\/\/dev.freakuence.nl\/fr\/#organization"},"alternateName":"Freakuence","potentialAction":[{"@type":"SearchAction","target":{"@type":"EntryPoint","urlTemplate":"https:\/\/dev.freakuence.nl\/fr\/?s={search_term_string}"},"query-input":{"@type":"PropertyValueSpecification","valueRequired":true,"valueName":"search_term_string"}}],"inLanguage":"fr-FR"},{"@type":"Organization","@id":"https:\/\/dev.freakuence.nl\/fr\/#organization","name":"Freakuence !","url":"https:\/\/dev.freakuence.nl\/fr\/","logo":{"@type":"ImageObject","inLanguage":"fr-FR","@id":"https:\/\/dev.freakuence.nl\/fr\/#\/schema\/logo\/image\/","url":"https:\/\/dev.freakuence.nl\/wp-content\/uploads\/2022\/05\/Brown_3_RGB_Freakuence-1.png","contentUrl":"https:\/\/dev.freakuence.nl\/wp-content\/uploads\/2022\/05\/Brown_3_RGB_Freakuence-1.png","width":2560,"height":684,"caption":"Freakuence !"},"image":{"@id":"https:\/\/dev.freakuence.nl\/fr\/#\/schema\/logo\/image\/"},"sameAs":["https:\/\/www.instagram.com\/freakuence_notorious_audio\/"]}]}},"_links":{"self":[{"href":"https:\/\/dev.freakuence.nl\/fr\/wp-json\/wp\/v2\/product\/323036","targetHints":{"allow":["GET"]}}],"collection":[{"href":"https:\/\/dev.freakuence.nl\/fr\/wp-json\/wp\/v2\/product"}],"about":[{"href":"https:\/\/dev.freakuence.nl\/fr\/wp-json\/wp\/v2\/types\/product"}],"wp:featuredmedia":[{"embeddable":true,"href":"https:\/\/dev.freakuence.nl\/fr\/wp-json\/wp\/v2\/media\/323048"}],"wp:attachment":[{"href":"https:\/\/dev.freakuence.nl\/fr\/wp-json\/wp\/v2\/media?parent=323036"}],"wp:term":[{"taxonomy":"product_brand","embeddable":true,"href":"https:\/\/dev.freakuence.nl\/fr\/wp-json\/wp\/v2\/product_brand?post=323036"},{"taxonomy":"product_cat","embeddable":true,"href":"https:\/\/dev.freakuence.nl\/fr\/wp-json\/wp\/v2\/product_cat?post=323036"},{"taxonomy":"product_tag","embeddable":true,"href":"https:\/\/dev.freakuence.nl\/fr\/wp-json\/wp\/v2\/product_tag?post=323036"}],"curies":[{"name":"wp","href":"https:\/\/api.w.org\/{rel}","templated":true}]}}