{"id":323070,"date":"2025-10-09T11:53:27","date_gmt":"2025-10-09T09:53:27","guid":{"rendered":"https:\/\/freakuence.nl\/product\/audio-research-d-76a\/"},"modified":"2026-04-08T18:55:19","modified_gmt":"2026-04-08T16:55:19","slug":"audio-research-d-76a","status":"publish","type":"product","link":"https:\/\/dev.freakuence.nl\/fr\/produit\/audio-research-d-76a\/","title":{"rendered":"Audio Research D-76A"},"content":{"rendered":"<div class=\"product-specifications-list\">\n<div class=\"specification-item row-header\"><span class=\"spec-content\"><strong>Description Freakuence !<\/strong><\/span><\/div>\n<div class=\"specification-item row-even\"><span class=\"spec-content\">Nous l&rsquo;adorons ! Il ne s&rsquo;agit pas seulement d&rsquo;un bloc d&rsquo;histoire audio, mais d&rsquo;un fl\u00e9trissement hypnotique. Une sc\u00e8ne sonore gigantesque et une superposition infinie qui vous immerge dans un bain sonore kal\u00e9idoscopique o\u00f9 chaque couleur se fond harmonieusement dans l&rsquo;autre. Asseyez-vous, monsieur&#8230;  <\/span><\/div>\n<div class=\"specification-item row-header\"><span class=\"spec-content\"><strong>D\u00e9tails<\/strong><\/span><\/div>\n<div class=\"specification-item row-even\"><span class=\"spec-content\">\u00c9quip\u00e9 de tubes neufs exceptionnels. 4x le GeC 6550 N.O.S., mesur\u00e9 par nous \u00e0 85%. Tubes de pr\u00e9amplificateurs 95%. Et par nous un nouveau tube de stabilisation KT66.   <\/span><\/div>\n<div class=\"specification-item row-odd\"><span class=\"spec-content\">L&rsquo;amplificateur a \u00e9t\u00e9 enti\u00e8rement mesur\u00e9.<\/span><\/div>\n<div class=\"specification-item row-even\"><span class=\"spec-content\">Les \u00e9lectrolytiques de cette pi\u00e8ce de collection sont parfaits, de valeur correcte et de faible ESR. (L&rsquo;appareil provient d&rsquo;une collection priv\u00e9e). <\/span><\/div>\n<div class=\"specification-item row-odd\"><span class=\"spec-content\">Notre ing\u00e9nieur a r\u00e9gl\u00e9 le circuit de polarisation sur le courant 240\/250felt, le 220 n&rsquo;\u00e9tant plus une option en cas d&rsquo;utilisation correcte. Les \u00e9quilibres AC et DC sont r\u00e9gl\u00e9s pour un fonctionnement optimal et une distorsion minimale. <\/span><\/div>\n<div class=\"specification-item row-even\"><span class=\"spec-content\">Ce truc est super ! Et comptez sur ce design pour faire honte \u00e0 de nombreux concepteurs d&rsquo;amplis contemporains. <\/span><\/div>\n<div class=\"specification-item row-odd\"><span class=\"spec-content\">Ne pas soulever par les leviers.<\/span><\/div>\n<div class=\"specification-item row-header\"><span class=\"spec-content\"><strong>Description g\u00e9n\u00e9rale<\/strong><\/span><\/div>\n<div class=\"specification-item row-even\"><span class=\"spec-content\">L&rsquo;Audio Research D-76A est un amplificateur \u00e0 tubes connu pour sa reproduction sonore chaleureuse et musicale. Avec une puissance de sortie de 75 watts par canal, cet amplificateur fournit suffisamment de puissance pour la plupart des enceintes. Le D-76A est \u00e9quip\u00e9 d&rsquo;une sortie sym\u00e9trique, ce qui contribue \u00e0 sa haute qualit\u00e9 sonore. Cela signifie que les connexions \u00e0 4 ohms agissent comme des connexions communes ou mises \u00e0 la terre, par opposition aux connexions \u00ab\u00a00\u00a0\u00bb ou \u00ab\u00a0C\u00a0\u00bb plus conventionnelles.    Cette conception garantit une meilleure transmission du signal et moins d&rsquo;interf\u00e9rences.<\/span><\/div>\n<div class=\"specification-item row-odd\"><span class=\"spec-content\">L&rsquo;ampli est \u00e9quip\u00e9 de 17 tubes : cinq 6550 (dont quatre pour l&rsquo;alimentation et un pour le contr\u00f4le de la polarisation), huit 6CG\/FQ7 (drivers) et quatre 12AX7 (phase splitters). Cette configuration contribue \u00e0 la sonorit\u00e9 particuli\u00e8re du D-76A.<\/span><\/div>\n<div class=\"specification-item row-even\"><span class=\"spec-content\">Le D-76A est con\u00e7u avec une sortie sym\u00e9trique, ce qui contribue \u00e0 sa haute qualit\u00e9 sonore. Cela signifie que les connexions \u00e0 4 ohms agissent comme des connexions communes ou mises \u00e0 la terre, par opposition aux connexions \u00ab\u00a00\u00a0\u00bb ou \u00ab\u00a0C\u00a0\u00bb plus conventionnelles.  Cette conception garantit une meilleure transmission du signal et moins d&rsquo;interf\u00e9rences.<\/span><\/div>\n<div class=\"specification-item row-odd\"><span class=\"spec-content\">Pesant plus de 23 kilogrammes et dot\u00e9 d&rsquo;une qualit\u00e9 de construction robuste, le D-76A est un ajout solide \u00e0 toute installation audio. L&rsquo;amplificateur peut \u00eatre utilis\u00e9 aussi bien en st\u00e9r\u00e9o qu&rsquo;en mono, une charge de 8 ohms \u00e9tant recommand\u00e9e en configuration mono.<\/span><\/div>\n<div class=\"specification-item row-even\"><span class=\"spec-content\">Le D-76A est un amplificateur qui incarne l&rsquo;essence du son des tubes et offre une exp\u00e9rience d&rsquo;\u00e9coute riche et d\u00e9taill\u00e9e.<\/span><\/div>\n<div class=\"specification-item row-header\"><span class=\"spec-content\"><strong>Informations g\u00e9n\u00e9rales<\/strong><\/span><\/div>\n<div class=\"specification-item row-even\"><span class=\"spec-content\">L&rsquo;Audio Research D-76A est un amplificateur \u00e0 tubes des ann\u00e9es 1970, con\u00e7u par William Z. Johnson, fondateur d&rsquo;Audio Research. Le D-76A refl\u00e8te sa philosophie : combiner la technologie des tubes avec des performances modernes. L&rsquo;amplificateur utilise des composants de haute qualit\u00e9 tels que des r\u00e9sistances de pr\u00e9cision et des tubes \u00e0 vide s\u00e9lectionn\u00e9s. En interne, il est c\u00e2bl\u00e9 \u00e0 la main point \u00e0 point pour une int\u00e9grit\u00e9 optimale du signal. Le bo\u00eetier m\u00e9tallique est solidement et fonctionnellement con\u00e7u pour la dissipation de la chaleur et l&rsquo;amortissement des vibrations.    <\/span><\/div>\n<div class=\"specification-item row-header\"><span class=\"spec-content\"><strong>Histoire de la marque<\/strong><\/span><\/div>\n<div class=\"specification-item row-even\"><span class=\"spec-content\">Audio Research a \u00e9t\u00e9 fond\u00e9e en 1970 \u00e0 Minneapolis, Minnesota, \u00c9tats-Unis, par William Zane Johnson. La soci\u00e9t\u00e9 a commenc\u00e9 \u00e0 d\u00e9velopper des \u00e9quipements \u00e9lectroniques \u00e0 tubes, en commen\u00e7ant par le pr\u00e9amplificateur SP-1. Au fil des ann\u00e9es, la marque a introduit plusieurs produits, dont l&rsquo;amplificateur de puissance D-150 en 1974 et le REF1 original en 1995. En 2007, Audio Research a d\u00e9m\u00e9nag\u00e9 son si\u00e8ge social \u00e0 Maple Grove, dans le Minnesota. En 2020, la soci\u00e9t\u00e9 a \u00e9t\u00e9 rachet\u00e9e par AR Tube Audio Corporation, dirig\u00e9e par d&rsquo;anciens employ\u00e9s. Audio Research fabrique tous ses produits aux \u00c9tats-Unis et se concentre sur l&rsquo;assemblage manuel des \u00e9quipements. Les r\u00e9parations et l&rsquo;entretien peuvent \u00eatre effectu\u00e9s en interne. L&rsquo;entreprise utilise un c\u00e2blage manuel point \u00e0 point combin\u00e9 \u00e0 des cartes de circuits imprim\u00e9s. La documentation et les sch\u00e9mas des produits depuis 1970 sont disponibles aupr\u00e8s de l&rsquo;entreprise et les pi\u00e8ces sont conserv\u00e9es dans son propre entrep\u00f4t.        <\/span><\/div>\n<\/div>\n","protected":false},"excerpt":{"rendered":"<p>Description Freakuence ! Nous l&rsquo;adorons ! Il ne s&rsquo;agit pas seulement d&rsquo;un bloc d&rsquo;histoire audio, mais d&rsquo;un fl\u00e9trissement hypnotique. Une sc\u00e8ne sonore gigantesque et une superposition infinie qui vous immerge dans un bain sonore kal\u00e9idoscopique o\u00f9 chaque couleur se fond harmonieusement dans l&rsquo;autre. Asseyez-vous, monsieur&#8230; D\u00e9tails \u00c9quip\u00e9 de tubes neufs exceptionnels. 4x le GeC 6550 [&hellip;]<\/p>\n","protected":false},"featured_media":384488,"template":"","meta":{"_acf_changed":false,"inline_featured_image":false},"product_brand":[],"product_cat":[530,556,745],"product_tag":[533],"class_list":{"0":"post-323070","1":"product","2":"type-product","3":"status-publish","4":"has-post-thumbnail","6":"product_cat-amplificateurs","7":"product_cat-amplificateurs-a-tubes","8":"product_cat-amplificateurs-stereo","9":"product_tag-used","10":"pa_kleur-lor","12":"first","13":"instock","14":"sold-individually","15":"purchasable","16":"product-type-simple"},"acf":{"website":true,"show_on_homepage":false,"brand_title":"Audio Research","product_type":"D-76A","color":"L'or","subcolor":"","reserved_status":"0"},"_links":{"self":[{"href":"https:\/\/dev.freakuence.nl\/fr\/wp-json\/wp\/v2\/product\/323070","targetHints":{"allow":["GET"]}}],"collection":[{"href":"https:\/\/dev.freakuence.nl\/fr\/wp-json\/wp\/v2\/product"}],"about":[{"href":"https:\/\/dev.freakuence.nl\/fr\/wp-json\/wp\/v2\/types\/product"}],"wp:featuredmedia":[{"embeddable":true,"href":"https:\/\/dev.freakuence.nl\/fr\/wp-json\/wp\/v2\/media\/384488"}],"wp:attachment":[{"href":"https:\/\/dev.freakuence.nl\/fr\/wp-json\/wp\/v2\/media?parent=323070"}],"wp:term":[{"taxonomy":"product_brand","embeddable":true,"href":"https:\/\/dev.freakuence.nl\/fr\/wp-json\/wp\/v2\/product_brand?post=323070"},{"taxonomy":"product_cat","embeddable":true,"href":"https:\/\/dev.freakuence.nl\/fr\/wp-json\/wp\/v2\/product_cat?post=323070"},{"taxonomy":"product_tag","embeddable":true,"href":"https:\/\/dev.freakuence.nl\/fr\/wp-json\/wp\/v2\/product_tag?post=323070"}],"curies":[{"name":"wp","href":"https:\/\/api.w.org\/{rel}","templated":true}]}}