{"id":323236,"date":"2025-10-09T11:40:37","date_gmt":"2025-10-09T09:40:37","guid":{"rendered":"https:\/\/freakuence.nl\/product\/auralic-altair-g1-1\/"},"modified":"2026-04-08T18:38:30","modified_gmt":"2026-04-08T16:38:30","slug":"auralic-altair-g1-1","status":"publish","type":"product","link":"https:\/\/dev.freakuence.nl\/fr\/produit\/auralic-altair-g1-1\/","title":{"rendered":"AURALiC Altair G1.1"},"content":{"rendered":"<div class=\"product-specifications-list\">\n<div class=\"specification-item row-header\"><span class=\"spec-content\"><strong>Description Freakuence !<\/strong><\/span><\/div>\n<div class=\"specification-item row-even\"><span class=\"spec-content\">Streamer dac \u00e9pais. Plein, riche et rond, c&rsquo;est ainsi que ce fabricant fait sonner ses produits. L&rsquo;arri\u00e8re-plan est silencieux, ce qui garantit une lecture ouverte et claire. Le timing est pr\u00e9cis, pour une \u00e9coute sans distraction.   <\/span><\/div>\n<div class=\"specification-item row-header\"><span class=\"spec-content\"><strong>D\u00e9tails<\/strong><\/span><\/div>\n<div class=\"specification-item row-even\"><span class=\"spec-content\">AURALiC n&rsquo;est plus une marque. C&rsquo;est dommage ! Nous \u00e9tions revendeurs de cette marque et avons toujours \u00e9t\u00e9 extr\u00eamement satisfaits de la qualit\u00e9 de fabrication, qui ne peut pas \u00eatre cass\u00e9e. C&rsquo;est aussi la raison pour laquelle nous les avons encore en rayon ici. Roon, Tidal Connect, Qobuz Connect, Spotify Connect, tout continue \u00e0 fonctionner sans probl\u00e8me avec les derniers logiciels.    <\/span><\/div>\n<div class=\"specification-item row-odd\"><span class=\"spec-content\">Ne vous inqui\u00e9tez pas ! Nous offrons une excellente garantie de 12 mois sur les produits usag\u00e9s. <\/span><\/div>\n<div class=\"specification-item row-header\"><span class=\"spec-content\"><strong>Description g\u00e9n\u00e9rale<\/strong><\/span><\/div>\n<div class=\"specification-item row-even\"><span class=\"spec-content\">L&rsquo;AURALiC ALTAIR G1.1 est un streamer audio num\u00e9rique polyvalent qui combine plusieurs fonctions en un seul appareil. Dot\u00e9 d&rsquo;une connectivit\u00e9 Wi-Fi robuste et de sorties analogiques, il permet d&rsquo;acc\u00e9der \u00e0 une grande vari\u00e9t\u00e9 de sources musicales num\u00e9riques. Vous pouvez diffuser de la musique \u00e0 partir de lecteurs r\u00e9seau locaux, de stockage USB et de services tels qu&rsquo;Amazon Music, Qobuz, Tidal, KKBOX, la radio Internet et Spotify Connect.   En outre, il prend en charge AirPlay 2 et Bluetooth, ce qui vous permet d&rsquo;\u00e9couter facilement de la musique \u00e0 partir de vos appareils mobiles.  <\/p>\n<p>L&rsquo;ALTAIR G1.1 est dot\u00e9 d&rsquo;un convertisseur num\u00e9rique-analogique int\u00e9gr\u00e9 avec une horloge Femto am\u00e9lior\u00e9e pour une conversion num\u00e9rique-analogique pr\u00e9cise. Il dispose \u00e9galement d&rsquo;un puissant amplificateur de casque, garantissant une exp\u00e9rience d&rsquo;\u00e9coute optimale au casque.   <\/p>\n<p>Le design comprend un \u00e9cran couleur de 4 pouces avec une r\u00e9solution de plus de 300 ppi, qui fournit des informations claires sur l&rsquo;\u00e9tat de la lecture, les param\u00e8tres et votre biblioth\u00e8que musicale. Le bo\u00eetier est dot\u00e9 d&rsquo;une solide plaque de base inspir\u00e9e de la s\u00e9rie G2.1, qui contribue \u00e0 am\u00e9liorer l&rsquo;esth\u00e9tique et \u00e0 renforcer l&rsquo;amortissement des vibrations pour une meilleure qualit\u00e9 sonore.   <\/p>\n<p>Avec l&rsquo;ALTAIR G1.1, vous disposez d&rsquo;une solution compl\u00e8te pour la lecture et l&rsquo;\u00e9coute de musique num\u00e9rique, adapt\u00e9e \u00e0 diff\u00e9rents syst\u00e8mes et pr\u00e9f\u00e9rences d&rsquo;\u00e9coute.<\/span><\/div>\n<div class=\"specification-item row-header\"><span class=\"spec-content\"><strong>Informations g\u00e9n\u00e9rales<\/strong><\/span><\/div>\n<div class=\"specification-item row-even\"><span class=\"spec-content\">L&rsquo;AURALiC Altair G1.1 est con\u00e7u comme un streamer audio num\u00e9rique tout-en-un, d\u00e9velopp\u00e9 par l&rsquo;\u00e9quipe autour du fondateur et ing\u00e9nieur en chef Xuanqian Wang. Le bo\u00eetier est en aluminium massif avec un blindage \u00e9lev\u00e9 contre les interf\u00e9rences \u00e9lectromagn\u00e9tiques et les vibrations. En interne, il est \u00e9quip\u00e9 d&rsquo;une plateforme de streaming Tesla G2, d&rsquo;une alimentation lin\u00e9aire et de composants de haute qualit\u00e9 tels qu&rsquo;un DAC ESS9038Q2M. Tout est orient\u00e9 vers une qualit\u00e9 sonore et une fiabilit\u00e9 sans compromis.   <\/span><\/div>\n<div class=\"specification-item row-header\"><span class=\"spec-content\"><strong>Histoire de la marque<\/strong><\/span><\/div>\n<div class=\"specification-item row-even\"><span class=\"spec-content\">AURALiC a \u00e9t\u00e9 fond\u00e9e en 2009 par Wang Xuanqian et Yuan Wang, qui se sont rencontr\u00e9s lors d&rsquo;un concert \u00e0 Berlin. Leur passion commune pour la musique et la reproduction sonore de haute qualit\u00e9 a conduit \u00e0 la cr\u00e9ation de l&rsquo;entreprise. AURALiC se concentre sur la conception et le d\u00e9veloppement d&rsquo;\u00e9quipements audio qui s&rsquo;int\u00e8grent parfaitement dans les int\u00e9rieurs modernes et qui sont faciles \u00e0 utiliser. L&rsquo;entreprise vise \u00e0 permettre aux utilisateurs de profiter des avantages des formats de musique num\u00e9rique sans la complexit\u00e9 des \u00e9quipements audio traditionnels.    En 2025, l&rsquo;entreprise a cess\u00e9 ses activit\u00e9s.<\/span><\/div>\n<\/div>\n","protected":false},"excerpt":{"rendered":"<p>Description Freakuence ! Streamer dac \u00e9pais. Plein, riche et rond, c&rsquo;est ainsi que ce fabricant fait sonner ses produits. L&rsquo;arri\u00e8re-plan est silencieux, ce qui garantit une lecture ouverte et claire. Le timing est pr\u00e9cis, pour une \u00e9coute sans distraction. D\u00e9tails AURALiC n&rsquo;est plus une marque. C&rsquo;est dommage ! Nous \u00e9tions revendeurs de cette marque et [&hellip;]<\/p>\n","protected":false},"featured_media":383721,"template":"","meta":{"_acf_changed":false,"inline_featured_image":false},"product_brand":[],"product_cat":[689,742],"product_tag":[533],"class_list":{"0":"post-323236","1":"product","2":"type-product","3":"status-publish","4":"has-post-thumbnail","6":"product_cat-sources-dinformation","7":"product_cat-streamers","8":"product_tag-used","9":"pa_kleur-noir","11":"first","12":"instock","13":"sold-individually","14":"purchasable","15":"product-type-simple"},"acf":{"website":true,"show_on_homepage":false,"brand_title":"AURALiC","product_type":"Altair G1.1","color":"Noir","subcolor":"","reserved_status":"1"},"_links":{"self":[{"href":"https:\/\/dev.freakuence.nl\/fr\/wp-json\/wp\/v2\/product\/323236","targetHints":{"allow":["GET"]}}],"collection":[{"href":"https:\/\/dev.freakuence.nl\/fr\/wp-json\/wp\/v2\/product"}],"about":[{"href":"https:\/\/dev.freakuence.nl\/fr\/wp-json\/wp\/v2\/types\/product"}],"wp:featuredmedia":[{"embeddable":true,"href":"https:\/\/dev.freakuence.nl\/fr\/wp-json\/wp\/v2\/media\/383721"}],"wp:attachment":[{"href":"https:\/\/dev.freakuence.nl\/fr\/wp-json\/wp\/v2\/media?parent=323236"}],"wp:term":[{"taxonomy":"product_brand","embeddable":true,"href":"https:\/\/dev.freakuence.nl\/fr\/wp-json\/wp\/v2\/product_brand?post=323236"},{"taxonomy":"product_cat","embeddable":true,"href":"https:\/\/dev.freakuence.nl\/fr\/wp-json\/wp\/v2\/product_cat?post=323236"},{"taxonomy":"product_tag","embeddable":true,"href":"https:\/\/dev.freakuence.nl\/fr\/wp-json\/wp\/v2\/product_tag?post=323236"}],"curies":[{"name":"wp","href":"https:\/\/api.w.org\/{rel}","templated":true}]}}