{"id":323283,"date":"2025-10-09T11:38:25","date_gmt":"2025-10-09T09:38:25","guid":{"rendered":"https:\/\/freakuence.nl\/product\/western-electric-we-91e\/"},"modified":"2026-04-08T19:11:44","modified_gmt":"2026-04-08T17:11:44","slug":"western-electric-we-91e","status":"publish","type":"product","link":"https:\/\/dev.freakuence.nl\/fr\/produit\/western-electric-we-91e\/","title":{"rendered":"Western Electric WE 91E"},"content":{"rendered":"<div class=\"product-specifications-list\">\n<div class=\"specification-item row-header\"><span class=\"spec-content\"><strong>Description Freakuence !<\/strong><\/span><\/div>\n<div class=\"specification-item row-even\"><span class=\"spec-content\">Oy ou wow ! Puissant, il vous permet de tout entendre avec un soup\u00e7on de chaleur. Cet ampli sait exactement comment remplir une pi\u00e8ce de sons tangibles. Comme si ces sons \u00e9taient doucement respir\u00e9s plut\u00f4t que pouss\u00e9s, une vie propre. Il est livr\u00e9 en standard avec leur \u00e9trange tube 330B, que nous avons ici en tant que revendeur dans le magasin. Et vous pouvez parier que nos visiteurs se r\u00e9galent de ce tube sup\u00e9rieur, nous en avons d\u00e9j\u00e0 rendu beaucoup heureux&#8230; mais vraiment heureux.      \ud83d\ude42<\/span><\/div>\n<div class=\"specification-item row-odd\"><span class=\"spec-content\">Prix de vente au d\u00e9tail : 10490.00<\/span><\/div>\n<div class=\"specification-item row-header\"><span class=\"spec-content\"><strong>D\u00e9tails<\/strong><\/span><\/div>\n<div class=\"specification-item row-even\"><span class=\"spec-content\">Nous sommes heureux de pouvoir en faire commerce. N&rsquo;h\u00e9sitez pas \u00e0 nous envoyer ce que vous avez de disponible, nous serons heureux d&rsquo;\u00e9valuer si nous pouvons le mettre en vente. <\/p>\n<p>Les tubes sont mesur\u00e9s et en parfait \u00e9tat.<\/span><\/div>\n<div class=\"specification-item row-header\"><span class=\"spec-content\"><strong>Description g\u00e9n\u00e9rale<\/strong><\/span><\/div>\n<div class=\"specification-item row-even\"><span class=\"spec-content\">Cet amplificateur int\u00e9gr\u00e9 fonctionne en classe A et est sp\u00e9cialement con\u00e7u pour \u00eatre utilis\u00e9 avec le tube Western Electric 300B. Gr\u00e2ce \u00e0 un syst\u00e8me brevet\u00e9, il d\u00e9livre plus de 20 watts par canal, ce qui est bien sup\u00e9rieur aux valeurs traditionnelles pour ce type d&rsquo;amplificateur. Il dispose de quatre entr\u00e9es de ligne RCA, d&rsquo;une entr\u00e9e phono commutable (MC\/MM) et d&rsquo;une prise en charge Bluetooth.  <\/p>\n<p>Un \u00e9cran central TFT affiche des informations claires, et le contr\u00f4le du volume se fait par l&rsquo;interm\u00e9diaire d&rsquo;un encodeur large et pr\u00e9cis. Les sorties haut-parleurs utilisent des blocs transformateurs interchangeables, r\u00e9gl\u00e9s sur 8 ohms par d\u00e9faut, avec des configurations optionnelles de 4 ou 16 ohms. <\/p>\n<p>Le circuit d&rsquo;alimentation parall\u00e8le r\u00e9duit l&rsquo;hyst\u00e9r\u00e9sis et contribue \u00e0 un son propre. L&rsquo;amplificateur est dot\u00e9 d&rsquo;un contr\u00f4le automatique de la polarisation, qui permet aux tubes 300B connect\u00e9s de fonctionner de mani\u00e8re optimale. Cela contribue non seulement aux performances, mais aussi \u00e0 la dur\u00e9e de vie des tubes.  <\/span><\/div>\n<div class=\"specification-item row-header\"><span class=\"spec-content\"><strong>Informations g\u00e9n\u00e9rales<\/strong><\/span><\/div>\n<div class=\"specification-item row-even\"><span class=\"spec-content\">Le Western Electric WE 91E est un amplificateur \u00e0 tube mono-alternance bas\u00e9 sur le circuit classique 1936 91A, con\u00e7u autour du tube de puissance 300B. Jim Kreuz, ing\u00e9nieur en chef, a dirig\u00e9 le d\u00e9veloppement. L&rsquo;amplificateur utilise des composants de qualit\u00e9 sup\u00e9rieure tels que des r\u00e9sistances Vishay et des condensateurs Mundorf, avec un c\u00e2blage interne en cuivre plaqu\u00e9 argent. Le coffret est en aluminium frais\u00e9 CNC avec des c\u00f4t\u00e9s en bois massif. La fabrication et l&rsquo;assemblage ont lieu aux \u00c9tats-Unis.    <\/span><\/div>\n<div class=\"specification-item row-header\"><span class=\"spec-content\"><strong>Histoire de la marque<\/strong><\/span><\/div>\n<div class=\"specification-item row-even\"><span class=\"spec-content\">Western Electric a \u00e9t\u00e9 fond\u00e9e en 1869 et a jou\u00e9 un r\u00f4le crucial dans le d\u00e9veloppement des composants \u00e9lectroniques. En 1996, l&rsquo;entreprise a \u00e9t\u00e9 r\u00e9tablie et s&rsquo;est concentr\u00e9e sur la production de tubes \u00e9lectroniques et d&rsquo;\u00e9quipements audio de haute qualit\u00e9. L&rsquo;entreprise a une riche histoire dans la production de tubes \u00e9lectroniques et d&rsquo;\u00e9quipements audio, en particulier le tube 300B, connu pour sa qualit\u00e9 sonore et sa fiabilit\u00e9. Western Electric s&rsquo;engage toujours \u00e0 fournir des produits audio de haute qualit\u00e9 aux auditeurs du monde entier.   <\/span><\/div>\n<\/div>\n","protected":false},"excerpt":{"rendered":"<p>Description Freakuence ! Oy ou wow ! Puissant, il vous permet de tout entendre avec un soup\u00e7on de chaleur. Cet ampli sait exactement comment remplir une pi\u00e8ce de sons tangibles. Comme si ces sons \u00e9taient doucement respir\u00e9s plut\u00f4t que pouss\u00e9s, une vie propre. Il est livr\u00e9 en standard avec leur \u00e9trange tube 330B, que nous [&hellip;]<\/p>\n","protected":false},"featured_media":384729,"template":"","meta":{"_acf_changed":false,"inline_featured_image":false},"product_brand":[],"product_cat":[530,556,745],"product_tag":[533],"class_list":{"0":"post-323283","1":"product","2":"type-product","3":"status-publish","4":"has-post-thumbnail","6":"product_cat-amplificateurs","7":"product_cat-amplificateurs-a-tubes","8":"product_cat-amplificateurs-stereo","9":"product_tag-used","10":"pa_kleur-nickel","12":"first","13":"instock","14":"sold-individually","15":"purchasable","16":"product-type-simple"},"acf":{"website":true,"show_on_homepage":false,"brand_title":"Western Electric","product_type":"WE 91E","color":"Nickel","subcolor":"","reserved_status":"0"},"_links":{"self":[{"href":"https:\/\/dev.freakuence.nl\/fr\/wp-json\/wp\/v2\/product\/323283","targetHints":{"allow":["GET"]}}],"collection":[{"href":"https:\/\/dev.freakuence.nl\/fr\/wp-json\/wp\/v2\/product"}],"about":[{"href":"https:\/\/dev.freakuence.nl\/fr\/wp-json\/wp\/v2\/types\/product"}],"wp:featuredmedia":[{"embeddable":true,"href":"https:\/\/dev.freakuence.nl\/fr\/wp-json\/wp\/v2\/media\/384729"}],"wp:attachment":[{"href":"https:\/\/dev.freakuence.nl\/fr\/wp-json\/wp\/v2\/media?parent=323283"}],"wp:term":[{"taxonomy":"product_brand","embeddable":true,"href":"https:\/\/dev.freakuence.nl\/fr\/wp-json\/wp\/v2\/product_brand?post=323283"},{"taxonomy":"product_cat","embeddable":true,"href":"https:\/\/dev.freakuence.nl\/fr\/wp-json\/wp\/v2\/product_cat?post=323283"},{"taxonomy":"product_tag","embeddable":true,"href":"https:\/\/dev.freakuence.nl\/fr\/wp-json\/wp\/v2\/product_tag?post=323283"}],"curies":[{"name":"wp","href":"https:\/\/api.w.org\/{rel}","templated":true}]}}