{"id":323284,"date":"2025-10-03T14:04:28","date_gmt":"2025-10-03T12:04:28","guid":{"rendered":"https:\/\/freakuence.nl\/product\/mcintosh-ma5300\/"},"modified":"2026-04-08T11:01:06","modified_gmt":"2026-04-08T09:01:06","slug":"mcintosh-ma5300","status":"publish","type":"product","link":"https:\/\/dev.freakuence.nl\/fr\/produit\/mcintosh-ma5300\/","title":{"rendered":"McIntosh MA5300"},"content":{"rendered":"<div class=\"product-specifications-list\">\n<div class=\"specification-item row-header\"><span class=\"spec-content\"><strong>Description Freakuence !<\/strong><\/span><\/div>\n<div class=\"specification-item row-even\"><span class=\"spec-content\">Tout est au bon endroit. Avec de la puissance ! Mais calmez-vous, c&rsquo;est McIntosh&#8230; et ils fabriquent des amplificateurs avec des sp\u00e9cifications qui comptent. Ces 100 watts sont merveilleusement stables. Le son ? Pas de cris, pas de nettet\u00e9, pas de pr\u00e9cipitation. Avec des entr\u00e9es analogiques ET num\u00e9riques et, bien s\u00fbr, le bleu.      <\/span><\/div>\n<div class=\"specification-item row-odd\"><span class=\"spec-content\">Prix de vente au d\u00e9tail : 8490.00<\/span><\/div>\n<div class=\"specification-item row-header\"><span class=\"spec-content\"><strong>D\u00e9tails<\/strong><\/span><\/div>\n<div class=\"specification-item row-even\"><span class=\"spec-content\">C&rsquo;est votre chance d&rsquo;obtenir enfin du mat\u00e9riel de d\u00e9monstration du magasin le plus cool de la plan\u00e8te. Oui ! Pour cette raison, il vaut en r\u00e9alit\u00e9 beaucoup plus que le prix du neuf, mais nous allons nous retenir. Il n&rsquo;a \u00e9t\u00e9 utilis\u00e9 que pour des s\u00e9ances d&rsquo;\u00e9coute avec nos visiteurs et n&rsquo;a donc pas eu de propri\u00e9taire priv\u00e9. <\/span><\/div>\n<div class=\"specification-item row-odd\"><span class=\"spec-content\">Le prix inclut la TVA. Entrepreneurs, profitez-en. <\/span><\/div>\n<div class=\"specification-item row-even\"><span class=\"spec-content\">Nous sommes heureux de pouvoir en faire commerce. N&rsquo;h\u00e9sitez pas \u00e0 nous envoyer ce que vous avez de disponible, nous serons heureux d&rsquo;\u00e9valuer si nous pouvons le mettre en vente. <\/span><\/div>\n<div class=\"specification-item row-odd\"><span class=\"spec-content\">Vous cherchez un autre mod\u00e8le de la s\u00e9rie actuelle de la marque ? Envoyez-nous un message !  Nous aimons en faire quelque chose d&rsquo;amusant.<\/span><\/div>\n<div class=\"specification-item row-header\"><span class=\"spec-content\"><strong>Description g\u00e9n\u00e9rale<\/strong><\/span><\/div>\n<div class=\"specification-item row-even\"><span class=\"spec-content\">Il offre une puissance de sortie de 2 x 100 watts \u00e0 8 ohms et de 2 x 160 watts \u00e0 4 ohms gr\u00e2ce \u00e0 la technologie Autoformer. Les entr\u00e9es num\u00e9riques comprennent des entr\u00e9es coaxiales, optiques, USB et MCT, prenant en charge jusqu&rsquo;\u00e0 32 bits\/384 kHz et DSD256. Les connexions analogiques consistent en deux entr\u00e9es sym\u00e9triques et trois entr\u00e9es asym\u00e9triques, compl\u00e9t\u00e9es par une entr\u00e9e phono adapt\u00e9e aux \u00e9l\u00e9ments MM. Une sortie casque utilise le Headphone Crossfeed Director. Les fonctions Power Guard et Sentry Monitor prot\u00e8gent contre les surcharges. Le contr\u00f4le est possible via une interface externe optionnelle. La face avant contient un \u00e9cran et des wattm\u00e8tres distincts. La construction s&rsquo;inscrit dans une taille de bo\u00eetier fixe avec des profils de refroidissement int\u00e9gr\u00e9s.       <\/span><\/div>\n<div class=\"specification-item row-header\"><span class=\"spec-content\"><strong>Informations g\u00e9n\u00e9rales<\/strong><\/span><\/div>\n<div class=\"specification-item row-even\"><span class=\"spec-content\">Le McIntosh MA5300 est le plus petit amplificateur int\u00e9gr\u00e9 de McIntosh, con\u00e7u et fabriqu\u00e9 dans leur usine de Binghamton, New York. Malgr\u00e9 sa taille compacte, il d\u00e9livre 2 x 100 watts avec les autoformateurs caract\u00e9ristiques de McIntosh. Le MA5300 int\u00e8gre des mat\u00e9riaux de haute qualit\u00e9 tels que des connecteurs plaqu\u00e9s or et des entr\u00e9es sym\u00e9triques. Le ch\u00e2ssis est en acier inoxydable, poli comme un miroir. Le bo\u00eetier comprend le panneau frontal classique en verre avec des VU-m\u00e8tres bleus. La conception et la mise au point ont \u00e9t\u00e9 r\u00e9alis\u00e9es par l&rsquo;\u00e9quipe d&rsquo;ing\u00e9nieurs de McIntosh.     <\/span><\/div>\n<div class=\"specification-item row-header\"><span class=\"spec-content\"><strong>Histoire de la marque<\/strong><\/span><\/div>\n<div class=\"specification-item row-even\"><span class=\"spec-content\">Le laboratoire McIntosh, fond\u00e9 en 1949 par Frank H. McIntosh et Gordon Gow, est bas\u00e9 \u00e0 Binghamton, dans l&rsquo;\u00c9tat de New York. En 1965, des amplificateurs McIntosh ont \u00e9t\u00e9 utilis\u00e9s lors du discours d&rsquo;investiture du pr\u00e9sident Lyndon B. Johnson. En 1969, vingt amplificateurs \u00e0 tubes McIntosh MC3500 ont assur\u00e9 la sonorisation du festival de Woodstock. En 1974, le groupe Grateful Dead a utilis\u00e9 48 amplificateurs McIntosh MC2300 pour son syst\u00e8me \u00ab\u00a0Wall of Sound\u00a0\u00bb. En 1990, McIntosh a \u00e9t\u00e9 rachet\u00e9 par Clarion, puis par D&amp;M Holdings en 2003. En 2022, l&rsquo;entreprise a \u00e9t\u00e9 vendue \u00e0 une soci\u00e9t\u00e9 de capital-investissement. McIntosh est connu pour ses panneaux avant en verre noir et ses VU-m\u00e8tres bleus.      <\/span><\/div>\n<\/div>\n","protected":false},"excerpt":{"rendered":"<p>Description Freakuence ! Tout est au bon endroit. Avec de la puissance ! Mais calmez-vous, c&rsquo;est McIntosh&#8230; et ils fabriquent des amplificateurs avec des sp\u00e9cifications qui comptent. Ces 100 watts sont merveilleusement stables. Le son ? Pas de cris, pas de nettet\u00e9, pas de pr\u00e9cipitation. Avec des entr\u00e9es analogiques ET num\u00e9riques et, bien s\u00fbr, le [&hellip;]<\/p>\n","protected":false},"featured_media":379375,"template":"","meta":{"_acf_changed":false,"inline_featured_image":false},"product_brand":[],"product_cat":[530,745,773],"product_tag":[570],"class_list":{"0":"post-323284","1":"product","2":"type-product","3":"status-publish","4":"has-post-thumbnail","6":"product_cat-amplificateurs","7":"product_cat-amplificateurs-stereo","8":"product_cat-classe-a-amplificateurs-stereo-a-b","9":"product_tag-freakdemo","11":"first","12":"instock","13":"sold-individually","14":"taxable","15":"shipping-taxable","16":"purchasable","17":"product-type-simple"},"acf":{"website":true,"show_on_homepage":false,"brand_title":"McIntosh","product_type":"MA5300","color":"","subcolor":"","reserved_status":"0"},"yoast_head":"<!-- This site is optimized with the Yoast SEO plugin v25.9 - https:\/\/yoast.com\/wordpress\/plugins\/seo\/ -->\n<title>McIntosh MA5300 | Freakuence!<\/title>\n<meta name=\"robots\" content=\"noindex, follow, max-snippet:-1, max-image-preview:large, max-video-preview:-1\" \/>\n<meta property=\"og:locale\" content=\"fr_FR\" \/>\n<meta property=\"og:type\" content=\"article\" \/>\n<meta property=\"og:title\" content=\"McIntosh MA5300 | Freakuence!\" \/>\n<meta property=\"og:description\" content=\"Description Freakuence ! Tout est au bon endroit. Avec de la puissance ! Mais calmez-vous, c&rsquo;est McIntosh&#8230; et ils fabriquent des amplificateurs avec des sp\u00e9cifications qui comptent. Ces 100 watts sont merveilleusement stables. Le son ? Pas de cris, pas de nettet\u00e9, pas de pr\u00e9cipitation. Avec des entr\u00e9es analogiques ET num\u00e9riques et, bien s\u00fbr, le [&hellip;]\" \/>\n<meta property=\"og:url\" content=\"https:\/\/dev.freakuence.nl\/fr\/produit\/mcintosh-ma5300\/\" \/>\n<meta property=\"og:site_name\" content=\"Freakuence!\" \/>\n<meta property=\"article:modified_time\" content=\"2026-04-08T09:01:06+00:00\" \/>\n<meta property=\"og:image\" content=\"https:\/\/dev.freakuence.nl\/wp-content\/uploads\/2026\/04\/17594929987394-11729-IMG8115-1-scaled.jpg\" \/>\n\t<meta property=\"og:image:width\" content=\"1800\" \/>\n\t<meta property=\"og:image:height\" content=\"1200\" \/>\n\t<meta property=\"og:image:type\" content=\"image\/jpeg\" \/>\n<meta name=\"twitter:card\" content=\"summary_large_image\" \/>\n<script type=\"application\/ld+json\" class=\"yoast-schema-graph\">{\"@context\":\"https:\/\/schema.org\",\"@graph\":[{\"@type\":\"WebPage\",\"@id\":\"https:\/\/dev.freakuence.nl\/fr\/produit\/mcintosh-ma5300\/\",\"url\":\"https:\/\/dev.freakuence.nl\/fr\/produit\/mcintosh-ma5300\/\",\"name\":\"McIntosh MA5300 | Freakuence!\",\"isPartOf\":{\"@id\":\"https:\/\/dev.freakuence.nl\/fr\/#website\"},\"primaryImageOfPage\":{\"@id\":\"https:\/\/dev.freakuence.nl\/fr\/produit\/mcintosh-ma5300\/#primaryimage\"},\"image\":{\"@id\":\"https:\/\/dev.freakuence.nl\/fr\/produit\/mcintosh-ma5300\/#primaryimage\"},\"thumbnailUrl\":\"https:\/\/dev.freakuence.nl\/wp-content\/uploads\/2026\/04\/17594929987394-11729-IMG8115-1-scaled.jpg\",\"datePublished\":\"2025-10-03T12:04:28+00:00\",\"dateModified\":\"2026-04-08T09:01:06+00:00\",\"breadcrumb\":{\"@id\":\"https:\/\/dev.freakuence.nl\/fr\/produit\/mcintosh-ma5300\/#breadcrumb\"},\"inLanguage\":\"fr-FR\",\"potentialAction\":[{\"@type\":\"ReadAction\",\"target\":[\"https:\/\/dev.freakuence.nl\/fr\/produit\/mcintosh-ma5300\/\"]}]},{\"@type\":\"ImageObject\",\"inLanguage\":\"fr-FR\",\"@id\":\"https:\/\/dev.freakuence.nl\/fr\/produit\/mcintosh-ma5300\/#primaryimage\",\"url\":\"https:\/\/dev.freakuence.nl\/wp-content\/uploads\/2026\/04\/17594929987394-11729-IMG8115-1-scaled.jpg\",\"contentUrl\":\"https:\/\/dev.freakuence.nl\/wp-content\/uploads\/2026\/04\/17594929987394-11729-IMG8115-1-scaled.jpg\",\"width\":1800,\"height\":1200},{\"@type\":\"BreadcrumbList\",\"@id\":\"https:\/\/dev.freakuence.nl\/fr\/produit\/mcintosh-ma5300\/#breadcrumb\",\"itemListElement\":[{\"@type\":\"ListItem\",\"position\":1,\"name\":\"Accueil\",\"item\":\"https:\/\/dev.freakuence.nl\/fr\/\"},{\"@type\":\"ListItem\",\"position\":2,\"name\":\"Produits\",\"item\":\"https:\/\/dev.freakuence.nl\/fr\/produits\/\"},{\"@type\":\"ListItem\",\"position\":3,\"name\":\"McIntosh MA5300\"}]},{\"@type\":\"WebSite\",\"@id\":\"https:\/\/dev.freakuence.nl\/fr\/#website\",\"url\":\"https:\/\/dev.freakuence.nl\/fr\/\",\"name\":\"Freakuence!\",\"description\":\"Freakuence!\",\"publisher\":{\"@id\":\"https:\/\/dev.freakuence.nl\/fr\/#organization\"},\"alternateName\":\"Freakuence\",\"potentialAction\":[{\"@type\":\"SearchAction\",\"target\":{\"@type\":\"EntryPoint\",\"urlTemplate\":\"https:\/\/dev.freakuence.nl\/fr\/?s={search_term_string}\"},\"query-input\":{\"@type\":\"PropertyValueSpecification\",\"valueRequired\":true,\"valueName\":\"search_term_string\"}}],\"inLanguage\":\"fr-FR\"},{\"@type\":\"Organization\",\"@id\":\"https:\/\/dev.freakuence.nl\/fr\/#organization\",\"name\":\"Freakuence !\",\"url\":\"https:\/\/dev.freakuence.nl\/fr\/\",\"logo\":{\"@type\":\"ImageObject\",\"inLanguage\":\"fr-FR\",\"@id\":\"https:\/\/dev.freakuence.nl\/fr\/#\/schema\/logo\/image\/\",\"url\":\"https:\/\/dev.freakuence.nl\/wp-content\/uploads\/2022\/05\/Brown_3_RGB_Freakuence-1.png\",\"contentUrl\":\"https:\/\/dev.freakuence.nl\/wp-content\/uploads\/2022\/05\/Brown_3_RGB_Freakuence-1.png\",\"width\":2560,\"height\":684,\"caption\":\"Freakuence !\"},\"image\":{\"@id\":\"https:\/\/dev.freakuence.nl\/fr\/#\/schema\/logo\/image\/\"},\"sameAs\":[\"https:\/\/www.instagram.com\/freakuence_notorious_audio\/\"]}]}<\/script>\n<!-- \/ Yoast SEO plugin. -->","yoast_head_json":{"title":"McIntosh MA5300 | Freakuence!","robots":{"index":"noindex","follow":"follow","max-snippet":"max-snippet:-1","max-image-preview":"max-image-preview:large","max-video-preview":"max-video-preview:-1"},"og_locale":"fr_FR","og_type":"article","og_title":"McIntosh MA5300 | Freakuence!","og_description":"Description Freakuence ! Tout est au bon endroit. Avec de la puissance ! Mais calmez-vous, c&rsquo;est McIntosh&#8230; et ils fabriquent des amplificateurs avec des sp\u00e9cifications qui comptent. Ces 100 watts sont merveilleusement stables. Le son ? Pas de cris, pas de nettet\u00e9, pas de pr\u00e9cipitation. Avec des entr\u00e9es analogiques ET num\u00e9riques et, bien s\u00fbr, le [&hellip;]","og_url":"https:\/\/dev.freakuence.nl\/fr\/produit\/mcintosh-ma5300\/","og_site_name":"Freakuence!","article_modified_time":"2026-04-08T09:01:06+00:00","og_image":[{"width":1800,"height":1200,"url":"https:\/\/dev.freakuence.nl\/wp-content\/uploads\/2026\/04\/17594929987394-11729-IMG8115-1-scaled.jpg","type":"image\/jpeg"}],"twitter_card":"summary_large_image","schema":{"@context":"https:\/\/schema.org","@graph":[{"@type":"WebPage","@id":"https:\/\/dev.freakuence.nl\/fr\/produit\/mcintosh-ma5300\/","url":"https:\/\/dev.freakuence.nl\/fr\/produit\/mcintosh-ma5300\/","name":"McIntosh MA5300 | Freakuence!","isPartOf":{"@id":"https:\/\/dev.freakuence.nl\/fr\/#website"},"primaryImageOfPage":{"@id":"https:\/\/dev.freakuence.nl\/fr\/produit\/mcintosh-ma5300\/#primaryimage"},"image":{"@id":"https:\/\/dev.freakuence.nl\/fr\/produit\/mcintosh-ma5300\/#primaryimage"},"thumbnailUrl":"https:\/\/dev.freakuence.nl\/wp-content\/uploads\/2026\/04\/17594929987394-11729-IMG8115-1-scaled.jpg","datePublished":"2025-10-03T12:04:28+00:00","dateModified":"2026-04-08T09:01:06+00:00","breadcrumb":{"@id":"https:\/\/dev.freakuence.nl\/fr\/produit\/mcintosh-ma5300\/#breadcrumb"},"inLanguage":"fr-FR","potentialAction":[{"@type":"ReadAction","target":["https:\/\/dev.freakuence.nl\/fr\/produit\/mcintosh-ma5300\/"]}]},{"@type":"ImageObject","inLanguage":"fr-FR","@id":"https:\/\/dev.freakuence.nl\/fr\/produit\/mcintosh-ma5300\/#primaryimage","url":"https:\/\/dev.freakuence.nl\/wp-content\/uploads\/2026\/04\/17594929987394-11729-IMG8115-1-scaled.jpg","contentUrl":"https:\/\/dev.freakuence.nl\/wp-content\/uploads\/2026\/04\/17594929987394-11729-IMG8115-1-scaled.jpg","width":1800,"height":1200},{"@type":"BreadcrumbList","@id":"https:\/\/dev.freakuence.nl\/fr\/produit\/mcintosh-ma5300\/#breadcrumb","itemListElement":[{"@type":"ListItem","position":1,"name":"Accueil","item":"https:\/\/dev.freakuence.nl\/fr\/"},{"@type":"ListItem","position":2,"name":"Produits","item":"https:\/\/dev.freakuence.nl\/fr\/produits\/"},{"@type":"ListItem","position":3,"name":"McIntosh MA5300"}]},{"@type":"WebSite","@id":"https:\/\/dev.freakuence.nl\/fr\/#website","url":"https:\/\/dev.freakuence.nl\/fr\/","name":"Freakuence!","description":"Freakuence!","publisher":{"@id":"https:\/\/dev.freakuence.nl\/fr\/#organization"},"alternateName":"Freakuence","potentialAction":[{"@type":"SearchAction","target":{"@type":"EntryPoint","urlTemplate":"https:\/\/dev.freakuence.nl\/fr\/?s={search_term_string}"},"query-input":{"@type":"PropertyValueSpecification","valueRequired":true,"valueName":"search_term_string"}}],"inLanguage":"fr-FR"},{"@type":"Organization","@id":"https:\/\/dev.freakuence.nl\/fr\/#organization","name":"Freakuence !","url":"https:\/\/dev.freakuence.nl\/fr\/","logo":{"@type":"ImageObject","inLanguage":"fr-FR","@id":"https:\/\/dev.freakuence.nl\/fr\/#\/schema\/logo\/image\/","url":"https:\/\/dev.freakuence.nl\/wp-content\/uploads\/2022\/05\/Brown_3_RGB_Freakuence-1.png","contentUrl":"https:\/\/dev.freakuence.nl\/wp-content\/uploads\/2022\/05\/Brown_3_RGB_Freakuence-1.png","width":2560,"height":684,"caption":"Freakuence !"},"image":{"@id":"https:\/\/dev.freakuence.nl\/fr\/#\/schema\/logo\/image\/"},"sameAs":["https:\/\/www.instagram.com\/freakuence_notorious_audio\/"]}]}},"_links":{"self":[{"href":"https:\/\/dev.freakuence.nl\/fr\/wp-json\/wp\/v2\/product\/323284","targetHints":{"allow":["GET"]}}],"collection":[{"href":"https:\/\/dev.freakuence.nl\/fr\/wp-json\/wp\/v2\/product"}],"about":[{"href":"https:\/\/dev.freakuence.nl\/fr\/wp-json\/wp\/v2\/types\/product"}],"wp:featuredmedia":[{"embeddable":true,"href":"https:\/\/dev.freakuence.nl\/fr\/wp-json\/wp\/v2\/media\/379375"}],"wp:attachment":[{"href":"https:\/\/dev.freakuence.nl\/fr\/wp-json\/wp\/v2\/media?parent=323284"}],"wp:term":[{"taxonomy":"product_brand","embeddable":true,"href":"https:\/\/dev.freakuence.nl\/fr\/wp-json\/wp\/v2\/product_brand?post=323284"},{"taxonomy":"product_cat","embeddable":true,"href":"https:\/\/dev.freakuence.nl\/fr\/wp-json\/wp\/v2\/product_cat?post=323284"},{"taxonomy":"product_tag","embeddable":true,"href":"https:\/\/dev.freakuence.nl\/fr\/wp-json\/wp\/v2\/product_tag?post=323284"}],"curies":[{"name":"wp","href":"https:\/\/api.w.org\/{rel}","templated":true}]}}