{"id":323323,"date":"2025-10-03T14:02:57","date_gmt":"2025-10-03T12:02:57","guid":{"rendered":"https:\/\/freakuence.nl\/product\/tom-evans-the-groove-plus-srx-mkii\/"},"modified":"2026-04-08T18:14:53","modified_gmt":"2026-04-08T16:14:53","slug":"tom-evans-the-groove-plus-srx-mkii","status":"publish","type":"product","link":"https:\/\/dev.freakuence.nl\/fr\/produit\/tom-evans-the-groove-plus-srx-mkii\/","title":{"rendered":"Tom Evans The Groove Plus SRX MKII"},"content":{"rendered":"<div class=\"product-specifications-list\">\n<div class=\"specification-item row-header\"><span class=\"spec-content\"><strong>Description Freakuence !<\/strong><\/span><\/div>\n<div class=\"specification-item row-even\"><span class=\"spec-content\">Amplifiez votre son. Pur et puissant, avec une dynamique sans pr\u00e9c\u00e9dent. Cet appareil a un impact extraordinaire.  <\/span><\/div>\n<div class=\"specification-item row-header\"><span class=\"spec-content\"><strong>Description g\u00e9n\u00e9rale<\/strong><\/span><\/div>\n<div class=\"specification-item row-even\"><span class=\"spec-content\">Le Tom Evans The Groove Plus SRX offre des niveaux de bruit particuli\u00e8rement bas gr\u00e2ce au syst\u00e8me de r\u00e9gulation exclusif \u00ab\u00a0Lithos\u00a0\u00bb. Avec pr\u00e9cision et exactitude, le pr\u00e9ampli est con\u00e7u pour une int\u00e9grit\u00e9 optimale du signal. L&rsquo;alimentation avanc\u00e9e est int\u00e9gr\u00e9e et assure une alimentation stable. En option, une mise \u00e0 niveau vers l&rsquo;unit\u00e9 d&rsquo;alimentation SRX est disponible, qui offre une alimentation am\u00e9lior\u00e9e. Ces sp\u00e9cifications font du Groove Plus SRX un composant avanc\u00e9 de toute installation analogique, ax\u00e9 sur une pr\u00e9cision et une fiabilit\u00e9 \u00e9lev\u00e9es.    <\/span><\/div>\n<div class=\"specification-item row-header\"><span class=\"spec-content\"><strong>Informations g\u00e9n\u00e9rales<\/strong><\/span><\/div>\n<div class=\"specification-item row-even\"><span class=\"spec-content\">Le Tom Evans The Groove Plus SRX MKII a \u00e9t\u00e9 con\u00e7u par Tom Evans lui-m\u00eame, un ing\u00e9nieur du son r\u00e9put\u00e9 qui met l&rsquo;accent sur la puret\u00e9 absolue du son. L&rsquo;amplificateur phono utilise des r\u00e9gulateurs de tension super stables et \u00e0 faible bruit (Silent Running SRX) et des amplificateurs op\u00e9rationnels personnalis\u00e9s. Le c\u00e2blage est point \u00e0 point et le coffret est constitu\u00e9 de mat\u00e9riaux \u00e0 faible r\u00e9sonance. Tous les composants sont s\u00e9lectionn\u00e9s en fonction de la qualit\u00e9 du son et non du prix. La fabrication est enti\u00e8rement r\u00e9alis\u00e9e au Royaume-Uni.    <\/span><\/div>\n<div class=\"specification-item row-header\"><span class=\"spec-content\"><strong>Histoire de la marque<\/strong><\/span><\/div>\n<div class=\"specification-item row-even\"><span class=\"spec-content\">Tom Evans est une marque qui se concentre sur la fabrication de composants audio de haute qualit\u00e9. La marque a \u00e9t\u00e9 fond\u00e9e par Tom Evans, qui s&rsquo;est sp\u00e9cialis\u00e9 en tant qu&rsquo;ing\u00e9nieur du son dans l&rsquo;optimisation de la reproduction audio et l&rsquo;am\u00e9lioration du traitement du signal. Tom Evans a commenc\u00e9 sa carri\u00e8re en tant que concepteur dans l&rsquo;industrie audio, en se concentrant sur les aspects techniquement sophistiqu\u00e9s du son. La marque a d\u00e9velopp\u00e9 une gamme de produits bas\u00e9s sur des principes d&rsquo;ing\u00e9nierie physique et \u00e9lectrique profonds. L&rsquo;objectif principal de Tom Evans est de cr\u00e9er des composants qui reproduisent le son avec une pr\u00e9cision et une clart\u00e9 extr\u00eames. L&rsquo;entreprise utilise des mat\u00e9riaux et des technologies de pointe pour garantir une qualit\u00e9 optimale. Les produits se caract\u00e9risent par leur construction technique et leur fiabilit\u00e9. Tom Evans s&rsquo;efforce de fournir un \u00e9quilibre musical pr\u00e9cis dans lequel chaque d\u00e9tail de la musique est pleinement appr\u00e9ci\u00e9.       <\/span><\/div>\n<\/div>\n","protected":false},"excerpt":{"rendered":"<p>Description Freakuence ! Amplifiez votre son. Pur et puissant, avec une dynamique sans pr\u00e9c\u00e9dent. Cet appareil a un impact extraordinaire. Description g\u00e9n\u00e9rale Le Tom Evans The Groove Plus SRX offre des niveaux de bruit particuli\u00e8rement bas gr\u00e2ce au syst\u00e8me de r\u00e9gulation exclusif \u00ab\u00a0Lithos\u00a0\u00bb. Avec pr\u00e9cision et exactitude, le pr\u00e9ampli est con\u00e7u pour une int\u00e9grit\u00e9 optimale [&hellip;]<\/p>\n","protected":false},"featured_media":383015,"template":"","meta":{"_acf_changed":false,"inline_featured_image":false},"product_brand":[],"product_cat":[694,584],"product_tag":[533],"class_list":{"0":"post-323323","1":"product","2":"type-product","3":"status-publish","4":"has-post-thumbnail","6":"product_cat-amplificateurs-phono","7":"product_cat-plateaux-tournants","8":"product_tag-used","9":"pa_kleur-noir","11":"first","12":"instock","13":"sold-individually","14":"purchasable","15":"product-type-simple"},"acf":{"website":true,"show_on_homepage":false,"brand_title":"Tom Evans","product_type":"The Groove Plus SRX MKII","color":"Noir","subcolor":"","reserved_status":"0"},"_links":{"self":[{"href":"https:\/\/dev.freakuence.nl\/fr\/wp-json\/wp\/v2\/product\/323323","targetHints":{"allow":["GET"]}}],"collection":[{"href":"https:\/\/dev.freakuence.nl\/fr\/wp-json\/wp\/v2\/product"}],"about":[{"href":"https:\/\/dev.freakuence.nl\/fr\/wp-json\/wp\/v2\/types\/product"}],"wp:featuredmedia":[{"embeddable":true,"href":"https:\/\/dev.freakuence.nl\/fr\/wp-json\/wp\/v2\/media\/383015"}],"wp:attachment":[{"href":"https:\/\/dev.freakuence.nl\/fr\/wp-json\/wp\/v2\/media?parent=323323"}],"wp:term":[{"taxonomy":"product_brand","embeddable":true,"href":"https:\/\/dev.freakuence.nl\/fr\/wp-json\/wp\/v2\/product_brand?post=323323"},{"taxonomy":"product_cat","embeddable":true,"href":"https:\/\/dev.freakuence.nl\/fr\/wp-json\/wp\/v2\/product_cat?post=323323"},{"taxonomy":"product_tag","embeddable":true,"href":"https:\/\/dev.freakuence.nl\/fr\/wp-json\/wp\/v2\/product_tag?post=323323"}],"curies":[{"name":"wp","href":"https:\/\/api.w.org\/{rel}","templated":true}]}}