{"id":323375,"date":"2025-10-09T11:35:40","date_gmt":"2025-10-09T09:35:40","guid":{"rendered":"https:\/\/freakuence.nl\/product\/octave-mre-130\/"},"modified":"2026-02-21T04:53:34","modified_gmt":"2026-02-21T03:53:34","slug":"octave-mre-130","status":"publish","type":"product","link":"https:\/\/dev.freakuence.nl\/fr\/produit\/octave-mre-130\/","title":{"rendered":"Octave MRE 130"},"content":{"rendered":"<div class=\"product-specifications-list\">\n<div class=\"specification-item row-even\"><span class=\"spec-content\"><strong>Description Freakuence !<\/strong><\/span><\/div>\n<div class=\"specification-item row-odd\"><span class=\"spec-content\"><\/p>\n<p>Beaucoup de puissance, beaucoup de d\u00e9tails, un niveau \u00e9lev\u00e9 \u00e0 savourer, laissant le milieu au milieu. Tr\u00e8s d\u00e9pendant des souhaits. Demandez surtout, nous sommes heureux de r\u00e9pondre. Dirige particuli\u00e8rement bien, avec une grande facilit\u00e9.   <\/p>\n<p><\/span><\/div>\n<div class=\"specification-item row-even\"><span class=\"spec-content\"><strong>D\u00e9tails<\/strong><\/span><\/div>\n<div class=\"specification-item row-odd\"><span class=\"spec-content\">Nous disposons des bo\u00eetes Super Black. Cela fait une tr\u00e8s grande diff\u00e9rence en termes de performance. Veuillez noter que ces bo\u00eetes ne sont pas incluses. N&rsquo;h\u00e9sitez pas \u00e0 demander !   <\/span><\/div>\n<div class=\"specification-item row-even\"><span class=\"spec-content\"><strong>Description g\u00e9n\u00e9rale<\/strong><\/span><\/div>\n<div class=\"specification-item row-odd\"><span class=\"spec-content\"><\/p>\n<p>L&rsquo;Octave MRE 130 est un amplificateur monobloc connu pour sa capacit\u00e9 \u00e0 reproduire la musique avec une clart\u00e9 et une dynamique impressionnantes. Cet amplificateur est con\u00e7u pour reproduire sans effort les passages musicaux les plus complexes, des basses profondes aux aigus \u00e9tincelants. <\/span><\/div>\n<div class=\"specification-item row-even\"><span class=\"spec-content\">Une caract\u00e9ristique notable du MRE 130 est la possibilit\u00e9 de connecter la Black Box ou la Super Black Box. Ces modules externes augmentent la capacit\u00e9 de l&rsquo;alimentation, ce qui am\u00e9liore la dynamique et la stabilit\u00e9, en particulier lors de l&rsquo;utilisation d&rsquo;enceintes exigeantes. Le MRE 130 convient donc \u00e0 une large gamme d&rsquo;enceintes, y compris les mod\u00e8les de Martin Logan, Avalon et Audio Physik.  <\/span><\/div>\n<div class=\"specification-item row-odd\"><span class=\"spec-content\">Le MRE 130 est \u00e9quip\u00e9 d&rsquo;un syst\u00e8me avanc\u00e9 de r\u00e9glage de la polarisation, indiqu\u00e9 par des voyants LED, qui permet d&rsquo;assurer facilement un fonctionnement optimal des tubes. En outre, l&rsquo;amplificateur est dot\u00e9 d&rsquo;entr\u00e9es RCA et XLR, ce qui offre une grande flexibilit\u00e9 lors de la connexion de diff\u00e9rentes sources audio. <\/span><\/div>\n<div class=\"specification-item row-even\"><span class=\"spec-content\">Avec sa construction robuste et sa conception r\u00e9fl\u00e9chie, l&rsquo;Octave MRE 130 offre une exp\u00e9rience d&rsquo;\u00e9coute \u00e0 la fois puissante et raffin\u00e9e, et constitue un compl\u00e9ment pr\u00e9cieux pour tout amateur de musique s\u00e9rieux.<\/p>\n<p><\/span><\/div>\n<div class=\"specification-item row-odd\"><span class=\"spec-content\"><strong>Informations g\u00e9n\u00e9rales<\/strong><\/span><\/div>\n<div class=\"specification-item row-even\"><span class=\"spec-content\"><\/p>\n<p>L&rsquo;Octave V110 a \u00e9t\u00e9 con\u00e7u et fabriqu\u00e9 en Allemagne en mettant l&rsquo;accent sur la durabilit\u00e9, la musicalit\u00e9 et la pr\u00e9cision. Le designer Andreas Hofmann a combin\u00e9 un amplificateur \u00e0 tubes avec une technologie moderne, en se concentrant sur un son optimal sans caract\u00e9ristiques superflues. Le bo\u00eetier est en acier et en aluminium, il utilise en interne des composants de haute qualit\u00e9 avec une conception de circuit modul\u00e9. L&rsquo;alimentation \u00e9quilibr\u00e9e et la polarisation thermiquement contr\u00f4l\u00e9e contribuent \u00e0 la stabilit\u00e9 des performances.   <\/p>\n<p><\/span><\/div>\n<div class=\"specification-item row-odd\"><span class=\"spec-content\"><strong>Histoire de la marque<\/strong><\/span><\/div>\n<div class=\"specification-item row-even\"><span class=\"spec-content\"><\/p>\n<p>La soci\u00e9t\u00e9 allemande Octave fabrique des machines d\u00e9mentes avec des transformateurs tr\u00e8s bien bobin\u00e9s (c&rsquo;est de l\u00e0 qu&rsquo;est n\u00e9e l&rsquo;entreprise). Au moment de l&rsquo;ouverture, le concepteur et propri\u00e9taire Andreas \u00e9tait encore un enfant, mais il a apport\u00e9 sa premi\u00e8re contribution au d\u00e9veloppement de l&rsquo;entreprise de son p\u00e8re et \u00e0 sa transition strat\u00e9gique vers la fabrication de composants audio en 1975, alors qu&rsquo;il n&rsquo;avait pas 20 ans. Il a pr\u00e9sent\u00e9 ses premiers amplificateurs \u00e0 transistors et \u00e0 tubes.  <\/p>\n<p><\/span><\/div>\n<\/div>\n","protected":false},"excerpt":{"rendered":"<p>Description Freakuence ! Beaucoup de puissance, beaucoup de d\u00e9tails, un niveau \u00e9lev\u00e9 \u00e0 savourer, laissant le milieu au milieu. Tr\u00e8s d\u00e9pendant des souhaits. Demandez surtout, nous sommes heureux de r\u00e9pondre. Dirige particuli\u00e8rement bien, avec une grande facilit\u00e9. D\u00e9tails Nous disposons des bo\u00eetes Super Black. Cela fait une tr\u00e8s grande diff\u00e9rence en termes de performance. Veuillez [&hellip;]<\/p>\n","protected":false},"featured_media":352899,"template":"","meta":{"_acf_changed":false,"inline_featured_image":false},"product_brand":[],"product_cat":[556],"product_tag":[533],"class_list":{"0":"post-323375","1":"product","2":"type-product","3":"status-publish","4":"has-post-thumbnail","6":"product_cat-amplificateurs-a-tubes","7":"product_tag-used","8":"pa_kleur-argent","10":"first","11":"instock","12":"purchasable","13":"product-type-simple"},"acf":{"website":true,"show_on_homepage":false,"brand_title":"Octave","product_type":"MRE 130","color":"Argent","subcolor":"","reserved_status":"0"},"yoast_head":"<!-- This site is optimized with the Yoast SEO plugin v25.9 - https:\/\/yoast.com\/wordpress\/plugins\/seo\/ -->\n<title>Octave MRE 130 | Freakuence!<\/title>\n<meta name=\"robots\" content=\"noindex, follow, max-snippet:-1, max-image-preview:large, max-video-preview:-1\" \/>\n<meta property=\"og:locale\" content=\"fr_FR\" \/>\n<meta property=\"og:type\" content=\"article\" \/>\n<meta property=\"og:title\" content=\"Octave MRE 130 | Freakuence!\" \/>\n<meta property=\"og:description\" content=\"Description Freakuence ! Beaucoup de puissance, beaucoup de d\u00e9tails, un niveau \u00e9lev\u00e9 \u00e0 savourer, laissant le milieu au milieu. Tr\u00e8s d\u00e9pendant des souhaits. Demandez surtout, nous sommes heureux de r\u00e9pondre. Dirige particuli\u00e8rement bien, avec une grande facilit\u00e9. D\u00e9tails Nous disposons des bo\u00eetes Super Black. Cela fait une tr\u00e8s grande diff\u00e9rence en termes de performance. Veuillez [&hellip;]\" \/>\n<meta property=\"og:url\" content=\"https:\/\/dev.freakuence.nl\/fr\/produit\/octave-mre-130\/\" \/>\n<meta property=\"og:site_name\" content=\"Freakuence!\" \/>\n<meta property=\"article:modified_time\" content=\"2026-02-21T03:53:34+00:00\" \/>\n<meta property=\"og:image\" content=\"https:\/\/dev.freakuence.nl\/wp-content\/uploads\/2025\/10\/17600024066154-17973-IMG1583-scaled.jpg\" \/>\n\t<meta property=\"og:image:width\" content=\"1800\" \/>\n\t<meta property=\"og:image:height\" content=\"1200\" \/>\n\t<meta property=\"og:image:type\" content=\"image\/jpeg\" \/>\n<meta name=\"twitter:card\" content=\"summary_large_image\" \/>\n<script type=\"application\/ld+json\" class=\"yoast-schema-graph\">{\"@context\":\"https:\/\/schema.org\",\"@graph\":[{\"@type\":\"WebPage\",\"@id\":\"https:\/\/dev.freakuence.nl\/fr\/produit\/octave-mre-130\/\",\"url\":\"https:\/\/dev.freakuence.nl\/fr\/produit\/octave-mre-130\/\",\"name\":\"Octave MRE 130 | Freakuence!\",\"isPartOf\":{\"@id\":\"https:\/\/dev.freakuence.nl\/fr\/#website\"},\"primaryImageOfPage\":{\"@id\":\"https:\/\/dev.freakuence.nl\/fr\/produit\/octave-mre-130\/#primaryimage\"},\"image\":{\"@id\":\"https:\/\/dev.freakuence.nl\/fr\/produit\/octave-mre-130\/#primaryimage\"},\"thumbnailUrl\":\"https:\/\/dev.freakuence.nl\/wp-content\/uploads\/2025\/10\/17600024066154-17973-IMG1583-scaled.jpg\",\"datePublished\":\"2025-10-09T09:35:40+00:00\",\"dateModified\":\"2026-02-21T03:53:34+00:00\",\"breadcrumb\":{\"@id\":\"https:\/\/dev.freakuence.nl\/fr\/produit\/octave-mre-130\/#breadcrumb\"},\"inLanguage\":\"fr-FR\",\"potentialAction\":[{\"@type\":\"ReadAction\",\"target\":[\"https:\/\/dev.freakuence.nl\/fr\/produit\/octave-mre-130\/\"]}]},{\"@type\":\"ImageObject\",\"inLanguage\":\"fr-FR\",\"@id\":\"https:\/\/dev.freakuence.nl\/fr\/produit\/octave-mre-130\/#primaryimage\",\"url\":\"https:\/\/dev.freakuence.nl\/wp-content\/uploads\/2025\/10\/17600024066154-17973-IMG1583-scaled.jpg\",\"contentUrl\":\"https:\/\/dev.freakuence.nl\/wp-content\/uploads\/2025\/10\/17600024066154-17973-IMG1583-scaled.jpg\",\"width\":1800,\"height\":1200},{\"@type\":\"BreadcrumbList\",\"@id\":\"https:\/\/dev.freakuence.nl\/fr\/produit\/octave-mre-130\/#breadcrumb\",\"itemListElement\":[{\"@type\":\"ListItem\",\"position\":1,\"name\":\"Accueil\",\"item\":\"https:\/\/dev.freakuence.nl\/fr\/\"},{\"@type\":\"ListItem\",\"position\":2,\"name\":\"Produits\",\"item\":\"https:\/\/dev.freakuence.nl\/fr\/produits\/\"},{\"@type\":\"ListItem\",\"position\":3,\"name\":\"Octave MRE 130\"}]},{\"@type\":\"WebSite\",\"@id\":\"https:\/\/dev.freakuence.nl\/fr\/#website\",\"url\":\"https:\/\/dev.freakuence.nl\/fr\/\",\"name\":\"Freakuence!\",\"description\":\"Freakuence!\",\"publisher\":{\"@id\":\"https:\/\/dev.freakuence.nl\/fr\/#organization\"},\"alternateName\":\"Freakuence\",\"potentialAction\":[{\"@type\":\"SearchAction\",\"target\":{\"@type\":\"EntryPoint\",\"urlTemplate\":\"https:\/\/dev.freakuence.nl\/fr\/?s={search_term_string}\"},\"query-input\":{\"@type\":\"PropertyValueSpecification\",\"valueRequired\":true,\"valueName\":\"search_term_string\"}}],\"inLanguage\":\"fr-FR\"},{\"@type\":\"Organization\",\"@id\":\"https:\/\/dev.freakuence.nl\/fr\/#organization\",\"name\":\"Freakuence !\",\"url\":\"https:\/\/dev.freakuence.nl\/fr\/\",\"logo\":{\"@type\":\"ImageObject\",\"inLanguage\":\"fr-FR\",\"@id\":\"https:\/\/dev.freakuence.nl\/fr\/#\/schema\/logo\/image\/\",\"url\":\"https:\/\/dev.freakuence.nl\/wp-content\/uploads\/2022\/05\/Brown_3_RGB_Freakuence-1.png\",\"contentUrl\":\"https:\/\/dev.freakuence.nl\/wp-content\/uploads\/2022\/05\/Brown_3_RGB_Freakuence-1.png\",\"width\":2560,\"height\":684,\"caption\":\"Freakuence !\"},\"image\":{\"@id\":\"https:\/\/dev.freakuence.nl\/fr\/#\/schema\/logo\/image\/\"},\"sameAs\":[\"https:\/\/www.instagram.com\/freakuence_notorious_audio\/\"]}]}<\/script>\n<!-- \/ Yoast SEO plugin. -->","yoast_head_json":{"title":"Octave MRE 130 | Freakuence!","robots":{"index":"noindex","follow":"follow","max-snippet":"max-snippet:-1","max-image-preview":"max-image-preview:large","max-video-preview":"max-video-preview:-1"},"og_locale":"fr_FR","og_type":"article","og_title":"Octave MRE 130 | Freakuence!","og_description":"Description Freakuence ! Beaucoup de puissance, beaucoup de d\u00e9tails, un niveau \u00e9lev\u00e9 \u00e0 savourer, laissant le milieu au milieu. Tr\u00e8s d\u00e9pendant des souhaits. Demandez surtout, nous sommes heureux de r\u00e9pondre. Dirige particuli\u00e8rement bien, avec une grande facilit\u00e9. D\u00e9tails Nous disposons des bo\u00eetes Super Black. Cela fait une tr\u00e8s grande diff\u00e9rence en termes de performance. Veuillez [&hellip;]","og_url":"https:\/\/dev.freakuence.nl\/fr\/produit\/octave-mre-130\/","og_site_name":"Freakuence!","article_modified_time":"2026-02-21T03:53:34+00:00","og_image":[{"width":1800,"height":1200,"url":"https:\/\/dev.freakuence.nl\/wp-content\/uploads\/2025\/10\/17600024066154-17973-IMG1583-scaled.jpg","type":"image\/jpeg"}],"twitter_card":"summary_large_image","schema":{"@context":"https:\/\/schema.org","@graph":[{"@type":"WebPage","@id":"https:\/\/dev.freakuence.nl\/fr\/produit\/octave-mre-130\/","url":"https:\/\/dev.freakuence.nl\/fr\/produit\/octave-mre-130\/","name":"Octave MRE 130 | Freakuence!","isPartOf":{"@id":"https:\/\/dev.freakuence.nl\/fr\/#website"},"primaryImageOfPage":{"@id":"https:\/\/dev.freakuence.nl\/fr\/produit\/octave-mre-130\/#primaryimage"},"image":{"@id":"https:\/\/dev.freakuence.nl\/fr\/produit\/octave-mre-130\/#primaryimage"},"thumbnailUrl":"https:\/\/dev.freakuence.nl\/wp-content\/uploads\/2025\/10\/17600024066154-17973-IMG1583-scaled.jpg","datePublished":"2025-10-09T09:35:40+00:00","dateModified":"2026-02-21T03:53:34+00:00","breadcrumb":{"@id":"https:\/\/dev.freakuence.nl\/fr\/produit\/octave-mre-130\/#breadcrumb"},"inLanguage":"fr-FR","potentialAction":[{"@type":"ReadAction","target":["https:\/\/dev.freakuence.nl\/fr\/produit\/octave-mre-130\/"]}]},{"@type":"ImageObject","inLanguage":"fr-FR","@id":"https:\/\/dev.freakuence.nl\/fr\/produit\/octave-mre-130\/#primaryimage","url":"https:\/\/dev.freakuence.nl\/wp-content\/uploads\/2025\/10\/17600024066154-17973-IMG1583-scaled.jpg","contentUrl":"https:\/\/dev.freakuence.nl\/wp-content\/uploads\/2025\/10\/17600024066154-17973-IMG1583-scaled.jpg","width":1800,"height":1200},{"@type":"BreadcrumbList","@id":"https:\/\/dev.freakuence.nl\/fr\/produit\/octave-mre-130\/#breadcrumb","itemListElement":[{"@type":"ListItem","position":1,"name":"Accueil","item":"https:\/\/dev.freakuence.nl\/fr\/"},{"@type":"ListItem","position":2,"name":"Produits","item":"https:\/\/dev.freakuence.nl\/fr\/produits\/"},{"@type":"ListItem","position":3,"name":"Octave MRE 130"}]},{"@type":"WebSite","@id":"https:\/\/dev.freakuence.nl\/fr\/#website","url":"https:\/\/dev.freakuence.nl\/fr\/","name":"Freakuence!","description":"Freakuence!","publisher":{"@id":"https:\/\/dev.freakuence.nl\/fr\/#organization"},"alternateName":"Freakuence","potentialAction":[{"@type":"SearchAction","target":{"@type":"EntryPoint","urlTemplate":"https:\/\/dev.freakuence.nl\/fr\/?s={search_term_string}"},"query-input":{"@type":"PropertyValueSpecification","valueRequired":true,"valueName":"search_term_string"}}],"inLanguage":"fr-FR"},{"@type":"Organization","@id":"https:\/\/dev.freakuence.nl\/fr\/#organization","name":"Freakuence !","url":"https:\/\/dev.freakuence.nl\/fr\/","logo":{"@type":"ImageObject","inLanguage":"fr-FR","@id":"https:\/\/dev.freakuence.nl\/fr\/#\/schema\/logo\/image\/","url":"https:\/\/dev.freakuence.nl\/wp-content\/uploads\/2022\/05\/Brown_3_RGB_Freakuence-1.png","contentUrl":"https:\/\/dev.freakuence.nl\/wp-content\/uploads\/2022\/05\/Brown_3_RGB_Freakuence-1.png","width":2560,"height":684,"caption":"Freakuence !"},"image":{"@id":"https:\/\/dev.freakuence.nl\/fr\/#\/schema\/logo\/image\/"},"sameAs":["https:\/\/www.instagram.com\/freakuence_notorious_audio\/"]}]}},"_links":{"self":[{"href":"https:\/\/dev.freakuence.nl\/fr\/wp-json\/wp\/v2\/product\/323375","targetHints":{"allow":["GET"]}}],"collection":[{"href":"https:\/\/dev.freakuence.nl\/fr\/wp-json\/wp\/v2\/product"}],"about":[{"href":"https:\/\/dev.freakuence.nl\/fr\/wp-json\/wp\/v2\/types\/product"}],"wp:featuredmedia":[{"embeddable":true,"href":"https:\/\/dev.freakuence.nl\/fr\/wp-json\/wp\/v2\/media\/352899"}],"wp:attachment":[{"href":"https:\/\/dev.freakuence.nl\/fr\/wp-json\/wp\/v2\/media?parent=323375"}],"wp:term":[{"taxonomy":"product_brand","embeddable":true,"href":"https:\/\/dev.freakuence.nl\/fr\/wp-json\/wp\/v2\/product_brand?post=323375"},{"taxonomy":"product_cat","embeddable":true,"href":"https:\/\/dev.freakuence.nl\/fr\/wp-json\/wp\/v2\/product_cat?post=323375"},{"taxonomy":"product_tag","embeddable":true,"href":"https:\/\/dev.freakuence.nl\/fr\/wp-json\/wp\/v2\/product_tag?post=323375"}],"curies":[{"name":"wp","href":"https:\/\/api.w.org\/{rel}","templated":true}]}}