{"id":323429,"date":"2025-10-03T11:58:47","date_gmt":"2025-10-03T09:58:47","guid":{"rendered":"https:\/\/freakuence.nl\/product\/naim-ndx-3\/"},"modified":"2026-04-08T18:53:24","modified_gmt":"2026-04-08T16:53:24","slug":"naim-ndx-3","status":"publish","type":"product","link":"https:\/\/dev.freakuence.nl\/fr\/produit\/naim-ndx-3\/","title":{"rendered":"Naim NDX"},"content":{"rendered":"<div class=\"product-specifications-list\">\n<div class=\"specification-item row-header\"><span class=\"spec-content\"><strong>Description Freakuence !<\/strong><\/span><\/div>\n<div class=\"specification-item row-even\"><span class=\"spec-content\">Puissant, convaincant et particuli\u00e8rement analogique. Une image grande et calme. Une corde est une corde et non un cri. Pleine et ronde. Son caract\u00e8re dynamique et ses lignes de basse serr\u00e9es vous donnent l&rsquo;impression d&rsquo;\u00eatre au c\u0153ur de l&rsquo;action.    <\/span><\/div>\n<div class=\"specification-item row-odd\"><span class=\"spec-content\">Prix de vente au d\u00e9tail : 4775.00<\/span><\/div>\n<div class=\"specification-item row-header\"><span class=\"spec-content\"><strong>D\u00e9tails<\/strong><\/span><\/div>\n<div class=\"specification-item row-even\"><span class=\"spec-content\">Un nouvel \u00e9cran a \u00e9t\u00e9 install\u00e9 par l&rsquo;importateur. Il br\u00fble \u00e0 nouveau \u00e0 pleine puissance. <\/span><\/div>\n<div class=\"specification-item row-header\"><span class=\"spec-content\"><strong>Description g\u00e9n\u00e9rale<\/strong><\/span><\/div>\n<div class=\"specification-item row-even\"><span class=\"spec-content\">Le Naim NDX est un lecteur r\u00e9seau polyvalent qui fait passer votre exp\u00e9rience musicale au niveau sup\u00e9rieur. Avec la prise en charge de divers services de streaming tels que TIDAL et Spotify Connect, le NDX offre d&rsquo;innombrables options pour \u00e9couter votre musique pr\u00e9f\u00e9r\u00e9e. Le NDX est \u00e9quip\u00e9 d&rsquo;un \u00e9cran de 5 pouces qui affiche les pochettes d&rsquo;album et les informations sur les pistes, ce qui ajoute \u00e0 sa facilit\u00e9 d&rsquo;utilisation. Gr\u00e2ce \u00e0 la fonctionnalit\u00e9 UPnP, vous pouvez facilement diffuser de l&rsquo;audio \u00e0 partir de serveurs de disques durs Naim Audio, de p\u00e9riph\u00e9riques NAS ou d&rsquo;ordinateurs au sein de votre r\u00e9seau domestique. Le lecteur prend en charge une large gamme de formats audio et offre une lecture sans interruption pour une exp\u00e9rience d&rsquo;\u00e9coute sans faille. Avec quatre entr\u00e9es num\u00e9riques, il est possible de connecter des sources externes, ce qui permet au NDX de jouer un r\u00f4le central dans votre syst\u00e8me audio. Le NDX a \u00e9t\u00e9 con\u00e7u avec le souci du d\u00e9tail, de sa construction m\u00e9canique \u00e0 la s\u00e9lection des composants et \u00e0 la disposition des circuits imprim\u00e9s, ce qui se traduit par une reproduction sonore riche, d\u00e9taill\u00e9e et immersive. Pour ceux qui recherchent un lecteur r\u00e9seau de haute qualit\u00e9 alliant flexibilit\u00e9 et performances audio exceptionnelles, le Naim NDX est un excellent choix.       <\/span><\/div>\n<div class=\"specification-item row-header\"><span class=\"spec-content\"><strong>Informations g\u00e9n\u00e9rales<\/strong><\/span><\/div>\n<div class=\"specification-item row-even\"><span class=\"spec-content\">Le Naim NDX a \u00e9t\u00e9 con\u00e7u par l&rsquo;\u00e9quipe R&amp;D de Salisbury, dirig\u00e9e par des ing\u00e9nieurs comme Steve Sells. Le streamer allie la pr\u00e9cision num\u00e9rique \u00e0 la musicalit\u00e9 analogique. Naim utilise des composants s\u00e9lectionn\u00e9s, notamment une alimentation s\u00e9par\u00e9e avec transformateur toro\u00efdal. Le coffret est fabriqu\u00e9 en aluminium massif pour un blindage optimal. Le c\u00e2blage interne est cibl\u00e9 pour minimiser les interf\u00e9rences.    <\/span><\/div>\n<div class=\"specification-item row-header\"><span class=\"spec-content\"><strong>Histoire de la marque<\/strong><\/span><\/div>\n<div class=\"specification-item row-even\"><span class=\"spec-content\">Naim Audio a \u00e9t\u00e9 fond\u00e9e en 1973 par Julian Vereker, un ing\u00e9nieur britannique passionn\u00e9 d&rsquo;\u00e9lectronique et de musique. En 1985, la soci\u00e9t\u00e9 a re\u00e7u pour la premi\u00e8re fois le prestigieux Queen&rsquo;s Award, une reconnaissance qui lui a \u00e9t\u00e9 d\u00e9cern\u00e9e \u00e0 deux reprises par la suite. En 1991, la soci\u00e9t\u00e9 lance son premier lecteur de CD, le CDS, dot\u00e9 d&rsquo;un bo\u00eetier en deux parties pour de meilleures performances. En 2000, l&rsquo;amplificateur embl\u00e9matique NAP 500 a \u00e9t\u00e9 lanc\u00e9, suivi par le d\u00e9veloppement du syst\u00e8me d&rsquo;amplification Statement en 2014, une \u00e9tape importante dans l&rsquo;ing\u00e9nierie de l&rsquo;entreprise.   <\/span><\/div>\n<\/div>\n","protected":false},"excerpt":{"rendered":"<p>Description Freakuence ! Puissant, convaincant et particuli\u00e8rement analogique. Une image grande et calme. Une corde est une corde et non un cri. Pleine et ronde. Son caract\u00e8re dynamique et ses lignes de basse serr\u00e9es vous donnent l&rsquo;impression d&rsquo;\u00eatre au c\u0153ur de l&rsquo;action. Prix de vente au d\u00e9tail : 4775.00 D\u00e9tails Un nouvel \u00e9cran a \u00e9t\u00e9 [&hellip;]<\/p>\n","protected":false},"featured_media":384447,"template":"","meta":{"_acf_changed":false,"inline_featured_image":false},"product_brand":[],"product_cat":[689,742],"product_tag":[533],"class_list":{"0":"post-323429","1":"product","2":"type-product","3":"status-publish","4":"has-post-thumbnail","6":"product_cat-sources-dinformation","7":"product_cat-streamers","8":"product_tag-used","9":"pa_kleur-noir","11":"first","12":"instock","13":"sold-individually","14":"purchasable","15":"product-type-simple"},"acf":{"website":true,"show_on_homepage":false,"brand_title":"Naim","product_type":"NDX","color":"Noir","subcolor":"","reserved_status":"0"},"_links":{"self":[{"href":"https:\/\/dev.freakuence.nl\/fr\/wp-json\/wp\/v2\/product\/323429","targetHints":{"allow":["GET"]}}],"collection":[{"href":"https:\/\/dev.freakuence.nl\/fr\/wp-json\/wp\/v2\/product"}],"about":[{"href":"https:\/\/dev.freakuence.nl\/fr\/wp-json\/wp\/v2\/types\/product"}],"wp:featuredmedia":[{"embeddable":true,"href":"https:\/\/dev.freakuence.nl\/fr\/wp-json\/wp\/v2\/media\/384447"}],"wp:attachment":[{"href":"https:\/\/dev.freakuence.nl\/fr\/wp-json\/wp\/v2\/media?parent=323429"}],"wp:term":[{"taxonomy":"product_brand","embeddable":true,"href":"https:\/\/dev.freakuence.nl\/fr\/wp-json\/wp\/v2\/product_brand?post=323429"},{"taxonomy":"product_cat","embeddable":true,"href":"https:\/\/dev.freakuence.nl\/fr\/wp-json\/wp\/v2\/product_cat?post=323429"},{"taxonomy":"product_tag","embeddable":true,"href":"https:\/\/dev.freakuence.nl\/fr\/wp-json\/wp\/v2\/product_tag?post=323429"}],"curies":[{"name":"wp","href":"https:\/\/api.w.org\/{rel}","templated":true}]}}