{"id":323430,"date":"2025-10-03T13:40:59","date_gmt":"2025-10-03T11:40:59","guid":{"rendered":"https:\/\/freakuence.nl\/product\/hegel-mohican\/"},"modified":"2026-04-08T11:50:11","modified_gmt":"2026-04-08T09:50:11","slug":"hegel-mohican","status":"publish","type":"product","link":"https:\/\/dev.freakuence.nl\/fr\/produit\/hegel-mohican\/","title":{"rendered":"Hegel Mohican"},"content":{"rendered":"<div class=\"product-specifications-list\">\n<div class=\"specification-item row-header\"><span class=\"spec-content\"><strong>Description Freakuence !<\/strong><\/span><\/div>\n<div class=\"specification-item row-even\"><span class=\"spec-content\">Le lecteur Mohican joue sans aucun doute \u00e0 un niveau beaucoup plus \u00e9lev\u00e9 que les dacs internes que Hegel a dans ses amplificateurs. La lecture de CD \u00e0 loisir est un peu diff\u00e9rente de la lecture en continu. Il est toujours agr\u00e9able d&rsquo;en faire \u00e0 nouveau l&rsquo;exp\u00e9rience.  <\/span><\/div>\n<div class=\"specification-item row-odd\"><span class=\"spec-content\">Prix de vente au d\u00e9tail : 4595.00<\/span><\/div>\n<div class=\"specification-item row-header\"><span class=\"spec-content\"><strong>D\u00e9tails<\/strong><\/span><\/div>\n<div class=\"specification-item row-even\"><span class=\"spec-content\">D&rsquo;une grande pile de mod\u00e8les d&rsquo;exposition du distributeur europ\u00e9en. Nous avons de nombreux appareils Hegel (y compris des doubles). Ils ont tous \u00e9t\u00e9 examin\u00e9s par Audio Service Elst (le point officiel) avant que le distributeur ne les fasse livrer ici. Garantie totale !   <\/span><\/div>\n<div class=\"specification-item row-header\"><span class=\"spec-content\"><strong>Description g\u00e9n\u00e9rale<\/strong><\/span><\/div>\n<div class=\"specification-item row-even\"><span class=\"spec-content\">Le Hegel Mohican est un lecteur de CD enti\u00e8rement d\u00e9di\u00e9 \u00e0 la lecture de CD. Contrairement \u00e0 de nombreux autres lecteurs qui offrent toutes sortes de fonctions suppl\u00e9mentaires, le Mohican est con\u00e7u avec un seul objectif : offrir la meilleure qualit\u00e9 sonore possible lors de la lecture de CD.   <\/p>\n<p>L&rsquo;appareil utilise un lecteur de CD Sanyo, qui a \u00e9t\u00e9 optimis\u00e9 gr\u00e2ce \u00e0 des circuits d&rsquo;asservissement sp\u00e9cialement con\u00e7us. Le DAC int\u00e9gr\u00e9 fonctionne \u00e0 une r\u00e9solution native de 16 bits\/44,1 kHz, ce qui garantit une lecture pure et pr\u00e9cise sans r\u00e9\u00e9chantillonnage.  Gr\u00e2ce \u00e0 la technologie brevet\u00e9e SoundEngine, le jitter est minimis\u00e9, ce qui permet une reproduction sonore naturelle et fluide.  <\/p>\n<p>Le design du Mohican est \u00e9l\u00e9gant et fonctionnel, avec une construction solide et un fonctionnement intuitif. Le lecteur offre des sorties RCA et XLR, ce qui permet de le connecter facilement \u00e0 diff\u00e9rents amplificateurs et syst\u00e8mes audio.   <\/p>\n<p>Pour les amateurs de CD \u00e0 la recherche d&rsquo;un lecteur d\u00e9pourvu de fonctions superflues et privil\u00e9giant la qualit\u00e9 du son, le Hegel Mohican est un excellent choix.<\/span><\/div>\n<div class=\"specification-item row-header\"><span class=\"spec-content\"><strong>Informations g\u00e9n\u00e9rales<\/strong><\/span><\/div>\n<div class=\"specification-item row-even\"><span class=\"spec-content\">Le Hegel Mohican est un lecteur de CD haut de gamme con\u00e7u sp\u00e9cifiquement pour une t\u00e2che : la lecture parfaite des CD Red Book. Selon Hegel, cet objectif a permis d&rsquo;obtenir une qualit\u00e9 sonore sup\u00e9rieure. D\u00e9velopp\u00e9 par l&rsquo;\u00e9quipe d&rsquo;ing\u00e9nieurs norv\u00e9giens dirig\u00e9e par Bent Holter, le Mohican utilise des puces DAC de haute qualit\u00e9 et une section d&rsquo;horloge de haute pr\u00e9cision. Le bo\u00eetier m\u00e9tallique et les circuits s\u00e9par\u00e9s minimisent le bruit et les interf\u00e9rences.   <\/span><\/div>\n<div class=\"specification-item row-header\"><span class=\"spec-content\"><strong>Histoire de la marque<\/strong><\/span><\/div>\n<div class=\"specification-item row-even\"><span class=\"spec-content\">Hegel a \u00e9t\u00e9 fond\u00e9e en Norv\u00e8ge \u00e0 la fin des ann\u00e9es 1980 par Bent Holter. Dans le cadre de son projet de fin d&rsquo;\u00e9tudes \u00e0 l&rsquo;universit\u00e9 de technologie de Trondheim, il a mis au point une solution pour r\u00e9duire la distorsion dans les amplificateurs \u00e0 transistors. C&rsquo;est ainsi qu&rsquo;est n\u00e9e la technologie qui sera plus tard connue sous le nom de SoundEngine. En 1988, le nom Hegel a \u00e9t\u00e9 utilis\u00e9 pour la premi\u00e8re fois pour un amplificateur. Dans les ann\u00e9es 1990, l&rsquo;entreprise a lanc\u00e9 plusieurs lecteurs de CD et amplificateurs. En 1996, le premier amplificateur enti\u00e8rement sym\u00e9trique a \u00e9t\u00e9 introduit. Vers 2004, la marque a commenc\u00e9 \u00e0 d\u00e9velopper des convertisseurs DA. Plus tard, les produits ont \u00e9t\u00e9 \u00e9quip\u00e9s de capacit\u00e9s de mise en r\u00e9seau pour prendre en charge la lecture de musique num\u00e9rique. Hegel commercialise exclusivement ses propres produits \u00e9lectroniques, en d\u00e9veloppant elle-m\u00eame la conception des circuits et les logiciels n\u00e9cessaires. L&rsquo;entreprise assure la distribution internationale de ses produits depuis la Norv\u00e8ge.         <\/span><\/div>\n<\/div>\n","protected":false},"excerpt":{"rendered":"<p>Description Freakuence ! Le lecteur Mohican joue sans aucun doute \u00e0 un niveau beaucoup plus \u00e9lev\u00e9 que les dacs internes que Hegel a dans ses amplificateurs. La lecture de CD \u00e0 loisir est un peu diff\u00e9rente de la lecture en continu. Il est toujours agr\u00e9able d&rsquo;en faire \u00e0 nouveau l&rsquo;exp\u00e9rience. Prix de vente au d\u00e9tail [&hellip;]<\/p>\n","protected":false},"featured_media":380162,"template":"","meta":{"_acf_changed":false,"inline_featured_image":false},"product_brand":[],"product_cat":[551,689],"product_tag":[552],"class_list":{"0":"post-323430","1":"product","2":"type-product","3":"status-publish","4":"has-post-thumbnail","6":"product_cat-lecteurs-de-cd","7":"product_cat-sources-dinformation","8":"product_tag-demo","9":"pa_kleur-argent","11":"first","12":"instock","13":"sold-individually","14":"purchasable","15":"product-type-simple"},"acf":{"website":true,"show_on_homepage":false,"brand_title":"Hegel","product_type":"Mohican","color":"Argent","subcolor":"","reserved_status":"0"},"_links":{"self":[{"href":"https:\/\/dev.freakuence.nl\/fr\/wp-json\/wp\/v2\/product\/323430","targetHints":{"allow":["GET"]}}],"collection":[{"href":"https:\/\/dev.freakuence.nl\/fr\/wp-json\/wp\/v2\/product"}],"about":[{"href":"https:\/\/dev.freakuence.nl\/fr\/wp-json\/wp\/v2\/types\/product"}],"wp:featuredmedia":[{"embeddable":true,"href":"https:\/\/dev.freakuence.nl\/fr\/wp-json\/wp\/v2\/media\/380162"}],"wp:attachment":[{"href":"https:\/\/dev.freakuence.nl\/fr\/wp-json\/wp\/v2\/media?parent=323430"}],"wp:term":[{"taxonomy":"product_brand","embeddable":true,"href":"https:\/\/dev.freakuence.nl\/fr\/wp-json\/wp\/v2\/product_brand?post=323430"},{"taxonomy":"product_cat","embeddable":true,"href":"https:\/\/dev.freakuence.nl\/fr\/wp-json\/wp\/v2\/product_cat?post=323430"},{"taxonomy":"product_tag","embeddable":true,"href":"https:\/\/dev.freakuence.nl\/fr\/wp-json\/wp\/v2\/product_tag?post=323430"}],"curies":[{"name":"wp","href":"https:\/\/api.w.org\/{rel}","templated":true}]}}