{"id":323500,"date":"2025-10-03T12:04:15","date_gmt":"2025-10-03T10:04:15","guid":{"rendered":"https:\/\/freakuence.nl\/product\/ange-silencieux-munich-m1\/"},"modified":"2026-04-08T11:10:50","modified_gmt":"2026-04-08T09:10:50","slug":"ange-silencieux-munich-m1","status":"publish","type":"product","link":"https:\/\/dev.freakuence.nl\/fr\/produit\/ange-silencieux-munich-m1\/","title":{"rendered":"Ange silencieux Munich M1"},"content":{"rendered":"<div class=\"product-specifications-list\">\n<div class=\"specification-item row-header\"><span class=\"spec-content\"><strong>Description Freakuence !<\/strong><\/span><\/div>\n<div class=\"specification-item row-even\"><span class=\"spec-content\">Le meilleur streamer ! Joue avec chaleur, sans perte de d\u00e9tails. <\/span><\/div>\n<div class=\"specification-item row-odd\"><span class=\"spec-content\">Prix de vente au d\u00e9tail : 1099.00<\/span><\/div>\n<div class=\"specification-item row-header\"><span class=\"spec-content\"><strong>D\u00e9tails<\/strong><\/span><\/div>\n<div class=\"specification-item row-even\"><span class=\"spec-content\">Un Freakreturn ! est un retour de la boutique en ligne, mais un retour de Freakuence, ce qui n&rsquo;est pas grave. Il s&rsquo;agit d&rsquo;une commande en ligne qui a \u00e9t\u00e9 renvoy\u00e9e. Il peut s&rsquo;agir d&rsquo;une couleur que vous n&rsquo;aimez pas, mais aussi d&rsquo;un caract\u00e8re. Ces produits ne datent donc pas de plus de quelques jours et b\u00e9n\u00e9ficient de la garantie compl\u00e8te du fabricant AND&#8230;. et, plus important encore, avec un service Freaks \u00e0 100 %, hupsakee.   <\/span><\/div>\n<div class=\"specification-item row-odd\"><span class=\"spec-content\">Le prix inclut la TVA. Entrepreneurs, profitez-en. <\/span><\/div>\n<div class=\"specification-item row-header\"><span class=\"spec-content\"><strong>Description g\u00e9n\u00e9rale<\/strong><\/span><\/div>\n<div class=\"specification-item row-even\"><span class=\"spec-content\">Le Silent Angel Munich M1 est un lecteur r\u00e9seau polyvalent qui porte le streaming musical \u00e0 un niveau sup\u00e9rieur. Prenant en charge des services tels que Qobuz, Spotify Connect, Airplay et DLNA, le M1 permet d&rsquo;acc\u00e9der \u00e0 un large \u00e9ventail de sources musicales. Gr\u00e2ce \u00e0 son DAC int\u00e9gr\u00e9 et \u00e0 son contr\u00f4le du volume, le M1 peut \u00eatre connect\u00e9 directement \u00e0 des enceintes actives ou \u00e0 un amplificateur, offrant ainsi une configuration flexible. Pour les amateurs d&rsquo;exp\u00e9riences d&rsquo;\u00e9coute personnelles, une prise casque de 6,35 mm est pr\u00e9vue. Le M1 est con\u00e7u avec un corps m\u00e9tallique \u00e9l\u00e9gant et un panneau avant en aluminium solide, ce qui ajoute non seulement \u00e0 son esth\u00e9tique, mais aussi \u00e0 sa durabilit\u00e9. La conception sans ventilateur avec une dissipation efficace de la chaleur garantit un fonctionnement silencieux, tandis que des composants de haute qualit\u00e9 et un absorbeur EMI minimisent les interf\u00e9rences \u00e9lectriques. Gr\u00e2ce \u00e0 l&rsquo;application VitOS Orbiter, le fonctionnement est intuitif et simple, ce qui vous permet de naviguer facilement dans votre collection musicale et d&rsquo;appr\u00e9cier vos morceaux pr\u00e9f\u00e9r\u00e9s.      <\/span><\/div>\n<div class=\"specification-item row-header\"><span class=\"spec-content\"><strong>Informations g\u00e9n\u00e9rales<\/strong><\/span><\/div>\n<div class=\"specification-item row-even\"><span class=\"spec-content\">Le Silent Angel Munich M1 a \u00e9t\u00e9 con\u00e7u par Thunder Data dans le but d&rsquo;offrir une reproduction musicale num\u00e9rique de haute qualit\u00e9. Il a \u00e9t\u00e9 d\u00e9velopp\u00e9 par une \u00e9quipe dirig\u00e9e par l&rsquo;ing\u00e9nieur Dr Eric Jian Huang. Le bo\u00eetier compact est en alliage d&rsquo;aluminium pour le blindage \u00e9lectromagn\u00e9tique. Les composants internes comprennent une horloge \u00e0 faible gigue, une alimentation lin\u00e9aire et un c\u00e2blage blind\u00e9. La production a lieu en Chine, avec des pi\u00e8ces provenant d&rsquo;Allemagne et du Japon.    <\/span><\/div>\n<div class=\"specification-item row-header\"><span class=\"spec-content\"><strong>Histoire de la marque<\/strong><\/span><\/div>\n<div class=\"specification-item row-even\"><span class=\"spec-content\">Silent Angel a commenc\u00e9 son parcours en 2014 en se concentrant sur l&rsquo;am\u00e9lioration des syst\u00e8mes de musique num\u00e9rique. La marque a \u00e9t\u00e9 fond\u00e9e par des professionnels sp\u00e9cialis\u00e9s dans les r\u00e9seaux, le stockage et l&rsquo;informatique. Les fondateurs, dont Eric Jian Huang et Chorus Chuang, ont combin\u00e9 leur expertise pour d\u00e9velopper des solutions technologiques visant \u00e0 fournir des exp\u00e9riences de musique num\u00e9rique de haute qualit\u00e9. La marque a lanc\u00e9 plusieurs produits, tels que des commutateurs de r\u00e9seau et des serveurs de musique, destin\u00e9s \u00e0 am\u00e9liorer la qualit\u00e9 du signal et \u00e0 minimiser le bruit et la gigue dans les syst\u00e8mes audio.   <\/span><\/div>\n<\/div>\n","protected":false},"excerpt":{"rendered":"<p>Description Freakuence ! Le meilleur streamer ! Joue avec chaleur, sans perte de d\u00e9tails. Prix de vente au d\u00e9tail : 1099.00 D\u00e9tails Un Freakreturn ! est un retour de la boutique en ligne, mais un retour de Freakuence, ce qui n&rsquo;est pas grave. Il s&rsquo;agit d&rsquo;une commande en ligne qui a \u00e9t\u00e9 renvoy\u00e9e. Il peut [&hellip;]<\/p>\n","protected":false},"featured_media":379572,"template":"","meta":{"_acf_changed":false,"inline_featured_image":false},"product_brand":[],"product_cat":[689,742],"product_tag":[570],"class_list":{"0":"post-323500","1":"product","2":"type-product","3":"status-publish","4":"has-post-thumbnail","6":"product_cat-sources-dinformation","7":"product_cat-streamers","8":"product_tag-freakdemo","9":"pa_kleur-noir","11":"first","12":"instock","13":"sold-individually","14":"taxable","15":"shipping-taxable","16":"purchasable","17":"product-type-simple"},"acf":{"website":true,"show_on_homepage":false,"brand_title":"Silent Angel","product_type":"Munich M1","color":"Noir","subcolor":"","reserved_status":"1"},"_links":{"self":[{"href":"https:\/\/dev.freakuence.nl\/fr\/wp-json\/wp\/v2\/product\/323500","targetHints":{"allow":["GET"]}}],"collection":[{"href":"https:\/\/dev.freakuence.nl\/fr\/wp-json\/wp\/v2\/product"}],"about":[{"href":"https:\/\/dev.freakuence.nl\/fr\/wp-json\/wp\/v2\/types\/product"}],"wp:featuredmedia":[{"embeddable":true,"href":"https:\/\/dev.freakuence.nl\/fr\/wp-json\/wp\/v2\/media\/379572"}],"wp:attachment":[{"href":"https:\/\/dev.freakuence.nl\/fr\/wp-json\/wp\/v2\/media?parent=323500"}],"wp:term":[{"taxonomy":"product_brand","embeddable":true,"href":"https:\/\/dev.freakuence.nl\/fr\/wp-json\/wp\/v2\/product_brand?post=323500"},{"taxonomy":"product_cat","embeddable":true,"href":"https:\/\/dev.freakuence.nl\/fr\/wp-json\/wp\/v2\/product_cat?post=323500"},{"taxonomy":"product_tag","embeddable":true,"href":"https:\/\/dev.freakuence.nl\/fr\/wp-json\/wp\/v2\/product_tag?post=323500"}],"curies":[{"name":"wp","href":"https:\/\/api.w.org\/{rel}","templated":true}]}}