{"id":323527,"date":"2025-10-02T13:12:28","date_gmt":"2025-10-02T11:12:28","guid":{"rendered":"https:\/\/freakuence.nl\/product\/arcam-radia-a25\/"},"modified":"2026-04-08T17:40:12","modified_gmt":"2026-04-08T15:40:12","slug":"arcam-radia-a25","status":"publish","type":"product","link":"https:\/\/dev.freakuence.nl\/fr\/produit\/arcam-radia-a25\/","title":{"rendered":"ARCAM Radia A25"},"content":{"rendered":"<div class=\"product-specifications-list\">\n<div class=\"specification-item row-header\"><span class=\"spec-content\"><strong>Description Freakuence !<\/strong><\/span><\/div>\n<div class=\"specification-item row-even\"><span class=\"spec-content\">Arcam le fait. Avec un son chaleureux et charmant, il met votre pied en mouvement. Comptez sur lui ! Avec un sentiment de proximit\u00e9, de tangibilit\u00e9. La sc\u00e8ne qu&rsquo;il parvient \u00e0 cr\u00e9er est profonde, bien au-del\u00e0 des enceintes.    <\/span><\/div>\n<div class=\"specification-item row-odd\"><span class=\"spec-content\">Prix de vente au d\u00e9tail : 1799.00<\/span><\/div>\n<div class=\"specification-item row-header\"><span class=\"spec-content\"><strong>D\u00e9tails<\/strong><\/span><\/div>\n<div class=\"specification-item row-even\"><span class=\"spec-content\">Nous sommes heureux d&rsquo;\u00e9changer du mat\u00e9riel neuf pour en faire quelque chose d&rsquo;amusant ! N&rsquo;oubliez pas de nous faire savoir ce que vous avez \u00e0 \u00e9changer, le cas \u00e9ch\u00e9ant. Sans reprise, bien s\u00fbr. Nous livrons du mat\u00e9riel 100% neuf dans une bo\u00eete scell\u00e9e, mais nous avons pens\u00e9 qu&rsquo;il serait agr\u00e9able de mettre notre mod\u00e8le de d\u00e9monstration sur la photo.    Venez faire une d\u00e9monstration dans l&rsquo;une de nos 5 salles d&rsquo;\u00e9coute ! D&rsquo;autres versions sont \u00e9galement possibles. <\/p>\n<p>Vous cherchez un autre mod\u00e8le de la s\u00e9rie actuelle de la marque ? Envoyez-nous un message !  Nous aimons en faire quelque chose d&rsquo;amusant.<\/p>\n<p>Produit TVA. Les entrepreneurs, les personnes en dehors de l&rsquo;UE, en profitent. <\/span><\/div>\n<div class=\"specification-item row-header\"><span class=\"spec-content\"><strong>Description g\u00e9n\u00e9rale<\/strong><\/span><\/div>\n<div class=\"specification-item row-even\"><span class=\"spec-content\">Cet appareil d\u00e9livre 100 watts par canal sous 8 ohms et 165 watts sous 4 ohms, avec une distorsion harmonique de 0,002 % \u00e0 80 % de la puissance. Il dispose de trois entr\u00e9es analogiques RCA, d&rsquo;une entr\u00e9e phono pour cartouches MM et d&rsquo;entr\u00e9es num\u00e9riques : deux coaxiales, une optique et un port USB-C. Le DAC interne prend en charge l&rsquo;\u00e9chantillonnage PCM jusqu&rsquo;\u00e0 384 kHz et le DSD jusqu&rsquo;\u00e0 DSD1024. Le Bluetooth 5.2 avec la technologie aptX Adaptive est pr\u00e9sent. Les \u00e9couteurs peuvent \u00eatre connect\u00e9s avec ou sans fil. Les dimensions sont de 431 x 344 x 83 mm et le poids est de 9 kg.     <\/span><\/div>\n<div class=\"specification-item row-header\"><span class=\"spec-content\"><strong>Informations g\u00e9n\u00e9rales<\/strong><\/span><\/div>\n<div class=\"specification-item row-even\"><span class=\"spec-content\">Le Radia A25 d&rsquo;Arcam a \u00e9t\u00e9 con\u00e7u par l&rsquo;\u00e9quipe d&rsquo;ing\u00e9nieurs de Cambridge, en mettant l&rsquo;accent sur la qualit\u00e9 sonore audiophile et l&rsquo;esth\u00e9tique \u00e9pur\u00e9e. Le bo\u00eetier en aluminium r\u00e9duit les vibrations et am\u00e9liore l&rsquo;int\u00e9grit\u00e9 du signal. L&rsquo;A25 utilise la technologie ESS Sabre DAC et des composants internes de haute qualit\u00e9 pour un traitement pr\u00e9cis du signal. Arcam s&rsquo;engage \u00e0 respecter la philosophie de conception britannique : un son pur, une coloration minimale, une musicalit\u00e9 maximale.   <\/span><\/div>\n<div class=\"specification-item row-header\"><span class=\"spec-content\"><strong>Histoire de la marque<\/strong><\/span><\/div>\n<div class=\"specification-item row-even\"><span class=\"spec-content\">Arcam a \u00e9t\u00e9 fond\u00e9e en 1976 \u00e0 Cambridge, au Royaume-Uni. Le premier produit lanc\u00e9 par la soci\u00e9t\u00e9 a \u00e9t\u00e9 l&rsquo;A60, un amplificateur int\u00e9gr\u00e9 qui a acquis un statut d&rsquo;ic\u00f4ne et s&rsquo;est vendu \u00e0 plus de 30 000 exemplaires. Arcam a \u00e9largi sa gamme en 1986 avec le premier lecteur de CD enti\u00e8rement con\u00e7u et fabriqu\u00e9 au Royaume-Uni. En 1988, Arcam a lanc\u00e9 la Black Box, l&rsquo;un des premiers convertisseurs num\u00e9riques-analogiques (DAC) autonomes pour la lecture de CD. Dans les ann\u00e9es 1990, Arcam a lanc\u00e9 le Xeta 1, le premier amplificateur AV pour audiophiles, et a d\u00e9velopp\u00e9 le premier tuner DAB au monde pour un usage domestique en 1999.    <\/span><\/div>\n<\/div>\n","protected":false},"excerpt":{"rendered":"<p>Description Freakuence ! Arcam le fait. Avec un son chaleureux et charmant, il met votre pied en mouvement. Comptez sur lui ! Avec un sentiment de proximit\u00e9, de tangibilit\u00e9. La sc\u00e8ne qu&rsquo;il parvient \u00e0 cr\u00e9er est profonde, bien au-del\u00e0 des enceintes. Prix de vente au d\u00e9tail : 1799.00 D\u00e9tails Nous sommes heureux d&rsquo;\u00e9changer du mat\u00e9riel [&hellip;]<\/p>\n","protected":false},"featured_media":382413,"template":"","meta":{"_acf_changed":false,"inline_featured_image":false},"product_brand":[],"product_cat":[530,745,773],"product_tag":[570],"class_list":{"0":"post-323527","1":"product","2":"type-product","3":"status-publish","4":"has-post-thumbnail","6":"product_cat-amplificateurs","7":"product_cat-amplificateurs-stereo","8":"product_cat-classe-a-amplificateurs-stereo-a-b","9":"product_tag-freakdemo","10":"pa_kleur-noir","12":"first","13":"instock","14":"sold-individually","15":"taxable","16":"shipping-taxable","17":"purchasable","18":"product-type-simple"},"acf":{"website":true,"show_on_homepage":false,"brand_title":"ARCAM","product_type":"Radia A25","color":"Noir","subcolor":"","reserved_status":"0"},"_links":{"self":[{"href":"https:\/\/dev.freakuence.nl\/fr\/wp-json\/wp\/v2\/product\/323527","targetHints":{"allow":["GET"]}}],"collection":[{"href":"https:\/\/dev.freakuence.nl\/fr\/wp-json\/wp\/v2\/product"}],"about":[{"href":"https:\/\/dev.freakuence.nl\/fr\/wp-json\/wp\/v2\/types\/product"}],"wp:featuredmedia":[{"embeddable":true,"href":"https:\/\/dev.freakuence.nl\/fr\/wp-json\/wp\/v2\/media\/382413"}],"wp:attachment":[{"href":"https:\/\/dev.freakuence.nl\/fr\/wp-json\/wp\/v2\/media?parent=323527"}],"wp:term":[{"taxonomy":"product_brand","embeddable":true,"href":"https:\/\/dev.freakuence.nl\/fr\/wp-json\/wp\/v2\/product_brand?post=323527"},{"taxonomy":"product_cat","embeddable":true,"href":"https:\/\/dev.freakuence.nl\/fr\/wp-json\/wp\/v2\/product_cat?post=323527"},{"taxonomy":"product_tag","embeddable":true,"href":"https:\/\/dev.freakuence.nl\/fr\/wp-json\/wp\/v2\/product_tag?post=323527"}],"curies":[{"name":"wp","href":"https:\/\/api.w.org\/{rel}","templated":true}]}}