{"id":323699,"date":"2025-10-02T12:51:55","date_gmt":"2025-10-02T10:51:55","guid":{"rendered":"https:\/\/freakuence.nl\/product\/mcintosh-c8\/"},"modified":"2026-04-16T11:13:40","modified_gmt":"2026-04-16T09:13:40","slug":"mcintosh-c8","status":"publish","type":"product","link":"https:\/\/dev.freakuence.nl\/fr\/produit\/mcintosh-c8\/","title":{"rendered":"McIntosh C8"},"content":{"rendered":"<div class=\"product-specifications-list\">\n<div class=\"specification-item row-header\"><span class=\"spec-content\"><strong>Description Freakuence !<\/strong><\/span><\/div>\n<div class=\"specification-item row-even\"><span class=\"spec-content\">McIntosh, qui n&rsquo;en a pas secr\u00e8tement r\u00eav\u00e9 une fois. M\u00eame les r\u00e9calcitrants se mettent souvent \u00e0 en parler en voyant la marque. On l&rsquo;aime ou on la d\u00e9teste ! Un mot sur l&rsquo;afficheur, donc&#8230; celui-ci est particuli\u00e8rement color\u00e9, avec un solide coup de pouce. L&rsquo;autorit\u00e9 est claire, cette chose peut le faire. Tr\u00e8s ouvert, tr\u00e8s doux dans les aigus.     <\/span><\/div>\n<div class=\"specification-item row-odd\"><span class=\"spec-content\">Prix de vente au d\u00e9tail : 6 190,00<\/span><\/div>\n<div class=\"specification-item row-header\"><span class=\"spec-content\"><strong>D\u00e9tails<\/strong><\/span><\/div>\n<div class=\"specification-item row-even\"><span class=\"spec-content\">\u00c9quip\u00e9 du module DAC2 en option. Il est \u00e9galement possible de s&rsquo;en passer, auquel cas nous pouvons r\u00e9duire le prix de 500,00 euros. <\/span><\/div>\n<div class=\"specification-item row-odd\"><span class=\"spec-content\">Comme nous sommes revendeurs de cette marque, nous sommes heureux de vous offrir la garantie compl\u00e8te du revendeur sur ce produit particulier ! Pourquoi ? Nous sommes confiants et cette assurance vous rendra la vie plus agr\u00e9able.  <\/span><\/div>\n<div class=\"specification-item row-even\"><span class=\"spec-content\">Vous cherchez un autre mod\u00e8le de la s\u00e9rie actuelle de la marque ? Envoyez-nous un message !  Nous aimons en faire quelque chose d&rsquo;amusant.<\/span><\/div>\n<div class=\"specification-item row-header\"><span class=\"spec-content\"><strong>Description g\u00e9n\u00e9rale<\/strong><\/span><\/div>\n<div class=\"specification-item row-even\"><span class=\"spec-content\">Le McIntosh C8 est un pr\u00e9amplificateur \u00e0 tubes connu pour sa reproduction sonore chaleureuse et naturelle. Gr\u00e2ce \u00e0 ses quatre tubes \u00e0 vide 12AX7a, il d\u00e9livre le son caract\u00e9ristique de McIntosh, appr\u00e9ci\u00e9 depuis des g\u00e9n\u00e9rations. Son ch\u00e2ssis ouvert et son design industriel rappellent l&rsquo;amplificateur \u00e0 tubes classique MC275 et les amplificateurs int\u00e9gr\u00e9s MA252 et MA352.  <\/p>\n<p>Le C8 dispose de plusieurs entr\u00e9es analogiques, y compris des options sym\u00e9triques et asym\u00e9triques, ainsi que des entr\u00e9es phono pour les \u00e9l\u00e9ments \u00e0 bobine mobile et \u00e0 aimant mobile. Il est ainsi possible de connecter diverses sources audio, des platines aux lecteurs de CD. Toutes les entr\u00e9es peuvent \u00eatre facilement nomm\u00e9es pour une utilisation conviviale. Des commandes de r\u00e9glage des graves et des aigus permettent \u00e9galement d&rsquo;adapter le son aux pr\u00e9f\u00e9rences personnelles.   <\/p>\n<p>Pour ceux qui souhaitent une connectivit\u00e9 num\u00e9rique, le C8 peut \u00eatre compl\u00e9t\u00e9 par le module audio num\u00e9rique DA2 en option. Ce module ajoute sept entr\u00e9es num\u00e9riques, dont des entr\u00e9es HDMI (ARC), USB et optiques, et prend en charge les formats audio haute r\u00e9solution jusqu&rsquo;\u00e0 DSD512 et DXD 384 kHz. Le C8 est donc flexible dans les configurations audio analogiques et num\u00e9riques.  <\/p>\n<p>Le pr\u00e9ampli est \u00e9quip\u00e9 d&rsquo;un amplificateur de casque de haute qualit\u00e9, adapt\u00e9 \u00e0 une large gamme de casques. Les ports de contr\u00f4le de l&rsquo;alimentation permettent d&rsquo;allumer et d&rsquo;\u00e9teindre facilement les autres composants McIntosh. Le design McIntosh classique, avec une fa\u00e7ade en verre noir, un logo r\u00e9tro\u00e9clair\u00e9 et des boutons en m\u00e9tal, offre un aspect intemporel qui s&rsquo;int\u00e8gre \u00e0 tous les int\u00e9rieurs.  <\/span><\/div>\n<div class=\"specification-item row-header\"><span class=\"spec-content\"><strong>Informations g\u00e9n\u00e9rales<\/strong><\/span><\/div>\n<div class=\"specification-item row-even\"><span class=\"spec-content\">Le pr\u00e9amplificateur \u00e0 tubes McIntosh C8 s&rsquo;inspire du classique C8 de 1950, mais il a \u00e9t\u00e9 enti\u00e8rement revu avec la technologie moderne. Con\u00e7u \u00e0 Binghamton, New York, par l&rsquo;\u00e9quipe d&rsquo;ing\u00e9nieurs de McIntosh, il associe un design r\u00e9tro \u00e0 des composants haut de gamme, tels que des tubes de qualit\u00e9 audiophile, des connecteurs plaqu\u00e9s or et les dissipateurs thermiques internes monogramm\u00e9s de McIntosh. Le bo\u00eetier est en aluminium bross\u00e9 et en acier.  <\/span><\/div>\n<div class=\"specification-item row-header\"><span class=\"spec-content\"><strong>Histoire de la marque<\/strong><\/span><\/div>\n<div class=\"specification-item row-even\"><span class=\"spec-content\">Le laboratoire McIntosh, fond\u00e9 en 1949 par Frank H. McIntosh et Gordon Gow, est bas\u00e9 \u00e0 Binghamton, dans l&rsquo;\u00c9tat de New York. En 1965, des amplificateurs McIntosh ont \u00e9t\u00e9 utilis\u00e9s lors du discours d&rsquo;investiture du pr\u00e9sident Lyndon B. Johnson. En 1969, vingt amplificateurs \u00e0 tubes McIntosh MC3500 ont assur\u00e9 la sonorisation du festival de Woodstock. En 1974, le groupe Grateful Dead a utilis\u00e9 48 amplificateurs McIntosh MC2300 pour son syst\u00e8me \u00ab\u00a0Wall of Sound\u00a0\u00bb. En 1990, McIntosh a \u00e9t\u00e9 rachet\u00e9 par Clarion, puis par D&amp;M Holdings en 2003. En 2022, l&rsquo;entreprise a \u00e9t\u00e9 vendue \u00e0 une soci\u00e9t\u00e9 de capital-investissement. McIntosh est connu pour ses panneaux avant en verre noir et ses VU-m\u00e8tres bleus.      <\/span><\/div>\n<\/div>\n","protected":false},"excerpt":{"rendered":"<p>Description Freakuence ! McIntosh, qui n&rsquo;en a pas secr\u00e8tement r\u00eav\u00e9 une fois. M\u00eame les r\u00e9calcitrants se mettent souvent \u00e0 en parler en voyant la marque. On l&rsquo;aime ou on la d\u00e9teste ! Un mot sur l&rsquo;afficheur, donc&#8230; celui-ci est particuli\u00e8rement color\u00e9, avec un solide coup de pouce. L&rsquo;autorit\u00e9 est claire, cette chose peut le faire. [&hellip;]<\/p>\n","protected":false},"featured_media":404374,"template":"","meta":{"_acf_changed":false,"inline_featured_image":false},"product_brand":[],"product_cat":[530,556,745],"product_tag":[533],"class_list":{"0":"post-323699","1":"product","2":"type-product","3":"status-publish","4":"has-post-thumbnail","6":"product_cat-amplificateurs","7":"product_cat-amplificateurs-a-tubes","8":"product_cat-amplificateurs-stereo","9":"product_tag-used","10":"pa_kleur-noir","12":"first","13":"instock","14":"sold-individually","15":"purchasable","16":"product-type-simple"},"acf":{"website":true,"show_on_homepage":false,"brand_title":"McIntosh","product_type":"C8","color":"Noir","subcolor":"","reserved_status":"0"},"_links":{"self":[{"href":"https:\/\/dev.freakuence.nl\/fr\/wp-json\/wp\/v2\/product\/323699","targetHints":{"allow":["GET"]}}],"collection":[{"href":"https:\/\/dev.freakuence.nl\/fr\/wp-json\/wp\/v2\/product"}],"about":[{"href":"https:\/\/dev.freakuence.nl\/fr\/wp-json\/wp\/v2\/types\/product"}],"wp:featuredmedia":[{"embeddable":true,"href":"https:\/\/dev.freakuence.nl\/fr\/wp-json\/wp\/v2\/media\/404374"}],"wp:attachment":[{"href":"https:\/\/dev.freakuence.nl\/fr\/wp-json\/wp\/v2\/media?parent=323699"}],"wp:term":[{"taxonomy":"product_brand","embeddable":true,"href":"https:\/\/dev.freakuence.nl\/fr\/wp-json\/wp\/v2\/product_brand?post=323699"},{"taxonomy":"product_cat","embeddable":true,"href":"https:\/\/dev.freakuence.nl\/fr\/wp-json\/wp\/v2\/product_cat?post=323699"},{"taxonomy":"product_tag","embeddable":true,"href":"https:\/\/dev.freakuence.nl\/fr\/wp-json\/wp\/v2\/product_tag?post=323699"}],"curies":[{"name":"wp","href":"https:\/\/api.w.org\/{rel}","templated":true}]}}