{"id":324372,"date":"2025-10-01T11:12:18","date_gmt":"2025-10-01T09:12:18","guid":{"rendered":"https:\/\/freakuence.nl\/product\/auralic-altair-g2-2\/"},"modified":"2026-03-10T04:23:57","modified_gmt":"2026-03-10T03:23:57","slug":"auralic-altair-g2-2","status":"publish","type":"product","link":"https:\/\/dev.freakuence.nl\/fr\/produit\/auralic-altair-g2-2\/","title":{"rendered":"AURALiC Altair G2.2"},"content":{"rendered":"<div class=\"product-specifications-list\">\n<div class=\"specification-item row-header\"><span class=\"spec-content\"><strong>Description Freakuence !<\/strong><\/span><\/div>\n<div class=\"specification-item row-even\"><span class=\"spec-content\">Le son est convaincant et vous invite \u00e0 \u00e9couter plus de musique.<\/span><\/div>\n<div class=\"specification-item row-odd\"><span class=\"spec-content\">Prix de vente au d\u00e9tail : 5999.00<\/span><\/div>\n<div class=\"specification-item row-header\"><span class=\"spec-content\"><strong>D\u00e9tails<\/strong><\/span><\/div>\n<div class=\"specification-item row-even\"><span class=\"spec-content\">C&rsquo;est votre chance d&rsquo;obtenir enfin du mat\u00e9riel de d\u00e9monstration du magasin le plus cool de la plan\u00e8te. Oui ! Pour cette raison, il vaut en r\u00e9alit\u00e9 beaucoup plus que le prix du neuf, mais nous allons nous retenir. Il n&rsquo;a \u00e9t\u00e9 utilis\u00e9 que pour des s\u00e9ances d&rsquo;\u00e9coute avec nos visiteurs et n&rsquo;a donc pas eu de propri\u00e9taire priv\u00e9. <\/span><\/div>\n<div class=\"specification-item row-header\"><span class=\"spec-content\"><strong>Description g\u00e9n\u00e9rale<\/strong><\/span><\/div>\n<div class=\"specification-item row-even\"><span class=\"spec-content\">L&rsquo;AURALiC Altair G2.2 est un streamer audio num\u00e9rique polyvalent qui s&rsquo;int\u00e8gre parfaitement dans une grande vari\u00e9t\u00e9 de configurations audio. Gr\u00e2ce \u00e0 sa technologie DAC Fusion, il combine des \u00e9l\u00e9ments des conceptions DAC \u00e0 \u00e9chelle discr\u00e8te et Delta-Sigma, ce qui permet une reproduction sonore raffin\u00e9e. La section pr\u00e9amplificateur analogique est \u00e9quip\u00e9e d&rsquo;un contr\u00f4le de volume \u00e0 r\u00e9sistance en \u00e9chelle, garantissant une transmission pr\u00e9cise et sans bruit du signal. Gr\u00e2ce aux modules de sortie ORFEO de classe A, l&rsquo;Altair G2.2 peut piloter sans effort une grande vari\u00e9t\u00e9 d&rsquo;amplificateurs. L&rsquo;appareil prend en charge un large \u00e9ventail de sources audio, y compris les services de streaming en ligne, les fichiers sur les disques NAS et les disques vinyles via une platine. Avec l&rsquo;ajout d&rsquo;une entr\u00e9e HDMI eARC, l&rsquo;int\u00e9gration avec divers appareils audio est facile. L&rsquo;Altair G2.2 offre flexibilit\u00e9 et performance aux m\u00e9lomanes exigeants.      <\/span><\/div>\n<div class=\"specification-item row-header\"><span class=\"spec-content\"><strong>Informations g\u00e9n\u00e9rales<\/strong><\/span><\/div>\n<div class=\"specification-item row-even\"><span class=\"spec-content\">L&rsquo;AURALiC ALTAIR G2.2 a \u00e9t\u00e9 con\u00e7u par Xuanqian Wang, cofondateur et concepteur en chef d&rsquo;AURALiC. L&rsquo;appareil est construit autour de la plateforme de streaming Tesla G3, avec une architecture 64 bits et une puissance de calcul jusqu&rsquo;\u00e0 25 fois sup\u00e9rieure \u00e0 celle de la g\u00e9n\u00e9ration 1. Le bo\u00eetier enti\u00e8rement m\u00e9tallique est compos\u00e9 d&rsquo;aluminium extrud\u00e9 et de cuivre, pour un amortissement optimal des vibrations et une r\u00e9duction des interf\u00e9rences \u00e9lectromagn\u00e9tiques (EMI). Le c\u00e2blage et les composants internes ont \u00e9t\u00e9 soigneusement s\u00e9lectionn\u00e9s pour une int\u00e9grit\u00e9 maximale du signal.   <\/span><\/div>\n<div class=\"specification-item row-header\"><span class=\"spec-content\"><strong>Histoire de la marque<\/strong><\/span><\/div>\n<div class=\"specification-item row-even\"><span class=\"spec-content\">AURALiC a \u00e9t\u00e9 fond\u00e9e en 2009 par Wang Xuanqian et Yuan Wang, qui se sont rencontr\u00e9s lors d&rsquo;un concert \u00e0 Berlin. Leur passion commune pour la musique et la reproduction sonore de haute qualit\u00e9 a conduit \u00e0 la cr\u00e9ation de l&rsquo;entreprise. AURALiC se concentre sur la conception et le d\u00e9veloppement d&rsquo;\u00e9quipements audio qui s&rsquo;int\u00e8grent parfaitement dans les int\u00e9rieurs modernes et qui sont faciles \u00e0 utiliser. L&rsquo;entreprise vise \u00e0 permettre aux utilisateurs de profiter des avantages des formats de musique num\u00e9rique sans la complexit\u00e9 des \u00e9quipements audio traditionnels.   <\/span><\/div>\n<\/div>\n","protected":false},"excerpt":{"rendered":"<p>Description Freakuence ! Le son est convaincant et vous invite \u00e0 \u00e9couter plus de musique. Prix de vente au d\u00e9tail : 5999.00 D\u00e9tails C&rsquo;est votre chance d&rsquo;obtenir enfin du mat\u00e9riel de d\u00e9monstration du magasin le plus cool de la plan\u00e8te. Oui ! Pour cette raison, il vaut en r\u00e9alit\u00e9 beaucoup plus que le prix du [&hellip;]<\/p>\n","protected":false},"featured_media":334838,"template":"","meta":{"_acf_changed":false,"inline_featured_image":false},"product_brand":[],"product_cat":[548],"product_tag":[570],"class_list":{"0":"post-324372","1":"product","2":"type-product","3":"status-publish","4":"has-post-thumbnail","6":"product_cat-dac-et-streamers","7":"product_tag-freakdemo","8":"pa_kleur-noir","10":"first","11":"instock","12":"purchasable","13":"product-type-simple"},"acf":{"website":true,"show_on_homepage":false,"brand_title":"AURALiC","product_type":"Altair G2.2","color":"Noir","subcolor":"","reserved_status":"0"},"yoast_head":"<!-- This site is optimized with the Yoast SEO plugin v25.9 - https:\/\/yoast.com\/wordpress\/plugins\/seo\/ -->\n<title>AURALiC Altair G2.2 | Freakuence!<\/title>\n<meta name=\"robots\" content=\"noindex, follow, max-snippet:-1, max-image-preview:large, max-video-preview:-1\" \/>\n<meta property=\"og:locale\" content=\"fr_FR\" \/>\n<meta property=\"og:type\" content=\"article\" \/>\n<meta property=\"og:title\" content=\"AURALiC Altair G2.2 | Freakuence!\" \/>\n<meta property=\"og:description\" content=\"Description Freakuence ! Le son est convaincant et vous invite \u00e0 \u00e9couter plus de musique. Prix de vente au d\u00e9tail : 5999.00 D\u00e9tails C&rsquo;est votre chance d&rsquo;obtenir enfin du mat\u00e9riel de d\u00e9monstration du magasin le plus cool de la plan\u00e8te. Oui ! Pour cette raison, il vaut en r\u00e9alit\u00e9 beaucoup plus que le prix du [&hellip;]\" \/>\n<meta property=\"og:url\" content=\"https:\/\/dev.freakuence.nl\/fr\/produit\/auralic-altair-g2-2\/\" \/>\n<meta property=\"og:site_name\" content=\"Freakuence!\" \/>\n<meta property=\"article:modified_time\" content=\"2026-03-10T03:23:57+00:00\" \/>\n<meta property=\"og:image\" content=\"https:\/\/dev.freakuence.nl\/wp-content\/uploads\/2026\/01\/17593098621665-16664-IMG3754-scaled.jpg\" \/>\n\t<meta property=\"og:image:width\" content=\"1800\" \/>\n\t<meta property=\"og:image:height\" content=\"1200\" \/>\n\t<meta property=\"og:image:type\" content=\"image\/jpeg\" \/>\n<meta name=\"twitter:card\" content=\"summary_large_image\" \/>\n<script type=\"application\/ld+json\" class=\"yoast-schema-graph\">{\"@context\":\"https:\/\/schema.org\",\"@graph\":[{\"@type\":\"WebPage\",\"@id\":\"https:\/\/dev.freakuence.nl\/fr\/produit\/auralic-altair-g2-2\/\",\"url\":\"https:\/\/dev.freakuence.nl\/fr\/produit\/auralic-altair-g2-2\/\",\"name\":\"AURALiC Altair G2.2 | Freakuence!\",\"isPartOf\":{\"@id\":\"https:\/\/dev.freakuence.nl\/fr\/#website\"},\"primaryImageOfPage\":{\"@id\":\"https:\/\/dev.freakuence.nl\/fr\/produit\/auralic-altair-g2-2\/#primaryimage\"},\"image\":{\"@id\":\"https:\/\/dev.freakuence.nl\/fr\/produit\/auralic-altair-g2-2\/#primaryimage\"},\"thumbnailUrl\":\"https:\/\/dev.freakuence.nl\/wp-content\/uploads\/2026\/01\/17593098621665-16664-IMG3754-scaled.jpg\",\"datePublished\":\"2025-10-01T09:12:18+00:00\",\"dateModified\":\"2026-03-10T03:23:57+00:00\",\"breadcrumb\":{\"@id\":\"https:\/\/dev.freakuence.nl\/fr\/produit\/auralic-altair-g2-2\/#breadcrumb\"},\"inLanguage\":\"fr-FR\",\"potentialAction\":[{\"@type\":\"ReadAction\",\"target\":[\"https:\/\/dev.freakuence.nl\/fr\/produit\/auralic-altair-g2-2\/\"]}]},{\"@type\":\"ImageObject\",\"inLanguage\":\"fr-FR\",\"@id\":\"https:\/\/dev.freakuence.nl\/fr\/produit\/auralic-altair-g2-2\/#primaryimage\",\"url\":\"https:\/\/dev.freakuence.nl\/wp-content\/uploads\/2026\/01\/17593098621665-16664-IMG3754-scaled.jpg\",\"contentUrl\":\"https:\/\/dev.freakuence.nl\/wp-content\/uploads\/2026\/01\/17593098621665-16664-IMG3754-scaled.jpg\",\"width\":1800,\"height\":1200},{\"@type\":\"BreadcrumbList\",\"@id\":\"https:\/\/dev.freakuence.nl\/fr\/produit\/auralic-altair-g2-2\/#breadcrumb\",\"itemListElement\":[{\"@type\":\"ListItem\",\"position\":1,\"name\":\"Accueil\",\"item\":\"https:\/\/dev.freakuence.nl\/fr\/\"},{\"@type\":\"ListItem\",\"position\":2,\"name\":\"Produits\",\"item\":\"https:\/\/dev.freakuence.nl\/fr\/produits\/\"},{\"@type\":\"ListItem\",\"position\":3,\"name\":\"AURALiC Altair G2.2\"}]},{\"@type\":\"WebSite\",\"@id\":\"https:\/\/dev.freakuence.nl\/fr\/#website\",\"url\":\"https:\/\/dev.freakuence.nl\/fr\/\",\"name\":\"Freakuence!\",\"description\":\"Freakuence!\",\"publisher\":{\"@id\":\"https:\/\/dev.freakuence.nl\/fr\/#organization\"},\"alternateName\":\"Freakuence\",\"potentialAction\":[{\"@type\":\"SearchAction\",\"target\":{\"@type\":\"EntryPoint\",\"urlTemplate\":\"https:\/\/dev.freakuence.nl\/fr\/?s={search_term_string}\"},\"query-input\":{\"@type\":\"PropertyValueSpecification\",\"valueRequired\":true,\"valueName\":\"search_term_string\"}}],\"inLanguage\":\"fr-FR\"},{\"@type\":\"Organization\",\"@id\":\"https:\/\/dev.freakuence.nl\/fr\/#organization\",\"name\":\"Freakuence !\",\"url\":\"https:\/\/dev.freakuence.nl\/fr\/\",\"logo\":{\"@type\":\"ImageObject\",\"inLanguage\":\"fr-FR\",\"@id\":\"https:\/\/dev.freakuence.nl\/fr\/#\/schema\/logo\/image\/\",\"url\":\"https:\/\/dev.freakuence.nl\/wp-content\/uploads\/2022\/05\/Brown_3_RGB_Freakuence-1.png\",\"contentUrl\":\"https:\/\/dev.freakuence.nl\/wp-content\/uploads\/2022\/05\/Brown_3_RGB_Freakuence-1.png\",\"width\":2560,\"height\":684,\"caption\":\"Freakuence !\"},\"image\":{\"@id\":\"https:\/\/dev.freakuence.nl\/fr\/#\/schema\/logo\/image\/\"},\"sameAs\":[\"https:\/\/www.instagram.com\/freakuence_notorious_audio\/\"]}]}<\/script>\n<!-- \/ Yoast SEO plugin. -->","yoast_head_json":{"title":"AURALiC Altair G2.2 | Freakuence!","robots":{"index":"noindex","follow":"follow","max-snippet":"max-snippet:-1","max-image-preview":"max-image-preview:large","max-video-preview":"max-video-preview:-1"},"og_locale":"fr_FR","og_type":"article","og_title":"AURALiC Altair G2.2 | Freakuence!","og_description":"Description Freakuence ! Le son est convaincant et vous invite \u00e0 \u00e9couter plus de musique. Prix de vente au d\u00e9tail : 5999.00 D\u00e9tails C&rsquo;est votre chance d&rsquo;obtenir enfin du mat\u00e9riel de d\u00e9monstration du magasin le plus cool de la plan\u00e8te. Oui ! Pour cette raison, il vaut en r\u00e9alit\u00e9 beaucoup plus que le prix du [&hellip;]","og_url":"https:\/\/dev.freakuence.nl\/fr\/produit\/auralic-altair-g2-2\/","og_site_name":"Freakuence!","article_modified_time":"2026-03-10T03:23:57+00:00","og_image":[{"width":1800,"height":1200,"url":"https:\/\/dev.freakuence.nl\/wp-content\/uploads\/2026\/01\/17593098621665-16664-IMG3754-scaled.jpg","type":"image\/jpeg"}],"twitter_card":"summary_large_image","schema":{"@context":"https:\/\/schema.org","@graph":[{"@type":"WebPage","@id":"https:\/\/dev.freakuence.nl\/fr\/produit\/auralic-altair-g2-2\/","url":"https:\/\/dev.freakuence.nl\/fr\/produit\/auralic-altair-g2-2\/","name":"AURALiC Altair G2.2 | Freakuence!","isPartOf":{"@id":"https:\/\/dev.freakuence.nl\/fr\/#website"},"primaryImageOfPage":{"@id":"https:\/\/dev.freakuence.nl\/fr\/produit\/auralic-altair-g2-2\/#primaryimage"},"image":{"@id":"https:\/\/dev.freakuence.nl\/fr\/produit\/auralic-altair-g2-2\/#primaryimage"},"thumbnailUrl":"https:\/\/dev.freakuence.nl\/wp-content\/uploads\/2026\/01\/17593098621665-16664-IMG3754-scaled.jpg","datePublished":"2025-10-01T09:12:18+00:00","dateModified":"2026-03-10T03:23:57+00:00","breadcrumb":{"@id":"https:\/\/dev.freakuence.nl\/fr\/produit\/auralic-altair-g2-2\/#breadcrumb"},"inLanguage":"fr-FR","potentialAction":[{"@type":"ReadAction","target":["https:\/\/dev.freakuence.nl\/fr\/produit\/auralic-altair-g2-2\/"]}]},{"@type":"ImageObject","inLanguage":"fr-FR","@id":"https:\/\/dev.freakuence.nl\/fr\/produit\/auralic-altair-g2-2\/#primaryimage","url":"https:\/\/dev.freakuence.nl\/wp-content\/uploads\/2026\/01\/17593098621665-16664-IMG3754-scaled.jpg","contentUrl":"https:\/\/dev.freakuence.nl\/wp-content\/uploads\/2026\/01\/17593098621665-16664-IMG3754-scaled.jpg","width":1800,"height":1200},{"@type":"BreadcrumbList","@id":"https:\/\/dev.freakuence.nl\/fr\/produit\/auralic-altair-g2-2\/#breadcrumb","itemListElement":[{"@type":"ListItem","position":1,"name":"Accueil","item":"https:\/\/dev.freakuence.nl\/fr\/"},{"@type":"ListItem","position":2,"name":"Produits","item":"https:\/\/dev.freakuence.nl\/fr\/produits\/"},{"@type":"ListItem","position":3,"name":"AURALiC Altair G2.2"}]},{"@type":"WebSite","@id":"https:\/\/dev.freakuence.nl\/fr\/#website","url":"https:\/\/dev.freakuence.nl\/fr\/","name":"Freakuence!","description":"Freakuence!","publisher":{"@id":"https:\/\/dev.freakuence.nl\/fr\/#organization"},"alternateName":"Freakuence","potentialAction":[{"@type":"SearchAction","target":{"@type":"EntryPoint","urlTemplate":"https:\/\/dev.freakuence.nl\/fr\/?s={search_term_string}"},"query-input":{"@type":"PropertyValueSpecification","valueRequired":true,"valueName":"search_term_string"}}],"inLanguage":"fr-FR"},{"@type":"Organization","@id":"https:\/\/dev.freakuence.nl\/fr\/#organization","name":"Freakuence !","url":"https:\/\/dev.freakuence.nl\/fr\/","logo":{"@type":"ImageObject","inLanguage":"fr-FR","@id":"https:\/\/dev.freakuence.nl\/fr\/#\/schema\/logo\/image\/","url":"https:\/\/dev.freakuence.nl\/wp-content\/uploads\/2022\/05\/Brown_3_RGB_Freakuence-1.png","contentUrl":"https:\/\/dev.freakuence.nl\/wp-content\/uploads\/2022\/05\/Brown_3_RGB_Freakuence-1.png","width":2560,"height":684,"caption":"Freakuence !"},"image":{"@id":"https:\/\/dev.freakuence.nl\/fr\/#\/schema\/logo\/image\/"},"sameAs":["https:\/\/www.instagram.com\/freakuence_notorious_audio\/"]}]}},"_links":{"self":[{"href":"https:\/\/dev.freakuence.nl\/fr\/wp-json\/wp\/v2\/product\/324372","targetHints":{"allow":["GET"]}}],"collection":[{"href":"https:\/\/dev.freakuence.nl\/fr\/wp-json\/wp\/v2\/product"}],"about":[{"href":"https:\/\/dev.freakuence.nl\/fr\/wp-json\/wp\/v2\/types\/product"}],"wp:featuredmedia":[{"embeddable":true,"href":"https:\/\/dev.freakuence.nl\/fr\/wp-json\/wp\/v2\/media\/334838"}],"wp:attachment":[{"href":"https:\/\/dev.freakuence.nl\/fr\/wp-json\/wp\/v2\/media?parent=324372"}],"wp:term":[{"taxonomy":"product_brand","embeddable":true,"href":"https:\/\/dev.freakuence.nl\/fr\/wp-json\/wp\/v2\/product_brand?post=324372"},{"taxonomy":"product_cat","embeddable":true,"href":"https:\/\/dev.freakuence.nl\/fr\/wp-json\/wp\/v2\/product_cat?post=324372"},{"taxonomy":"product_tag","embeddable":true,"href":"https:\/\/dev.freakuence.nl\/fr\/wp-json\/wp\/v2\/product_tag?post=324372"}],"curies":[{"name":"wp","href":"https:\/\/api.w.org\/{rel}","templated":true}]}}