{"id":324405,"date":"2025-10-01T11:14:46","date_gmt":"2025-10-01T09:14:46","guid":{"rendered":"https:\/\/freakuence.nl\/product\/auralic-aries-g1-1\/"},"modified":"2026-04-08T16:58:05","modified_gmt":"2026-04-08T14:58:05","slug":"auralic-aries-g1-1","status":"publish","type":"product","link":"https:\/\/dev.freakuence.nl\/fr\/produit\/auralic-aries-g1-1\/","title":{"rendered":"AURALiC Aries G1.1"},"content":{"rendered":"<div class=\"product-specifications-list\">\n<div class=\"specification-item row-header\"><span class=\"spec-content\"><strong>Description Freakuence !<\/strong><\/span><\/div>\n<div class=\"specification-item row-even\"><span class=\"spec-content\">Un streamer \u00e9pais d&rsquo;AURALiC. L&rsquo;Aries G1.1 est \u00e9quilibr\u00e9 et d\u00e9taill\u00e9. Il est clairement dynamique.  <\/span><\/div>\n<div class=\"specification-item row-odd\"><span class=\"spec-content\">Prix de vente au d\u00e9tail : 2999.00<\/span><\/div>\n<div class=\"specification-item row-header\"><span class=\"spec-content\"><strong>D\u00e9tails<\/strong><\/span><\/div>\n<div class=\"specification-item row-even\"><span class=\"spec-content\">AURALiC n&rsquo;est plus une marque. C&rsquo;est dommage ! Nous \u00e9tions revendeurs de cette marque et avons toujours \u00e9t\u00e9 extr\u00eamement satisfaits de la qualit\u00e9 de fabrication, qui ne peut pas \u00eatre cass\u00e9e. C&rsquo;est aussi la raison pour laquelle nous les avons encore en rayon ici. Roon, Tidal Connect, Qobuz Connect, Spotify Connect, tout continue \u00e0 fonctionner sans probl\u00e8me avec les derniers logiciels.    <\/span><\/div>\n<div class=\"specification-item row-odd\"><span class=\"spec-content\">Ne vous inqui\u00e9tez pas ! Nous offrons une excellente garantie de 12 mois sur les produits usag\u00e9s. <\/span><\/div>\n<div class=\"specification-item row-even\"><span class=\"spec-content\">C&rsquo;est votre chance d&rsquo;obtenir enfin du mat\u00e9riel de d\u00e9monstration de la boutique la plus cool de l&rsquo;univers. Oui ! Pour cette raison, il vaut en r\u00e9alit\u00e9 beaucoup plus que le prix du neuf, mais nous allons nous retenir. Il n&rsquo;a \u00e9t\u00e9 utilis\u00e9 que pour des s\u00e9ances d&rsquo;\u00e9coute avec nos visiteurs et n&rsquo;a donc pas eu de propri\u00e9taire priv\u00e9. <\/span><\/div>\n<div class=\"specification-item row-header\"><span class=\"spec-content\"><strong>Description g\u00e9n\u00e9rale<\/strong><\/span><\/div>\n<div class=\"specification-item row-even\"><span class=\"spec-content\">Le streaming musical en haute r\u00e9solution jusqu&rsquo;\u00e0 DSD512 et PCM 384 kHz peut \u00eatre effectu\u00e9 soit par c\u00e2ble via Gigabit Ethernet, soit sans fil via WiFi tri-bande. La prise en charge des formats AIFF, ALAC, APE, DIFF, DSF, FLAC, OGG, WAV et WV offre une grande flexibilit\u00e9 en mati\u00e8re de formats de fichiers. Les sorties num\u00e9riques telles que AES\/EBU, coaxiale et Toslink, ainsi qu&rsquo;un h\u00f4te USB pour les DAC compatibles, permettent une grande vari\u00e9t\u00e9 de connexions. Les services de streaming tels qu&rsquo;Amazon Music Unlimited, Qobuz, TIDAL Connect et Spotify Connect sont pris en charge, en plus de la radio Internet et d&rsquo;AirPlay 2. Le contr\u00f4le s&rsquo;effectue via l&rsquo;application Lightning DS pour iOS, un navigateur web ou un logiciel compatible OpenHome, et il peut \u00eatre d\u00e9ploy\u00e9 en tant que point d&rsquo;extr\u00e9mit\u00e9 RoonReady. D&rsquo;une largeur de 34 cm, d&rsquo;une profondeur de 32 cm et d&rsquo;une hauteur de 8 cm, il p\u00e8se 7,4 kg.     <\/span><\/div>\n<div class=\"specification-item row-header\"><span class=\"spec-content\"><strong>Informations g\u00e9n\u00e9rales<\/strong><\/span><\/div>\n<div class=\"specification-item row-even\"><span class=\"spec-content\">L&rsquo;AURALiC VEGA G1.1 est con\u00e7u selon la m\u00eame philosophie que les mod\u00e8les haut de gamme d&rsquo;AURALiC : une reproduction num\u00e9rique sans compromis. L&rsquo;\u00e9quipe de conception s&rsquo;appuie sur sa formation en physique et en ing\u00e9nierie, partant du principe que la musique num\u00e9rique doit avoir un son riche et naturel. Le bo\u00eetier est en aluminium anodis\u00e9 noir, avec une conception interne qui utilise la plate-forme mat\u00e9rielle Tesla d&rsquo;AURALiC. Celle-ci fournit la puissance de calcul n\u00e9cessaire au DSP avanc\u00e9, au sur\u00e9chantillonnage et \u00e0 la r\u00e9duction de la gigue. Le DAC fonctionne avec une horloge femto et prend en charge les r\u00e9solutions jusqu&rsquo;\u00e0 32bit\/384kHz et DSD512.    <\/span><\/div>\n<div class=\"specification-item row-header\"><span class=\"spec-content\"><strong>Histoire de la marque<\/strong><\/span><\/div>\n<div class=\"specification-item row-even\"><span class=\"spec-content\">AURALiC a \u00e9t\u00e9 fond\u00e9e en 2009 par Wang Xuanqian et Yuan Wang, qui se sont rencontr\u00e9s lors d&rsquo;un concert \u00e0 Berlin. Leur passion commune pour la musique et la reproduction sonore de haute qualit\u00e9 a conduit \u00e0 la cr\u00e9ation de l&rsquo;entreprise. AURALiC se concentre sur la conception et le d\u00e9veloppement d&rsquo;\u00e9quipements audio qui s&rsquo;int\u00e8grent parfaitement dans les int\u00e9rieurs modernes et qui sont faciles \u00e0 utiliser. L&rsquo;entreprise vise \u00e0 permettre aux utilisateurs de profiter des avantages des formats de musique num\u00e9rique sans la complexit\u00e9 des \u00e9quipements audio traditionnels.    En 2025, l&rsquo;entreprise a cess\u00e9 ses activit\u00e9s.<\/span><\/div>\n<\/div>\n","protected":false},"excerpt":{"rendered":"<p>Description Freakuence ! Un streamer \u00e9pais d&rsquo;AURALiC. L&rsquo;Aries G1.1 est \u00e9quilibr\u00e9 et d\u00e9taill\u00e9. Il est clairement dynamique. Prix de vente au d\u00e9tail : 2999.00 D\u00e9tails AURALiC n&rsquo;est plus une marque. C&rsquo;est dommage ! Nous \u00e9tions revendeurs de cette marque et avons toujours \u00e9t\u00e9 extr\u00eamement satisfaits de la qualit\u00e9 de fabrication, qui ne peut pas \u00eatre [&hellip;]<\/p>\n","protected":false},"featured_media":381857,"template":"","meta":{"_acf_changed":false,"inline_featured_image":false},"product_brand":[],"product_cat":[718,689,742],"product_tag":[570],"class_list":{"0":"post-324405","1":"product","2":"type-product","3":"status-publish","4":"has-post-thumbnail","6":"product_cat-dacs","7":"product_cat-sources-dinformation","8":"product_cat-streamers","9":"product_tag-freakdemo","10":"pa_kleur-noir","12":"first","13":"instock","14":"sold-individually","15":"purchasable","16":"product-type-simple"},"acf":{"website":true,"show_on_homepage":false,"brand_title":"AURALiC","product_type":"Aries G1.1","color":"Noir","subcolor":"","reserved_status":"0"},"_links":{"self":[{"href":"https:\/\/dev.freakuence.nl\/fr\/wp-json\/wp\/v2\/product\/324405","targetHints":{"allow":["GET"]}}],"collection":[{"href":"https:\/\/dev.freakuence.nl\/fr\/wp-json\/wp\/v2\/product"}],"about":[{"href":"https:\/\/dev.freakuence.nl\/fr\/wp-json\/wp\/v2\/types\/product"}],"wp:featuredmedia":[{"embeddable":true,"href":"https:\/\/dev.freakuence.nl\/fr\/wp-json\/wp\/v2\/media\/381857"}],"wp:attachment":[{"href":"https:\/\/dev.freakuence.nl\/fr\/wp-json\/wp\/v2\/media?parent=324405"}],"wp:term":[{"taxonomy":"product_brand","embeddable":true,"href":"https:\/\/dev.freakuence.nl\/fr\/wp-json\/wp\/v2\/product_brand?post=324405"},{"taxonomy":"product_cat","embeddable":true,"href":"https:\/\/dev.freakuence.nl\/fr\/wp-json\/wp\/v2\/product_cat?post=324405"},{"taxonomy":"product_tag","embeddable":true,"href":"https:\/\/dev.freakuence.nl\/fr\/wp-json\/wp\/v2\/product_tag?post=324405"}],"curies":[{"name":"wp","href":"https:\/\/api.w.org\/{rel}","templated":true}]}}