{"id":324410,"date":"2025-10-01T11:08:58","date_gmt":"2025-10-01T09:08:58","guid":{"rendered":"https:\/\/freakuence.nl\/product\/auralic-aries-g2-2\/"},"modified":"2026-04-08T18:30:43","modified_gmt":"2026-04-08T16:30:43","slug":"auralic-aries-g2-2","status":"publish","type":"product","link":"https:\/\/dev.freakuence.nl\/fr\/produit\/auralic-aries-g2-2\/","title":{"rendered":"AURALiC Aries G2.2"},"content":{"rendered":"<div class=\"product-specifications-list\">\n<div class=\"specification-item row-header\"><span class=\"spec-content\"><strong>Description Freakuence !<\/strong><\/span><\/div>\n<div class=\"specification-item row-even\"><span class=\"spec-content\">Streamer \u00e9pais, gras et lourd ! Candidat s\u00e9rieux. Permet vraiment au dac de faire son travail. Tr\u00e8s doux.   <\/span><\/div>\n<div class=\"specification-item row-odd\"><span class=\"spec-content\">Prix de vente au d\u00e9tail : 5999.00<\/span><\/div>\n<div class=\"specification-item row-header\"><span class=\"spec-content\"><strong>D\u00e9tails<\/strong><\/span><\/div>\n<div class=\"specification-item row-even\"><span class=\"spec-content\">AURALiC n&rsquo;est plus une marque. C&rsquo;est dommage ! Nous \u00e9tions revendeurs de cette marque et avons toujours \u00e9t\u00e9 extr\u00eamement satisfaits de la qualit\u00e9 de fabrication, qui ne peut pas \u00eatre cass\u00e9e. C&rsquo;est aussi la raison pour laquelle nous les avons encore en rayon ici. Roon, Tidal Connect, Qobuz Connect, Spotify Connect, tout continue \u00e0 fonctionner sans probl\u00e8me avec les derniers logiciels.    <\/span><\/div>\n<div class=\"specification-item row-odd\"><span class=\"spec-content\">C&rsquo;est votre chance d&rsquo;obtenir enfin du mat\u00e9riel de d\u00e9monstration du magasin le plus cool de la plan\u00e8te. Oui ! Pour cette raison, il vaut en r\u00e9alit\u00e9 beaucoup plus que le prix du neuf, mais nous allons nous retenir. Il n&rsquo;a \u00e9t\u00e9 utilis\u00e9 que pour des s\u00e9ances d&rsquo;\u00e9coute avec nos visiteurs et n&rsquo;a donc pas eu de propri\u00e9taire priv\u00e9. <\/span><\/div>\n<div class=\"specification-item row-header\"><span class=\"spec-content\"><strong>Description g\u00e9n\u00e9rale<\/strong><\/span><\/div>\n<div class=\"specification-item row-even\"><span class=\"spec-content\">L&rsquo;AURALiC Aries G2.2 est un transporteur de streaming sans fil polyvalent qui s&rsquo;int\u00e8gre parfaitement dans diverses configurations audio. Gr\u00e2ce \u00e0 la prise en charge de divers protocoles de streaming, tels que DLNA\/UPnP, OpenHome et Roon Ready, l&rsquo;appareil offre une grande flexibilit\u00e9 en mati\u00e8re de lecture musicale.  L&rsquo;ajout de TIDAL Connect, Spotify Connect et Apple AirPlay 2 offre un large \u00e9ventail d&rsquo;options de diffusion en continu.  <\/p>\n<p>L&rsquo;appareil est \u00e9quip\u00e9 de la plateforme de streaming Tesla G3, un processeur quadric\u0153ur 64 bits huit fois plus puissant que son pr\u00e9d\u00e9cesseur. Cette plateforme utilise la technologie d&rsquo;acc\u00e8s direct \u00e0 la m\u00e9moire (DMA), qui r\u00e9duit consid\u00e9rablement la latence et la gigue.   <\/p>\n<p>L&rsquo;Aries G2.2 est \u00e9quip\u00e9 d&rsquo;un bloc d&rsquo;alimentation Purer-Power dont la capacit\u00e9 est doubl\u00e9e par rapport aux mod\u00e8les pr\u00e9c\u00e9dents, ce qui garantit une alimentation stable et fiable. Le bo\u00eetier, appel\u00e9 Unity Chassis II, combine une couche ext\u00e9rieure d&rsquo;aluminium de haute qualit\u00e9 et une couche int\u00e9rieure de cuivre nickel\u00e9, ce qui contribue \u00e0 un fonctionnement silencieux.   <\/p>\n<p>Avec la possibilit\u00e9 de connecter un lecteur de CD USB externe, l&rsquo;Aries G2.2 offre des options de lecture et d&rsquo;extraction de CD. La prise en charge du stockage interne NVMe SSD et des ports de stockage externes USB 3.0 facilite le stockage et la lecture des fichiers musicaux. <\/span><\/div>\n<div class=\"specification-item row-header\"><span class=\"spec-content\"><strong>Informations g\u00e9n\u00e9rales<\/strong><\/span><\/div>\n<div class=\"specification-item row-even\"><span class=\"spec-content\">L&rsquo;AURALiC Aries G2.2 a \u00e9t\u00e9 con\u00e7u par Xuanqian Wang et son \u00e9quipe en mettant l&rsquo;accent sur la puret\u00e9 du signal et le minimum d&rsquo;interf\u00e9rences. Le bo\u00eetier UnityChassis II en aluminium massif offre un blindage optimal. Une isolation galvanique interne s\u00e9pare les circuits critiques. Le streamer utilise une plateforme Tesla G3 avec une architecture 64 bits et un c\u00e2blage interne en cuivre pour un transport du signal sans bruit.   <\/span><\/div>\n<div class=\"specification-item row-header\"><span class=\"spec-content\"><strong>Histoire de la marque<\/strong><\/span><\/div>\n<div class=\"specification-item row-even\"><span class=\"spec-content\">AURALiC a \u00e9t\u00e9 fond\u00e9e en 2009 par Wang Xuanqian et Yuan Wang, qui se sont rencontr\u00e9s lors d&rsquo;un concert \u00e0 Berlin. Leur passion commune pour la musique et la reproduction sonore de haute qualit\u00e9 a conduit \u00e0 la cr\u00e9ation de l&rsquo;entreprise. AURALiC se concentre sur la conception et le d\u00e9veloppement d&rsquo;\u00e9quipements audio qui s&rsquo;int\u00e8grent parfaitement dans les int\u00e9rieurs modernes et qui sont faciles \u00e0 utiliser. L&rsquo;entreprise vise \u00e0 permettre aux utilisateurs de profiter des avantages des formats de musique num\u00e9rique sans la complexit\u00e9 des \u00e9quipements audio traditionnels.    En 2025, l&rsquo;entreprise a cess\u00e9 ses activit\u00e9s.<\/span><\/div>\n<\/div>\n","protected":false},"excerpt":{"rendered":"<p>Description Freakuence ! Streamer \u00e9pais, gras et lourd ! Candidat s\u00e9rieux. Permet vraiment au dac de faire son travail. Tr\u00e8s doux. Prix de vente au d\u00e9tail : 5999.00 D\u00e9tails AURALiC n&rsquo;est plus une marque. C&rsquo;est dommage ! Nous \u00e9tions revendeurs de cette marque et avons toujours \u00e9t\u00e9 extr\u00eamement satisfaits de la qualit\u00e9 de fabrication, qui [&hellip;]<\/p>\n","protected":false},"featured_media":383466,"template":"","meta":{"_acf_changed":false,"inline_featured_image":false},"product_brand":[],"product_cat":[689,742],"product_tag":[552],"class_list":{"0":"post-324410","1":"product","2":"type-product","3":"status-publish","4":"has-post-thumbnail","6":"product_cat-sources-dinformation","7":"product_cat-streamers","8":"product_tag-demo","9":"pa_kleur-noir","11":"first","12":"instock","13":"sold-individually","14":"purchasable","15":"product-type-simple"},"acf":{"website":true,"show_on_homepage":false,"brand_title":"AURALiC","product_type":"Aries G2.2","color":"Noir","subcolor":"","reserved_status":"0"},"yoast_head":"<!-- This site is optimized with the Yoast SEO plugin v25.9 - https:\/\/yoast.com\/wordpress\/plugins\/seo\/ -->\n<title>AURALiC Aries G2.2 | Freakuence!<\/title>\n<meta name=\"description\" content=\"AURALiC Aries G2.2 : streamer r\u00e9seau ultime avec processeur puissant et qualit\u00e9 sonore sup\u00e9rieure. \u2713 HiFi neuve et d&#039;occasion \u2713 Note du client : 4.9 sur 5 \u2713 Reprise \u2713 Session d&#039;\u00e9coute\" \/>\n<meta name=\"robots\" content=\"noindex, follow, max-snippet:-1, max-image-preview:large, max-video-preview:-1\" \/>\n<meta property=\"og:locale\" content=\"fr_FR\" \/>\n<meta property=\"og:type\" content=\"article\" \/>\n<meta property=\"og:title\" content=\"AURALiC Aries G2.2 | Freakuence!\" \/>\n<meta property=\"og:description\" content=\"AURALiC Aries G2.2 : streamer r\u00e9seau ultime avec processeur puissant et qualit\u00e9 sonore sup\u00e9rieure. \u2713 HiFi neuve et d&#039;occasion \u2713 Note du client : 4.9 sur 5 \u2713 Reprise \u2713 Session d&#039;\u00e9coute\" \/>\n<meta property=\"og:url\" content=\"https:\/\/dev.freakuence.nl\/fr\/produit\/auralic-aries-g2-2\/\" \/>\n<meta property=\"og:site_name\" content=\"Freakuence!\" \/>\n<meta property=\"article:modified_time\" content=\"2026-04-08T16:30:43+00:00\" \/>\n<meta property=\"og:image\" content=\"https:\/\/dev.freakuence.nl\/wp-content\/uploads\/2026\/04\/17593096894894-17862-IMG3737-1-scaled.jpg\" \/>\n\t<meta property=\"og:image:width\" content=\"1800\" \/>\n\t<meta property=\"og:image:height\" content=\"1200\" \/>\n\t<meta property=\"og:image:type\" content=\"image\/jpeg\" \/>\n<meta name=\"twitter:card\" content=\"summary_large_image\" \/>\n<script type=\"application\/ld+json\" class=\"yoast-schema-graph\">{\"@context\":\"https:\/\/schema.org\",\"@graph\":[{\"@type\":\"WebPage\",\"@id\":\"https:\/\/dev.freakuence.nl\/fr\/produit\/auralic-aries-g2-2\/\",\"url\":\"https:\/\/dev.freakuence.nl\/fr\/produit\/auralic-aries-g2-2\/\",\"name\":\"AURALiC Aries G2.2 | Freakuence!\",\"isPartOf\":{\"@id\":\"https:\/\/dev.freakuence.nl\/fr\/#website\"},\"primaryImageOfPage\":{\"@id\":\"https:\/\/dev.freakuence.nl\/fr\/produit\/auralic-aries-g2-2\/#primaryimage\"},\"image\":{\"@id\":\"https:\/\/dev.freakuence.nl\/fr\/produit\/auralic-aries-g2-2\/#primaryimage\"},\"thumbnailUrl\":\"https:\/\/dev.freakuence.nl\/wp-content\/uploads\/2026\/04\/17593096894894-17862-IMG3737-1-scaled.jpg\",\"datePublished\":\"2025-10-01T09:08:58+00:00\",\"dateModified\":\"2026-04-08T16:30:43+00:00\",\"description\":\"AURALiC Aries G2.2 : streamer r\u00e9seau ultime avec processeur puissant et qualit\u00e9 sonore sup\u00e9rieure. \u2713 HiFi neuve et d'occasion \u2713 Note du client : 4.9 sur 5 \u2713 Reprise \u2713 Session d'\u00e9coute\",\"breadcrumb\":{\"@id\":\"https:\/\/dev.freakuence.nl\/fr\/produit\/auralic-aries-g2-2\/#breadcrumb\"},\"inLanguage\":\"fr-FR\",\"potentialAction\":[{\"@type\":\"ReadAction\",\"target\":[\"https:\/\/dev.freakuence.nl\/fr\/produit\/auralic-aries-g2-2\/\"]}]},{\"@type\":\"ImageObject\",\"inLanguage\":\"fr-FR\",\"@id\":\"https:\/\/dev.freakuence.nl\/fr\/produit\/auralic-aries-g2-2\/#primaryimage\",\"url\":\"https:\/\/dev.freakuence.nl\/wp-content\/uploads\/2026\/04\/17593096894894-17862-IMG3737-1-scaled.jpg\",\"contentUrl\":\"https:\/\/dev.freakuence.nl\/wp-content\/uploads\/2026\/04\/17593096894894-17862-IMG3737-1-scaled.jpg\",\"width\":1800,\"height\":1200},{\"@type\":\"BreadcrumbList\",\"@id\":\"https:\/\/dev.freakuence.nl\/fr\/produit\/auralic-aries-g2-2\/#breadcrumb\",\"itemListElement\":[{\"@type\":\"ListItem\",\"position\":1,\"name\":\"Accueil\",\"item\":\"https:\/\/dev.freakuence.nl\/fr\/\"},{\"@type\":\"ListItem\",\"position\":2,\"name\":\"Produits\",\"item\":\"https:\/\/dev.freakuence.nl\/fr\/produits\/\"},{\"@type\":\"ListItem\",\"position\":3,\"name\":\"AURALiC Aries G2.2\"}]},{\"@type\":\"WebSite\",\"@id\":\"https:\/\/dev.freakuence.nl\/fr\/#website\",\"url\":\"https:\/\/dev.freakuence.nl\/fr\/\",\"name\":\"Freakuence!\",\"description\":\"Freakuence!\",\"publisher\":{\"@id\":\"https:\/\/dev.freakuence.nl\/fr\/#organization\"},\"alternateName\":\"Freakuence\",\"potentialAction\":[{\"@type\":\"SearchAction\",\"target\":{\"@type\":\"EntryPoint\",\"urlTemplate\":\"https:\/\/dev.freakuence.nl\/fr\/?s={search_term_string}\"},\"query-input\":{\"@type\":\"PropertyValueSpecification\",\"valueRequired\":true,\"valueName\":\"search_term_string\"}}],\"inLanguage\":\"fr-FR\"},{\"@type\":\"Organization\",\"@id\":\"https:\/\/dev.freakuence.nl\/fr\/#organization\",\"name\":\"Freakuence !\",\"url\":\"https:\/\/dev.freakuence.nl\/fr\/\",\"logo\":{\"@type\":\"ImageObject\",\"inLanguage\":\"fr-FR\",\"@id\":\"https:\/\/dev.freakuence.nl\/fr\/#\/schema\/logo\/image\/\",\"url\":\"https:\/\/dev.freakuence.nl\/wp-content\/uploads\/2022\/05\/Brown_3_RGB_Freakuence-1.png\",\"contentUrl\":\"https:\/\/dev.freakuence.nl\/wp-content\/uploads\/2022\/05\/Brown_3_RGB_Freakuence-1.png\",\"width\":2560,\"height\":684,\"caption\":\"Freakuence !\"},\"image\":{\"@id\":\"https:\/\/dev.freakuence.nl\/fr\/#\/schema\/logo\/image\/\"},\"sameAs\":[\"https:\/\/www.instagram.com\/freakuence_notorious_audio\/\"]}]}<\/script>\n<!-- \/ Yoast SEO plugin. -->","yoast_head_json":{"title":"AURALiC Aries G2.2 | Freakuence!","description":"AURALiC Aries G2.2 : streamer r\u00e9seau ultime avec processeur puissant et qualit\u00e9 sonore sup\u00e9rieure. \u2713 HiFi neuve et d'occasion \u2713 Note du client : 4.9 sur 5 \u2713 Reprise \u2713 Session d'\u00e9coute","robots":{"index":"noindex","follow":"follow","max-snippet":"max-snippet:-1","max-image-preview":"max-image-preview:large","max-video-preview":"max-video-preview:-1"},"og_locale":"fr_FR","og_type":"article","og_title":"AURALiC Aries G2.2 | Freakuence!","og_description":"AURALiC Aries G2.2 : streamer r\u00e9seau ultime avec processeur puissant et qualit\u00e9 sonore sup\u00e9rieure. \u2713 HiFi neuve et d'occasion \u2713 Note du client : 4.9 sur 5 \u2713 Reprise \u2713 Session d'\u00e9coute","og_url":"https:\/\/dev.freakuence.nl\/fr\/produit\/auralic-aries-g2-2\/","og_site_name":"Freakuence!","article_modified_time":"2026-04-08T16:30:43+00:00","og_image":[{"width":1800,"height":1200,"url":"https:\/\/dev.freakuence.nl\/wp-content\/uploads\/2026\/04\/17593096894894-17862-IMG3737-1-scaled.jpg","type":"image\/jpeg"}],"twitter_card":"summary_large_image","schema":{"@context":"https:\/\/schema.org","@graph":[{"@type":"WebPage","@id":"https:\/\/dev.freakuence.nl\/fr\/produit\/auralic-aries-g2-2\/","url":"https:\/\/dev.freakuence.nl\/fr\/produit\/auralic-aries-g2-2\/","name":"AURALiC Aries G2.2 | Freakuence!","isPartOf":{"@id":"https:\/\/dev.freakuence.nl\/fr\/#website"},"primaryImageOfPage":{"@id":"https:\/\/dev.freakuence.nl\/fr\/produit\/auralic-aries-g2-2\/#primaryimage"},"image":{"@id":"https:\/\/dev.freakuence.nl\/fr\/produit\/auralic-aries-g2-2\/#primaryimage"},"thumbnailUrl":"https:\/\/dev.freakuence.nl\/wp-content\/uploads\/2026\/04\/17593096894894-17862-IMG3737-1-scaled.jpg","datePublished":"2025-10-01T09:08:58+00:00","dateModified":"2026-04-08T16:30:43+00:00","description":"AURALiC Aries G2.2 : streamer r\u00e9seau ultime avec processeur puissant et qualit\u00e9 sonore sup\u00e9rieure. \u2713 HiFi neuve et d'occasion \u2713 Note du client : 4.9 sur 5 \u2713 Reprise \u2713 Session d'\u00e9coute","breadcrumb":{"@id":"https:\/\/dev.freakuence.nl\/fr\/produit\/auralic-aries-g2-2\/#breadcrumb"},"inLanguage":"fr-FR","potentialAction":[{"@type":"ReadAction","target":["https:\/\/dev.freakuence.nl\/fr\/produit\/auralic-aries-g2-2\/"]}]},{"@type":"ImageObject","inLanguage":"fr-FR","@id":"https:\/\/dev.freakuence.nl\/fr\/produit\/auralic-aries-g2-2\/#primaryimage","url":"https:\/\/dev.freakuence.nl\/wp-content\/uploads\/2026\/04\/17593096894894-17862-IMG3737-1-scaled.jpg","contentUrl":"https:\/\/dev.freakuence.nl\/wp-content\/uploads\/2026\/04\/17593096894894-17862-IMG3737-1-scaled.jpg","width":1800,"height":1200},{"@type":"BreadcrumbList","@id":"https:\/\/dev.freakuence.nl\/fr\/produit\/auralic-aries-g2-2\/#breadcrumb","itemListElement":[{"@type":"ListItem","position":1,"name":"Accueil","item":"https:\/\/dev.freakuence.nl\/fr\/"},{"@type":"ListItem","position":2,"name":"Produits","item":"https:\/\/dev.freakuence.nl\/fr\/produits\/"},{"@type":"ListItem","position":3,"name":"AURALiC Aries G2.2"}]},{"@type":"WebSite","@id":"https:\/\/dev.freakuence.nl\/fr\/#website","url":"https:\/\/dev.freakuence.nl\/fr\/","name":"Freakuence!","description":"Freakuence!","publisher":{"@id":"https:\/\/dev.freakuence.nl\/fr\/#organization"},"alternateName":"Freakuence","potentialAction":[{"@type":"SearchAction","target":{"@type":"EntryPoint","urlTemplate":"https:\/\/dev.freakuence.nl\/fr\/?s={search_term_string}"},"query-input":{"@type":"PropertyValueSpecification","valueRequired":true,"valueName":"search_term_string"}}],"inLanguage":"fr-FR"},{"@type":"Organization","@id":"https:\/\/dev.freakuence.nl\/fr\/#organization","name":"Freakuence !","url":"https:\/\/dev.freakuence.nl\/fr\/","logo":{"@type":"ImageObject","inLanguage":"fr-FR","@id":"https:\/\/dev.freakuence.nl\/fr\/#\/schema\/logo\/image\/","url":"https:\/\/dev.freakuence.nl\/wp-content\/uploads\/2022\/05\/Brown_3_RGB_Freakuence-1.png","contentUrl":"https:\/\/dev.freakuence.nl\/wp-content\/uploads\/2022\/05\/Brown_3_RGB_Freakuence-1.png","width":2560,"height":684,"caption":"Freakuence !"},"image":{"@id":"https:\/\/dev.freakuence.nl\/fr\/#\/schema\/logo\/image\/"},"sameAs":["https:\/\/www.instagram.com\/freakuence_notorious_audio\/"]}]}},"_links":{"self":[{"href":"https:\/\/dev.freakuence.nl\/fr\/wp-json\/wp\/v2\/product\/324410","targetHints":{"allow":["GET"]}}],"collection":[{"href":"https:\/\/dev.freakuence.nl\/fr\/wp-json\/wp\/v2\/product"}],"about":[{"href":"https:\/\/dev.freakuence.nl\/fr\/wp-json\/wp\/v2\/types\/product"}],"wp:featuredmedia":[{"embeddable":true,"href":"https:\/\/dev.freakuence.nl\/fr\/wp-json\/wp\/v2\/media\/383466"}],"wp:attachment":[{"href":"https:\/\/dev.freakuence.nl\/fr\/wp-json\/wp\/v2\/media?parent=324410"}],"wp:term":[{"taxonomy":"product_brand","embeddable":true,"href":"https:\/\/dev.freakuence.nl\/fr\/wp-json\/wp\/v2\/product_brand?post=324410"},{"taxonomy":"product_cat","embeddable":true,"href":"https:\/\/dev.freakuence.nl\/fr\/wp-json\/wp\/v2\/product_cat?post=324410"},{"taxonomy":"product_tag","embeddable":true,"href":"https:\/\/dev.freakuence.nl\/fr\/wp-json\/wp\/v2\/product_tag?post=324410"}],"curies":[{"name":"wp","href":"https:\/\/api.w.org\/{rel}","templated":true}]}}