{"id":324664,"date":"2025-10-23T12:18:29","date_gmt":"2025-10-23T10:18:29","guid":{"rendered":"https:\/\/freakuence.nl\/product\/hea-arthephonos-6c33pp\/"},"modified":"2026-04-08T11:13:33","modified_gmt":"2026-04-08T09:13:33","slug":"hea-arthephonos-6c33pp","status":"publish","type":"product","link":"https:\/\/dev.freakuence.nl\/fr\/produit\/hea-arthephonos-6c33pp\/","title":{"rendered":"HEA Arthephonos 6C33PP"},"content":{"rendered":"<div class=\"product-specifications-list\">\n<div class=\"specification-item row-header\"><span class=\"spec-content\"><strong>Description Freakuence !<\/strong><\/span><\/div>\n<div class=\"specification-item row-even\"><span class=\"spec-content\">Bo\u00eete \u00e0 tubes puissante des Pays-Bas. Tr\u00e8s bonnes performances. Chaud&#8230; sans \u00e9paississement, c&rsquo;est surtout dans la tonalit\u00e9 des voix (moins que la 300B). Une tr\u00e8s belle reproduction ronde avec un bel aigu.   <\/span><\/div>\n<div class=\"specification-item row-odd\"><span class=\"spec-content\">Prix de vente au d\u00e9tail : 3798.00<\/span><\/div>\n<div class=\"specification-item row-header\"><span class=\"spec-content\"><strong>D\u00e9tails<\/strong><\/span><\/div>\n<div class=\"specification-item row-even\"><span class=\"spec-content\">Jeu de tubes de rechange, neufs dans des bo\u00eetes non ouvertes<\/span><\/div>\n<div class=\"specification-item row-header\"><span class=\"spec-content\"><strong>Description g\u00e9n\u00e9rale<\/strong><\/span><\/div>\n<div class=\"specification-item row-even\"><span class=\"spec-content\">Le HEA Arthephonos 6C33PP est un amplificateur \u00e0 tube triode complet connu pour sa reproduction sonore chaleureuse et naturelle. Avec une sortie de 2 x 50 watts sous 8 ohms et 2 x 70 watts sous 4 ohms, cet amplificateur d\u00e9livre suffisamment de puissance pour alimenter une grande vari\u00e9t\u00e9 de haut-parleurs. La plage de fr\u00e9quences de 5 Hz \u00e0 70 kHz garantit une reproduction d\u00e9taill\u00e9e et dynamique sur l&rsquo;ensemble du spectre sonore.    <\/p>\n<p>Le HEA Arthephonos 6C33PP est enti\u00e8rement bicanal pour une s\u00e9paration maximale des canaux, avec des \u00e9tages d&rsquo;amplification sym\u00e9triques. Cela contribue \u00e0 une image st\u00e9r\u00e9o pr\u00e9cise et \u00e0 une sc\u00e8ne sonore ouverte. La combinaison de composants de haute qualit\u00e9 et d&rsquo;une conception r\u00e9fl\u00e9chie permet d&rsquo;obtenir un son naturel et \u00e9quilibr\u00e9.    <\/p>\n<p>Vous souhaitez d\u00e9couvrir le HEA Arthephonos 6C33PP par vous-m\u00eame ? Planifiez une s\u00e9ance d&rsquo;\u00e9coute pour d\u00e9couvrir le son et la dynamique uniques de cet amplificateur \u00e0 tubes. Contactez-nous pour discuter des possibilit\u00e9s.  <\/span><\/div>\n<div class=\"specification-item row-header\"><span class=\"spec-content\"><strong>Informations g\u00e9n\u00e9rales<\/strong><\/span><\/div>\n<div class=\"specification-item row-even\"><span class=\"spec-content\">Le produit HEA Arthephonos 6C33PP a \u00e9t\u00e9 con\u00e7u avec pr\u00e9cision et savoir-faire par une \u00e9quipe d&rsquo;ing\u00e9nieurs passionn\u00e9s. La philosophie de conception s&rsquo;articule autour de la puret\u00e9 et de la chaleur de la reproduction sonore. L&rsquo;amplificateur utilise des tubes 6C33C de haute qualit\u00e9, connus pour leur stabilit\u00e9 et leur puissance, et est c\u00e2bl\u00e9 en interne avec du cuivre pur provenant de fournisseurs s\u00e9lectionn\u00e9s. Le bo\u00eetier est en aluminium massif pour une meilleure esth\u00e9tique et une r\u00e9sonance minimale. Chaque unit\u00e9 est assembl\u00e9e et test\u00e9e \u00e0 la main dans l&rsquo;usine de la marque.    <\/span><\/div>\n<div class=\"specification-item row-header\"><span class=\"spec-content\"><strong>Histoire de la marque<\/strong><\/span><\/div>\n<div class=\"specification-item row-even\"><span class=\"spec-content\">HEA a \u00e9t\u00e9 fond\u00e9e en 1985 et s&rsquo;est depuis lors impos\u00e9e comme un fabricant de premier plan dans son secteur. La soci\u00e9t\u00e9 a ses origines aux Pays-Bas et, au fil des ans, elle a fait preuve d&rsquo;un engagement constant pour d\u00e9velopper des produits qui r\u00e9pondent aux besoins en constante \u00e9volution de ses clients. HEA a lanc\u00e9 plusieurs lignes de produits dans le pass\u00e9, chacune avec ses propres caract\u00e9ristiques. Les conceptions de HEA sont le r\u00e9sultat d&rsquo;un vaste processus de recherche et de d\u00e9veloppement qui constitue la base de ses produits. L&rsquo;objectif de la marque est de fournir des performances et une fiabilit\u00e9 de haute qualit\u00e9. Tout au long de son histoire, HEA s&rsquo;est forg\u00e9 une r\u00e9putation de fournisseur de produits r\u00e9pondant aux attentes des consommateurs, tant sur le plan technique qu&rsquo;esth\u00e9tique. La marque s&rsquo;engage \u00e0 maintenir ces valeurs fondamentales.      <\/span><\/div>\n<\/div>\n","protected":false},"excerpt":{"rendered":"<p>Description Freakuence ! Bo\u00eete \u00e0 tubes puissante des Pays-Bas. Tr\u00e8s bonnes performances. Chaud&#8230; sans \u00e9paississement, c&rsquo;est surtout dans la tonalit\u00e9 des voix (moins que la 300B). Une tr\u00e8s belle reproduction ronde avec un bel aigu. Prix de vente au d\u00e9tail : 3798.00 D\u00e9tails Jeu de tubes de rechange, neufs dans des bo\u00eetes non ouvertes Description [&hellip;]<\/p>\n","protected":false},"featured_media":379607,"template":"","meta":{"_acf_changed":false,"inline_featured_image":false},"product_brand":[],"product_cat":[530,556,745],"product_tag":[533],"class_list":{"0":"post-324664","1":"product","2":"type-product","3":"status-publish","4":"has-post-thumbnail","6":"product_cat-amplificateurs","7":"product_cat-amplificateurs-a-tubes","8":"product_cat-amplificateurs-stereo","9":"product_tag-used","10":"pa_kleur-argent","12":"first","13":"instock","14":"sold-individually","15":"purchasable","16":"product-type-simple"},"acf":{"website":true,"show_on_homepage":false,"brand_title":"HEA","product_type":"Arthephonos 6C33PP","color":"Argent","subcolor":"","reserved_status":"0"},"yoast_head":"<!-- This site is optimized with the Yoast SEO plugin v25.9 - https:\/\/yoast.com\/wordpress\/plugins\/seo\/ -->\n<title>HEA Arthephonos 6C33PP | Freakuence!<\/title>\n<meta name=\"description\" content=\"HEA Arthephonos 6C33PP : puissant amplificateur \u00e0 tubes au son chaud et d\u00e9taill\u00e9. \u2713 HiFi neuve et d&#039;occasion \u2713 Note du client : 4.9 sur 5 \u2713 Reprise \u2713 Session d&#039;\u00e9coute\" \/>\n<meta name=\"robots\" content=\"noindex, follow, max-snippet:-1, max-image-preview:large, max-video-preview:-1\" \/>\n<meta property=\"og:locale\" content=\"fr_FR\" \/>\n<meta property=\"og:type\" content=\"article\" \/>\n<meta property=\"og:title\" content=\"HEA Arthephonos 6C33PP | Freakuence!\" \/>\n<meta property=\"og:description\" content=\"HEA Arthephonos 6C33PP : puissant amplificateur \u00e0 tubes au son chaud et d\u00e9taill\u00e9. \u2713 HiFi neuve et d&#039;occasion \u2713 Note du client : 4.9 sur 5 \u2713 Reprise \u2713 Session d&#039;\u00e9coute\" \/>\n<meta property=\"og:url\" content=\"https:\/\/dev.freakuence.nl\/fr\/produit\/hea-arthephonos-6c33pp\/\" \/>\n<meta property=\"og:site_name\" content=\"Freakuence!\" \/>\n<meta property=\"article:modified_time\" content=\"2026-04-08T09:13:33+00:00\" \/>\n<meta property=\"og:image\" content=\"https:\/\/dev.freakuence.nl\/wp-content\/uploads\/2026\/04\/17612146500846-13688-IMG3906-scaled.jpg\" \/>\n\t<meta property=\"og:image:width\" content=\"1800\" \/>\n\t<meta property=\"og:image:height\" content=\"1200\" \/>\n\t<meta property=\"og:image:type\" content=\"image\/jpeg\" \/>\n<meta name=\"twitter:card\" content=\"summary_large_image\" \/>\n<script type=\"application\/ld+json\" class=\"yoast-schema-graph\">{\"@context\":\"https:\/\/schema.org\",\"@graph\":[{\"@type\":\"WebPage\",\"@id\":\"https:\/\/dev.freakuence.nl\/fr\/produit\/hea-arthephonos-6c33pp\/\",\"url\":\"https:\/\/dev.freakuence.nl\/fr\/produit\/hea-arthephonos-6c33pp\/\",\"name\":\"HEA Arthephonos 6C33PP | Freakuence!\",\"isPartOf\":{\"@id\":\"https:\/\/dev.freakuence.nl\/fr\/#website\"},\"primaryImageOfPage\":{\"@id\":\"https:\/\/dev.freakuence.nl\/fr\/produit\/hea-arthephonos-6c33pp\/#primaryimage\"},\"image\":{\"@id\":\"https:\/\/dev.freakuence.nl\/fr\/produit\/hea-arthephonos-6c33pp\/#primaryimage\"},\"thumbnailUrl\":\"https:\/\/dev.freakuence.nl\/wp-content\/uploads\/2026\/04\/17612146500846-13688-IMG3906-scaled.jpg\",\"datePublished\":\"2025-10-23T10:18:29+00:00\",\"dateModified\":\"2026-04-08T09:13:33+00:00\",\"description\":\"HEA Arthephonos 6C33PP : puissant amplificateur \u00e0 tubes au son chaud et d\u00e9taill\u00e9. \u2713 HiFi neuve et d'occasion \u2713 Note du client : 4.9 sur 5 \u2713 Reprise \u2713 Session d'\u00e9coute\",\"breadcrumb\":{\"@id\":\"https:\/\/dev.freakuence.nl\/fr\/produit\/hea-arthephonos-6c33pp\/#breadcrumb\"},\"inLanguage\":\"fr-FR\",\"potentialAction\":[{\"@type\":\"ReadAction\",\"target\":[\"https:\/\/dev.freakuence.nl\/fr\/produit\/hea-arthephonos-6c33pp\/\"]}]},{\"@type\":\"ImageObject\",\"inLanguage\":\"fr-FR\",\"@id\":\"https:\/\/dev.freakuence.nl\/fr\/produit\/hea-arthephonos-6c33pp\/#primaryimage\",\"url\":\"https:\/\/dev.freakuence.nl\/wp-content\/uploads\/2026\/04\/17612146500846-13688-IMG3906-scaled.jpg\",\"contentUrl\":\"https:\/\/dev.freakuence.nl\/wp-content\/uploads\/2026\/04\/17612146500846-13688-IMG3906-scaled.jpg\",\"width\":1800,\"height\":1200},{\"@type\":\"BreadcrumbList\",\"@id\":\"https:\/\/dev.freakuence.nl\/fr\/produit\/hea-arthephonos-6c33pp\/#breadcrumb\",\"itemListElement\":[{\"@type\":\"ListItem\",\"position\":1,\"name\":\"Accueil\",\"item\":\"https:\/\/dev.freakuence.nl\/fr\/\"},{\"@type\":\"ListItem\",\"position\":2,\"name\":\"Produits\",\"item\":\"https:\/\/dev.freakuence.nl\/fr\/produits\/\"},{\"@type\":\"ListItem\",\"position\":3,\"name\":\"HEA Arthephonos 6C33PP\"}]},{\"@type\":\"WebSite\",\"@id\":\"https:\/\/dev.freakuence.nl\/fr\/#website\",\"url\":\"https:\/\/dev.freakuence.nl\/fr\/\",\"name\":\"Freakuence!\",\"description\":\"Freakuence!\",\"publisher\":{\"@id\":\"https:\/\/dev.freakuence.nl\/fr\/#organization\"},\"alternateName\":\"Freakuence\",\"potentialAction\":[{\"@type\":\"SearchAction\",\"target\":{\"@type\":\"EntryPoint\",\"urlTemplate\":\"https:\/\/dev.freakuence.nl\/fr\/?s={search_term_string}\"},\"query-input\":{\"@type\":\"PropertyValueSpecification\",\"valueRequired\":true,\"valueName\":\"search_term_string\"}}],\"inLanguage\":\"fr-FR\"},{\"@type\":\"Organization\",\"@id\":\"https:\/\/dev.freakuence.nl\/fr\/#organization\",\"name\":\"Freakuence !\",\"url\":\"https:\/\/dev.freakuence.nl\/fr\/\",\"logo\":{\"@type\":\"ImageObject\",\"inLanguage\":\"fr-FR\",\"@id\":\"https:\/\/dev.freakuence.nl\/fr\/#\/schema\/logo\/image\/\",\"url\":\"https:\/\/dev.freakuence.nl\/wp-content\/uploads\/2022\/05\/Brown_3_RGB_Freakuence-1.png\",\"contentUrl\":\"https:\/\/dev.freakuence.nl\/wp-content\/uploads\/2022\/05\/Brown_3_RGB_Freakuence-1.png\",\"width\":2560,\"height\":684,\"caption\":\"Freakuence !\"},\"image\":{\"@id\":\"https:\/\/dev.freakuence.nl\/fr\/#\/schema\/logo\/image\/\"},\"sameAs\":[\"https:\/\/www.instagram.com\/freakuence_notorious_audio\/\"]}]}<\/script>\n<!-- \/ Yoast SEO plugin. -->","yoast_head_json":{"title":"HEA Arthephonos 6C33PP | Freakuence!","description":"HEA Arthephonos 6C33PP : puissant amplificateur \u00e0 tubes au son chaud et d\u00e9taill\u00e9. \u2713 HiFi neuve et d'occasion \u2713 Note du client : 4.9 sur 5 \u2713 Reprise \u2713 Session d'\u00e9coute","robots":{"index":"noindex","follow":"follow","max-snippet":"max-snippet:-1","max-image-preview":"max-image-preview:large","max-video-preview":"max-video-preview:-1"},"og_locale":"fr_FR","og_type":"article","og_title":"HEA Arthephonos 6C33PP | Freakuence!","og_description":"HEA Arthephonos 6C33PP : puissant amplificateur \u00e0 tubes au son chaud et d\u00e9taill\u00e9. \u2713 HiFi neuve et d'occasion \u2713 Note du client : 4.9 sur 5 \u2713 Reprise \u2713 Session d'\u00e9coute","og_url":"https:\/\/dev.freakuence.nl\/fr\/produit\/hea-arthephonos-6c33pp\/","og_site_name":"Freakuence!","article_modified_time":"2026-04-08T09:13:33+00:00","og_image":[{"width":1800,"height":1200,"url":"https:\/\/dev.freakuence.nl\/wp-content\/uploads\/2026\/04\/17612146500846-13688-IMG3906-scaled.jpg","type":"image\/jpeg"}],"twitter_card":"summary_large_image","schema":{"@context":"https:\/\/schema.org","@graph":[{"@type":"WebPage","@id":"https:\/\/dev.freakuence.nl\/fr\/produit\/hea-arthephonos-6c33pp\/","url":"https:\/\/dev.freakuence.nl\/fr\/produit\/hea-arthephonos-6c33pp\/","name":"HEA Arthephonos 6C33PP | Freakuence!","isPartOf":{"@id":"https:\/\/dev.freakuence.nl\/fr\/#website"},"primaryImageOfPage":{"@id":"https:\/\/dev.freakuence.nl\/fr\/produit\/hea-arthephonos-6c33pp\/#primaryimage"},"image":{"@id":"https:\/\/dev.freakuence.nl\/fr\/produit\/hea-arthephonos-6c33pp\/#primaryimage"},"thumbnailUrl":"https:\/\/dev.freakuence.nl\/wp-content\/uploads\/2026\/04\/17612146500846-13688-IMG3906-scaled.jpg","datePublished":"2025-10-23T10:18:29+00:00","dateModified":"2026-04-08T09:13:33+00:00","description":"HEA Arthephonos 6C33PP : puissant amplificateur \u00e0 tubes au son chaud et d\u00e9taill\u00e9. \u2713 HiFi neuve et d'occasion \u2713 Note du client : 4.9 sur 5 \u2713 Reprise \u2713 Session d'\u00e9coute","breadcrumb":{"@id":"https:\/\/dev.freakuence.nl\/fr\/produit\/hea-arthephonos-6c33pp\/#breadcrumb"},"inLanguage":"fr-FR","potentialAction":[{"@type":"ReadAction","target":["https:\/\/dev.freakuence.nl\/fr\/produit\/hea-arthephonos-6c33pp\/"]}]},{"@type":"ImageObject","inLanguage":"fr-FR","@id":"https:\/\/dev.freakuence.nl\/fr\/produit\/hea-arthephonos-6c33pp\/#primaryimage","url":"https:\/\/dev.freakuence.nl\/wp-content\/uploads\/2026\/04\/17612146500846-13688-IMG3906-scaled.jpg","contentUrl":"https:\/\/dev.freakuence.nl\/wp-content\/uploads\/2026\/04\/17612146500846-13688-IMG3906-scaled.jpg","width":1800,"height":1200},{"@type":"BreadcrumbList","@id":"https:\/\/dev.freakuence.nl\/fr\/produit\/hea-arthephonos-6c33pp\/#breadcrumb","itemListElement":[{"@type":"ListItem","position":1,"name":"Accueil","item":"https:\/\/dev.freakuence.nl\/fr\/"},{"@type":"ListItem","position":2,"name":"Produits","item":"https:\/\/dev.freakuence.nl\/fr\/produits\/"},{"@type":"ListItem","position":3,"name":"HEA Arthephonos 6C33PP"}]},{"@type":"WebSite","@id":"https:\/\/dev.freakuence.nl\/fr\/#website","url":"https:\/\/dev.freakuence.nl\/fr\/","name":"Freakuence!","description":"Freakuence!","publisher":{"@id":"https:\/\/dev.freakuence.nl\/fr\/#organization"},"alternateName":"Freakuence","potentialAction":[{"@type":"SearchAction","target":{"@type":"EntryPoint","urlTemplate":"https:\/\/dev.freakuence.nl\/fr\/?s={search_term_string}"},"query-input":{"@type":"PropertyValueSpecification","valueRequired":true,"valueName":"search_term_string"}}],"inLanguage":"fr-FR"},{"@type":"Organization","@id":"https:\/\/dev.freakuence.nl\/fr\/#organization","name":"Freakuence !","url":"https:\/\/dev.freakuence.nl\/fr\/","logo":{"@type":"ImageObject","inLanguage":"fr-FR","@id":"https:\/\/dev.freakuence.nl\/fr\/#\/schema\/logo\/image\/","url":"https:\/\/dev.freakuence.nl\/wp-content\/uploads\/2022\/05\/Brown_3_RGB_Freakuence-1.png","contentUrl":"https:\/\/dev.freakuence.nl\/wp-content\/uploads\/2022\/05\/Brown_3_RGB_Freakuence-1.png","width":2560,"height":684,"caption":"Freakuence !"},"image":{"@id":"https:\/\/dev.freakuence.nl\/fr\/#\/schema\/logo\/image\/"},"sameAs":["https:\/\/www.instagram.com\/freakuence_notorious_audio\/"]}]}},"_links":{"self":[{"href":"https:\/\/dev.freakuence.nl\/fr\/wp-json\/wp\/v2\/product\/324664","targetHints":{"allow":["GET"]}}],"collection":[{"href":"https:\/\/dev.freakuence.nl\/fr\/wp-json\/wp\/v2\/product"}],"about":[{"href":"https:\/\/dev.freakuence.nl\/fr\/wp-json\/wp\/v2\/types\/product"}],"wp:featuredmedia":[{"embeddable":true,"href":"https:\/\/dev.freakuence.nl\/fr\/wp-json\/wp\/v2\/media\/379607"}],"wp:attachment":[{"href":"https:\/\/dev.freakuence.nl\/fr\/wp-json\/wp\/v2\/media?parent=324664"}],"wp:term":[{"taxonomy":"product_brand","embeddable":true,"href":"https:\/\/dev.freakuence.nl\/fr\/wp-json\/wp\/v2\/product_brand?post=324664"},{"taxonomy":"product_cat","embeddable":true,"href":"https:\/\/dev.freakuence.nl\/fr\/wp-json\/wp\/v2\/product_cat?post=324664"},{"taxonomy":"product_tag","embeddable":true,"href":"https:\/\/dev.freakuence.nl\/fr\/wp-json\/wp\/v2\/product_tag?post=324664"}],"curies":[{"name":"wp","href":"https:\/\/api.w.org\/{rel}","templated":true}]}}