{"id":324670,"date":"2025-10-24T10:41:47","date_gmt":"2025-10-24T08:41:47","guid":{"rendered":"https:\/\/freakuence.nl\/product\/ta-caruso-r\/"},"modified":"2026-03-10T04:33:46","modified_gmt":"2026-03-10T03:33:46","slug":"ta-caruso-r","status":"publish","type":"product","link":"https:\/\/dev.freakuence.nl\/fr\/produit\/ta-caruso-r\/","title":{"rendered":"T+A Caruso R"},"content":{"rendered":"<div class=\"product-specifications-list\">\n<div class=\"specification-item row-header\"><span class=\"spec-content\"><strong>Description Freakuence !<\/strong><\/span><\/div>\n<div class=\"specification-item row-even\"><span class=\"spec-content\">Une bo\u00eete \u00e0 musique ? Non, un cube ! Agr\u00e9able et vif quand il le faut, mais aussi d\u00e9tendu quand c&rsquo;est permis.  <\/span><\/div>\n<div class=\"specification-item row-odd\"><span class=\"spec-content\">Prix de vente au d\u00e9tail : 3200.00<\/span><\/div>\n<div class=\"specification-item row-header\"><span class=\"spec-content\"><strong>Description g\u00e9n\u00e9rale<\/strong><\/span><\/div>\n<div class=\"specification-item row-even\"><span class=\"spec-content\">Ce syst\u00e8me musical offre un lecteur de CD int\u00e9gr\u00e9 compatible avec les formats CD-DA, CD-R et CD-RW, et prend en charge des formats tels que MP3 et WMA. La gamme de fr\u00e9quences s&rsquo;\u00e9tend de 2 Hz \u00e0 20 kHz, avec un rapport signal\/bruit de 100 dB. Le client de streaming prend en charge diff\u00e9rents formats, notamment MP3, WMA, AAC, OGG Vorbis, FLAC, WAV et ALAC, et permet d&rsquo;acc\u00e9der \u00e0 des services tels que Tidal, Deezer, Amazon Music, Qobuz et Spotify Connect. La connectivit\u00e9 r\u00e9seau comprend Fast Ethernet et WLAN selon la norme 802.11 b\/g\/n. La fonctionnalit\u00e9 Bluetooth est pr\u00e9sente, avec la prise en charge des codecs aptX\u00ae, MP3, AAC et SBC. Le syst\u00e8me est dot\u00e9 d&rsquo;une radio FM et DAB+, avec fonctionnalit\u00e9 RDS\/RDBS. L&rsquo;amplificateur d\u00e9livre une puissance nominale de 2 x 100 watts \u00e0 4 ohms et 2 x 50 watts \u00e0 8 ohms, avec une distorsion harmonique totale inf\u00e9rieure \u00e0 0,02%. Les entr\u00e9es comprennent des options analogiques et num\u00e9riques, ainsi que l&rsquo;USB 2.0. Des sorties sont disponibles pour le pr\u00e9ampli, le caisson de basse et le casque. Le syst\u00e8me utilise un syst\u00e8me de gestion du son pilot\u00e9 par DSP et prend en charge la gestion du caisson de basse avec des r\u00e9glages variables entre 40 Hz et 150 Hz. Il mesure 21 cm de haut, 29 cm de large et 29 cm de profondeur, pour un poids de 7,5 kg.          <\/span><\/div>\n<div class=\"specification-item row-header\"><span class=\"spec-content\"><strong>Histoire de la marque<\/strong><\/span><\/div>\n<div class=\"specification-item row-even\"><span class=\"spec-content\">T+A a \u00e9t\u00e9 fond\u00e9e en 1978 \u00e0 Herford, en Allemagne. Son nom signifie \u00ab\u00a0Theorie und Anwendung\u00a0\u00bb (th\u00e9orie et application). L&rsquo;entreprise se concentre sur le d\u00e9veloppement et la production de syst\u00e8mes \u00e9lectroniques. Depuis le d\u00e9but, T+A a lanc\u00e9 plusieurs gammes de produits, notamment des amplificateurs, des haut-parleurs et des composants connexes. La marque a une longue tradition de combinaison de connaissances techniques et d&rsquo;applications dans ses conceptions. Au fil des ans, T+A a d\u00e9velopp\u00e9 plusieurs s\u00e9ries, dont la s\u00e9rie R, qui existe depuis 1992 et constitue une part importante de son offre.     <\/span><\/div>\n<\/div>\n","protected":false},"excerpt":{"rendered":"<p>Description Freakuence ! Une bo\u00eete \u00e0 musique ? Non, un cube ! Agr\u00e9able et vif quand il le faut, mais aussi d\u00e9tendu quand c&rsquo;est permis. Prix de vente au d\u00e9tail : 3200.00 Description g\u00e9n\u00e9rale Ce syst\u00e8me musical offre un lecteur de CD int\u00e9gr\u00e9 compatible avec les formats CD-DA, CD-R et CD-RW, et prend en charge [&hellip;]<\/p>\n","protected":false},"featured_media":335514,"template":"","meta":{"_acf_changed":false,"inline_featured_image":false},"product_brand":[],"product_cat":[530],"product_tag":[533],"class_list":{"0":"post-324670","1":"product","2":"type-product","3":"status-publish","4":"has-post-thumbnail","6":"product_cat-amplificateurs","7":"product_tag-used","8":"pa_kleur-noir","10":"first","11":"instock","12":"purchasable","13":"product-type-simple"},"acf":{"website":true,"show_on_homepage":false,"brand_title":"T+A","product_type":"Caruso R","color":"Noir","subcolor":"","reserved_status":"0"},"_links":{"self":[{"href":"https:\/\/dev.freakuence.nl\/fr\/wp-json\/wp\/v2\/product\/324670","targetHints":{"allow":["GET"]}}],"collection":[{"href":"https:\/\/dev.freakuence.nl\/fr\/wp-json\/wp\/v2\/product"}],"about":[{"href":"https:\/\/dev.freakuence.nl\/fr\/wp-json\/wp\/v2\/types\/product"}],"wp:featuredmedia":[{"embeddable":true,"href":"https:\/\/dev.freakuence.nl\/fr\/wp-json\/wp\/v2\/media\/335514"}],"wp:attachment":[{"href":"https:\/\/dev.freakuence.nl\/fr\/wp-json\/wp\/v2\/media?parent=324670"}],"wp:term":[{"taxonomy":"product_brand","embeddable":true,"href":"https:\/\/dev.freakuence.nl\/fr\/wp-json\/wp\/v2\/product_brand?post=324670"},{"taxonomy":"product_cat","embeddable":true,"href":"https:\/\/dev.freakuence.nl\/fr\/wp-json\/wp\/v2\/product_cat?post=324670"},{"taxonomy":"product_tag","embeddable":true,"href":"https:\/\/dev.freakuence.nl\/fr\/wp-json\/wp\/v2\/product_tag?post=324670"}],"curies":[{"name":"wp","href":"https:\/\/api.w.org\/{rel}","templated":true}]}}