{"id":324800,"date":"2025-10-29T13:20:20","date_gmt":"2025-10-29T12:20:20","guid":{"rendered":"https:\/\/freakuence.nl\/product\/audioquest-red-river-rca-300cm\/"},"modified":"2026-04-08T19:53:06","modified_gmt":"2026-04-08T17:53:06","slug":"audioquest-red-river-rca-300cm","status":"publish","type":"product","link":"https:\/\/dev.freakuence.nl\/fr\/produit\/audioquest-red-river-rca-300cm\/","title":{"rendered":"AudioQuest Red River RCA 300cm"},"content":{"rendered":"<div class=\"product-specifications-list\">\n<div class=\"specification-item row-header\"><span class=\"spec-content\"><strong>Description Freakuence !<\/strong><\/span><\/div>\n<div class=\"specification-item row-even\"><span class=\"spec-content\">Ce c\u00e2ble offre une restitution neutre et transparente, avec des m\u00e9diums ouverts et d\u00e9taill\u00e9s. Les aigus sont clairs sans \u00eatre tranchants, tandis que les basses restent serr\u00e9es et contr\u00f4l\u00e9es. L&rsquo;image st\u00e9r\u00e9o est large et bien d\u00e9finie, contribuant \u00e0 une pr\u00e9sentation naturelle de la musique.  <\/span><\/div>\n<div class=\"specification-item row-odd\"><span class=\"spec-content\">Prix de vente au d\u00e9tail : 329,00<\/span><\/div>\n<div class=\"specification-item row-header\"><span class=\"spec-content\"><strong>Description g\u00e9n\u00e9rale<\/strong><\/span><\/div>\n<div class=\"specification-item row-even\"><span class=\"spec-content\">Le c\u00e2ble RCA AudioQuest Red River de 3 m\u00e8tres est con\u00e7u pour assurer une transmission claire et pr\u00e9cise des signaux entre les appareils audio. Le c\u00e2ble utilise des mat\u00e9riaux de haute qualit\u00e9 et une construction soign\u00e9e pour minimiser les interf\u00e9rences et optimiser la qualit\u00e9 du son.   <\/p>\n<p>D&rsquo;une longueur de 3 m\u00e8tres, ce c\u00e2ble offre suffisamment de flexibilit\u00e9 pour diverses configurations, sans compromettre la qualit\u00e9 du signal. Les connecteurs RCA robustes garantissent une connexion fiable et durable entre vos appareils audio. <\/span><\/div>\n<div class=\"specification-item row-header\"><span class=\"spec-content\"><strong>Informations g\u00e9n\u00e9rales<\/strong><\/span><\/div>\n<div class=\"specification-item row-even\"><span class=\"spec-content\">Le c\u00e2ble AudioQuest Red River RCA (300 cm) est con\u00e7u selon la philosophie de Garth Powell et William Low : moins de distorsion, plus de v\u00e9rit\u00e9 musicale. Le c\u00e2ble contient des conducteurs PSC (Perfect Surface Copper) solides qui minimisent la distorsion du signal. Le blindage \u00e0 100 % emp\u00eache l&rsquo;induction de bruit RF. La conception utilise une g\u00e9om\u00e9trie \u00e0 triple \u00e9quilibre et des connecteurs RCA soud\u00e9s \u00e0 froid et plaqu\u00e9s or pour une conductivit\u00e9 optimale sans soudure.   <\/span><\/div>\n<div class=\"specification-item row-header\"><span class=\"spec-content\"><strong>Histoire de la marque<\/strong><\/span><\/div>\n<div class=\"specification-item row-even\"><span class=\"spec-content\">AudioQuest a \u00e9t\u00e9 fond\u00e9e en 1980 par William E. Low en Californie, aux \u00c9tats-Unis. La marque a commenc\u00e9 par assembler manuellement des c\u00e2bles selon des m\u00e9thodes de conception sp\u00e9cifiques bas\u00e9es sur la minimisation de la distorsion.  Depuis, AudioQuest a d\u00e9velopp\u00e9 une gamme de produits qui comprend des c\u00e2bles d&rsquo;interconnexion, des c\u00e2bles de haut-parleurs, des c\u00e2bles num\u00e9riques et de r\u00e9seau, des produits d&rsquo;alimentation et des accessoires portables. Depuis le d\u00e9but, l&rsquo;entreprise s&rsquo;en tient \u00e0 l&rsquo;utilisation de c\u00e2bles directionnels et de conducteurs \u00e0 \u00e2me pleine. En 2012, AudioQuest a lanc\u00e9 le DragonFly, un convertisseur num\u00e9rique-analogique USB. Le d\u00e9veloppement des produits a lieu aux \u00c9tats-Unis, tandis que la production est en partie r\u00e9alis\u00e9e en Chine et ailleurs. AudioQuest applique une philosophie selon laquelle la s\u00e9lection des mat\u00e9riaux, la g\u00e9om\u00e9trie et la finition ont un impact direct sur les performances du c\u00e2ble.    <\/span><\/div>\n<\/div>\n","protected":false},"excerpt":{"rendered":"<p>Description Freakuence ! Ce c\u00e2ble offre une restitution neutre et transparente, avec des m\u00e9diums ouverts et d\u00e9taill\u00e9s. Les aigus sont clairs sans \u00eatre tranchants, tandis que les basses restent serr\u00e9es et contr\u00f4l\u00e9es. L&rsquo;image st\u00e9r\u00e9o est large et bien d\u00e9finie, contribuant \u00e0 une pr\u00e9sentation naturelle de la musique. Prix de vente au d\u00e9tail : 329,00 Description [&hellip;]<\/p>\n","protected":false},"featured_media":385398,"template":"","meta":{"_acf_changed":false,"inline_featured_image":false},"product_brand":[],"product_cat":[345],"product_tag":[533],"class_list":{"0":"post-324800","1":"product","2":"type-product","3":"status-publish","4":"has-post-thumbnail","6":"product_cat-speakers","7":"product_tag-used","8":"pa_kleur-rouge","10":"first","11":"instock","12":"sold-individually","13":"purchasable","14":"product-type-simple"},"acf":{"website":true,"show_on_homepage":false,"brand_title":"AudioQuest","product_type":"Red River RCA 300cm","color":"Rouge","subcolor":"","reserved_status":"0"},"_links":{"self":[{"href":"https:\/\/dev.freakuence.nl\/fr\/wp-json\/wp\/v2\/product\/324800","targetHints":{"allow":["GET"]}}],"collection":[{"href":"https:\/\/dev.freakuence.nl\/fr\/wp-json\/wp\/v2\/product"}],"about":[{"href":"https:\/\/dev.freakuence.nl\/fr\/wp-json\/wp\/v2\/types\/product"}],"wp:featuredmedia":[{"embeddable":true,"href":"https:\/\/dev.freakuence.nl\/fr\/wp-json\/wp\/v2\/media\/385398"}],"wp:attachment":[{"href":"https:\/\/dev.freakuence.nl\/fr\/wp-json\/wp\/v2\/media?parent=324800"}],"wp:term":[{"taxonomy":"product_brand","embeddable":true,"href":"https:\/\/dev.freakuence.nl\/fr\/wp-json\/wp\/v2\/product_brand?post=324800"},{"taxonomy":"product_cat","embeddable":true,"href":"https:\/\/dev.freakuence.nl\/fr\/wp-json\/wp\/v2\/product_cat?post=324800"},{"taxonomy":"product_tag","embeddable":true,"href":"https:\/\/dev.freakuence.nl\/fr\/wp-json\/wp\/v2\/product_tag?post=324800"}],"curies":[{"name":"wp","href":"https:\/\/api.w.org\/{rel}","templated":true}]}}