{"id":324802,"date":"2025-10-29T13:21:15","date_gmt":"2025-10-29T12:21:15","guid":{"rendered":"https:\/\/freakuence.nl\/product\/audioquest-nrg-y3-300cm-2\/"},"modified":"2026-04-08T19:40:52","modified_gmt":"2026-04-08T17:40:52","slug":"audioquest-nrg-y3-300cm-2","status":"publish","type":"product","link":"https:\/\/dev.freakuence.nl\/fr\/produit\/audioquest-nrg-y3-300cm-2\/","title":{"rendered":"AudioQuest NRG-Y3 300cm"},"content":{"rendered":"<div class=\"product-specifications-list\">\n<div class=\"specification-item row-header\"><span class=\"spec-content\"><strong>Description Freakuence !<\/strong><\/span><\/div>\n<div class=\"specification-item row-even\"><span class=\"spec-content\">Le c\u00e2ble ! Et oui, ils font la diff\u00e9rence, que vous le vouliez ou non. Hein ? <\/span><\/div>\n<div class=\"specification-item row-odd\"><span class=\"spec-content\">Prix de vente au d\u00e9tail : 259,95<\/span><\/div>\n<div class=\"specification-item row-header\"><span class=\"spec-content\"><strong>Description g\u00e9n\u00e9rale<\/strong><\/span><\/div>\n<div class=\"specification-item row-even\"><span class=\"spec-content\">Le NRG-Y3 d&rsquo;AudioQuest est un c\u00e2ble d&rsquo;alimentation con\u00e7u pour am\u00e9liorer les performances de votre \u00e9quipement audio et vid\u00e9o. D&rsquo;une longueur de 3 m\u00e8tres, ce c\u00e2ble offre suffisamment de flexibilit\u00e9 pour diverses configurations. Le NRG-Y3 utilise des conducteurs concentriques semi-solides en cuivre \u00e0 grain long (LGC) \u00e0 contr\u00f4le directionnel, ce qui permet de minimiser la distorsion et de fournir une alimentation \u00e9lectrique plus propre. En outre, la technologie ZERO-Tech assure un transfert de courant non compress\u00e9, ce qui se traduit par un son plus dynamique et immersif. Les fils de blindage plaqu\u00e9s argent contribuent \u00e0 dissiper efficacement le bruit RF, ce qui am\u00e9liore encore la qualit\u00e9 sonore globale. Que vous ayez besoin d&rsquo;alimenter un amplificateur, un DAC, un streamer ou tout autre appareil AV, le NRG-Y3 est un choix fiable qui contribue \u00e0 une meilleure exp\u00e9rience d&rsquo;\u00e9coute.     <\/span><\/div>\n<div class=\"specification-item row-header\"><span class=\"spec-content\"><strong>Informations g\u00e9n\u00e9rales<\/strong><\/span><\/div>\n<div class=\"specification-item row-even\"><span class=\"spec-content\">Le NRG-Y3 d&rsquo;AudioQuest est con\u00e7u selon la philosophie de Garth Powell, en mettant l&rsquo;accent sur la r\u00e9duction du bruit et la fourniture d&rsquo;une puissance pure. Le cordon utilise des conducteurs directionnels en cuivre \u00e0 grain long (LGC) dans une construction concentrique semi-solide, qui minimise la distorsion. La g\u00e9om\u00e9trie Zero-Tech \u00e9limine les distorsions d&rsquo;imp\u00e9dance. Les fiches sont plaqu\u00e9es or et soud\u00e9es \u00e0 froid pour une qualit\u00e9 de signal optimale.   <\/span><\/div>\n<div class=\"specification-item row-header\"><span class=\"spec-content\"><strong>Histoire de la marque<\/strong><\/span><\/div>\n<div class=\"specification-item row-even\"><span class=\"spec-content\">AudioQuest a \u00e9t\u00e9 fond\u00e9e en 1980 par William E. Low en Californie, aux \u00c9tats-Unis. La marque a commenc\u00e9 par assembler manuellement des c\u00e2bles selon des m\u00e9thodes de conception sp\u00e9cifiques bas\u00e9es sur la minimisation de la distorsion.  Depuis, AudioQuest a d\u00e9velopp\u00e9 une gamme de produits qui comprend des c\u00e2bles d&rsquo;interconnexion, des c\u00e2bles de haut-parleurs, des c\u00e2bles num\u00e9riques et de r\u00e9seau, des produits d&rsquo;alimentation et des accessoires portables. Depuis le d\u00e9but, l&rsquo;entreprise s&rsquo;en tient \u00e0 l&rsquo;utilisation de c\u00e2bles directionnels et de conducteurs \u00e0 \u00e2me pleine. En 2012, AudioQuest a lanc\u00e9 le DragonFly, un convertisseur num\u00e9rique-analogique USB. Le d\u00e9veloppement des produits a lieu aux \u00c9tats-Unis, tandis que la production est en partie r\u00e9alis\u00e9e en Chine et ailleurs. AudioQuest applique une philosophie selon laquelle la s\u00e9lection des mat\u00e9riaux, la g\u00e9om\u00e9trie et la finition ont un impact direct sur les performances du c\u00e2ble.    <\/span><\/div>\n<\/div>\n","protected":false},"excerpt":{"rendered":"<p>Description Freakuence ! Le c\u00e2ble ! Et oui, ils font la diff\u00e9rence, que vous le vouliez ou non. Hein ? Prix de vente au d\u00e9tail : 259,95 Description g\u00e9n\u00e9rale Le NRG-Y3 d&rsquo;AudioQuest est un c\u00e2ble d&rsquo;alimentation con\u00e7u pour am\u00e9liorer les performances de votre \u00e9quipement audio et vid\u00e9o. D&rsquo;une longueur de 3 m\u00e8tres, ce c\u00e2ble offre [&hellip;]<\/p>\n","protected":false},"featured_media":385363,"template":"","meta":{"_acf_changed":false,"inline_featured_image":false},"product_brand":[],"product_cat":[345],"product_tag":[533],"class_list":{"0":"post-324802","1":"product","2":"type-product","3":"status-publish","4":"has-post-thumbnail","6":"product_cat-speakers","7":"product_tag-used","9":"first","10":"instock","11":"sold-individually","12":"purchasable","13":"product-type-simple"},"acf":{"website":true,"show_on_homepage":false,"brand_title":"AudioQuest","product_type":"NRG-Y3 300cm","color":"","subcolor":"","reserved_status":"0"},"_links":{"self":[{"href":"https:\/\/dev.freakuence.nl\/fr\/wp-json\/wp\/v2\/product\/324802","targetHints":{"allow":["GET"]}}],"collection":[{"href":"https:\/\/dev.freakuence.nl\/fr\/wp-json\/wp\/v2\/product"}],"about":[{"href":"https:\/\/dev.freakuence.nl\/fr\/wp-json\/wp\/v2\/types\/product"}],"wp:featuredmedia":[{"embeddable":true,"href":"https:\/\/dev.freakuence.nl\/fr\/wp-json\/wp\/v2\/media\/385363"}],"wp:attachment":[{"href":"https:\/\/dev.freakuence.nl\/fr\/wp-json\/wp\/v2\/media?parent=324802"}],"wp:term":[{"taxonomy":"product_brand","embeddable":true,"href":"https:\/\/dev.freakuence.nl\/fr\/wp-json\/wp\/v2\/product_brand?post=324802"},{"taxonomy":"product_cat","embeddable":true,"href":"https:\/\/dev.freakuence.nl\/fr\/wp-json\/wp\/v2\/product_cat?post=324802"},{"taxonomy":"product_tag","embeddable":true,"href":"https:\/\/dev.freakuence.nl\/fr\/wp-json\/wp\/v2\/product_tag?post=324802"}],"curies":[{"name":"wp","href":"https:\/\/api.w.org\/{rel}","templated":true}]}}