{"id":325030,"date":"2025-11-05T14:48:26","date_gmt":"2025-11-05T13:48:26","guid":{"rendered":"https:\/\/freakuence.nl\/product\/kef-r7-meta\/"},"modified":"2026-04-20T05:41:03","modified_gmt":"2026-04-20T03:41:03","slug":"kef-r7-meta","status":"publish","type":"product","link":"https:\/\/dev.freakuence.nl\/fr\/produit\/kef-r7-meta\/","title":{"rendered":"KEF R7 Meta"},"content":{"rendered":"<div class=\"product-specifications-list\">\n<div class=\"specification-item row-header\"><span class=\"spec-content\"><strong>Description Freakuence !<\/strong><\/span><\/div>\n<div class=\"specification-item row-even\"><span class=\"spec-content\">Grandes colonnes de la magnifique ligne R. Un son grandiose et raffin\u00e9 ! Les voix sont tr\u00e8s directes et au premier plan, avec une batterie plac\u00e9e derri\u00e8re elles, par exemple. Faites-les bien, mettez une bonne sc\u00e8ne devant vous.   <\/span><\/div>\n<div class=\"specification-item row-odd\"><span class=\"spec-content\">Prix de vente au d\u00e9tail : 5 250,00<\/span><\/div>\n<div class=\"specification-item row-header\"><span class=\"spec-content\"><strong>D\u00e9tails<\/strong><\/span><\/div>\n<div class=\"specification-item row-even\"><span class=\"spec-content\">Cette couleur R7 Meta est en voie de disparition parce que KEF ne peut plus obtenir la couleur fournie. Nous avons les derniers jeux de l&rsquo;importateur. Ils sont donc neufs dans leur bo\u00eete et b\u00e9n\u00e9ficient de la garantie compl\u00e8te du revendeur. Vous b\u00e9n\u00e9ficiez donc d&rsquo;une belle remise !   <\/span><\/div>\n<div class=\"specification-item row-odd\"><span class=\"spec-content\">Nous sommes heureux de pouvoir en faire commerce. N&rsquo;h\u00e9sitez pas \u00e0 nous envoyer ce que vous avez de disponible, nous serons heureux d&rsquo;\u00e9valuer si nous pouvons le mettre en vente. <\/span><\/div>\n<div class=\"specification-item row-even\"><span class=\"spec-content\">Il y a ici une s\u00e9rie de jeux qui permet de les juger.<\/span><\/div>\n<div class=\"specification-item row-header\"><span class=\"spec-content\"><strong>Description g\u00e9n\u00e9rale<\/strong><\/span><\/div>\n<div class=\"specification-item row-even\"><span class=\"spec-content\">Cette enceinte colonne \u00e0 trois voies utilise le syst\u00e8me de haut-parleurs Uni-Q de 12e g\u00e9n\u00e9ration avec la technologie d&rsquo;absorption par m\u00e9tamat\u00e9riaux (MAT) pour une reproduction cristalline de la musique et des films. Les deux woofers de 16,5 cm en aluminium hybride offrent une r\u00e9ponse pr\u00e9cise et dynamique dans les basses. La gamme de fr\u00e9quences s&rsquo;\u00e9tend de 33 Hz \u00e0 50 kHz, avec une sensibilit\u00e9 de 88 dB. Avec une imp\u00e9dance nominale de 4 ohms et une puissance d&rsquo;amplification recommand\u00e9e entre 15 et 250 watts, il fonctionne bien avec une vari\u00e9t\u00e9 d&rsquo;amplificateurs. L&rsquo;enceinte est dot\u00e9e de renforts internes et d&rsquo;un syst\u00e8me d&rsquo;amortissement en couches contraint pour r\u00e9duire les vibrations ind\u00e9sirables. Les parois souples des ports emp\u00eachent toute r\u00e9sonance susceptible d&rsquo;affecter les m\u00e9diums. Disponible dans des finitions telles que le noir brillant, le blanc brillant, le noyer et le titane brillant.      <\/span><\/div>\n<div class=\"specification-item row-header\"><span class=\"spec-content\"><strong>Informations g\u00e9n\u00e9rales<\/strong><\/span><\/div>\n<div class=\"specification-item row-even\"><span class=\"spec-content\">La KEF R7 Meta est une enceinte colonne \u00e0 trois voies con\u00e7ue autour du haut-parleur Uni-Q de 12\u00e8me g\u00e9n\u00e9ration de KEF avec la technologie innovante MAT, qui absorbe 99% des bruits ind\u00e9sirables derri\u00e8re le tweeter. Le caisson est contrevent\u00e9 \u00e0 l&rsquo;int\u00e9rieur avec le syst\u00e8me Constrained Layer Damping, minimise les r\u00e9sonances et est soigneusement r\u00e9gl\u00e9 \u00e0 Maidstone, au Royaume-Uni. Des ing\u00e9nieurs tels que Jack Oclee-Brown jouent un r\u00f4le cl\u00e9 dans la conception de la s\u00e9rie R, en se concentrant sur la puret\u00e9 et la pr\u00e9cision acoustiques.  <\/span><\/div>\n<div class=\"specification-item row-header\"><span class=\"spec-content\"><strong>Histoire de la marque<\/strong><\/span><\/div>\n<div class=\"specification-item row-even\"><span class=\"spec-content\">KEF a \u00e9t\u00e9 fond\u00e9e en 1961 \u00e0 Maidstone, dans le Kent, par Raymond Cooke, ancien chef de piste de la BBC. Le nom est d\u00e9riv\u00e9 de Kent Engineering &amp; Foundry, le site sur lequel se trouvait son premier si\u00e8ge social. Au cours de ses premi\u00e8res ann\u00e9es d&rsquo;existence, la soci\u00e9t\u00e9 a d\u00e9velopp\u00e9 des produits en utilisant des mat\u00e9riaux synth\u00e9tiques et des mod\u00e8les math\u00e9matiques. En 1973, KEF introduit le concept de r\u00e9f\u00e9rence, dans lequel chaque paire de syst\u00e8mes est appari\u00e9e \u00e9lectroniquement. Dans les ann\u00e9es 1980, KEF utilise les technologies num\u00e9riques pour optimiser la production. En 1988, le premier syst\u00e8me de mesure acoustique assist\u00e9 par ordinateur est utilis\u00e9. La technologie des haut-parleurs Uni-Q a \u00e9t\u00e9 introduite en 1988 et a depuis \u00e9t\u00e9 utilis\u00e9e dans plusieurs mod\u00e8les. KEF a collabor\u00e9 avec des designers externes, notamment Ross Lovegrove. En 2011, le Blade a \u00e9t\u00e9 lanc\u00e9, le premier mod\u00e8le bas\u00e9 sur le concept de source \u00e0 point unique. KEF poss\u00e8de des bureaux dans le monde entier, notamment \u00e0 Hong Kong, en Allemagne, en France, au Japon et aux \u00c9tats-Unis. Son si\u00e8ge social et son d\u00e9partement de recherche acoustique se trouvent \u00e0 Maidstone.          <\/span><\/div>\n<\/div>\n","protected":false},"excerpt":{"rendered":"<p>Description Freakuence ! Grandes colonnes de la magnifique ligne R. Un son grandiose et raffin\u00e9 ! Les voix sont tr\u00e8s directes et au premier plan, avec une batterie plac\u00e9e derri\u00e8re elles, par exemple. Faites-les bien, mettez une bonne sc\u00e8ne devant vous. Prix de vente au d\u00e9tail : 5 250,00 D\u00e9tails Cette couleur R7 Meta est [&hellip;]<\/p>\n","protected":false},"featured_media":404590,"template":"","meta":{"_acf_changed":false,"inline_featured_image":false},"product_brand":[],"product_cat":[543],"product_tag":[565],"class_list":{"0":"post-325030","1":"product","2":"type-product","3":"status-publish","4":"has-post-thumbnail","6":"product_cat-intervenants","7":"product_tag-nouveau","8":"pa_kleur-gris","10":"first","11":"instock","12":"sold-individually","13":"purchasable","14":"product-type-simple"},"acf":{"website":true,"show_on_homepage":false,"brand_title":"KEF","product_type":"R7 Meta","color":"Gris","subcolor":"Titane brillant","reserved_status":"0"},"yoast_head":"<!-- This site is optimized with the Yoast SEO plugin v25.9 - https:\/\/yoast.com\/wordpress\/plugins\/seo\/ -->\n<title>KEF R7 Meta | Freakuence!<\/title>\n<meta name=\"description\" content=\"Les enceintes colonnes KEF R7 Meta offrent un son cristallin et des basses profondes et dynamiques. \u2713 HiFi neuf et d&#039;occasion \u2713 Note du client : 4.9 sur 5 \u2713 Reprise \u2713 Session d&#039;\u00e9coute\" \/>\n<meta name=\"robots\" content=\"noindex, follow, max-snippet:-1, max-image-preview:large, max-video-preview:-1\" \/>\n<meta property=\"og:locale\" content=\"fr_FR\" \/>\n<meta property=\"og:type\" content=\"article\" \/>\n<meta property=\"og:title\" content=\"KEF R7 Meta | Freakuence!\" \/>\n<meta property=\"og:description\" content=\"Les enceintes colonnes KEF R7 Meta offrent un son cristallin et des basses profondes et dynamiques. \u2713 HiFi neuf et d&#039;occasion \u2713 Note du client : 4.9 sur 5 \u2713 Reprise \u2713 Session d&#039;\u00e9coute\" \/>\n<meta property=\"og:url\" content=\"https:\/\/dev.freakuence.nl\/fr\/produit\/kef-r7-meta\/\" \/>\n<meta property=\"og:site_name\" content=\"Freakuence!\" \/>\n<meta property=\"article:modified_time\" content=\"2026-04-20T03:41:03+00:00\" \/>\n<meta property=\"og:image\" content=\"https:\/\/dev.freakuence.nl\/wp-content\/uploads\/2026\/04\/17623503655277-18444-r7metatitaniumgrey.jpg\" \/>\n\t<meta property=\"og:image:width\" content=\"1200\" \/>\n\t<meta property=\"og:image:height\" content=\"1200\" \/>\n\t<meta property=\"og:image:type\" content=\"image\/jpeg\" \/>\n<meta name=\"twitter:card\" content=\"summary_large_image\" \/>\n<script type=\"application\/ld+json\" class=\"yoast-schema-graph\">{\"@context\":\"https:\/\/schema.org\",\"@graph\":[{\"@type\":\"WebPage\",\"@id\":\"https:\/\/dev.freakuence.nl\/fr\/produit\/kef-r7-meta\/\",\"url\":\"https:\/\/dev.freakuence.nl\/fr\/produit\/kef-r7-meta\/\",\"name\":\"KEF R7 Meta | Freakuence!\",\"isPartOf\":{\"@id\":\"https:\/\/dev.freakuence.nl\/fr\/#website\"},\"primaryImageOfPage\":{\"@id\":\"https:\/\/dev.freakuence.nl\/fr\/produit\/kef-r7-meta\/#primaryimage\"},\"image\":{\"@id\":\"https:\/\/dev.freakuence.nl\/fr\/produit\/kef-r7-meta\/#primaryimage\"},\"thumbnailUrl\":\"https:\/\/dev.freakuence.nl\/wp-content\/uploads\/2026\/04\/17623503655277-18444-r7metatitaniumgrey.jpg\",\"datePublished\":\"2025-11-05T13:48:26+00:00\",\"dateModified\":\"2026-04-20T03:41:03+00:00\",\"description\":\"Les enceintes colonnes KEF R7 Meta offrent un son cristallin et des basses profondes et dynamiques. \u2713 HiFi neuf et d'occasion \u2713 Note du client : 4.9 sur 5 \u2713 Reprise \u2713 Session d'\u00e9coute\",\"breadcrumb\":{\"@id\":\"https:\/\/dev.freakuence.nl\/fr\/produit\/kef-r7-meta\/#breadcrumb\"},\"inLanguage\":\"fr-FR\",\"potentialAction\":[{\"@type\":\"ReadAction\",\"target\":[\"https:\/\/dev.freakuence.nl\/fr\/produit\/kef-r7-meta\/\"]}]},{\"@type\":\"ImageObject\",\"inLanguage\":\"fr-FR\",\"@id\":\"https:\/\/dev.freakuence.nl\/fr\/produit\/kef-r7-meta\/#primaryimage\",\"url\":\"https:\/\/dev.freakuence.nl\/wp-content\/uploads\/2026\/04\/17623503655277-18444-r7metatitaniumgrey.jpg\",\"contentUrl\":\"https:\/\/dev.freakuence.nl\/wp-content\/uploads\/2026\/04\/17623503655277-18444-r7metatitaniumgrey.jpg\",\"width\":1200,\"height\":1200},{\"@type\":\"BreadcrumbList\",\"@id\":\"https:\/\/dev.freakuence.nl\/fr\/produit\/kef-r7-meta\/#breadcrumb\",\"itemListElement\":[{\"@type\":\"ListItem\",\"position\":1,\"name\":\"Accueil\",\"item\":\"https:\/\/dev.freakuence.nl\/fr\/\"},{\"@type\":\"ListItem\",\"position\":2,\"name\":\"Produits\",\"item\":\"https:\/\/dev.freakuence.nl\/fr\/produits\/\"},{\"@type\":\"ListItem\",\"position\":3,\"name\":\"KEF R7 Meta\"}]},{\"@type\":\"WebSite\",\"@id\":\"https:\/\/dev.freakuence.nl\/fr\/#website\",\"url\":\"https:\/\/dev.freakuence.nl\/fr\/\",\"name\":\"Freakuence!\",\"description\":\"Freakuence!\",\"publisher\":{\"@id\":\"https:\/\/dev.freakuence.nl\/fr\/#organization\"},\"alternateName\":\"Freakuence\",\"potentialAction\":[{\"@type\":\"SearchAction\",\"target\":{\"@type\":\"EntryPoint\",\"urlTemplate\":\"https:\/\/dev.freakuence.nl\/fr\/?s={search_term_string}\"},\"query-input\":{\"@type\":\"PropertyValueSpecification\",\"valueRequired\":true,\"valueName\":\"search_term_string\"}}],\"inLanguage\":\"fr-FR\"},{\"@type\":\"Organization\",\"@id\":\"https:\/\/dev.freakuence.nl\/fr\/#organization\",\"name\":\"Freakuence !\",\"url\":\"https:\/\/dev.freakuence.nl\/fr\/\",\"logo\":{\"@type\":\"ImageObject\",\"inLanguage\":\"fr-FR\",\"@id\":\"https:\/\/dev.freakuence.nl\/fr\/#\/schema\/logo\/image\/\",\"url\":\"https:\/\/dev.freakuence.nl\/wp-content\/uploads\/2022\/05\/Brown_3_RGB_Freakuence-1.png\",\"contentUrl\":\"https:\/\/dev.freakuence.nl\/wp-content\/uploads\/2022\/05\/Brown_3_RGB_Freakuence-1.png\",\"width\":2560,\"height\":684,\"caption\":\"Freakuence !\"},\"image\":{\"@id\":\"https:\/\/dev.freakuence.nl\/fr\/#\/schema\/logo\/image\/\"},\"sameAs\":[\"https:\/\/www.instagram.com\/freakuence_notorious_audio\/\"]}]}<\/script>\n<!-- \/ Yoast SEO plugin. -->","yoast_head_json":{"title":"KEF R7 Meta | Freakuence!","description":"Les enceintes colonnes KEF R7 Meta offrent un son cristallin et des basses profondes et dynamiques. \u2713 HiFi neuf et d'occasion \u2713 Note du client : 4.9 sur 5 \u2713 Reprise \u2713 Session d'\u00e9coute","robots":{"index":"noindex","follow":"follow","max-snippet":"max-snippet:-1","max-image-preview":"max-image-preview:large","max-video-preview":"max-video-preview:-1"},"og_locale":"fr_FR","og_type":"article","og_title":"KEF R7 Meta | Freakuence!","og_description":"Les enceintes colonnes KEF R7 Meta offrent un son cristallin et des basses profondes et dynamiques. \u2713 HiFi neuf et d'occasion \u2713 Note du client : 4.9 sur 5 \u2713 Reprise \u2713 Session d'\u00e9coute","og_url":"https:\/\/dev.freakuence.nl\/fr\/produit\/kef-r7-meta\/","og_site_name":"Freakuence!","article_modified_time":"2026-04-20T03:41:03+00:00","og_image":[{"width":1200,"height":1200,"url":"https:\/\/dev.freakuence.nl\/wp-content\/uploads\/2026\/04\/17623503655277-18444-r7metatitaniumgrey.jpg","type":"image\/jpeg"}],"twitter_card":"summary_large_image","schema":{"@context":"https:\/\/schema.org","@graph":[{"@type":"WebPage","@id":"https:\/\/dev.freakuence.nl\/fr\/produit\/kef-r7-meta\/","url":"https:\/\/dev.freakuence.nl\/fr\/produit\/kef-r7-meta\/","name":"KEF R7 Meta | Freakuence!","isPartOf":{"@id":"https:\/\/dev.freakuence.nl\/fr\/#website"},"primaryImageOfPage":{"@id":"https:\/\/dev.freakuence.nl\/fr\/produit\/kef-r7-meta\/#primaryimage"},"image":{"@id":"https:\/\/dev.freakuence.nl\/fr\/produit\/kef-r7-meta\/#primaryimage"},"thumbnailUrl":"https:\/\/dev.freakuence.nl\/wp-content\/uploads\/2026\/04\/17623503655277-18444-r7metatitaniumgrey.jpg","datePublished":"2025-11-05T13:48:26+00:00","dateModified":"2026-04-20T03:41:03+00:00","description":"Les enceintes colonnes KEF R7 Meta offrent un son cristallin et des basses profondes et dynamiques. \u2713 HiFi neuf et d'occasion \u2713 Note du client : 4.9 sur 5 \u2713 Reprise \u2713 Session d'\u00e9coute","breadcrumb":{"@id":"https:\/\/dev.freakuence.nl\/fr\/produit\/kef-r7-meta\/#breadcrumb"},"inLanguage":"fr-FR","potentialAction":[{"@type":"ReadAction","target":["https:\/\/dev.freakuence.nl\/fr\/produit\/kef-r7-meta\/"]}]},{"@type":"ImageObject","inLanguage":"fr-FR","@id":"https:\/\/dev.freakuence.nl\/fr\/produit\/kef-r7-meta\/#primaryimage","url":"https:\/\/dev.freakuence.nl\/wp-content\/uploads\/2026\/04\/17623503655277-18444-r7metatitaniumgrey.jpg","contentUrl":"https:\/\/dev.freakuence.nl\/wp-content\/uploads\/2026\/04\/17623503655277-18444-r7metatitaniumgrey.jpg","width":1200,"height":1200},{"@type":"BreadcrumbList","@id":"https:\/\/dev.freakuence.nl\/fr\/produit\/kef-r7-meta\/#breadcrumb","itemListElement":[{"@type":"ListItem","position":1,"name":"Accueil","item":"https:\/\/dev.freakuence.nl\/fr\/"},{"@type":"ListItem","position":2,"name":"Produits","item":"https:\/\/dev.freakuence.nl\/fr\/produits\/"},{"@type":"ListItem","position":3,"name":"KEF R7 Meta"}]},{"@type":"WebSite","@id":"https:\/\/dev.freakuence.nl\/fr\/#website","url":"https:\/\/dev.freakuence.nl\/fr\/","name":"Freakuence!","description":"Freakuence!","publisher":{"@id":"https:\/\/dev.freakuence.nl\/fr\/#organization"},"alternateName":"Freakuence","potentialAction":[{"@type":"SearchAction","target":{"@type":"EntryPoint","urlTemplate":"https:\/\/dev.freakuence.nl\/fr\/?s={search_term_string}"},"query-input":{"@type":"PropertyValueSpecification","valueRequired":true,"valueName":"search_term_string"}}],"inLanguage":"fr-FR"},{"@type":"Organization","@id":"https:\/\/dev.freakuence.nl\/fr\/#organization","name":"Freakuence !","url":"https:\/\/dev.freakuence.nl\/fr\/","logo":{"@type":"ImageObject","inLanguage":"fr-FR","@id":"https:\/\/dev.freakuence.nl\/fr\/#\/schema\/logo\/image\/","url":"https:\/\/dev.freakuence.nl\/wp-content\/uploads\/2022\/05\/Brown_3_RGB_Freakuence-1.png","contentUrl":"https:\/\/dev.freakuence.nl\/wp-content\/uploads\/2022\/05\/Brown_3_RGB_Freakuence-1.png","width":2560,"height":684,"caption":"Freakuence !"},"image":{"@id":"https:\/\/dev.freakuence.nl\/fr\/#\/schema\/logo\/image\/"},"sameAs":["https:\/\/www.instagram.com\/freakuence_notorious_audio\/"]}]}},"_links":{"self":[{"href":"https:\/\/dev.freakuence.nl\/fr\/wp-json\/wp\/v2\/product\/325030","targetHints":{"allow":["GET"]}}],"collection":[{"href":"https:\/\/dev.freakuence.nl\/fr\/wp-json\/wp\/v2\/product"}],"about":[{"href":"https:\/\/dev.freakuence.nl\/fr\/wp-json\/wp\/v2\/types\/product"}],"wp:featuredmedia":[{"embeddable":true,"href":"https:\/\/dev.freakuence.nl\/fr\/wp-json\/wp\/v2\/media\/404590"}],"wp:attachment":[{"href":"https:\/\/dev.freakuence.nl\/fr\/wp-json\/wp\/v2\/media?parent=325030"}],"wp:term":[{"taxonomy":"product_brand","embeddable":true,"href":"https:\/\/dev.freakuence.nl\/fr\/wp-json\/wp\/v2\/product_brand?post=325030"},{"taxonomy":"product_cat","embeddable":true,"href":"https:\/\/dev.freakuence.nl\/fr\/wp-json\/wp\/v2\/product_cat?post=325030"},{"taxonomy":"product_tag","embeddable":true,"href":"https:\/\/dev.freakuence.nl\/fr\/wp-json\/wp\/v2\/product_tag?post=325030"}],"curies":[{"name":"wp","href":"https:\/\/api.w.org\/{rel}","templated":true}]}}