{"id":325149,"date":"2025-11-06T10:08:35","date_gmt":"2025-11-06T09:08:35","guid":{"rendered":"https:\/\/freakuence.nl\/product\/linn-majik-ds-0\/"},"modified":"2026-04-08T18:52:08","modified_gmt":"2026-04-08T16:52:08","slug":"linn-majik-ds-0","status":"publish","type":"product","link":"https:\/\/dev.freakuence.nl\/fr\/produit\/linn-majik-ds-0\/","title":{"rendered":"Linn Majik DS\/0"},"content":{"rendered":"<div class=\"product-specifications-list\">\n<div class=\"specification-item row-header\"><span class=\"spec-content\"><strong>Description Freakuence !<\/strong><\/span><\/div>\n<div class=\"specification-item row-even\"><span class=\"spec-content\">Linn et ses streamers : toujours bons. Un point ! La Majik est leur entr\u00e9e de gamme, mais joue \u00e0 un niveau bien plus \u00e9lev\u00e9 que, disons, la Bluesound. Tr\u00e8s d\u00e9taill\u00e9e, avec une sc\u00e8ne profonde et large. Ce qui ressort, c&rsquo;est l&rsquo;espace \u00e9norme autour de tout. En \u00e9tant capable d&rsquo;entrer les dimensions de la pi\u00e8ce et les enceintes dont vous disposez, il \u00e9l\u00e8ve le niveau moyen de l&rsquo;ensemble. Tidal, Spotify, Qubuz, etc. Aucun probl\u00e8me avec l&rsquo;application Linn. Bienvenue pour une d\u00e9monstration !        <\/span><\/div>\n<div class=\"specification-item row-header\"><span class=\"spec-content\"><strong>Description g\u00e9n\u00e9rale<\/strong><\/span><\/div>\n<div class=\"specification-item row-even\"><span class=\"spec-content\">Le Linn Majik DS\/0 est un lecteur de musique num\u00e9rique qui donne vie \u00e0 votre collection musicale. Prenant en charge diff\u00e9rents formats audio, dont FLAC, WAV, MP3 et AIFF, l&rsquo;appareil offre une exp\u00e9rience d&rsquo;\u00e9coute polyvalente. Le Majik DS\/0 est con\u00e7u pour s&rsquo;int\u00e9grer facilement \u00e0 votre r\u00e9seau domestique via une connexion Ethernet standard, ce qui permet d&rsquo;acc\u00e9der sans effort \u00e0 vos fichiers musicaux stock\u00e9s. Il offre \u00e9galement un acc\u00e8s \u00e0 la radio Internet SHOUTcast, ce qui vous permet de profiter d&rsquo;un large \u00e9ventail de stations de radio du monde entier. L&rsquo;appareil est compatible UPnP, ce qui garantit une int\u00e9gration transparente avec divers serveurs multim\u00e9dias et dispositifs de contr\u00f4le. Le contr\u00f4le de volume int\u00e9gr\u00e9 vous permet de connecter le Majik DS\/0 directement \u00e0 un amplificateur de puissance, ce qui permet une installation simple et de haute qualit\u00e9. Son design compact et \u00e9l\u00e9gant lui permet de s&rsquo;int\u00e9grer avec style dans n&rsquo;importe quel int\u00e9rieur. Avec le Majik DS\/0, vous disposez d&rsquo;un lecteur de musique fiable et polyvalent qui porte votre exp\u00e9rience d&rsquo;\u00e9coute \u00e0 un niveau sup\u00e9rieur.       <\/span><\/div>\n<div class=\"specification-item row-header\"><span class=\"spec-content\"><strong>Informations g\u00e9n\u00e9rales<\/strong><\/span><\/div>\n<div class=\"specification-item row-even\"><span class=\"spec-content\">Le Linn Majik DS\/0 est un lecteur r\u00e9seau con\u00e7u et fabriqu\u00e9 en \u00c9cosse par Linn Products. Il fait partie de la s\u00e9rie Majik et utilise la technologie DAC Klimax de Linn. L&rsquo;unit\u00e9 utilise des composants soigneusement s\u00e9lectionn\u00e9s, avec des circuits \u00e9quilibr\u00e9s en interne pour minimiser les interf\u00e9rences. Le bo\u00eetier en aluminium massif prot\u00e8ge des bruits \u00e9lectromagn\u00e9tiques. Linn d\u00e9veloppe et fabrique presque tous les composants en interne, en \u00c9cosse, conform\u00e9ment \u00e0 sa philosophie \u00ab\u00a0source-first\u00a0\u00bb.    <\/span><\/div>\n<div class=\"specification-item row-header\"><span class=\"spec-content\"><strong>Histoire de la marque<\/strong><\/span><\/div>\n<div class=\"specification-item row-even\"><span class=\"spec-content\">Linn a \u00e9t\u00e9 fond\u00e9e en 1973 par Ivor Tiefenbrun. Elle a commenc\u00e9 par la production de la Sondek LP12, une platine qui a \u00e9t\u00e9 continuellement am\u00e9lior\u00e9e au cours des ann\u00e9es suivantes. L&rsquo;une des premi\u00e8res innovations a \u00e9t\u00e9 l&rsquo;introduction d&rsquo;une alimentation externe, le Valhalla, et d&rsquo;autres d\u00e9veloppements importants ont suivi plus tard, comme l&rsquo;introduction du syst\u00e8me d&rsquo;alimentation Lingo en 1990. En 1986, Linn a lanc\u00e9 la cartouche Troika, qui offrait une meilleure reproduction du signal. Dans les ann\u00e9es 1990, Linn a \u00e9largi son offre avec des produits num\u00e9riques, tels que le lecteur de CD Karik\/Numerik, et a lanc\u00e9 le syst\u00e8me multiroom Knekt en 1994. Linn fabrique presque tout en interne. D\u00e9couvrez leur machine de fabrication de circuits imprim\u00e9s en ligne !      <\/span><\/div>\n<\/div>\n","protected":false},"excerpt":{"rendered":"<p>Description Freakuence ! Linn et ses streamers : toujours bons. Un point ! La Majik est leur entr\u00e9e de gamme, mais joue \u00e0 un niveau bien plus \u00e9lev\u00e9 que, disons, la Bluesound. Tr\u00e8s d\u00e9taill\u00e9e, avec une sc\u00e8ne profonde et large. Ce qui ressort, c&rsquo;est l&rsquo;espace \u00e9norme autour de tout. En \u00e9tant capable d&rsquo;entrer les dimensions [&hellip;]<\/p>\n","protected":false},"featured_media":384407,"template":"","meta":{"_acf_changed":false,"inline_featured_image":false},"product_brand":[],"product_cat":[689,742],"product_tag":[533],"class_list":{"0":"post-325149","1":"product","2":"type-product","3":"status-publish","4":"has-post-thumbnail","6":"product_cat-sources-dinformation","7":"product_cat-streamers","8":"product_tag-used","9":"pa_kleur-noir","11":"first","12":"instock","13":"sold-individually","14":"purchasable","15":"product-type-simple"},"acf":{"website":true,"show_on_homepage":false,"brand_title":"Linn","product_type":"Majik DS\/0","color":"Noir","subcolor":"","reserved_status":"0"},"yoast_head":"<!-- This site is optimized with the Yoast SEO plugin v25.9 - https:\/\/yoast.com\/wordpress\/plugins\/seo\/ -->\n<title>Linn Majik DS\/0 | Freakuence!<\/title>\n<meta name=\"description\" content=\"Linn Majik DS\/0 : lecteur de musique num\u00e9rique avec support 24-bit\/192kHz et radio internet. \u2713 HiFi neuve et d&#039;occasion \u2713 Note du client : 4.9 sur 5 \u2713 Reprise \u2713 Session d&#039;\u00e9coute\" \/>\n<meta name=\"robots\" content=\"noindex, follow, max-snippet:-1, max-image-preview:large, max-video-preview:-1\" \/>\n<meta property=\"og:locale\" content=\"fr_FR\" \/>\n<meta property=\"og:type\" content=\"article\" \/>\n<meta property=\"og:title\" content=\"Linn Majik DS\/0 | Freakuence!\" \/>\n<meta property=\"og:description\" content=\"Linn Majik DS\/0 : lecteur de musique num\u00e9rique avec support 24-bit\/192kHz et radio internet. \u2713 HiFi neuve et d&#039;occasion \u2713 Note du client : 4.9 sur 5 \u2713 Reprise \u2713 Session d&#039;\u00e9coute\" \/>\n<meta property=\"og:url\" content=\"https:\/\/dev.freakuence.nl\/fr\/produit\/linn-majik-ds-0\/\" \/>\n<meta property=\"og:site_name\" content=\"Freakuence!\" \/>\n<meta property=\"article:modified_time\" content=\"2026-04-08T16:52:08+00:00\" \/>\n<meta property=\"og:image\" content=\"https:\/\/dev.freakuence.nl\/wp-content\/uploads\/2026\/04\/17624200871268-18116-IMG5358.jpg\" \/>\n\t<meta property=\"og:image:width\" content=\"1800\" \/>\n\t<meta property=\"og:image:height\" content=\"1200\" \/>\n\t<meta property=\"og:image:type\" content=\"image\/jpeg\" \/>\n<meta name=\"twitter:card\" content=\"summary_large_image\" \/>\n<script type=\"application\/ld+json\" class=\"yoast-schema-graph\">{\"@context\":\"https:\/\/schema.org\",\"@graph\":[{\"@type\":\"WebPage\",\"@id\":\"https:\/\/dev.freakuence.nl\/fr\/produit\/linn-majik-ds-0\/\",\"url\":\"https:\/\/dev.freakuence.nl\/fr\/produit\/linn-majik-ds-0\/\",\"name\":\"Linn Majik DS\/0 | Freakuence!\",\"isPartOf\":{\"@id\":\"https:\/\/dev.freakuence.nl\/fr\/#website\"},\"primaryImageOfPage\":{\"@id\":\"https:\/\/dev.freakuence.nl\/fr\/produit\/linn-majik-ds-0\/#primaryimage\"},\"image\":{\"@id\":\"https:\/\/dev.freakuence.nl\/fr\/produit\/linn-majik-ds-0\/#primaryimage\"},\"thumbnailUrl\":\"https:\/\/dev.freakuence.nl\/wp-content\/uploads\/2026\/04\/17624200871268-18116-IMG5358.jpg\",\"datePublished\":\"2025-11-06T09:08:35+00:00\",\"dateModified\":\"2026-04-08T16:52:08+00:00\",\"description\":\"Linn Majik DS\/0 : lecteur de musique num\u00e9rique avec support 24-bit\/192kHz et radio internet. \u2713 HiFi neuve et d'occasion \u2713 Note du client : 4.9 sur 5 \u2713 Reprise \u2713 Session d'\u00e9coute\",\"breadcrumb\":{\"@id\":\"https:\/\/dev.freakuence.nl\/fr\/produit\/linn-majik-ds-0\/#breadcrumb\"},\"inLanguage\":\"fr-FR\",\"potentialAction\":[{\"@type\":\"ReadAction\",\"target\":[\"https:\/\/dev.freakuence.nl\/fr\/produit\/linn-majik-ds-0\/\"]}]},{\"@type\":\"ImageObject\",\"inLanguage\":\"fr-FR\",\"@id\":\"https:\/\/dev.freakuence.nl\/fr\/produit\/linn-majik-ds-0\/#primaryimage\",\"url\":\"https:\/\/dev.freakuence.nl\/wp-content\/uploads\/2026\/04\/17624200871268-18116-IMG5358.jpg\",\"contentUrl\":\"https:\/\/dev.freakuence.nl\/wp-content\/uploads\/2026\/04\/17624200871268-18116-IMG5358.jpg\",\"width\":1800,\"height\":1200},{\"@type\":\"BreadcrumbList\",\"@id\":\"https:\/\/dev.freakuence.nl\/fr\/produit\/linn-majik-ds-0\/#breadcrumb\",\"itemListElement\":[{\"@type\":\"ListItem\",\"position\":1,\"name\":\"Accueil\",\"item\":\"https:\/\/dev.freakuence.nl\/fr\/\"},{\"@type\":\"ListItem\",\"position\":2,\"name\":\"Produits\",\"item\":\"https:\/\/dev.freakuence.nl\/fr\/produits\/\"},{\"@type\":\"ListItem\",\"position\":3,\"name\":\"Linn Majik DS\/0\"}]},{\"@type\":\"WebSite\",\"@id\":\"https:\/\/dev.freakuence.nl\/fr\/#website\",\"url\":\"https:\/\/dev.freakuence.nl\/fr\/\",\"name\":\"Freakuence!\",\"description\":\"Freakuence!\",\"publisher\":{\"@id\":\"https:\/\/dev.freakuence.nl\/fr\/#organization\"},\"alternateName\":\"Freakuence\",\"potentialAction\":[{\"@type\":\"SearchAction\",\"target\":{\"@type\":\"EntryPoint\",\"urlTemplate\":\"https:\/\/dev.freakuence.nl\/fr\/?s={search_term_string}\"},\"query-input\":{\"@type\":\"PropertyValueSpecification\",\"valueRequired\":true,\"valueName\":\"search_term_string\"}}],\"inLanguage\":\"fr-FR\"},{\"@type\":\"Organization\",\"@id\":\"https:\/\/dev.freakuence.nl\/fr\/#organization\",\"name\":\"Freakuence !\",\"url\":\"https:\/\/dev.freakuence.nl\/fr\/\",\"logo\":{\"@type\":\"ImageObject\",\"inLanguage\":\"fr-FR\",\"@id\":\"https:\/\/dev.freakuence.nl\/fr\/#\/schema\/logo\/image\/\",\"url\":\"https:\/\/dev.freakuence.nl\/wp-content\/uploads\/2022\/05\/Brown_3_RGB_Freakuence-1.png\",\"contentUrl\":\"https:\/\/dev.freakuence.nl\/wp-content\/uploads\/2022\/05\/Brown_3_RGB_Freakuence-1.png\",\"width\":2560,\"height\":684,\"caption\":\"Freakuence !\"},\"image\":{\"@id\":\"https:\/\/dev.freakuence.nl\/fr\/#\/schema\/logo\/image\/\"},\"sameAs\":[\"https:\/\/www.instagram.com\/freakuence_notorious_audio\/\"]}]}<\/script>\n<!-- \/ Yoast SEO plugin. -->","yoast_head_json":{"title":"Linn Majik DS\/0 | Freakuence!","description":"Linn Majik DS\/0 : lecteur de musique num\u00e9rique avec support 24-bit\/192kHz et radio internet. \u2713 HiFi neuve et d'occasion \u2713 Note du client : 4.9 sur 5 \u2713 Reprise \u2713 Session d'\u00e9coute","robots":{"index":"noindex","follow":"follow","max-snippet":"max-snippet:-1","max-image-preview":"max-image-preview:large","max-video-preview":"max-video-preview:-1"},"og_locale":"fr_FR","og_type":"article","og_title":"Linn Majik DS\/0 | Freakuence!","og_description":"Linn Majik DS\/0 : lecteur de musique num\u00e9rique avec support 24-bit\/192kHz et radio internet. \u2713 HiFi neuve et d'occasion \u2713 Note du client : 4.9 sur 5 \u2713 Reprise \u2713 Session d'\u00e9coute","og_url":"https:\/\/dev.freakuence.nl\/fr\/produit\/linn-majik-ds-0\/","og_site_name":"Freakuence!","article_modified_time":"2026-04-08T16:52:08+00:00","og_image":[{"width":1800,"height":1200,"url":"https:\/\/dev.freakuence.nl\/wp-content\/uploads\/2026\/04\/17624200871268-18116-IMG5358.jpg","type":"image\/jpeg"}],"twitter_card":"summary_large_image","schema":{"@context":"https:\/\/schema.org","@graph":[{"@type":"WebPage","@id":"https:\/\/dev.freakuence.nl\/fr\/produit\/linn-majik-ds-0\/","url":"https:\/\/dev.freakuence.nl\/fr\/produit\/linn-majik-ds-0\/","name":"Linn Majik DS\/0 | Freakuence!","isPartOf":{"@id":"https:\/\/dev.freakuence.nl\/fr\/#website"},"primaryImageOfPage":{"@id":"https:\/\/dev.freakuence.nl\/fr\/produit\/linn-majik-ds-0\/#primaryimage"},"image":{"@id":"https:\/\/dev.freakuence.nl\/fr\/produit\/linn-majik-ds-0\/#primaryimage"},"thumbnailUrl":"https:\/\/dev.freakuence.nl\/wp-content\/uploads\/2026\/04\/17624200871268-18116-IMG5358.jpg","datePublished":"2025-11-06T09:08:35+00:00","dateModified":"2026-04-08T16:52:08+00:00","description":"Linn Majik DS\/0 : lecteur de musique num\u00e9rique avec support 24-bit\/192kHz et radio internet. \u2713 HiFi neuve et d'occasion \u2713 Note du client : 4.9 sur 5 \u2713 Reprise \u2713 Session d'\u00e9coute","breadcrumb":{"@id":"https:\/\/dev.freakuence.nl\/fr\/produit\/linn-majik-ds-0\/#breadcrumb"},"inLanguage":"fr-FR","potentialAction":[{"@type":"ReadAction","target":["https:\/\/dev.freakuence.nl\/fr\/produit\/linn-majik-ds-0\/"]}]},{"@type":"ImageObject","inLanguage":"fr-FR","@id":"https:\/\/dev.freakuence.nl\/fr\/produit\/linn-majik-ds-0\/#primaryimage","url":"https:\/\/dev.freakuence.nl\/wp-content\/uploads\/2026\/04\/17624200871268-18116-IMG5358.jpg","contentUrl":"https:\/\/dev.freakuence.nl\/wp-content\/uploads\/2026\/04\/17624200871268-18116-IMG5358.jpg","width":1800,"height":1200},{"@type":"BreadcrumbList","@id":"https:\/\/dev.freakuence.nl\/fr\/produit\/linn-majik-ds-0\/#breadcrumb","itemListElement":[{"@type":"ListItem","position":1,"name":"Accueil","item":"https:\/\/dev.freakuence.nl\/fr\/"},{"@type":"ListItem","position":2,"name":"Produits","item":"https:\/\/dev.freakuence.nl\/fr\/produits\/"},{"@type":"ListItem","position":3,"name":"Linn Majik DS\/0"}]},{"@type":"WebSite","@id":"https:\/\/dev.freakuence.nl\/fr\/#website","url":"https:\/\/dev.freakuence.nl\/fr\/","name":"Freakuence!","description":"Freakuence!","publisher":{"@id":"https:\/\/dev.freakuence.nl\/fr\/#organization"},"alternateName":"Freakuence","potentialAction":[{"@type":"SearchAction","target":{"@type":"EntryPoint","urlTemplate":"https:\/\/dev.freakuence.nl\/fr\/?s={search_term_string}"},"query-input":{"@type":"PropertyValueSpecification","valueRequired":true,"valueName":"search_term_string"}}],"inLanguage":"fr-FR"},{"@type":"Organization","@id":"https:\/\/dev.freakuence.nl\/fr\/#organization","name":"Freakuence !","url":"https:\/\/dev.freakuence.nl\/fr\/","logo":{"@type":"ImageObject","inLanguage":"fr-FR","@id":"https:\/\/dev.freakuence.nl\/fr\/#\/schema\/logo\/image\/","url":"https:\/\/dev.freakuence.nl\/wp-content\/uploads\/2022\/05\/Brown_3_RGB_Freakuence-1.png","contentUrl":"https:\/\/dev.freakuence.nl\/wp-content\/uploads\/2022\/05\/Brown_3_RGB_Freakuence-1.png","width":2560,"height":684,"caption":"Freakuence !"},"image":{"@id":"https:\/\/dev.freakuence.nl\/fr\/#\/schema\/logo\/image\/"},"sameAs":["https:\/\/www.instagram.com\/freakuence_notorious_audio\/"]}]}},"_links":{"self":[{"href":"https:\/\/dev.freakuence.nl\/fr\/wp-json\/wp\/v2\/product\/325149","targetHints":{"allow":["GET"]}}],"collection":[{"href":"https:\/\/dev.freakuence.nl\/fr\/wp-json\/wp\/v2\/product"}],"about":[{"href":"https:\/\/dev.freakuence.nl\/fr\/wp-json\/wp\/v2\/types\/product"}],"wp:featuredmedia":[{"embeddable":true,"href":"https:\/\/dev.freakuence.nl\/fr\/wp-json\/wp\/v2\/media\/384407"}],"wp:attachment":[{"href":"https:\/\/dev.freakuence.nl\/fr\/wp-json\/wp\/v2\/media?parent=325149"}],"wp:term":[{"taxonomy":"product_brand","embeddable":true,"href":"https:\/\/dev.freakuence.nl\/fr\/wp-json\/wp\/v2\/product_brand?post=325149"},{"taxonomy":"product_cat","embeddable":true,"href":"https:\/\/dev.freakuence.nl\/fr\/wp-json\/wp\/v2\/product_cat?post=325149"},{"taxonomy":"product_tag","embeddable":true,"href":"https:\/\/dev.freakuence.nl\/fr\/wp-json\/wp\/v2\/product_tag?post=325149"}],"curies":[{"name":"wp","href":"https:\/\/api.w.org\/{rel}","templated":true}]}}