{"id":325256,"date":"2025-11-06T10:28:17","date_gmt":"2025-11-06T09:28:17","guid":{"rendered":"https:\/\/freakuence.nl\/product\/cocktail-audio-n15d\/"},"modified":"2026-03-10T06:11:20","modified_gmt":"2026-03-10T05:11:20","slug":"cocktail-audio-n15d","status":"publish","type":"product","link":"https:\/\/dev.freakuence.nl\/fr\/produit\/cocktail-audio-n15d\/","title":{"rendered":"Cocktail Audio N15D"},"content":{"rendered":"<p><strong>Description Freakuence !<\/strong><\/p>\n<p>Avec le DAC de r\u00e9f\u00e9rence ESS ES9018K2M Sabre32, ce lecteur r\u00e9seau offre une lecture claire et d\u00e9taill\u00e9e, mettant bien en valeur les aigus et les graves.  <\/p>\n<p><strong>Prix de vente au d\u00e9tail :<\/strong> 699,00<\/p>\n<p><strong>D\u00e9tails<\/strong><\/p>\n<p>\u00c9quip\u00e9 d&rsquo;un disque dur SSD de 2 To.<\/p>\n<p><strong>Description g\u00e9n\u00e9rale<\/strong><\/p>\n<p>Le Cocktail Audio N15D est un lecteur r\u00e9seau polyvalent qui \u00e9tend votre syst\u00e8me audio existant avec des capacit\u00e9s de streaming. Gr\u00e2ce \u00e0 la prise en charge de services tels que TIDAL, Qobuz et Deezer, vous pouvez acc\u00e9der \u00e0 un large \u00e9ventail de musique.  De plus, la fonctionnalit\u00e9 UPnP\/DLNA int\u00e9gr\u00e9e vous permet de diffuser facilement de la musique \u00e0 partir d&rsquo;autres appareils sur votre r\u00e9seau.  <\/p>\n<p>La possibilit\u00e9 d&rsquo;installer un disque dur ou un SSD de 2,5 pouces est une fonction pratique qui vous permet de stocker et de g\u00e9rer localement votre propre collection de musique. Le N15D est \u00e9galement \u00e9quip\u00e9 d&rsquo;un DAC USB, ce qui vous permet de le connecter \u00e0 votre ordinateur pour une reproduction sonore de haute qualit\u00e9.   <\/p>\n<p>Le contr\u00f4le est facile avec l&rsquo;application NOVATRON Music X, disponible pour iOS et Android. Cette application vous permet de contr\u00f4ler \u00e0 distance le N15D et de g\u00e9rer votre collection de musique.   <\/p>\n<p>Le N15D est compatible avec Roon, offrant une exp\u00e9rience musicale int\u00e9gr\u00e9e. Avec son design compact et ses diverses options de connexion, le N15D est un compl\u00e9ment pratique \u00e0 votre syst\u00e8me audio.   <\/p>\n<p><strong>Informations g\u00e9n\u00e9rales<\/strong><\/p>\n<p>Le Cocktail Audio N15D est un streamer r\u00e9seau compact dot\u00e9 d&rsquo;un DAC haut de gamme. Le fabricant, Novatron de Cor\u00e9e du Sud, se concentre sur la reproduction pure du signal et int\u00e8gre un DAC ESS Sabre pour la pr\u00e9cision et la musicalit\u00e9. Le bo\u00eetier est en aluminium massif pour une stabilit\u00e9 m\u00e9canique et un minimum de vibrations. Les \u00e9l\u00e9ments sont soigneusement c\u00e2bl\u00e9s en interne, en privil\u00e9giant les chemins de signal courts.   <\/p>\n","protected":false},"excerpt":{"rendered":"<p>Description Freakuence ! Avec le DAC de r\u00e9f\u00e9rence ESS ES9018K2M Sabre32, ce lecteur r\u00e9seau offre une lecture claire et d\u00e9taill\u00e9e, mettant bien en valeur les aigus et les graves. Prix de vente au d\u00e9tail : 699,00 D\u00e9tails \u00c9quip\u00e9 d&rsquo;un disque dur SSD de 2 To. Description g\u00e9n\u00e9rale Le Cocktail Audio N15D est un lecteur r\u00e9seau [&hellip;]<\/p>\n","protected":false},"featured_media":325257,"template":"","meta":{"_acf_changed":false,"inline_featured_image":false},"product_brand":[],"product_cat":[548],"product_tag":[533],"class_list":{"0":"post-325256","1":"product","2":"type-product","3":"status-publish","4":"has-post-thumbnail","6":"product_cat-dac-et-streamers","7":"product_tag-used","8":"pa_kleur-argent","10":"first","11":"instock","12":"sold-individually","13":"purchasable","14":"product-type-simple"},"acf":{"website":true,"show_on_homepage":false,"brand_title":"Cocktail Audio","product_type":"N15D","color":"Argent","subcolor":"","reserved_status":"0"},"_links":{"self":[{"href":"https:\/\/dev.freakuence.nl\/fr\/wp-json\/wp\/v2\/product\/325256","targetHints":{"allow":["GET"]}}],"collection":[{"href":"https:\/\/dev.freakuence.nl\/fr\/wp-json\/wp\/v2\/product"}],"about":[{"href":"https:\/\/dev.freakuence.nl\/fr\/wp-json\/wp\/v2\/types\/product"}],"wp:featuredmedia":[{"embeddable":true,"href":"https:\/\/dev.freakuence.nl\/fr\/wp-json\/wp\/v2\/media\/325257"}],"wp:attachment":[{"href":"https:\/\/dev.freakuence.nl\/fr\/wp-json\/wp\/v2\/media?parent=325256"}],"wp:term":[{"taxonomy":"product_brand","embeddable":true,"href":"https:\/\/dev.freakuence.nl\/fr\/wp-json\/wp\/v2\/product_brand?post=325256"},{"taxonomy":"product_cat","embeddable":true,"href":"https:\/\/dev.freakuence.nl\/fr\/wp-json\/wp\/v2\/product_cat?post=325256"},{"taxonomy":"product_tag","embeddable":true,"href":"https:\/\/dev.freakuence.nl\/fr\/wp-json\/wp\/v2\/product_tag?post=325256"}],"curies":[{"name":"wp","href":"https:\/\/api.w.org\/{rel}","templated":true}]}}