{"id":325395,"date":"2025-11-17T14:41:48","date_gmt":"2025-11-17T13:41:48","guid":{"rendered":"https:\/\/freakuence.nl\/product\/aurender-x100s\/"},"modified":"2026-04-08T19:59:55","modified_gmt":"2026-04-08T17:59:55","slug":"aurender-x100s","status":"publish","type":"product","link":"https:\/\/dev.freakuence.nl\/fr\/produit\/aurender-x100s\/","title":{"rendered":"Aurender X100S"},"content":{"rendered":"<div class=\"product-specifications-list\">\n<div class=\"specification-item row-header\"><span class=\"spec-content\"><strong>Description Freakuence !<\/strong><\/span><\/div>\n<div class=\"specification-item row-even\"><span class=\"spec-content\">Serveur de musique de haut niveau. Haute r\u00e9solution et \u00e9loquence lapidaire. Que voulez-vous de plus ?  <\/span><\/div>\n<div class=\"specification-item row-odd\"><span class=\"spec-content\">Prix de vente au d\u00e9tail : 3290.00<\/span><\/div>\n<div class=\"specification-item row-header\"><span class=\"spec-content\"><strong>Description g\u00e9n\u00e9rale<\/strong><\/span><\/div>\n<div class=\"specification-item row-even\"><span class=\"spec-content\">L&rsquo;Aurender X100S est un serveur musical et un lecteur r\u00e9seau con\u00e7u pour g\u00e9rer et lire facilement des collections de musique num\u00e9rique. Prenant en charge diff\u00e9rents formats audio, dont DSD, WAV, FLAC et ALAC, l&rsquo;appareil offre une grande flexibilit\u00e9 pour r\u00e9pondre aux diff\u00e9rentes pr\u00e9f\u00e9rences d&rsquo;\u00e9coute.   <\/p>\n<p>Le contr\u00f4le se fait via l&rsquo;application Aurender Conductor, disponible pour iPad et iPad Mini. Cette application permet de naviguer facilement dans les collections musicales et de g\u00e9rer les listes de lecture. Le X100S est con\u00e7u pour fonctionner avec des DAC compatibles USB, garantissant une reproduction sonore de haute qualit\u00e9.  <\/span><\/div>\n<div class=\"specification-item row-header\"><span class=\"spec-content\"><strong>Informations g\u00e9n\u00e9rales<\/strong><\/span><\/div>\n<div class=\"specification-item row-even\"><span class=\"spec-content\">L&rsquo;Aurender X100S a \u00e9t\u00e9 con\u00e7u par l&rsquo;\u00e9quipe sud-cor\u00e9enne d&rsquo;Aurender dans un souci de qualit\u00e9 sonore et de facilit\u00e9 d&rsquo;utilisation. Le bo\u00eetier est en aluminium massif pour un blindage optimal et un amortissement des vibrations. La construction interne a \u00e9t\u00e9 r\u00e9alis\u00e9e avec soin : alimentation lin\u00e9aire, composants sp\u00e9cialement s\u00e9lectionn\u00e9s et une sortie audio USB \u00e0 faible bruit fabriqu\u00e9e sur mesure. Le stockage se fait via un disque dur int\u00e9gr\u00e9 et un cache SSD pour un bruit minimal.   <\/span><\/div>\n<div class=\"specification-item row-header\"><span class=\"spec-content\"><strong>Histoire de la marque<\/strong><\/span><\/div>\n<div class=\"specification-item row-even\"><span class=\"spec-content\">Aurender est une entreprise sud-cor\u00e9enne active dans le d\u00e9veloppement et la production de composants num\u00e9riques depuis 2010. L&rsquo;entreprise con\u00e7oit elle-m\u00eame le mat\u00e9riel et le logiciel de ses produits, ce qui donne lieu \u00e0 un \u00e9cosyst\u00e8me int\u00e9gr\u00e9. Aurender propose une gamme de mod\u00e8les qui varient en termes de prix, de design et de fonctionnalit\u00e9s, afin de r\u00e9pondre aux besoins des diff\u00e9rents amateurs de musique.  <\/span><\/div>\n<\/div>\n","protected":false},"excerpt":{"rendered":"<p>Description Freakuence ! Serveur de musique de haut niveau. Haute r\u00e9solution et \u00e9loquence lapidaire. Que voulez-vous de plus ? Prix de vente au d\u00e9tail : 3290.00 Description g\u00e9n\u00e9rale L&rsquo;Aurender X100S est un serveur musical et un lecteur r\u00e9seau con\u00e7u pour g\u00e9rer et lire facilement des collections de musique num\u00e9rique. Prenant en charge diff\u00e9rents formats audio, [&hellip;]<\/p>\n","protected":false},"featured_media":385548,"template":"","meta":{"_acf_changed":false,"inline_featured_image":false},"product_brand":[],"product_cat":[718,689],"product_tag":[533],"class_list":{"0":"post-325395","1":"product","2":"type-product","3":"status-publish","4":"has-post-thumbnail","6":"product_cat-dacs","7":"product_cat-sources-dinformation","8":"product_tag-used","9":"pa_kleur-argent","11":"first","12":"instock","13":"sold-individually","14":"purchasable","15":"product-type-simple"},"acf":{"website":true,"show_on_homepage":false,"brand_title":"Aurender","product_type":"X100S","color":"Argent","subcolor":"","reserved_status":"0"},"yoast_head":"<!-- This site is optimized with the Yoast SEO plugin v25.9 - https:\/\/yoast.com\/wordpress\/plugins\/seo\/ -->\n<title>Aurender X100S | Freakuence!<\/title>\n<meta name=\"description\" content=\"Serveur de musique Aurender X100S : un son de haute qualit\u00e9, une utilisation intuitive et la prise en charge de diff\u00e9rents formats audio. \u2713 HiFi neuf et d&#039;occasion \u2713 Note du client : 4.9 sur 5 \u2713 Reprise \u2713 Session d&#039;\u00e9coute\" \/>\n<meta name=\"robots\" content=\"noindex, follow, max-snippet:-1, max-image-preview:large, max-video-preview:-1\" \/>\n<meta property=\"og:locale\" content=\"fr_FR\" \/>\n<meta property=\"og:type\" content=\"article\" \/>\n<meta property=\"og:title\" content=\"Aurender X100S | Freakuence!\" \/>\n<meta property=\"og:description\" content=\"Serveur de musique Aurender X100S : un son de haute qualit\u00e9, une utilisation intuitive et la prise en charge de diff\u00e9rents formats audio. \u2713 HiFi neuf et d&#039;occasion \u2713 Note du client : 4.9 sur 5 \u2713 Reprise \u2713 Session d&#039;\u00e9coute\" \/>\n<meta property=\"og:url\" content=\"https:\/\/dev.freakuence.nl\/fr\/produit\/aurender-x100s\/\" \/>\n<meta property=\"og:site_name\" content=\"Freakuence!\" \/>\n<meta property=\"article:modified_time\" content=\"2026-04-08T17:59:55+00:00\" \/>\n<meta property=\"og:image\" content=\"https:\/\/dev.freakuence.nl\/wp-content\/uploads\/2026\/04\/17633868934338-18482-IMG5840.jpg\" \/>\n\t<meta property=\"og:image:width\" content=\"1800\" \/>\n\t<meta property=\"og:image:height\" content=\"1200\" \/>\n\t<meta property=\"og:image:type\" content=\"image\/jpeg\" \/>\n<meta name=\"twitter:card\" content=\"summary_large_image\" \/>\n<script type=\"application\/ld+json\" class=\"yoast-schema-graph\">{\"@context\":\"https:\/\/schema.org\",\"@graph\":[{\"@type\":\"WebPage\",\"@id\":\"https:\/\/dev.freakuence.nl\/fr\/produit\/aurender-x100s\/\",\"url\":\"https:\/\/dev.freakuence.nl\/fr\/produit\/aurender-x100s\/\",\"name\":\"Aurender X100S | Freakuence!\",\"isPartOf\":{\"@id\":\"https:\/\/dev.freakuence.nl\/fr\/#website\"},\"primaryImageOfPage\":{\"@id\":\"https:\/\/dev.freakuence.nl\/fr\/produit\/aurender-x100s\/#primaryimage\"},\"image\":{\"@id\":\"https:\/\/dev.freakuence.nl\/fr\/produit\/aurender-x100s\/#primaryimage\"},\"thumbnailUrl\":\"https:\/\/dev.freakuence.nl\/wp-content\/uploads\/2026\/04\/17633868934338-18482-IMG5840.jpg\",\"datePublished\":\"2025-11-17T13:41:48+00:00\",\"dateModified\":\"2026-04-08T17:59:55+00:00\",\"description\":\"Serveur de musique Aurender X100S : un son de haute qualit\u00e9, une utilisation intuitive et la prise en charge de diff\u00e9rents formats audio. \u2713 HiFi neuf et d'occasion \u2713 Note du client : 4.9 sur 5 \u2713 Reprise \u2713 Session d'\u00e9coute\",\"breadcrumb\":{\"@id\":\"https:\/\/dev.freakuence.nl\/fr\/produit\/aurender-x100s\/#breadcrumb\"},\"inLanguage\":\"fr-FR\",\"potentialAction\":[{\"@type\":\"ReadAction\",\"target\":[\"https:\/\/dev.freakuence.nl\/fr\/produit\/aurender-x100s\/\"]}]},{\"@type\":\"ImageObject\",\"inLanguage\":\"fr-FR\",\"@id\":\"https:\/\/dev.freakuence.nl\/fr\/produit\/aurender-x100s\/#primaryimage\",\"url\":\"https:\/\/dev.freakuence.nl\/wp-content\/uploads\/2026\/04\/17633868934338-18482-IMG5840.jpg\",\"contentUrl\":\"https:\/\/dev.freakuence.nl\/wp-content\/uploads\/2026\/04\/17633868934338-18482-IMG5840.jpg\",\"width\":1800,\"height\":1200},{\"@type\":\"BreadcrumbList\",\"@id\":\"https:\/\/dev.freakuence.nl\/fr\/produit\/aurender-x100s\/#breadcrumb\",\"itemListElement\":[{\"@type\":\"ListItem\",\"position\":1,\"name\":\"Accueil\",\"item\":\"https:\/\/dev.freakuence.nl\/fr\/\"},{\"@type\":\"ListItem\",\"position\":2,\"name\":\"Produits\",\"item\":\"https:\/\/dev.freakuence.nl\/fr\/produits\/\"},{\"@type\":\"ListItem\",\"position\":3,\"name\":\"Aurender X100S\"}]},{\"@type\":\"WebSite\",\"@id\":\"https:\/\/dev.freakuence.nl\/fr\/#website\",\"url\":\"https:\/\/dev.freakuence.nl\/fr\/\",\"name\":\"Freakuence!\",\"description\":\"Freakuence!\",\"publisher\":{\"@id\":\"https:\/\/dev.freakuence.nl\/fr\/#organization\"},\"alternateName\":\"Freakuence\",\"potentialAction\":[{\"@type\":\"SearchAction\",\"target\":{\"@type\":\"EntryPoint\",\"urlTemplate\":\"https:\/\/dev.freakuence.nl\/fr\/?s={search_term_string}\"},\"query-input\":{\"@type\":\"PropertyValueSpecification\",\"valueRequired\":true,\"valueName\":\"search_term_string\"}}],\"inLanguage\":\"fr-FR\"},{\"@type\":\"Organization\",\"@id\":\"https:\/\/dev.freakuence.nl\/fr\/#organization\",\"name\":\"Freakuence !\",\"url\":\"https:\/\/dev.freakuence.nl\/fr\/\",\"logo\":{\"@type\":\"ImageObject\",\"inLanguage\":\"fr-FR\",\"@id\":\"https:\/\/dev.freakuence.nl\/fr\/#\/schema\/logo\/image\/\",\"url\":\"https:\/\/dev.freakuence.nl\/wp-content\/uploads\/2022\/05\/Brown_3_RGB_Freakuence-1.png\",\"contentUrl\":\"https:\/\/dev.freakuence.nl\/wp-content\/uploads\/2022\/05\/Brown_3_RGB_Freakuence-1.png\",\"width\":2560,\"height\":684,\"caption\":\"Freakuence !\"},\"image\":{\"@id\":\"https:\/\/dev.freakuence.nl\/fr\/#\/schema\/logo\/image\/\"},\"sameAs\":[\"https:\/\/www.instagram.com\/freakuence_notorious_audio\/\"]}]}<\/script>\n<!-- \/ Yoast SEO plugin. -->","yoast_head_json":{"title":"Aurender X100S | Freakuence!","description":"Serveur de musique Aurender X100S : un son de haute qualit\u00e9, une utilisation intuitive et la prise en charge de diff\u00e9rents formats audio. \u2713 HiFi neuf et d'occasion \u2713 Note du client : 4.9 sur 5 \u2713 Reprise \u2713 Session d'\u00e9coute","robots":{"index":"noindex","follow":"follow","max-snippet":"max-snippet:-1","max-image-preview":"max-image-preview:large","max-video-preview":"max-video-preview:-1"},"og_locale":"fr_FR","og_type":"article","og_title":"Aurender X100S | Freakuence!","og_description":"Serveur de musique Aurender X100S : un son de haute qualit\u00e9, une utilisation intuitive et la prise en charge de diff\u00e9rents formats audio. \u2713 HiFi neuf et d'occasion \u2713 Note du client : 4.9 sur 5 \u2713 Reprise \u2713 Session d'\u00e9coute","og_url":"https:\/\/dev.freakuence.nl\/fr\/produit\/aurender-x100s\/","og_site_name":"Freakuence!","article_modified_time":"2026-04-08T17:59:55+00:00","og_image":[{"width":1800,"height":1200,"url":"https:\/\/dev.freakuence.nl\/wp-content\/uploads\/2026\/04\/17633868934338-18482-IMG5840.jpg","type":"image\/jpeg"}],"twitter_card":"summary_large_image","schema":{"@context":"https:\/\/schema.org","@graph":[{"@type":"WebPage","@id":"https:\/\/dev.freakuence.nl\/fr\/produit\/aurender-x100s\/","url":"https:\/\/dev.freakuence.nl\/fr\/produit\/aurender-x100s\/","name":"Aurender X100S | Freakuence!","isPartOf":{"@id":"https:\/\/dev.freakuence.nl\/fr\/#website"},"primaryImageOfPage":{"@id":"https:\/\/dev.freakuence.nl\/fr\/produit\/aurender-x100s\/#primaryimage"},"image":{"@id":"https:\/\/dev.freakuence.nl\/fr\/produit\/aurender-x100s\/#primaryimage"},"thumbnailUrl":"https:\/\/dev.freakuence.nl\/wp-content\/uploads\/2026\/04\/17633868934338-18482-IMG5840.jpg","datePublished":"2025-11-17T13:41:48+00:00","dateModified":"2026-04-08T17:59:55+00:00","description":"Serveur de musique Aurender X100S : un son de haute qualit\u00e9, une utilisation intuitive et la prise en charge de diff\u00e9rents formats audio. \u2713 HiFi neuf et d'occasion \u2713 Note du client : 4.9 sur 5 \u2713 Reprise \u2713 Session d'\u00e9coute","breadcrumb":{"@id":"https:\/\/dev.freakuence.nl\/fr\/produit\/aurender-x100s\/#breadcrumb"},"inLanguage":"fr-FR","potentialAction":[{"@type":"ReadAction","target":["https:\/\/dev.freakuence.nl\/fr\/produit\/aurender-x100s\/"]}]},{"@type":"ImageObject","inLanguage":"fr-FR","@id":"https:\/\/dev.freakuence.nl\/fr\/produit\/aurender-x100s\/#primaryimage","url":"https:\/\/dev.freakuence.nl\/wp-content\/uploads\/2026\/04\/17633868934338-18482-IMG5840.jpg","contentUrl":"https:\/\/dev.freakuence.nl\/wp-content\/uploads\/2026\/04\/17633868934338-18482-IMG5840.jpg","width":1800,"height":1200},{"@type":"BreadcrumbList","@id":"https:\/\/dev.freakuence.nl\/fr\/produit\/aurender-x100s\/#breadcrumb","itemListElement":[{"@type":"ListItem","position":1,"name":"Accueil","item":"https:\/\/dev.freakuence.nl\/fr\/"},{"@type":"ListItem","position":2,"name":"Produits","item":"https:\/\/dev.freakuence.nl\/fr\/produits\/"},{"@type":"ListItem","position":3,"name":"Aurender X100S"}]},{"@type":"WebSite","@id":"https:\/\/dev.freakuence.nl\/fr\/#website","url":"https:\/\/dev.freakuence.nl\/fr\/","name":"Freakuence!","description":"Freakuence!","publisher":{"@id":"https:\/\/dev.freakuence.nl\/fr\/#organization"},"alternateName":"Freakuence","potentialAction":[{"@type":"SearchAction","target":{"@type":"EntryPoint","urlTemplate":"https:\/\/dev.freakuence.nl\/fr\/?s={search_term_string}"},"query-input":{"@type":"PropertyValueSpecification","valueRequired":true,"valueName":"search_term_string"}}],"inLanguage":"fr-FR"},{"@type":"Organization","@id":"https:\/\/dev.freakuence.nl\/fr\/#organization","name":"Freakuence !","url":"https:\/\/dev.freakuence.nl\/fr\/","logo":{"@type":"ImageObject","inLanguage":"fr-FR","@id":"https:\/\/dev.freakuence.nl\/fr\/#\/schema\/logo\/image\/","url":"https:\/\/dev.freakuence.nl\/wp-content\/uploads\/2022\/05\/Brown_3_RGB_Freakuence-1.png","contentUrl":"https:\/\/dev.freakuence.nl\/wp-content\/uploads\/2022\/05\/Brown_3_RGB_Freakuence-1.png","width":2560,"height":684,"caption":"Freakuence !"},"image":{"@id":"https:\/\/dev.freakuence.nl\/fr\/#\/schema\/logo\/image\/"},"sameAs":["https:\/\/www.instagram.com\/freakuence_notorious_audio\/"]}]}},"_links":{"self":[{"href":"https:\/\/dev.freakuence.nl\/fr\/wp-json\/wp\/v2\/product\/325395","targetHints":{"allow":["GET"]}}],"collection":[{"href":"https:\/\/dev.freakuence.nl\/fr\/wp-json\/wp\/v2\/product"}],"about":[{"href":"https:\/\/dev.freakuence.nl\/fr\/wp-json\/wp\/v2\/types\/product"}],"wp:featuredmedia":[{"embeddable":true,"href":"https:\/\/dev.freakuence.nl\/fr\/wp-json\/wp\/v2\/media\/385548"}],"wp:attachment":[{"href":"https:\/\/dev.freakuence.nl\/fr\/wp-json\/wp\/v2\/media?parent=325395"}],"wp:term":[{"taxonomy":"product_brand","embeddable":true,"href":"https:\/\/dev.freakuence.nl\/fr\/wp-json\/wp\/v2\/product_brand?post=325395"},{"taxonomy":"product_cat","embeddable":true,"href":"https:\/\/dev.freakuence.nl\/fr\/wp-json\/wp\/v2\/product_cat?post=325395"},{"taxonomy":"product_tag","embeddable":true,"href":"https:\/\/dev.freakuence.nl\/fr\/wp-json\/wp\/v2\/product_tag?post=325395"}],"curies":[{"name":"wp","href":"https:\/\/api.w.org\/{rel}","templated":true}]}}