{"id":325413,"date":"2025-11-17T14:49:00","date_gmt":"2025-11-17T13:49:00","guid":{"rendered":"https:\/\/freakuence.nl\/product\/ifi-audio-neo-idsd\/"},"modified":"2026-04-08T19:58:54","modified_gmt":"2026-04-08T17:58:54","slug":"ifi-audio-neo-idsd","status":"publish","type":"product","link":"https:\/\/dev.freakuence.nl\/fr\/produit\/ifi-audio-neo-idsd\/","title":{"rendered":"iFi Audio Neo iDSD"},"content":{"rendered":"<div class=\"product-specifications-list\">\n<div class=\"specification-item row-header\"><span class=\"spec-content\"><strong>Description Freakuence !<\/strong><\/span><\/div>\n<div class=\"specification-item row-even\"><span class=\"spec-content\">Une chose respectable ! Clair comme du cristal, on ne peut pas dire qu&rsquo;il soit chaud&#8230; mais un produit irr\u00e9prochable dans sa gamme de prix. <\/span><\/div>\n<div class=\"specification-item row-odd\"><span class=\"spec-content\">Prix de vente au d\u00e9tail : 799,00<\/span><\/div>\n<div class=\"specification-item row-header\"><span class=\"spec-content\"><strong>Description g\u00e9n\u00e9rale<\/strong><\/span><\/div>\n<div class=\"specification-item row-even\"><span class=\"spec-content\">Le iFi Audio Neo iDSD est un convertisseur num\u00e9rique-analogique (DAC) polyvalent et un amplificateur de casque qui prend en charge diff\u00e9rents formats audio. Il offre plusieurs entr\u00e9es num\u00e9riques, notamment USB, optique et coaxiale, ainsi qu&rsquo;une connectivit\u00e9 Bluetooth.   <\/p>\n<p>Le design est \u00e9l\u00e9gant et fonctionnel, avec un \u00e9cran OLED qui affiche des informations sur le format de lecture, la fr\u00e9quence d&rsquo;\u00e9chantillonnage et le niveau de volume. Le Neo iDSD peut \u00eatre plac\u00e9 horizontalement ou verticalement, en fonction de l&rsquo;espace disponible et des pr\u00e9f\u00e9rences personnelles.   <\/p>\n<p>L&rsquo;amplificateur du casque fournit une puissance suffisante pour la plupart des casques, mais dans les mod\u00e8les exigeants, la puissance via la sortie asym\u00e9trique peut \u00eatre limit\u00e9e. La reproduction sonore est g\u00e9n\u00e9ralement neutre et claire, avec une large sc\u00e8ne sonore.   <\/p>\n<p>Pour les utilisateurs \u00e0 la recherche d&rsquo;une solution tout-en-un pour l&rsquo;audio num\u00e9rique, le Neo iDSD offre une combinaison de fonctionnalit\u00e9s et de qualit\u00e9 sonore.<\/span><\/div>\n<div class=\"specification-item row-header\"><span class=\"spec-content\"><strong>Informations g\u00e9n\u00e9rales<\/strong><\/span><\/div>\n<div class=\"specification-item row-even\"><span class=\"spec-content\">Le iFi Audio Neo iDSD a \u00e9t\u00e9 con\u00e7u par l&rsquo;\u00e9quipe interne d&rsquo;ing\u00e9nieurs d&rsquo;iFi Audio, dont Thorsten Loesch et Vincent Luke. Construit autour d&rsquo;une puce DAC Burr-Brown pour un son naturel, il prend en charge l&rsquo;audio haute r\u00e9solution jusqu&rsquo;\u00e0 768 kHz PCM et DSD512. Le bo\u00eetier est en aluminium pour r\u00e9duire les r\u00e9sonances et \u00e9viter les interf\u00e9rences \u00e9lectromagn\u00e9tiques. Les composants internes ont \u00e9t\u00e9 soigneusement s\u00e9lectionn\u00e9s, comme les condensateurs de qualit\u00e9 audiophile et une horloge de femto-pr\u00e9cision GMT personnalis\u00e9e pour r\u00e9duire le jitter.   <\/span><\/div>\n<div class=\"specification-item row-header\"><span class=\"spec-content\"><strong>Histoire de la marque<\/strong><\/span><\/div>\n<div class=\"specification-item row-even\"><span class=\"spec-content\">iFi Audio a \u00e9t\u00e9 fond\u00e9e en 2012 en tant que filiale d&rsquo;Abbingdon Music Research (AMR), bas\u00e9e au Royaume-Uni. La marque d\u00e9veloppe et fabrique des \u00e9quipements con\u00e7us pour prendre en charge le traitement des signaux num\u00e9riques et analogiques. Son si\u00e8ge social se trouve \u00e0 Southport, en Angleterre. Le d\u00e9veloppement et l&rsquo;ing\u00e9nierie des produits sont enti\u00e8rement r\u00e9alis\u00e9s en interne, avec des composants provenant d&rsquo;Allemagne, du Japon et du Royaume-Uni, entre autres. L&rsquo;assemblage des produits a lieu dans ses propres installations de fabrication. iFi Audio applique plusieurs technologies brevet\u00e9es, notamment ANC II (Active Noise Cancellation) et GMT (Global Master Timing). L&rsquo;entreprise affirme qu&rsquo;elle prend en compte la r\u00e9duction du bruit \u00e9lectrique lors de la conception de ses produits.      <\/span><\/div>\n<\/div>\n","protected":false},"excerpt":{"rendered":"<p>Description Freakuence ! Une chose respectable ! Clair comme du cristal, on ne peut pas dire qu&rsquo;il soit chaud&#8230; mais un produit irr\u00e9prochable dans sa gamme de prix. Prix de vente au d\u00e9tail : 799,00 Description g\u00e9n\u00e9rale Le iFi Audio Neo iDSD est un convertisseur num\u00e9rique-analogique (DAC) polyvalent et un amplificateur de casque qui prend [&hellip;]<\/p>\n","protected":false},"featured_media":385500,"template":"","meta":{"_acf_changed":false,"inline_featured_image":false},"product_brand":[],"product_cat":[718,689],"product_tag":[533],"class_list":{"0":"post-325413","1":"product","2":"type-product","3":"status-publish","4":"has-post-thumbnail","6":"product_cat-dacs","7":"product_cat-sources-dinformation","8":"product_tag-used","9":"pa_kleur-argent","11":"first","12":"instock","13":"sold-individually","14":"purchasable","15":"product-type-simple"},"acf":{"website":true,"show_on_homepage":false,"brand_title":"iFi Audio","product_type":"Neo iDSD","color":"Argent","subcolor":"","reserved_status":"0"},"_links":{"self":[{"href":"https:\/\/dev.freakuence.nl\/fr\/wp-json\/wp\/v2\/product\/325413","targetHints":{"allow":["GET"]}}],"collection":[{"href":"https:\/\/dev.freakuence.nl\/fr\/wp-json\/wp\/v2\/product"}],"about":[{"href":"https:\/\/dev.freakuence.nl\/fr\/wp-json\/wp\/v2\/types\/product"}],"wp:featuredmedia":[{"embeddable":true,"href":"https:\/\/dev.freakuence.nl\/fr\/wp-json\/wp\/v2\/media\/385500"}],"wp:attachment":[{"href":"https:\/\/dev.freakuence.nl\/fr\/wp-json\/wp\/v2\/media?parent=325413"}],"wp:term":[{"taxonomy":"product_brand","embeddable":true,"href":"https:\/\/dev.freakuence.nl\/fr\/wp-json\/wp\/v2\/product_brand?post=325413"},{"taxonomy":"product_cat","embeddable":true,"href":"https:\/\/dev.freakuence.nl\/fr\/wp-json\/wp\/v2\/product_cat?post=325413"},{"taxonomy":"product_tag","embeddable":true,"href":"https:\/\/dev.freakuence.nl\/fr\/wp-json\/wp\/v2\/product_tag?post=325413"}],"curies":[{"name":"wp","href":"https:\/\/api.w.org\/{rel}","templated":true}]}}