{"id":325523,"date":"2025-12-05T11:45:51","date_gmt":"2025-12-05T10:45:51","guid":{"rendered":"https:\/\/freakuence.nl\/product\/audioquest-golden-gate-3-5mm-3-5mm-mini-jack-300cm\/"},"modified":"2026-04-08T19:55:55","modified_gmt":"2026-04-08T17:55:55","slug":"audioquest-golden-gate-3-5mm-3-5mm-mini-jack-300cm","status":"publish","type":"product","link":"https:\/\/dev.freakuence.nl\/fr\/produit\/audioquest-golden-gate-3-5mm-3-5mm-mini-jack-300cm\/","title":{"rendered":"AudioQuest Golden Gate 3.5mm 3.5mm mini-jack 300cm"},"content":{"rendered":"<div class=\"product-specifications-list\">\n<div class=\"specification-item row-header\"><span class=\"spec-content\"><strong>Description Freakuence !<\/strong><\/span><\/div>\n<div class=\"specification-item row-even\"><span class=\"spec-content\">Le son est clair et poli, avec une reproduction propre qui minimise la distorsion. Ce r\u00e9sultat est obtenu gr\u00e2ce \u00e0 l&rsquo;utilisation de conducteurs solides en \u00ab\u00a0cuivre \u00e0 surface parfaite\u00a0\u00bb (PSC), qui r\u00e9duisent les interactions \u00e9lectriques et magn\u00e9tiques. <\/span><\/div>\n<div class=\"specification-item row-odd\"><span class=\"spec-content\">Prix de vente au d\u00e9tail : 179,00<\/span><\/div>\n<div class=\"specification-item row-header\"><span class=\"spec-content\"><strong>Description g\u00e9n\u00e9rale<\/strong><\/span><\/div>\n<div class=\"specification-item row-even\"><span class=\"spec-content\">Le c\u00e2ble AudioQuest Golden Gate 3,5 mm vers mini-jack 3,5 mm de 3 m\u00e8tres est con\u00e7u pour ceux qui appr\u00e9cient une reproduction sonore claire et dynamique. Gr\u00e2ce \u00e0 sa g\u00e9om\u00e9trie asym\u00e9trique doublement \u00e9quilibr\u00e9e, ce c\u00e2ble offre une imp\u00e9dance plus faible par rapport \u00e0 la terre, ce qui se traduit par un son plus riche et plus vivant. Les conducteurs en cuivre \u00e0 surface parfaite (PSC) garantissent une distorsion minimale et une transmission fluide du signal. L&rsquo;isolation en poly\u00e9thyl\u00e8ne expans\u00e9 aide \u00e0 maintenir les contrastes dynamiques, tandis que le syst\u00e8me de dissipation du bruit \u00e0 couche m\u00e9tallique r\u00e9duit efficacement le bruit \u00e0 haute fr\u00e9quence. Les connecteurs dor\u00e9s soud\u00e9s \u00e0 froid assurent une connexion fiable sans utiliser de soudure, qui est souvent une source de distorsion. Ce c\u00e2ble convient \u00e0 une grande vari\u00e9t\u00e9 d&rsquo;applications, de la connexion d&rsquo;appareils portables \u00e0 l&rsquo;int\u00e9gration dans des syst\u00e8mes audio domestiques complexes.     <\/span><\/div>\n<div class=\"specification-item row-header\"><span class=\"spec-content\"><strong>Informations g\u00e9n\u00e9rales<\/strong><\/span><\/div>\n<div class=\"specification-item row-even\"><span class=\"spec-content\">Le Golden Gate 3,5 mm d&rsquo;AudioQuest  &lt;&gt;  Le mini-jack 3,5 mm de 300 cm est con\u00e7u selon la philosophie \u00ab\u00a0Noise-Dissipation\u00a0\u00bb d&rsquo;AudioQuests. Il utilise des conducteurs solides PSC+ (Perfect-Surface Copper+) pour une distorsion minimale, et une g\u00e9om\u00e9trie asym\u00e9trique \u00e0 double \u00e9quilibrage pour un son clair. Les connecteurs dor\u00e9s soud\u00e9s \u00e0 froid am\u00e9liorent la transmission du signal sans soudure. D\u00e9velopp\u00e9 sous la supervision du fondateur d&rsquo;AudioQuest, William E. Low.  <\/span><\/div>\n<div class=\"specification-item row-header\"><span class=\"spec-content\"><strong>Histoire de la marque<\/strong><\/span><\/div>\n<div class=\"specification-item row-even\"><span class=\"spec-content\">AudioQuest a \u00e9t\u00e9 fond\u00e9e en 1980 par William E. Low en Californie, aux \u00c9tats-Unis. La marque a commenc\u00e9 par assembler manuellement des c\u00e2bles selon des m\u00e9thodes de conception sp\u00e9cifiques bas\u00e9es sur la minimisation de la distorsion.  Depuis, AudioQuest a d\u00e9velopp\u00e9 une gamme de produits qui comprend des c\u00e2bles d&rsquo;interconnexion, des c\u00e2bles de haut-parleurs, des c\u00e2bles num\u00e9riques et de r\u00e9seau, des produits d&rsquo;alimentation et des accessoires portables. Depuis le d\u00e9but, l&rsquo;entreprise s&rsquo;en tient \u00e0 l&rsquo;utilisation de c\u00e2bles directionnels et de conducteurs \u00e0 \u00e2me pleine. En 2012, AudioQuest a lanc\u00e9 le DragonFly, un convertisseur num\u00e9rique-analogique USB. Le d\u00e9veloppement des produits a lieu aux \u00c9tats-Unis, tandis que la production est en partie r\u00e9alis\u00e9e en Chine et ailleurs. AudioQuest applique une philosophie selon laquelle la s\u00e9lection des mat\u00e9riaux, la g\u00e9om\u00e9trie et la finition ont un impact direct sur les performances du c\u00e2ble.    <\/span><\/div>\n<\/div>\n","protected":false},"excerpt":{"rendered":"<p>Description Freakuence ! Le son est clair et poli, avec une reproduction propre qui minimise la distorsion. Ce r\u00e9sultat est obtenu gr\u00e2ce \u00e0 l&rsquo;utilisation de conducteurs solides en \u00ab\u00a0cuivre \u00e0 surface parfaite\u00a0\u00bb (PSC), qui r\u00e9duisent les interactions \u00e9lectriques et magn\u00e9tiques. Prix de vente au d\u00e9tail : 179,00 Description g\u00e9n\u00e9rale Le c\u00e2ble AudioQuest Golden Gate 3,5 [&hellip;]<\/p>\n","protected":false},"featured_media":385452,"template":"","meta":{"_acf_changed":false,"inline_featured_image":false},"product_brand":[],"product_cat":[345],"product_tag":[533],"class_list":{"0":"post-325523","1":"product","2":"type-product","3":"status-publish","4":"has-post-thumbnail","6":"product_cat-speakers","7":"product_tag-used","8":"pa_kleur-rouge","10":"first","11":"instock","12":"sold-individually","13":"purchasable","14":"product-type-simple"},"acf":{"website":true,"show_on_homepage":false,"brand_title":"AudioQuest","product_type":"Golden Gate 3.5mm <> 3.5mm mini-jack 300cm","color":"Rouge","subcolor":"","reserved_status":"0"},"_links":{"self":[{"href":"https:\/\/dev.freakuence.nl\/fr\/wp-json\/wp\/v2\/product\/325523","targetHints":{"allow":["GET"]}}],"collection":[{"href":"https:\/\/dev.freakuence.nl\/fr\/wp-json\/wp\/v2\/product"}],"about":[{"href":"https:\/\/dev.freakuence.nl\/fr\/wp-json\/wp\/v2\/types\/product"}],"wp:featuredmedia":[{"embeddable":true,"href":"https:\/\/dev.freakuence.nl\/fr\/wp-json\/wp\/v2\/media\/385452"}],"wp:attachment":[{"href":"https:\/\/dev.freakuence.nl\/fr\/wp-json\/wp\/v2\/media?parent=325523"}],"wp:term":[{"taxonomy":"product_brand","embeddable":true,"href":"https:\/\/dev.freakuence.nl\/fr\/wp-json\/wp\/v2\/product_brand?post=325523"},{"taxonomy":"product_cat","embeddable":true,"href":"https:\/\/dev.freakuence.nl\/fr\/wp-json\/wp\/v2\/product_cat?post=325523"},{"taxonomy":"product_tag","embeddable":true,"href":"https:\/\/dev.freakuence.nl\/fr\/wp-json\/wp\/v2\/product_tag?post=325523"}],"curies":[{"name":"wp","href":"https:\/\/api.w.org\/{rel}","templated":true}]}}