{"id":325527,"date":"2025-11-28T14:23:28","date_gmt":"2025-11-28T13:23:28","guid":{"rendered":"https:\/\/freakuence.nl\/product\/audioquest-black-beauty-xlr-150cm\/"},"modified":"2026-04-08T11:20:52","modified_gmt":"2026-04-08T09:20:52","slug":"audioquest-black-beauty-xlr-150cm","status":"publish","type":"product","link":"https:\/\/dev.freakuence.nl\/fr\/produit\/audioquest-black-beauty-xlr-150cm\/","title":{"rendered":"AudioQuest Black Beauty XLR 150cm"},"content":{"rendered":"<div class=\"product-specifications-list\">\n<div class=\"specification-item row-header\"><span class=\"spec-content\"><strong>Description Freakuence !<\/strong><\/span><\/div>\n<div class=\"specification-item row-even\"><span class=\"spec-content\">Ce c\u00e2ble offre un son neutre et transparent, sans bruit ni distorsion ind\u00e9sirables. Le cuivre de haute puret\u00e9 et le blindage avanc\u00e9 garantissent une reproduction claire et d\u00e9taill\u00e9e. Les fiches argent\u00e9es, soud\u00e9es \u00e0 froid, contribuent \u00e0 une transmission optimale du signal.  <\/span><\/div>\n<div class=\"specification-item row-odd\"><span class=\"spec-content\">Prix de vente au d\u00e9tail : 1259,00<\/span><\/div>\n<div class=\"specification-item row-header\"><span class=\"spec-content\"><strong>D\u00e9tails<\/strong><\/span><\/div>\n<div class=\"specification-item row-even\"><span class=\"spec-content\">Le prix inclut la TVA. Entrepreneurs, profitez-en. <\/span><\/div>\n<div class=\"specification-item row-odd\"><span class=\"spec-content\">C&rsquo;est votre chance d&rsquo;obtenir enfin du mat\u00e9riel de d\u00e9monstration de la boutique la plus cool de l&rsquo;univers. Oui ! Pour cette raison, il vaut en r\u00e9alit\u00e9 beaucoup plus que le prix du neuf, mais nous allons nous retenir. Il n&rsquo;a \u00e9t\u00e9 utilis\u00e9 que pour des s\u00e9ances d&rsquo;\u00e9coute avec nos visiteurs et n&rsquo;a donc pas eu de propri\u00e9taire priv\u00e9. <\/span><\/div>\n<div class=\"specification-item row-even\"><span class=\"spec-content\">Vous cherchez un autre mod\u00e8le de la s\u00e9rie actuelle de la marque ? Envoyez-nous un message !  Nous aimons en faire quelque chose d&rsquo;amusant.<\/span><\/div>\n<div class=\"specification-item row-odd\"><span class=\"spec-content\">Produit TVA. Les entrepreneurs, les personnes en dehors de l&rsquo;UE, en profitent. <\/span><\/div>\n<div class=\"specification-item row-header\"><span class=\"spec-content\"><strong>Description g\u00e9n\u00e9rale<\/strong><\/span><\/div>\n<div class=\"specification-item row-even\"><span class=\"spec-content\">Le c\u00e2ble XLR 150 cm AudioQuest Black Beauty est con\u00e7u pour assurer une connexion de haute qualit\u00e9 entre les appareils audio. Gr\u00e2ce \u00e0 ses conducteurs en cuivre \u00e0 surface parfaite+ (PSC+) et \u00e0 son contr\u00f4le directionnel, ce c\u00e2ble permet de minimiser la distorsion et de dissiper efficacement le bruit des fr\u00e9quences radio. La combinaison d&rsquo;un r\u00e9seau maill\u00e9 en carbone\/graph\u00e8ne et de fils de drainage RF plaqu\u00e9s argent \u00e0 0,5 % contribue \u00e0 une reproduction sonore claire et naturelle. Le bo\u00eetier en cuivre et les connecteurs en cuivre rouge rev\u00eatus d&rsquo;argent garantissent une transmission fiable du signal. Avec une longueur de 150 cm, ce c\u00e2ble offre suffisamment de flexibilit\u00e9 pour diverses configurations.    <\/span><\/div>\n<div class=\"specification-item row-header\"><span class=\"spec-content\"><strong>Informations g\u00e9n\u00e9rales<\/strong><\/span><\/div>\n<div class=\"specification-item row-even\"><span class=\"spec-content\">L&rsquo;AudioQuest Black Beauty XLR est con\u00e7u selon la philosophie \u00ab\u00a0Zero-Tech\u00a0\u00bb de Garth Powell, qui se concentre sur le transport pur du signal sans interf\u00e9rence. Cette interconnexion utilise des conducteurs en argent massif \u00e0 surface parfaite (PSS) pour une conductivit\u00e9 maximale et une distorsion minimale. Le syst\u00e8me 72V DBS stabilise l&rsquo;environnement di\u00e9lectrique pour un son homog\u00e8ne. Les connecteurs sont soud\u00e9s \u00e0 froid et plaqu\u00e9s argent pour une conductivit\u00e9 optimale. La production est \u00e9troitement contr\u00f4l\u00e9e pour obtenir les meilleurs r\u00e9sultats.    <\/span><\/div>\n<div class=\"specification-item row-header\"><span class=\"spec-content\"><strong>Histoire de la marque<\/strong><\/span><\/div>\n<div class=\"specification-item row-even\"><span class=\"spec-content\">AudioQuest a \u00e9t\u00e9 fond\u00e9e en 1980 par William E. Low en Californie, aux \u00c9tats-Unis. La marque a commenc\u00e9 par assembler manuellement des c\u00e2bles selon des m\u00e9thodes de conception sp\u00e9cifiques bas\u00e9es sur la minimisation de la distorsion.  Depuis, AudioQuest a d\u00e9velopp\u00e9 une gamme de produits qui comprend des c\u00e2bles d&rsquo;interconnexion, des c\u00e2bles de haut-parleurs, des c\u00e2bles num\u00e9riques et de r\u00e9seau, des produits d&rsquo;alimentation et des accessoires portables. Depuis le d\u00e9but, l&rsquo;entreprise s&rsquo;en tient \u00e0 l&rsquo;utilisation de c\u00e2bles directionnels et de conducteurs \u00e0 \u00e2me pleine. En 2012, AudioQuest a lanc\u00e9 le DragonFly, un convertisseur num\u00e9rique-analogique USB. Le d\u00e9veloppement des produits a lieu aux \u00c9tats-Unis, tandis que la production est en partie r\u00e9alis\u00e9e en Chine et ailleurs. AudioQuest applique une philosophie selon laquelle la s\u00e9lection des mat\u00e9riaux, la g\u00e9om\u00e9trie et la finition ont un impact direct sur les performances du c\u00e2ble.    <\/span><\/div>\n<\/div>\n","protected":false},"excerpt":{"rendered":"<p>Description Freakuence ! Ce c\u00e2ble offre un son neutre et transparent, sans bruit ni distorsion ind\u00e9sirables. Le cuivre de haute puret\u00e9 et le blindage avanc\u00e9 garantissent une reproduction claire et d\u00e9taill\u00e9e. Les fiches argent\u00e9es, soud\u00e9es \u00e0 froid, contribuent \u00e0 une transmission optimale du signal. Prix de vente au d\u00e9tail : 1259,00 D\u00e9tails Le prix inclut [&hellip;]<\/p>\n","protected":false},"featured_media":379970,"template":"","meta":{"_acf_changed":false,"inline_featured_image":false},"product_brand":[],"product_cat":[345],"product_tag":[570],"class_list":{"0":"post-325527","1":"product","2":"type-product","3":"status-publish","4":"has-post-thumbnail","6":"product_cat-speakers","7":"product_tag-freakdemo","8":"pa_kleur-noir","10":"first","11":"instock","12":"sold-individually","13":"taxable","14":"shipping-taxable","15":"purchasable","16":"product-type-simple"},"acf":{"website":true,"show_on_homepage":false,"brand_title":"AudioQuest","product_type":"Black Beauty XLR 150cm","color":"Noir","subcolor":"","reserved_status":"0"},"yoast_head":"<!-- This site is optimized with the Yoast SEO plugin v25.9 - https:\/\/yoast.com\/wordpress\/plugins\/seo\/ -->\n<title>AudioQuest Black Beauty XLR 150cm | Freakuence!<\/title>\n<meta name=\"robots\" content=\"noindex, follow, max-snippet:-1, max-image-preview:large, max-video-preview:-1\" \/>\n<meta property=\"og:locale\" content=\"fr_FR\" \/>\n<meta property=\"og:type\" content=\"article\" \/>\n<meta property=\"og:title\" content=\"AudioQuest Black Beauty XLR 150cm | Freakuence!\" \/>\n<meta property=\"og:description\" content=\"Description Freakuence ! Ce c\u00e2ble offre un son neutre et transparent, sans bruit ni distorsion ind\u00e9sirables. Le cuivre de haute puret\u00e9 et le blindage avanc\u00e9 garantissent une reproduction claire et d\u00e9taill\u00e9e. Les fiches argent\u00e9es, soud\u00e9es \u00e0 froid, contribuent \u00e0 une transmission optimale du signal. Prix de vente au d\u00e9tail : 1259,00 D\u00e9tails Le prix inclut [&hellip;]\" \/>\n<meta property=\"og:url\" content=\"https:\/\/dev.freakuence.nl\/fr\/produit\/audioquest-black-beauty-xlr-150cm\/\" \/>\n<meta property=\"og:site_name\" content=\"Freakuence!\" \/>\n<meta property=\"article:modified_time\" content=\"2026-04-08T09:20:52+00:00\" \/>\n<meta property=\"og:image\" content=\"https:\/\/dev.freakuence.nl\/wp-content\/uploads\/2026\/04\/17643361983788-14319-IMG6179-2.jpg\" \/>\n\t<meta property=\"og:image:width\" content=\"1800\" \/>\n\t<meta property=\"og:image:height\" content=\"1200\" \/>\n\t<meta property=\"og:image:type\" content=\"image\/jpeg\" \/>\n<meta name=\"twitter:card\" content=\"summary_large_image\" \/>\n<script type=\"application\/ld+json\" class=\"yoast-schema-graph\">{\"@context\":\"https:\/\/schema.org\",\"@graph\":[{\"@type\":\"WebPage\",\"@id\":\"https:\/\/dev.freakuence.nl\/fr\/produit\/audioquest-black-beauty-xlr-150cm\/\",\"url\":\"https:\/\/dev.freakuence.nl\/fr\/produit\/audioquest-black-beauty-xlr-150cm\/\",\"name\":\"AudioQuest Black Beauty XLR 150cm | Freakuence!\",\"isPartOf\":{\"@id\":\"https:\/\/dev.freakuence.nl\/fr\/#website\"},\"primaryImageOfPage\":{\"@id\":\"https:\/\/dev.freakuence.nl\/fr\/produit\/audioquest-black-beauty-xlr-150cm\/#primaryimage\"},\"image\":{\"@id\":\"https:\/\/dev.freakuence.nl\/fr\/produit\/audioquest-black-beauty-xlr-150cm\/#primaryimage\"},\"thumbnailUrl\":\"https:\/\/dev.freakuence.nl\/wp-content\/uploads\/2026\/04\/17643361983788-14319-IMG6179-2.jpg\",\"datePublished\":\"2025-11-28T13:23:28+00:00\",\"dateModified\":\"2026-04-08T09:20:52+00:00\",\"breadcrumb\":{\"@id\":\"https:\/\/dev.freakuence.nl\/fr\/produit\/audioquest-black-beauty-xlr-150cm\/#breadcrumb\"},\"inLanguage\":\"fr-FR\",\"potentialAction\":[{\"@type\":\"ReadAction\",\"target\":[\"https:\/\/dev.freakuence.nl\/fr\/produit\/audioquest-black-beauty-xlr-150cm\/\"]}]},{\"@type\":\"ImageObject\",\"inLanguage\":\"fr-FR\",\"@id\":\"https:\/\/dev.freakuence.nl\/fr\/produit\/audioquest-black-beauty-xlr-150cm\/#primaryimage\",\"url\":\"https:\/\/dev.freakuence.nl\/wp-content\/uploads\/2026\/04\/17643361983788-14319-IMG6179-2.jpg\",\"contentUrl\":\"https:\/\/dev.freakuence.nl\/wp-content\/uploads\/2026\/04\/17643361983788-14319-IMG6179-2.jpg\",\"width\":1800,\"height\":1200},{\"@type\":\"BreadcrumbList\",\"@id\":\"https:\/\/dev.freakuence.nl\/fr\/produit\/audioquest-black-beauty-xlr-150cm\/#breadcrumb\",\"itemListElement\":[{\"@type\":\"ListItem\",\"position\":1,\"name\":\"Accueil\",\"item\":\"https:\/\/dev.freakuence.nl\/fr\/\"},{\"@type\":\"ListItem\",\"position\":2,\"name\":\"Produits\",\"item\":\"https:\/\/dev.freakuence.nl\/fr\/produits\/\"},{\"@type\":\"ListItem\",\"position\":3,\"name\":\"AudioQuest Black Beauty XLR 150cm\"}]},{\"@type\":\"WebSite\",\"@id\":\"https:\/\/dev.freakuence.nl\/fr\/#website\",\"url\":\"https:\/\/dev.freakuence.nl\/fr\/\",\"name\":\"Freakuence!\",\"description\":\"Freakuence!\",\"publisher\":{\"@id\":\"https:\/\/dev.freakuence.nl\/fr\/#organization\"},\"alternateName\":\"Freakuence\",\"potentialAction\":[{\"@type\":\"SearchAction\",\"target\":{\"@type\":\"EntryPoint\",\"urlTemplate\":\"https:\/\/dev.freakuence.nl\/fr\/?s={search_term_string}\"},\"query-input\":{\"@type\":\"PropertyValueSpecification\",\"valueRequired\":true,\"valueName\":\"search_term_string\"}}],\"inLanguage\":\"fr-FR\"},{\"@type\":\"Organization\",\"@id\":\"https:\/\/dev.freakuence.nl\/fr\/#organization\",\"name\":\"Freakuence !\",\"url\":\"https:\/\/dev.freakuence.nl\/fr\/\",\"logo\":{\"@type\":\"ImageObject\",\"inLanguage\":\"fr-FR\",\"@id\":\"https:\/\/dev.freakuence.nl\/fr\/#\/schema\/logo\/image\/\",\"url\":\"https:\/\/dev.freakuence.nl\/wp-content\/uploads\/2022\/05\/Brown_3_RGB_Freakuence-1.png\",\"contentUrl\":\"https:\/\/dev.freakuence.nl\/wp-content\/uploads\/2022\/05\/Brown_3_RGB_Freakuence-1.png\",\"width\":2560,\"height\":684,\"caption\":\"Freakuence !\"},\"image\":{\"@id\":\"https:\/\/dev.freakuence.nl\/fr\/#\/schema\/logo\/image\/\"},\"sameAs\":[\"https:\/\/www.instagram.com\/freakuence_notorious_audio\/\"]}]}<\/script>\n<!-- \/ Yoast SEO plugin. -->","yoast_head_json":{"title":"AudioQuest Black Beauty XLR 150cm | Freakuence!","robots":{"index":"noindex","follow":"follow","max-snippet":"max-snippet:-1","max-image-preview":"max-image-preview:large","max-video-preview":"max-video-preview:-1"},"og_locale":"fr_FR","og_type":"article","og_title":"AudioQuest Black Beauty XLR 150cm | Freakuence!","og_description":"Description Freakuence ! Ce c\u00e2ble offre un son neutre et transparent, sans bruit ni distorsion ind\u00e9sirables. Le cuivre de haute puret\u00e9 et le blindage avanc\u00e9 garantissent une reproduction claire et d\u00e9taill\u00e9e. Les fiches argent\u00e9es, soud\u00e9es \u00e0 froid, contribuent \u00e0 une transmission optimale du signal. Prix de vente au d\u00e9tail : 1259,00 D\u00e9tails Le prix inclut [&hellip;]","og_url":"https:\/\/dev.freakuence.nl\/fr\/produit\/audioquest-black-beauty-xlr-150cm\/","og_site_name":"Freakuence!","article_modified_time":"2026-04-08T09:20:52+00:00","og_image":[{"width":1800,"height":1200,"url":"https:\/\/dev.freakuence.nl\/wp-content\/uploads\/2026\/04\/17643361983788-14319-IMG6179-2.jpg","type":"image\/jpeg"}],"twitter_card":"summary_large_image","schema":{"@context":"https:\/\/schema.org","@graph":[{"@type":"WebPage","@id":"https:\/\/dev.freakuence.nl\/fr\/produit\/audioquest-black-beauty-xlr-150cm\/","url":"https:\/\/dev.freakuence.nl\/fr\/produit\/audioquest-black-beauty-xlr-150cm\/","name":"AudioQuest Black Beauty XLR 150cm | Freakuence!","isPartOf":{"@id":"https:\/\/dev.freakuence.nl\/fr\/#website"},"primaryImageOfPage":{"@id":"https:\/\/dev.freakuence.nl\/fr\/produit\/audioquest-black-beauty-xlr-150cm\/#primaryimage"},"image":{"@id":"https:\/\/dev.freakuence.nl\/fr\/produit\/audioquest-black-beauty-xlr-150cm\/#primaryimage"},"thumbnailUrl":"https:\/\/dev.freakuence.nl\/wp-content\/uploads\/2026\/04\/17643361983788-14319-IMG6179-2.jpg","datePublished":"2025-11-28T13:23:28+00:00","dateModified":"2026-04-08T09:20:52+00:00","breadcrumb":{"@id":"https:\/\/dev.freakuence.nl\/fr\/produit\/audioquest-black-beauty-xlr-150cm\/#breadcrumb"},"inLanguage":"fr-FR","potentialAction":[{"@type":"ReadAction","target":["https:\/\/dev.freakuence.nl\/fr\/produit\/audioquest-black-beauty-xlr-150cm\/"]}]},{"@type":"ImageObject","inLanguage":"fr-FR","@id":"https:\/\/dev.freakuence.nl\/fr\/produit\/audioquest-black-beauty-xlr-150cm\/#primaryimage","url":"https:\/\/dev.freakuence.nl\/wp-content\/uploads\/2026\/04\/17643361983788-14319-IMG6179-2.jpg","contentUrl":"https:\/\/dev.freakuence.nl\/wp-content\/uploads\/2026\/04\/17643361983788-14319-IMG6179-2.jpg","width":1800,"height":1200},{"@type":"BreadcrumbList","@id":"https:\/\/dev.freakuence.nl\/fr\/produit\/audioquest-black-beauty-xlr-150cm\/#breadcrumb","itemListElement":[{"@type":"ListItem","position":1,"name":"Accueil","item":"https:\/\/dev.freakuence.nl\/fr\/"},{"@type":"ListItem","position":2,"name":"Produits","item":"https:\/\/dev.freakuence.nl\/fr\/produits\/"},{"@type":"ListItem","position":3,"name":"AudioQuest Black Beauty XLR 150cm"}]},{"@type":"WebSite","@id":"https:\/\/dev.freakuence.nl\/fr\/#website","url":"https:\/\/dev.freakuence.nl\/fr\/","name":"Freakuence!","description":"Freakuence!","publisher":{"@id":"https:\/\/dev.freakuence.nl\/fr\/#organization"},"alternateName":"Freakuence","potentialAction":[{"@type":"SearchAction","target":{"@type":"EntryPoint","urlTemplate":"https:\/\/dev.freakuence.nl\/fr\/?s={search_term_string}"},"query-input":{"@type":"PropertyValueSpecification","valueRequired":true,"valueName":"search_term_string"}}],"inLanguage":"fr-FR"},{"@type":"Organization","@id":"https:\/\/dev.freakuence.nl\/fr\/#organization","name":"Freakuence !","url":"https:\/\/dev.freakuence.nl\/fr\/","logo":{"@type":"ImageObject","inLanguage":"fr-FR","@id":"https:\/\/dev.freakuence.nl\/fr\/#\/schema\/logo\/image\/","url":"https:\/\/dev.freakuence.nl\/wp-content\/uploads\/2022\/05\/Brown_3_RGB_Freakuence-1.png","contentUrl":"https:\/\/dev.freakuence.nl\/wp-content\/uploads\/2022\/05\/Brown_3_RGB_Freakuence-1.png","width":2560,"height":684,"caption":"Freakuence !"},"image":{"@id":"https:\/\/dev.freakuence.nl\/fr\/#\/schema\/logo\/image\/"},"sameAs":["https:\/\/www.instagram.com\/freakuence_notorious_audio\/"]}]}},"_links":{"self":[{"href":"https:\/\/dev.freakuence.nl\/fr\/wp-json\/wp\/v2\/product\/325527","targetHints":{"allow":["GET"]}}],"collection":[{"href":"https:\/\/dev.freakuence.nl\/fr\/wp-json\/wp\/v2\/product"}],"about":[{"href":"https:\/\/dev.freakuence.nl\/fr\/wp-json\/wp\/v2\/types\/product"}],"wp:featuredmedia":[{"embeddable":true,"href":"https:\/\/dev.freakuence.nl\/fr\/wp-json\/wp\/v2\/media\/379970"}],"wp:attachment":[{"href":"https:\/\/dev.freakuence.nl\/fr\/wp-json\/wp\/v2\/media?parent=325527"}],"wp:term":[{"taxonomy":"product_brand","embeddable":true,"href":"https:\/\/dev.freakuence.nl\/fr\/wp-json\/wp\/v2\/product_brand?post=325527"},{"taxonomy":"product_cat","embeddable":true,"href":"https:\/\/dev.freakuence.nl\/fr\/wp-json\/wp\/v2\/product_cat?post=325527"},{"taxonomy":"product_tag","embeddable":true,"href":"https:\/\/dev.freakuence.nl\/fr\/wp-json\/wp\/v2\/product_tag?post=325527"}],"curies":[{"name":"wp","href":"https:\/\/api.w.org\/{rel}","templated":true}]}}