{"id":325543,"date":"2025-11-28T14:25:22","date_gmt":"2025-11-28T13:25:22","guid":{"rendered":"https:\/\/freakuence.nl\/product\/audioquest-rocket-33-full-range-ban-silver-300cm\/"},"modified":"2026-04-08T10:52:54","modified_gmt":"2026-04-08T08:52:54","slug":"audioquest-rocket-33-full-range-ban-silver-300cm","status":"publish","type":"product","link":"https:\/\/dev.freakuence.nl\/fr\/produit\/audioquest-rocket-33-full-range-ban-silver-300cm\/","title":{"rendered":"AudioQuest Rocket 33 full range ban silver 300cm"},"content":{"rendered":"<div class=\"product-specifications-list\">\n<div class=\"specification-item row-header\"><span class=\"spec-content\"><strong>Description Freakuence !<\/strong><\/span><\/div>\n<div class=\"specification-item row-even\"><span class=\"spec-content\">Ces c\u00e2bles combinent des conducteurs PSC et LGC solides avec une g\u00e9om\u00e9trie double \u00e9toile-quad, ce qui permet d&rsquo;obtenir un son doux et ouvert ainsi qu&rsquo;une gamme dynamique impressionnante.<\/span><\/div>\n<div class=\"specification-item row-odd\"><span class=\"spec-content\">Prix de vente au d\u00e9tail : 769,00<\/span><\/div>\n<div class=\"specification-item row-header\"><span class=\"spec-content\"><strong>D\u00e9tails<\/strong><\/span><\/div>\n<div class=\"specification-item row-even\"><span class=\"spec-content\">C&rsquo;est votre chance d&rsquo;obtenir enfin du mat\u00e9riel de d\u00e9monstration de la boutique la plus cool de l&rsquo;univers. Oui ! Pour cette raison, il vaut en r\u00e9alit\u00e9 beaucoup plus que le prix du neuf, mais nous allons nous retenir. Il n&rsquo;a \u00e9t\u00e9 utilis\u00e9 que pour des s\u00e9ances d&rsquo;\u00e9coute avec nos visiteurs et n&rsquo;a donc pas eu de propri\u00e9taire priv\u00e9. <\/span><\/div>\n<div class=\"specification-item row-odd\"><span class=\"spec-content\">Vous cherchez un autre mod\u00e8le de la s\u00e9rie actuelle de la marque ? Envoyez-nous un message !  Nous aimons en faire quelque chose d&rsquo;amusant.<\/span><\/div>\n<div class=\"specification-item row-even\"><span class=\"spec-content\">Produit TVA. Les entrepreneurs, les personnes en dehors de l&rsquo;UE, en profitent. <\/span><\/div>\n<div class=\"specification-item row-header\"><span class=\"spec-content\"><strong>Description g\u00e9n\u00e9rale<\/strong><\/span><\/div>\n<div class=\"specification-item row-even\"><span class=\"spec-content\">Le Rocket 33 d&rsquo;AudioQuest est un c\u00e2ble de haut-parleur con\u00e7u pour offrir un son clair et dynamique. D&rsquo;une longueur de 300 cm et dot\u00e9 de fiches bananes argent\u00e9es aux deux extr\u00e9mit\u00e9s, ce c\u00e2ble offre une grande souplesse d&rsquo;utilisation dans diverses configurations. La combinaison de cuivre \u00e0 long grain (LGC) et de cuivre \u00e0 surface parfaite (PSC) dans les conducteurs assure une transmission fluide du signal. La double g\u00e9om\u00e9trie Star-Quad r\u00e9duit l&rsquo;inductance et am\u00e9liore la coh\u00e9rence du courant, ce qui se traduit par une sc\u00e8ne sonore plus large et plus stable. En outre, le syst\u00e8me de dissipation du bruit (NDS) \u00e0 base de carbone aide \u00e0 r\u00e9duire le bruit RF, contribuant ainsi \u00e0 un arri\u00e8re-plan plus silencieux et \u00e0 une meilleure qualit\u00e9 sonore. La Rocket 33 convient \u00e0 la fois aux configurations pleine gamme et bifilaires, ce qui la rend polyvalente dans une vari\u00e9t\u00e9 de syst\u00e8mes audio.     <\/span><\/div>\n<div class=\"specification-item row-header\"><span class=\"spec-content\"><strong>Informations g\u00e9n\u00e9rales<\/strong><\/span><\/div>\n<div class=\"specification-item row-even\"><span class=\"spec-content\">Le Rocket 33 d&rsquo;AudioQuest est con\u00e7u selon la philosophie d&rsquo;une distorsion minimale et d&rsquo;une int\u00e9grit\u00e9 maximale du signal. Le concepteur Bill Low et son \u00e9quipe utilisent des conducteurs concentriques semi-solides en cuivre \u00e0 faible teneur en oxyg\u00e8ne (LGC et PSC) pour une meilleure conductivit\u00e9 et moins de distorsion. La double g\u00e9om\u00e9trie asym\u00e9trique permet un meilleur contr\u00f4le des aigus et des graves, et les fiches bananes plaqu\u00e9es argent assurent une connexion optimale. Le c\u00e2ble est assembl\u00e9 avec une grande pr\u00e9cision pour assurer un \u00e9quilibre tonal naturel.   <\/span><\/div>\n<div class=\"specification-item row-header\"><span class=\"spec-content\"><strong>Histoire de la marque<\/strong><\/span><\/div>\n<div class=\"specification-item row-even\"><span class=\"spec-content\">AudioQuest a \u00e9t\u00e9 fond\u00e9e en 1980 par William E. Low en Californie, aux \u00c9tats-Unis. La marque a commenc\u00e9 par assembler manuellement des c\u00e2bles selon des m\u00e9thodes de conception sp\u00e9cifiques bas\u00e9es sur la minimisation de la distorsion.  Depuis, AudioQuest a d\u00e9velopp\u00e9 une gamme de produits qui comprend des c\u00e2bles d&rsquo;interconnexion, des c\u00e2bles de haut-parleurs, des c\u00e2bles num\u00e9riques et de r\u00e9seau, des produits d&rsquo;alimentation et des accessoires portables. Depuis le d\u00e9but, l&rsquo;entreprise s&rsquo;en tient \u00e0 l&rsquo;utilisation de c\u00e2bles directionnels et de conducteurs \u00e0 \u00e2me pleine. En 2012, AudioQuest a lanc\u00e9 le DragonFly, un convertisseur num\u00e9rique-analogique USB. Le d\u00e9veloppement des produits a lieu aux \u00c9tats-Unis, tandis que la production est en partie r\u00e9alis\u00e9e en Chine et ailleurs. AudioQuest applique une philosophie selon laquelle la s\u00e9lection des mat\u00e9riaux, la g\u00e9om\u00e9trie et la finition ont un impact direct sur les performances du c\u00e2ble.    <\/span><\/div>\n<\/div>\n","protected":false},"excerpt":{"rendered":"<p>Description Freakuence ! Ces c\u00e2bles combinent des conducteurs PSC et LGC solides avec une g\u00e9om\u00e9trie double \u00e9toile-quad, ce qui permet d&rsquo;obtenir un son doux et ouvert ainsi qu&rsquo;une gamme dynamique impressionnante. Prix de vente au d\u00e9tail : 769,00 D\u00e9tails C&rsquo;est votre chance d&rsquo;obtenir enfin du mat\u00e9riel de d\u00e9monstration de la boutique la plus cool de [&hellip;]<\/p>\n","protected":false},"featured_media":379211,"template":"","meta":{"_acf_changed":false,"inline_featured_image":false},"product_brand":[],"product_cat":[345],"product_tag":[570],"class_list":{"0":"post-325543","1":"product","2":"type-product","3":"status-publish","4":"has-post-thumbnail","6":"product_cat-speakers","7":"product_tag-freakdemo","8":"pa_kleur-noir","10":"first","11":"instock","12":"sold-individually","13":"taxable","14":"shipping-taxable","15":"purchasable","16":"product-type-simple"},"acf":{"website":true,"show_on_homepage":false,"brand_title":"AudioQuest","product_type":"Rocket 33 full range ban <> ban silver 300cm","color":"Noir","subcolor":"","reserved_status":"0"},"yoast_head":"<!-- This site is optimized with the Yoast SEO plugin v25.9 - https:\/\/yoast.com\/wordpress\/plugins\/seo\/ -->\n<title>AudioQuest Rocket 33 full range ban silver 300cm | Freakuence!<\/title>\n<meta name=\"robots\" content=\"noindex, follow, max-snippet:-1, max-image-preview:large, max-video-preview:-1\" \/>\n<meta property=\"og:locale\" content=\"fr_FR\" \/>\n<meta property=\"og:type\" content=\"article\" \/>\n<meta property=\"og:title\" content=\"AudioQuest Rocket 33 full range ban silver 300cm | Freakuence!\" \/>\n<meta property=\"og:description\" content=\"Description Freakuence ! Ces c\u00e2bles combinent des conducteurs PSC et LGC solides avec une g\u00e9om\u00e9trie double \u00e9toile-quad, ce qui permet d&rsquo;obtenir un son doux et ouvert ainsi qu&rsquo;une gamme dynamique impressionnante. Prix de vente au d\u00e9tail : 769,00 D\u00e9tails C&rsquo;est votre chance d&rsquo;obtenir enfin du mat\u00e9riel de d\u00e9monstration de la boutique la plus cool de [&hellip;]\" \/>\n<meta property=\"og:url\" content=\"https:\/\/dev.freakuence.nl\/fr\/produit\/audioquest-rocket-33-full-range-ban-silver-300cm\/\" \/>\n<meta property=\"og:site_name\" content=\"Freakuence!\" \/>\n<meta property=\"article:modified_time\" content=\"2026-04-08T08:52:54+00:00\" \/>\n<meta property=\"og:image\" content=\"https:\/\/dev.freakuence.nl\/wp-content\/uploads\/2026\/04\/17643363114115-2594-IMG6203.jpg\" \/>\n\t<meta property=\"og:image:width\" content=\"1800\" \/>\n\t<meta property=\"og:image:height\" content=\"1200\" \/>\n\t<meta property=\"og:image:type\" content=\"image\/jpeg\" \/>\n<meta name=\"twitter:card\" content=\"summary_large_image\" \/>\n<script type=\"application\/ld+json\" class=\"yoast-schema-graph\">{\"@context\":\"https:\/\/schema.org\",\"@graph\":[{\"@type\":\"WebPage\",\"@id\":\"https:\/\/dev.freakuence.nl\/fr\/produit\/audioquest-rocket-33-full-range-ban-silver-300cm\/\",\"url\":\"https:\/\/dev.freakuence.nl\/fr\/produit\/audioquest-rocket-33-full-range-ban-silver-300cm\/\",\"name\":\"AudioQuest Rocket 33 full range ban silver 300cm | Freakuence!\",\"isPartOf\":{\"@id\":\"https:\/\/dev.freakuence.nl\/fr\/#website\"},\"primaryImageOfPage\":{\"@id\":\"https:\/\/dev.freakuence.nl\/fr\/produit\/audioquest-rocket-33-full-range-ban-silver-300cm\/#primaryimage\"},\"image\":{\"@id\":\"https:\/\/dev.freakuence.nl\/fr\/produit\/audioquest-rocket-33-full-range-ban-silver-300cm\/#primaryimage\"},\"thumbnailUrl\":\"https:\/\/dev.freakuence.nl\/wp-content\/uploads\/2026\/04\/17643363114115-2594-IMG6203.jpg\",\"datePublished\":\"2025-11-28T13:25:22+00:00\",\"dateModified\":\"2026-04-08T08:52:54+00:00\",\"breadcrumb\":{\"@id\":\"https:\/\/dev.freakuence.nl\/fr\/produit\/audioquest-rocket-33-full-range-ban-silver-300cm\/#breadcrumb\"},\"inLanguage\":\"fr-FR\",\"potentialAction\":[{\"@type\":\"ReadAction\",\"target\":[\"https:\/\/dev.freakuence.nl\/fr\/produit\/audioquest-rocket-33-full-range-ban-silver-300cm\/\"]}]},{\"@type\":\"ImageObject\",\"inLanguage\":\"fr-FR\",\"@id\":\"https:\/\/dev.freakuence.nl\/fr\/produit\/audioquest-rocket-33-full-range-ban-silver-300cm\/#primaryimage\",\"url\":\"https:\/\/dev.freakuence.nl\/wp-content\/uploads\/2026\/04\/17643363114115-2594-IMG6203.jpg\",\"contentUrl\":\"https:\/\/dev.freakuence.nl\/wp-content\/uploads\/2026\/04\/17643363114115-2594-IMG6203.jpg\",\"width\":1800,\"height\":1200},{\"@type\":\"BreadcrumbList\",\"@id\":\"https:\/\/dev.freakuence.nl\/fr\/produit\/audioquest-rocket-33-full-range-ban-silver-300cm\/#breadcrumb\",\"itemListElement\":[{\"@type\":\"ListItem\",\"position\":1,\"name\":\"Accueil\",\"item\":\"https:\/\/dev.freakuence.nl\/fr\/\"},{\"@type\":\"ListItem\",\"position\":2,\"name\":\"Produits\",\"item\":\"https:\/\/dev.freakuence.nl\/fr\/produits\/\"},{\"@type\":\"ListItem\",\"position\":3,\"name\":\"AudioQuest Rocket 33 full range ban &lt;&gt; ban silver 300cm\"}]},{\"@type\":\"WebSite\",\"@id\":\"https:\/\/dev.freakuence.nl\/fr\/#website\",\"url\":\"https:\/\/dev.freakuence.nl\/fr\/\",\"name\":\"Freakuence!\",\"description\":\"Freakuence!\",\"publisher\":{\"@id\":\"https:\/\/dev.freakuence.nl\/fr\/#organization\"},\"alternateName\":\"Freakuence\",\"potentialAction\":[{\"@type\":\"SearchAction\",\"target\":{\"@type\":\"EntryPoint\",\"urlTemplate\":\"https:\/\/dev.freakuence.nl\/fr\/?s={search_term_string}\"},\"query-input\":{\"@type\":\"PropertyValueSpecification\",\"valueRequired\":true,\"valueName\":\"search_term_string\"}}],\"inLanguage\":\"fr-FR\"},{\"@type\":\"Organization\",\"@id\":\"https:\/\/dev.freakuence.nl\/fr\/#organization\",\"name\":\"Freakuence !\",\"url\":\"https:\/\/dev.freakuence.nl\/fr\/\",\"logo\":{\"@type\":\"ImageObject\",\"inLanguage\":\"fr-FR\",\"@id\":\"https:\/\/dev.freakuence.nl\/fr\/#\/schema\/logo\/image\/\",\"url\":\"https:\/\/dev.freakuence.nl\/wp-content\/uploads\/2022\/05\/Brown_3_RGB_Freakuence-1.png\",\"contentUrl\":\"https:\/\/dev.freakuence.nl\/wp-content\/uploads\/2022\/05\/Brown_3_RGB_Freakuence-1.png\",\"width\":2560,\"height\":684,\"caption\":\"Freakuence !\"},\"image\":{\"@id\":\"https:\/\/dev.freakuence.nl\/fr\/#\/schema\/logo\/image\/\"},\"sameAs\":[\"https:\/\/www.instagram.com\/freakuence_notorious_audio\/\"]}]}<\/script>\n<!-- \/ Yoast SEO plugin. -->","yoast_head_json":{"title":"AudioQuest Rocket 33 full range ban silver 300cm | Freakuence!","robots":{"index":"noindex","follow":"follow","max-snippet":"max-snippet:-1","max-image-preview":"max-image-preview:large","max-video-preview":"max-video-preview:-1"},"og_locale":"fr_FR","og_type":"article","og_title":"AudioQuest Rocket 33 full range ban silver 300cm | Freakuence!","og_description":"Description Freakuence ! Ces c\u00e2bles combinent des conducteurs PSC et LGC solides avec une g\u00e9om\u00e9trie double \u00e9toile-quad, ce qui permet d&rsquo;obtenir un son doux et ouvert ainsi qu&rsquo;une gamme dynamique impressionnante. Prix de vente au d\u00e9tail : 769,00 D\u00e9tails C&rsquo;est votre chance d&rsquo;obtenir enfin du mat\u00e9riel de d\u00e9monstration de la boutique la plus cool de [&hellip;]","og_url":"https:\/\/dev.freakuence.nl\/fr\/produit\/audioquest-rocket-33-full-range-ban-silver-300cm\/","og_site_name":"Freakuence!","article_modified_time":"2026-04-08T08:52:54+00:00","og_image":[{"width":1800,"height":1200,"url":"https:\/\/dev.freakuence.nl\/wp-content\/uploads\/2026\/04\/17643363114115-2594-IMG6203.jpg","type":"image\/jpeg"}],"twitter_card":"summary_large_image","schema":{"@context":"https:\/\/schema.org","@graph":[{"@type":"WebPage","@id":"https:\/\/dev.freakuence.nl\/fr\/produit\/audioquest-rocket-33-full-range-ban-silver-300cm\/","url":"https:\/\/dev.freakuence.nl\/fr\/produit\/audioquest-rocket-33-full-range-ban-silver-300cm\/","name":"AudioQuest Rocket 33 full range ban silver 300cm | Freakuence!","isPartOf":{"@id":"https:\/\/dev.freakuence.nl\/fr\/#website"},"primaryImageOfPage":{"@id":"https:\/\/dev.freakuence.nl\/fr\/produit\/audioquest-rocket-33-full-range-ban-silver-300cm\/#primaryimage"},"image":{"@id":"https:\/\/dev.freakuence.nl\/fr\/produit\/audioquest-rocket-33-full-range-ban-silver-300cm\/#primaryimage"},"thumbnailUrl":"https:\/\/dev.freakuence.nl\/wp-content\/uploads\/2026\/04\/17643363114115-2594-IMG6203.jpg","datePublished":"2025-11-28T13:25:22+00:00","dateModified":"2026-04-08T08:52:54+00:00","breadcrumb":{"@id":"https:\/\/dev.freakuence.nl\/fr\/produit\/audioquest-rocket-33-full-range-ban-silver-300cm\/#breadcrumb"},"inLanguage":"fr-FR","potentialAction":[{"@type":"ReadAction","target":["https:\/\/dev.freakuence.nl\/fr\/produit\/audioquest-rocket-33-full-range-ban-silver-300cm\/"]}]},{"@type":"ImageObject","inLanguage":"fr-FR","@id":"https:\/\/dev.freakuence.nl\/fr\/produit\/audioquest-rocket-33-full-range-ban-silver-300cm\/#primaryimage","url":"https:\/\/dev.freakuence.nl\/wp-content\/uploads\/2026\/04\/17643363114115-2594-IMG6203.jpg","contentUrl":"https:\/\/dev.freakuence.nl\/wp-content\/uploads\/2026\/04\/17643363114115-2594-IMG6203.jpg","width":1800,"height":1200},{"@type":"BreadcrumbList","@id":"https:\/\/dev.freakuence.nl\/fr\/produit\/audioquest-rocket-33-full-range-ban-silver-300cm\/#breadcrumb","itemListElement":[{"@type":"ListItem","position":1,"name":"Accueil","item":"https:\/\/dev.freakuence.nl\/fr\/"},{"@type":"ListItem","position":2,"name":"Produits","item":"https:\/\/dev.freakuence.nl\/fr\/produits\/"},{"@type":"ListItem","position":3,"name":"AudioQuest Rocket 33 full range ban &lt;&gt; ban silver 300cm"}]},{"@type":"WebSite","@id":"https:\/\/dev.freakuence.nl\/fr\/#website","url":"https:\/\/dev.freakuence.nl\/fr\/","name":"Freakuence!","description":"Freakuence!","publisher":{"@id":"https:\/\/dev.freakuence.nl\/fr\/#organization"},"alternateName":"Freakuence","potentialAction":[{"@type":"SearchAction","target":{"@type":"EntryPoint","urlTemplate":"https:\/\/dev.freakuence.nl\/fr\/?s={search_term_string}"},"query-input":{"@type":"PropertyValueSpecification","valueRequired":true,"valueName":"search_term_string"}}],"inLanguage":"fr-FR"},{"@type":"Organization","@id":"https:\/\/dev.freakuence.nl\/fr\/#organization","name":"Freakuence !","url":"https:\/\/dev.freakuence.nl\/fr\/","logo":{"@type":"ImageObject","inLanguage":"fr-FR","@id":"https:\/\/dev.freakuence.nl\/fr\/#\/schema\/logo\/image\/","url":"https:\/\/dev.freakuence.nl\/wp-content\/uploads\/2022\/05\/Brown_3_RGB_Freakuence-1.png","contentUrl":"https:\/\/dev.freakuence.nl\/wp-content\/uploads\/2022\/05\/Brown_3_RGB_Freakuence-1.png","width":2560,"height":684,"caption":"Freakuence !"},"image":{"@id":"https:\/\/dev.freakuence.nl\/fr\/#\/schema\/logo\/image\/"},"sameAs":["https:\/\/www.instagram.com\/freakuence_notorious_audio\/"]}]}},"_links":{"self":[{"href":"https:\/\/dev.freakuence.nl\/fr\/wp-json\/wp\/v2\/product\/325543","targetHints":{"allow":["GET"]}}],"collection":[{"href":"https:\/\/dev.freakuence.nl\/fr\/wp-json\/wp\/v2\/product"}],"about":[{"href":"https:\/\/dev.freakuence.nl\/fr\/wp-json\/wp\/v2\/types\/product"}],"wp:featuredmedia":[{"embeddable":true,"href":"https:\/\/dev.freakuence.nl\/fr\/wp-json\/wp\/v2\/media\/379211"}],"wp:attachment":[{"href":"https:\/\/dev.freakuence.nl\/fr\/wp-json\/wp\/v2\/media?parent=325543"}],"wp:term":[{"taxonomy":"product_brand","embeddable":true,"href":"https:\/\/dev.freakuence.nl\/fr\/wp-json\/wp\/v2\/product_brand?post=325543"},{"taxonomy":"product_cat","embeddable":true,"href":"https:\/\/dev.freakuence.nl\/fr\/wp-json\/wp\/v2\/product_cat?post=325543"},{"taxonomy":"product_tag","embeddable":true,"href":"https:\/\/dev.freakuence.nl\/fr\/wp-json\/wp\/v2\/product_tag?post=325543"}],"curies":[{"name":"wp","href":"https:\/\/api.w.org\/{rel}","templated":true}]}}