{"id":325545,"date":"2025-11-28T14:26:40","date_gmt":"2025-11-28T13:26:40","guid":{"rendered":"https:\/\/freakuence.nl\/product\/audioquest-rocket-88-full-range-banban-gold-250cm\/"},"modified":"2026-04-08T11:04:44","modified_gmt":"2026-04-08T09:04:44","slug":"audioquest-rocket-88-full-range-banban-gold-250cm","status":"publish","type":"product","link":"https:\/\/dev.freakuence.nl\/fr\/produit\/audioquest-rocket-88-full-range-banban-gold-250cm\/","title":{"rendered":"AudioQuest Rocket 88 Full-Range banban gold 250cm"},"content":{"rendered":"<div class=\"product-specifications-list\">\n<div class=\"specification-item row-header\"><span class=\"spec-content\"><strong>Description Freakuence !<\/strong><\/span><\/div>\n<div class=\"specification-item row-even\"><span class=\"spec-content\">La lecture est fluide et spacieuse, avec une image st\u00e9r\u00e9o large et des m\u00e9diums clairs. Les aigus sont clairs sans \u00eatre tranchants, tandis que les graves restent modestes. Apr\u00e8s la lecture, une l\u00e9g\u00e8re ar\u00eate dispara\u00eet, ce qui donne un caract\u00e8re plus agr\u00e9able. Les nuances des voix et des instruments ressortent bien, avec une pr\u00e9sentation douce et ronde. Une l\u00e9g\u00e8re rugosit\u00e9 peut \u00eatre remarqu\u00e9e, mais elle est moins perceptible dans les syst\u00e8mes de la m\u00eame gamme de prix.    <\/span><\/div>\n<div class=\"specification-item row-odd\"><span class=\"spec-content\">Prix de vente au d\u00e9tail : 1349.00<\/span><\/div>\n<div class=\"specification-item row-header\"><span class=\"spec-content\"><strong>D\u00e9tails<\/strong><\/span><\/div>\n<div class=\"specification-item row-even\"><span class=\"spec-content\">Produit TVA. Les entrepreneurs, les personnes en dehors de l&rsquo;UE, en profitent. <\/span><\/div>\n<div class=\"specification-item row-odd\"><span class=\"spec-content\">Vous cherchez un autre mod\u00e8le de la s\u00e9rie actuelle de la marque ? Envoyez-nous un message !  Nous aimons en faire quelque chose d&rsquo;amusant.<\/span><\/div>\n<div class=\"specification-item row-header\"><span class=\"spec-content\"><strong>Description g\u00e9n\u00e9rale<\/strong><\/span><\/div>\n<div class=\"specification-item row-even\"><span class=\"spec-content\">Le c\u00e2ble d&rsquo;enceinte AudioQuest Rocket 88 Full-Range de 2,5 m\u00e8tres avec fiches bananes dor\u00e9es est con\u00e7u pour assurer une connexion de haute qualit\u00e9 entre l&rsquo;amplificateur et les enceintes. Ce c\u00e2ble utilise des conducteurs solides en cuivre \u00e0 surface parfaite+ (PSC+), ce qui contribue \u00e0 un son clair et naturel. La g\u00e9om\u00e9trie Double Star-Quad assure une transmission \u00e9quilibr\u00e9e du signal et r\u00e9duit la distorsion. En outre, le c\u00e2ble est \u00e9quip\u00e9 du syst\u00e8me de polarisation di\u00e9lectrique (DBS), qui contribue \u00e0 r\u00e9duire le bruit et \u00e0 am\u00e9liorer la clart\u00e9. Les fiches bananes en or de haute qualit\u00e9 garantissent une connexion solide et fiable. Avec une longueur de 2,5 m\u00e8tres, ce c\u00e2ble offre suffisamment de flexibilit\u00e9 pour diverses configurations.     <\/span><\/div>\n<div class=\"specification-item row-header\"><span class=\"spec-content\"><strong>Informations g\u00e9n\u00e9rales<\/strong><\/span><\/div>\n<div class=\"specification-item row-even\"><span class=\"spec-content\">Le Rocket 88 d&rsquo;AudioQuest est un c\u00e2ble de haut-parleur pleine gamme avec des conducteurs en cuivre+ \u00e0 surface parfaite et solide, con\u00e7u pour une distorsion minimale et une clart\u00e9 maximale. Le c\u00e2ble utilise le syst\u00e8me brevet\u00e9 Dielectric-Bias System (DBS) d&rsquo;AudioQuest pour une meilleure transparence. La g\u00e9om\u00e9trie est soigneusement \u00e9quilibr\u00e9e pour une transmission optimale du signal. D\u00e9velopp\u00e9 sous la direction du fondateur et concepteur en chef Bill Low, avec une attention particuli\u00e8re pour les mat\u00e9riaux et la fabrication de haute qualit\u00e9.   <\/span><\/div>\n<div class=\"specification-item row-header\"><span class=\"spec-content\"><strong>Histoire de la marque<\/strong><\/span><\/div>\n<div class=\"specification-item row-even\"><span class=\"spec-content\">AudioQuest a \u00e9t\u00e9 fond\u00e9e en 1980 par William E. Low en Californie, aux \u00c9tats-Unis. La marque a commenc\u00e9 par assembler manuellement des c\u00e2bles selon des m\u00e9thodes de conception sp\u00e9cifiques bas\u00e9es sur la minimisation de la distorsion.  Depuis, AudioQuest a d\u00e9velopp\u00e9 une gamme de produits qui comprend des c\u00e2bles d&rsquo;interconnexion, des c\u00e2bles de haut-parleurs, des c\u00e2bles num\u00e9riques et de r\u00e9seau, des produits d&rsquo;alimentation et des accessoires portables. Depuis le d\u00e9but, l&rsquo;entreprise s&rsquo;en tient \u00e0 l&rsquo;utilisation de c\u00e2bles directionnels et de conducteurs \u00e0 \u00e2me pleine. En 2012, AudioQuest a lanc\u00e9 le DragonFly, un convertisseur num\u00e9rique-analogique USB. Le d\u00e9veloppement des produits a lieu aux \u00c9tats-Unis, tandis que la production est en partie r\u00e9alis\u00e9e en Chine et ailleurs. AudioQuest applique une philosophie selon laquelle la s\u00e9lection des mat\u00e9riaux, la g\u00e9om\u00e9trie et la finition ont un impact direct sur les performances du c\u00e2ble.    <\/span><\/div>\n<\/div>\n","protected":false},"excerpt":{"rendered":"<p>Description Freakuence ! La lecture est fluide et spacieuse, avec une image st\u00e9r\u00e9o large et des m\u00e9diums clairs. Les aigus sont clairs sans \u00eatre tranchants, tandis que les graves restent modestes. Apr\u00e8s la lecture, une l\u00e9g\u00e8re ar\u00eate dispara\u00eet, ce qui donne un caract\u00e8re plus agr\u00e9able. Les nuances des voix et des instruments ressortent bien, avec [&hellip;]<\/p>\n","protected":false},"featured_media":379387,"template":"","meta":{"_acf_changed":false,"inline_featured_image":false},"product_brand":[],"product_cat":[345],"product_tag":[570],"class_list":{"0":"post-325545","1":"product","2":"type-product","3":"status-publish","4":"has-post-thumbnail","6":"product_cat-speakers","7":"product_tag-freakdemo","8":"pa_kleur-noir","10":"first","11":"instock","12":"sold-individually","13":"taxable","14":"shipping-taxable","15":"purchasable","16":"product-type-simple"},"acf":{"website":true,"show_on_homepage":false,"brand_title":"AudioQuest","product_type":"Rocket 88 Full-Range ban<>ban gold 250cm","color":"Noir","subcolor":"","reserved_status":"0"},"yoast_head":"<!-- This site is optimized with the Yoast SEO plugin v25.9 - https:\/\/yoast.com\/wordpress\/plugins\/seo\/ -->\n<title>AudioQuest Rocket 88 Full-Range banban gold 250cm | Freakuence!<\/title>\n<meta name=\"robots\" content=\"noindex, follow, max-snippet:-1, max-image-preview:large, max-video-preview:-1\" \/>\n<meta property=\"og:locale\" content=\"fr_FR\" \/>\n<meta property=\"og:type\" content=\"article\" \/>\n<meta property=\"og:title\" content=\"AudioQuest Rocket 88 Full-Range banban gold 250cm | Freakuence!\" \/>\n<meta property=\"og:description\" content=\"Description Freakuence ! La lecture est fluide et spacieuse, avec une image st\u00e9r\u00e9o large et des m\u00e9diums clairs. Les aigus sont clairs sans \u00eatre tranchants, tandis que les graves restent modestes. Apr\u00e8s la lecture, une l\u00e9g\u00e8re ar\u00eate dispara\u00eet, ce qui donne un caract\u00e8re plus agr\u00e9able. Les nuances des voix et des instruments ressortent bien, avec [&hellip;]\" \/>\n<meta property=\"og:url\" content=\"https:\/\/dev.freakuence.nl\/fr\/produit\/audioquest-rocket-88-full-range-banban-gold-250cm\/\" \/>\n<meta property=\"og:site_name\" content=\"Freakuence!\" \/>\n<meta property=\"article:modified_time\" content=\"2026-04-08T09:04:44+00:00\" \/>\n<meta property=\"og:image\" content=\"https:\/\/dev.freakuence.nl\/wp-content\/uploads\/2026\/04\/17643363852851-10701-IMG6221.jpg\" \/>\n\t<meta property=\"og:image:width\" content=\"1800\" \/>\n\t<meta property=\"og:image:height\" content=\"1200\" \/>\n\t<meta property=\"og:image:type\" content=\"image\/jpeg\" \/>\n<meta name=\"twitter:card\" content=\"summary_large_image\" \/>\n<script type=\"application\/ld+json\" class=\"yoast-schema-graph\">{\"@context\":\"https:\/\/schema.org\",\"@graph\":[{\"@type\":\"WebPage\",\"@id\":\"https:\/\/dev.freakuence.nl\/fr\/produit\/audioquest-rocket-88-full-range-banban-gold-250cm\/\",\"url\":\"https:\/\/dev.freakuence.nl\/fr\/produit\/audioquest-rocket-88-full-range-banban-gold-250cm\/\",\"name\":\"AudioQuest Rocket 88 Full-Range banban gold 250cm | Freakuence!\",\"isPartOf\":{\"@id\":\"https:\/\/dev.freakuence.nl\/fr\/#website\"},\"primaryImageOfPage\":{\"@id\":\"https:\/\/dev.freakuence.nl\/fr\/produit\/audioquest-rocket-88-full-range-banban-gold-250cm\/#primaryimage\"},\"image\":{\"@id\":\"https:\/\/dev.freakuence.nl\/fr\/produit\/audioquest-rocket-88-full-range-banban-gold-250cm\/#primaryimage\"},\"thumbnailUrl\":\"https:\/\/dev.freakuence.nl\/wp-content\/uploads\/2026\/04\/17643363852851-10701-IMG6221.jpg\",\"datePublished\":\"2025-11-28T13:26:40+00:00\",\"dateModified\":\"2026-04-08T09:04:44+00:00\",\"breadcrumb\":{\"@id\":\"https:\/\/dev.freakuence.nl\/fr\/produit\/audioquest-rocket-88-full-range-banban-gold-250cm\/#breadcrumb\"},\"inLanguage\":\"fr-FR\",\"potentialAction\":[{\"@type\":\"ReadAction\",\"target\":[\"https:\/\/dev.freakuence.nl\/fr\/produit\/audioquest-rocket-88-full-range-banban-gold-250cm\/\"]}]},{\"@type\":\"ImageObject\",\"inLanguage\":\"fr-FR\",\"@id\":\"https:\/\/dev.freakuence.nl\/fr\/produit\/audioquest-rocket-88-full-range-banban-gold-250cm\/#primaryimage\",\"url\":\"https:\/\/dev.freakuence.nl\/wp-content\/uploads\/2026\/04\/17643363852851-10701-IMG6221.jpg\",\"contentUrl\":\"https:\/\/dev.freakuence.nl\/wp-content\/uploads\/2026\/04\/17643363852851-10701-IMG6221.jpg\",\"width\":1800,\"height\":1200},{\"@type\":\"BreadcrumbList\",\"@id\":\"https:\/\/dev.freakuence.nl\/fr\/produit\/audioquest-rocket-88-full-range-banban-gold-250cm\/#breadcrumb\",\"itemListElement\":[{\"@type\":\"ListItem\",\"position\":1,\"name\":\"Accueil\",\"item\":\"https:\/\/dev.freakuence.nl\/fr\/\"},{\"@type\":\"ListItem\",\"position\":2,\"name\":\"Produits\",\"item\":\"https:\/\/dev.freakuence.nl\/fr\/produits\/\"},{\"@type\":\"ListItem\",\"position\":3,\"name\":\"AudioQuest Rocket 88 Full-Range banban gold 250cm\"}]},{\"@type\":\"WebSite\",\"@id\":\"https:\/\/dev.freakuence.nl\/fr\/#website\",\"url\":\"https:\/\/dev.freakuence.nl\/fr\/\",\"name\":\"Freakuence!\",\"description\":\"Freakuence!\",\"publisher\":{\"@id\":\"https:\/\/dev.freakuence.nl\/fr\/#organization\"},\"alternateName\":\"Freakuence\",\"potentialAction\":[{\"@type\":\"SearchAction\",\"target\":{\"@type\":\"EntryPoint\",\"urlTemplate\":\"https:\/\/dev.freakuence.nl\/fr\/?s={search_term_string}\"},\"query-input\":{\"@type\":\"PropertyValueSpecification\",\"valueRequired\":true,\"valueName\":\"search_term_string\"}}],\"inLanguage\":\"fr-FR\"},{\"@type\":\"Organization\",\"@id\":\"https:\/\/dev.freakuence.nl\/fr\/#organization\",\"name\":\"Freakuence !\",\"url\":\"https:\/\/dev.freakuence.nl\/fr\/\",\"logo\":{\"@type\":\"ImageObject\",\"inLanguage\":\"fr-FR\",\"@id\":\"https:\/\/dev.freakuence.nl\/fr\/#\/schema\/logo\/image\/\",\"url\":\"https:\/\/dev.freakuence.nl\/wp-content\/uploads\/2022\/05\/Brown_3_RGB_Freakuence-1.png\",\"contentUrl\":\"https:\/\/dev.freakuence.nl\/wp-content\/uploads\/2022\/05\/Brown_3_RGB_Freakuence-1.png\",\"width\":2560,\"height\":684,\"caption\":\"Freakuence !\"},\"image\":{\"@id\":\"https:\/\/dev.freakuence.nl\/fr\/#\/schema\/logo\/image\/\"},\"sameAs\":[\"https:\/\/www.instagram.com\/freakuence_notorious_audio\/\"]}]}<\/script>\n<!-- \/ Yoast SEO plugin. -->","yoast_head_json":{"title":"AudioQuest Rocket 88 Full-Range banban gold 250cm | Freakuence!","robots":{"index":"noindex","follow":"follow","max-snippet":"max-snippet:-1","max-image-preview":"max-image-preview:large","max-video-preview":"max-video-preview:-1"},"og_locale":"fr_FR","og_type":"article","og_title":"AudioQuest Rocket 88 Full-Range banban gold 250cm | Freakuence!","og_description":"Description Freakuence ! La lecture est fluide et spacieuse, avec une image st\u00e9r\u00e9o large et des m\u00e9diums clairs. Les aigus sont clairs sans \u00eatre tranchants, tandis que les graves restent modestes. Apr\u00e8s la lecture, une l\u00e9g\u00e8re ar\u00eate dispara\u00eet, ce qui donne un caract\u00e8re plus agr\u00e9able. Les nuances des voix et des instruments ressortent bien, avec [&hellip;]","og_url":"https:\/\/dev.freakuence.nl\/fr\/produit\/audioquest-rocket-88-full-range-banban-gold-250cm\/","og_site_name":"Freakuence!","article_modified_time":"2026-04-08T09:04:44+00:00","og_image":[{"width":1800,"height":1200,"url":"https:\/\/dev.freakuence.nl\/wp-content\/uploads\/2026\/04\/17643363852851-10701-IMG6221.jpg","type":"image\/jpeg"}],"twitter_card":"summary_large_image","schema":{"@context":"https:\/\/schema.org","@graph":[{"@type":"WebPage","@id":"https:\/\/dev.freakuence.nl\/fr\/produit\/audioquest-rocket-88-full-range-banban-gold-250cm\/","url":"https:\/\/dev.freakuence.nl\/fr\/produit\/audioquest-rocket-88-full-range-banban-gold-250cm\/","name":"AudioQuest Rocket 88 Full-Range banban gold 250cm | Freakuence!","isPartOf":{"@id":"https:\/\/dev.freakuence.nl\/fr\/#website"},"primaryImageOfPage":{"@id":"https:\/\/dev.freakuence.nl\/fr\/produit\/audioquest-rocket-88-full-range-banban-gold-250cm\/#primaryimage"},"image":{"@id":"https:\/\/dev.freakuence.nl\/fr\/produit\/audioquest-rocket-88-full-range-banban-gold-250cm\/#primaryimage"},"thumbnailUrl":"https:\/\/dev.freakuence.nl\/wp-content\/uploads\/2026\/04\/17643363852851-10701-IMG6221.jpg","datePublished":"2025-11-28T13:26:40+00:00","dateModified":"2026-04-08T09:04:44+00:00","breadcrumb":{"@id":"https:\/\/dev.freakuence.nl\/fr\/produit\/audioquest-rocket-88-full-range-banban-gold-250cm\/#breadcrumb"},"inLanguage":"fr-FR","potentialAction":[{"@type":"ReadAction","target":["https:\/\/dev.freakuence.nl\/fr\/produit\/audioquest-rocket-88-full-range-banban-gold-250cm\/"]}]},{"@type":"ImageObject","inLanguage":"fr-FR","@id":"https:\/\/dev.freakuence.nl\/fr\/produit\/audioquest-rocket-88-full-range-banban-gold-250cm\/#primaryimage","url":"https:\/\/dev.freakuence.nl\/wp-content\/uploads\/2026\/04\/17643363852851-10701-IMG6221.jpg","contentUrl":"https:\/\/dev.freakuence.nl\/wp-content\/uploads\/2026\/04\/17643363852851-10701-IMG6221.jpg","width":1800,"height":1200},{"@type":"BreadcrumbList","@id":"https:\/\/dev.freakuence.nl\/fr\/produit\/audioquest-rocket-88-full-range-banban-gold-250cm\/#breadcrumb","itemListElement":[{"@type":"ListItem","position":1,"name":"Accueil","item":"https:\/\/dev.freakuence.nl\/fr\/"},{"@type":"ListItem","position":2,"name":"Produits","item":"https:\/\/dev.freakuence.nl\/fr\/produits\/"},{"@type":"ListItem","position":3,"name":"AudioQuest Rocket 88 Full-Range banban gold 250cm"}]},{"@type":"WebSite","@id":"https:\/\/dev.freakuence.nl\/fr\/#website","url":"https:\/\/dev.freakuence.nl\/fr\/","name":"Freakuence!","description":"Freakuence!","publisher":{"@id":"https:\/\/dev.freakuence.nl\/fr\/#organization"},"alternateName":"Freakuence","potentialAction":[{"@type":"SearchAction","target":{"@type":"EntryPoint","urlTemplate":"https:\/\/dev.freakuence.nl\/fr\/?s={search_term_string}"},"query-input":{"@type":"PropertyValueSpecification","valueRequired":true,"valueName":"search_term_string"}}],"inLanguage":"fr-FR"},{"@type":"Organization","@id":"https:\/\/dev.freakuence.nl\/fr\/#organization","name":"Freakuence !","url":"https:\/\/dev.freakuence.nl\/fr\/","logo":{"@type":"ImageObject","inLanguage":"fr-FR","@id":"https:\/\/dev.freakuence.nl\/fr\/#\/schema\/logo\/image\/","url":"https:\/\/dev.freakuence.nl\/wp-content\/uploads\/2022\/05\/Brown_3_RGB_Freakuence-1.png","contentUrl":"https:\/\/dev.freakuence.nl\/wp-content\/uploads\/2022\/05\/Brown_3_RGB_Freakuence-1.png","width":2560,"height":684,"caption":"Freakuence !"},"image":{"@id":"https:\/\/dev.freakuence.nl\/fr\/#\/schema\/logo\/image\/"},"sameAs":["https:\/\/www.instagram.com\/freakuence_notorious_audio\/"]}]}},"_links":{"self":[{"href":"https:\/\/dev.freakuence.nl\/fr\/wp-json\/wp\/v2\/product\/325545","targetHints":{"allow":["GET"]}}],"collection":[{"href":"https:\/\/dev.freakuence.nl\/fr\/wp-json\/wp\/v2\/product"}],"about":[{"href":"https:\/\/dev.freakuence.nl\/fr\/wp-json\/wp\/v2\/types\/product"}],"wp:featuredmedia":[{"embeddable":true,"href":"https:\/\/dev.freakuence.nl\/fr\/wp-json\/wp\/v2\/media\/379387"}],"wp:attachment":[{"href":"https:\/\/dev.freakuence.nl\/fr\/wp-json\/wp\/v2\/media?parent=325545"}],"wp:term":[{"taxonomy":"product_brand","embeddable":true,"href":"https:\/\/dev.freakuence.nl\/fr\/wp-json\/wp\/v2\/product_brand?post=325545"},{"taxonomy":"product_cat","embeddable":true,"href":"https:\/\/dev.freakuence.nl\/fr\/wp-json\/wp\/v2\/product_cat?post=325545"},{"taxonomy":"product_tag","embeddable":true,"href":"https:\/\/dev.freakuence.nl\/fr\/wp-json\/wp\/v2\/product_tag?post=325545"}],"curies":[{"name":"wp","href":"https:\/\/api.w.org\/{rel}","templated":true}]}}