{"id":325557,"date":"2025-11-28T14:27:37","date_gmt":"2025-11-28T13:27:37","guid":{"rendered":"https:\/\/freakuence.nl\/product\/audioquest-carbon-digital-coax-600-cm\/"},"modified":"2026-03-05T02:54:41","modified_gmt":"2026-03-05T01:54:41","slug":"audioquest-carbon-digital-coax-600-cm","status":"publish","type":"product","link":"https:\/\/dev.freakuence.nl\/fr\/produit\/audioquest-carbon-digital-coax-600-cm\/","title":{"rendered":"AudioQuest Carbon digital coax 600 cm"},"content":{"rendered":"<div class=\"product-specifications-list\">\n<div class=\"specification-item row-even\"><span class=\"spec-content\"><strong>Description Freakuence !<\/strong><\/span><\/div>\n<div class=\"specification-item row-odd\"><span class=\"spec-content\">Le son est neutre et ouvert, avec une l\u00e9g\u00e8re chaleur. L&rsquo;image st\u00e9r\u00e9o est spacieuse et la reproduction des d\u00e9tails est subtile. Les aigus sont clairs sans \u00eatre tranchants, tandis que les basses restent serr\u00e9es et contr\u00f4l\u00e9es. Les fr\u00e9quences moyennes sont reproduites naturellement et en douceur. Les transitions entre les fr\u00e9quences sont douces, contribuant \u00e0 un ensemble coh\u00e9rent. La dynamique est vive sans \u00eatre excessive. En r\u00e9sum\u00e9, une exp\u00e9rience d&rsquo;\u00e9coute agr\u00e9able et sans fioritures.<br \/>\nPrix de vente au d\u00e9tail : 669,00      <\/span><\/div>\n<div class=\"specification-item row-even\"><span class=\"spec-content\"><strong>D\u00e9tails<\/strong><\/span><\/div>\n<div class=\"specification-item row-odd\"><span class=\"spec-content\">Vous cherchez un autre mod\u00e8le de la s\u00e9rie actuelle de la marque ? Envoyez-nous un message !  Nous aimons en faire quelque chose d&rsquo;amusant. Les entrepreneurs, les personnes en dehors de l&rsquo;UE, en profitent. <\/span><\/div>\n<div class=\"specification-item row-even\"><span class=\"spec-content\"><strong>Description g\u00e9n\u00e9rale<\/strong><\/span><\/div>\n<div class=\"specification-item row-odd\">\n<p>&nbsp;<\/p>\n<p>Le c\u00e2ble coaxial num\u00e9rique AudioQuest Carbon est con\u00e7u pour transmettre des signaux audio num\u00e9riques de mani\u00e8re claire et pr\u00e9cise. Gr\u00e2ce \u00e0 des mat\u00e9riaux de haute qualit\u00e9 et \u00e0 une construction soign\u00e9e, ce c\u00e2ble assure une connexion fiable entre vos appareils audio. Les conducteurs solides et l&rsquo;isolation avanc\u00e9e permettent de minimiser la perte de signal et les interf\u00e9rences, ce qui se traduit par une reproduction sonore irr\u00e9prochable. Que vous installiez un home cin\u00e9ma ou que vous optimisiez votre syst\u00e8me hi-fi, ce c\u00e2ble offre les performances dont vous avez besoin pour une exp\u00e9rience d&rsquo;\u00e9coute immersive.   <\/p>\n<p>&nbsp;<\/p>\n<\/div>\n<div class=\"specification-item row-even\"><span class=\"spec-content\"><strong>Histoire de la marque<\/strong><\/span><\/div>\n<div class=\"specification-item row-odd\">\n<p>&nbsp;<\/p>\n<p>AudioQuest a \u00e9t\u00e9 fond\u00e9e en 1980 par William E. Low. La marque se concentre sur le d\u00e9veloppement et la fabrication de c\u00e2bles et d&rsquo;accessoires de haute qualit\u00e9. En commen\u00e7ant par la production de lignes de c\u00e2bles, AudioQuest s&rsquo;est \u00e9tendu au fil des ans \u00e0 une large gamme de produits. Depuis sa cr\u00e9ation, la soci\u00e9t\u00e9 s&rsquo;est concentr\u00e9e sur les aspects techniques de la transmission des signaux afin d&rsquo;offrir des performances maximales. AudioQuest est connue pour utiliser des mat\u00e9riaux de haute qualit\u00e9 et des techniques avanc\u00e9es dans ses produits. La gamme de produits de la marque comprend des c\u00e2bles HDMI, des c\u00e2bles d&rsquo;alimentation, des c\u00e2bles pour haut-parleurs et divers accessoires audio. Gr\u00e2ce \u00e0 des collaborations avec divers partenaires technologiques, AudioQuest a pu d\u00e9velopper sa gamme de produits. Les produits de la soci\u00e9t\u00e9 sont distribu\u00e9s dans le monde entier et peuvent \u00eatre trouv\u00e9s chez les d\u00e9taillants sp\u00e9cialis\u00e9s. AudioQuest s&rsquo;engage \u00e0 poursuivre la recherche et le d\u00e9veloppement afin d&rsquo;am\u00e9liorer la qualit\u00e9 de sa gamme de produits.        <\/p>\n<p>&nbsp;<\/p>\n<\/div>\n<\/div>\n","protected":false},"excerpt":{"rendered":"<p>Description Freakuence ! Le son est neutre et ouvert, avec une l\u00e9g\u00e8re chaleur. L&rsquo;image st\u00e9r\u00e9o est spacieuse et la reproduction des d\u00e9tails est subtile. Les aigus sont clairs sans \u00eatre tranchants, tandis que les basses restent serr\u00e9es et contr\u00f4l\u00e9es. Les fr\u00e9quences moyennes sont reproduites naturellement et en douceur. Les transitions entre les fr\u00e9quences sont douces, [&hellip;]<\/p>\n","protected":false},"featured_media":325558,"template":"","meta":{"_acf_changed":false,"inline_featured_image":false},"product_brand":[],"product_cat":[345],"product_tag":[570],"class_list":{"0":"post-325557","1":"product","2":"type-product","3":"status-publish","4":"has-post-thumbnail","6":"product_cat-speakers","7":"product_tag-freakdemo","8":"pa_kleur-bleu","10":"first","11":"instock","12":"taxable","13":"shipping-taxable","14":"purchasable","15":"product-type-simple"},"acf":{"website":true,"show_on_homepage":false,"brand_title":"AudioQuest","product_type":"Carbon digital coax 600 cm","color":"Bleu","subcolor":"","reserved_status":"0"},"yoast_head":"<!-- This site is optimized with the Yoast SEO plugin v25.9 - https:\/\/yoast.com\/wordpress\/plugins\/seo\/ -->\n<title>AudioQuest Carbon digital coax 600 cm | Freakuence!<\/title>\n<meta name=\"robots\" content=\"noindex, follow, max-snippet:-1, max-image-preview:large, max-video-preview:-1\" \/>\n<meta property=\"og:locale\" content=\"fr_FR\" \/>\n<meta property=\"og:type\" content=\"article\" \/>\n<meta property=\"og:title\" content=\"AudioQuest Carbon digital coax 600 cm | Freakuence!\" \/>\n<meta property=\"og:description\" content=\"Description Freakuence ! Le son est neutre et ouvert, avec une l\u00e9g\u00e8re chaleur. L&rsquo;image st\u00e9r\u00e9o est spacieuse et la reproduction des d\u00e9tails est subtile. Les aigus sont clairs sans \u00eatre tranchants, tandis que les basses restent serr\u00e9es et contr\u00f4l\u00e9es. Les fr\u00e9quences moyennes sont reproduites naturellement et en douceur. Les transitions entre les fr\u00e9quences sont douces, [&hellip;]\" \/>\n<meta property=\"og:url\" content=\"https:\/\/dev.freakuence.nl\/fr\/produit\/audioquest-carbon-digital-coax-600-cm\/\" \/>\n<meta property=\"og:site_name\" content=\"Freakuence!\" \/>\n<meta property=\"article:modified_time\" content=\"2026-03-05T01:54:41+00:00\" \/>\n<meta property=\"og:image\" content=\"https:\/\/dev.freakuence.nl\/wp-content\/uploads\/2025\/12\/17643364499478-17173-IMG6233.jpg\" \/>\n\t<meta property=\"og:image:width\" content=\"1800\" \/>\n\t<meta property=\"og:image:height\" content=\"1200\" \/>\n\t<meta property=\"og:image:type\" content=\"image\/jpeg\" \/>\n<meta name=\"twitter:card\" content=\"summary_large_image\" \/>\n<script type=\"application\/ld+json\" class=\"yoast-schema-graph\">{\"@context\":\"https:\/\/schema.org\",\"@graph\":[{\"@type\":\"WebPage\",\"@id\":\"https:\/\/dev.freakuence.nl\/fr\/produit\/audioquest-carbon-digital-coax-600-cm\/\",\"url\":\"https:\/\/dev.freakuence.nl\/fr\/produit\/audioquest-carbon-digital-coax-600-cm\/\",\"name\":\"AudioQuest Carbon digital coax 600 cm | Freakuence!\",\"isPartOf\":{\"@id\":\"https:\/\/dev.freakuence.nl\/fr\/#website\"},\"primaryImageOfPage\":{\"@id\":\"https:\/\/dev.freakuence.nl\/fr\/produit\/audioquest-carbon-digital-coax-600-cm\/#primaryimage\"},\"image\":{\"@id\":\"https:\/\/dev.freakuence.nl\/fr\/produit\/audioquest-carbon-digital-coax-600-cm\/#primaryimage\"},\"thumbnailUrl\":\"https:\/\/dev.freakuence.nl\/wp-content\/uploads\/2025\/12\/17643364499478-17173-IMG6233.jpg\",\"datePublished\":\"2025-11-28T13:27:37+00:00\",\"dateModified\":\"2026-03-05T01:54:41+00:00\",\"breadcrumb\":{\"@id\":\"https:\/\/dev.freakuence.nl\/fr\/produit\/audioquest-carbon-digital-coax-600-cm\/#breadcrumb\"},\"inLanguage\":\"fr-FR\",\"potentialAction\":[{\"@type\":\"ReadAction\",\"target\":[\"https:\/\/dev.freakuence.nl\/fr\/produit\/audioquest-carbon-digital-coax-600-cm\/\"]}]},{\"@type\":\"ImageObject\",\"inLanguage\":\"fr-FR\",\"@id\":\"https:\/\/dev.freakuence.nl\/fr\/produit\/audioquest-carbon-digital-coax-600-cm\/#primaryimage\",\"url\":\"https:\/\/dev.freakuence.nl\/wp-content\/uploads\/2025\/12\/17643364499478-17173-IMG6233.jpg\",\"contentUrl\":\"https:\/\/dev.freakuence.nl\/wp-content\/uploads\/2025\/12\/17643364499478-17173-IMG6233.jpg\",\"width\":1800,\"height\":1200},{\"@type\":\"BreadcrumbList\",\"@id\":\"https:\/\/dev.freakuence.nl\/fr\/produit\/audioquest-carbon-digital-coax-600-cm\/#breadcrumb\",\"itemListElement\":[{\"@type\":\"ListItem\",\"position\":1,\"name\":\"Accueil\",\"item\":\"https:\/\/dev.freakuence.nl\/fr\/\"},{\"@type\":\"ListItem\",\"position\":2,\"name\":\"Produits\",\"item\":\"https:\/\/dev.freakuence.nl\/fr\/produits\/\"},{\"@type\":\"ListItem\",\"position\":3,\"name\":\"AudioQuest Carbon digital coax 600 cm\"}]},{\"@type\":\"WebSite\",\"@id\":\"https:\/\/dev.freakuence.nl\/fr\/#website\",\"url\":\"https:\/\/dev.freakuence.nl\/fr\/\",\"name\":\"Freakuence!\",\"description\":\"Freakuence!\",\"publisher\":{\"@id\":\"https:\/\/dev.freakuence.nl\/fr\/#organization\"},\"alternateName\":\"Freakuence\",\"potentialAction\":[{\"@type\":\"SearchAction\",\"target\":{\"@type\":\"EntryPoint\",\"urlTemplate\":\"https:\/\/dev.freakuence.nl\/fr\/?s={search_term_string}\"},\"query-input\":{\"@type\":\"PropertyValueSpecification\",\"valueRequired\":true,\"valueName\":\"search_term_string\"}}],\"inLanguage\":\"fr-FR\"},{\"@type\":\"Organization\",\"@id\":\"https:\/\/dev.freakuence.nl\/fr\/#organization\",\"name\":\"Freakuence !\",\"url\":\"https:\/\/dev.freakuence.nl\/fr\/\",\"logo\":{\"@type\":\"ImageObject\",\"inLanguage\":\"fr-FR\",\"@id\":\"https:\/\/dev.freakuence.nl\/fr\/#\/schema\/logo\/image\/\",\"url\":\"https:\/\/dev.freakuence.nl\/wp-content\/uploads\/2022\/05\/Brown_3_RGB_Freakuence-1.png\",\"contentUrl\":\"https:\/\/dev.freakuence.nl\/wp-content\/uploads\/2022\/05\/Brown_3_RGB_Freakuence-1.png\",\"width\":2560,\"height\":684,\"caption\":\"Freakuence !\"},\"image\":{\"@id\":\"https:\/\/dev.freakuence.nl\/fr\/#\/schema\/logo\/image\/\"},\"sameAs\":[\"https:\/\/www.instagram.com\/freakuence_notorious_audio\/\"]}]}<\/script>\n<!-- \/ Yoast SEO plugin. -->","yoast_head_json":{"title":"AudioQuest Carbon digital coax 600 cm | Freakuence!","robots":{"index":"noindex","follow":"follow","max-snippet":"max-snippet:-1","max-image-preview":"max-image-preview:large","max-video-preview":"max-video-preview:-1"},"og_locale":"fr_FR","og_type":"article","og_title":"AudioQuest Carbon digital coax 600 cm | Freakuence!","og_description":"Description Freakuence ! Le son est neutre et ouvert, avec une l\u00e9g\u00e8re chaleur. L&rsquo;image st\u00e9r\u00e9o est spacieuse et la reproduction des d\u00e9tails est subtile. Les aigus sont clairs sans \u00eatre tranchants, tandis que les basses restent serr\u00e9es et contr\u00f4l\u00e9es. Les fr\u00e9quences moyennes sont reproduites naturellement et en douceur. Les transitions entre les fr\u00e9quences sont douces, [&hellip;]","og_url":"https:\/\/dev.freakuence.nl\/fr\/produit\/audioquest-carbon-digital-coax-600-cm\/","og_site_name":"Freakuence!","article_modified_time":"2026-03-05T01:54:41+00:00","og_image":[{"width":1800,"height":1200,"url":"https:\/\/dev.freakuence.nl\/wp-content\/uploads\/2025\/12\/17643364499478-17173-IMG6233.jpg","type":"image\/jpeg"}],"twitter_card":"summary_large_image","schema":{"@context":"https:\/\/schema.org","@graph":[{"@type":"WebPage","@id":"https:\/\/dev.freakuence.nl\/fr\/produit\/audioquest-carbon-digital-coax-600-cm\/","url":"https:\/\/dev.freakuence.nl\/fr\/produit\/audioquest-carbon-digital-coax-600-cm\/","name":"AudioQuest Carbon digital coax 600 cm | Freakuence!","isPartOf":{"@id":"https:\/\/dev.freakuence.nl\/fr\/#website"},"primaryImageOfPage":{"@id":"https:\/\/dev.freakuence.nl\/fr\/produit\/audioquest-carbon-digital-coax-600-cm\/#primaryimage"},"image":{"@id":"https:\/\/dev.freakuence.nl\/fr\/produit\/audioquest-carbon-digital-coax-600-cm\/#primaryimage"},"thumbnailUrl":"https:\/\/dev.freakuence.nl\/wp-content\/uploads\/2025\/12\/17643364499478-17173-IMG6233.jpg","datePublished":"2025-11-28T13:27:37+00:00","dateModified":"2026-03-05T01:54:41+00:00","breadcrumb":{"@id":"https:\/\/dev.freakuence.nl\/fr\/produit\/audioquest-carbon-digital-coax-600-cm\/#breadcrumb"},"inLanguage":"fr-FR","potentialAction":[{"@type":"ReadAction","target":["https:\/\/dev.freakuence.nl\/fr\/produit\/audioquest-carbon-digital-coax-600-cm\/"]}]},{"@type":"ImageObject","inLanguage":"fr-FR","@id":"https:\/\/dev.freakuence.nl\/fr\/produit\/audioquest-carbon-digital-coax-600-cm\/#primaryimage","url":"https:\/\/dev.freakuence.nl\/wp-content\/uploads\/2025\/12\/17643364499478-17173-IMG6233.jpg","contentUrl":"https:\/\/dev.freakuence.nl\/wp-content\/uploads\/2025\/12\/17643364499478-17173-IMG6233.jpg","width":1800,"height":1200},{"@type":"BreadcrumbList","@id":"https:\/\/dev.freakuence.nl\/fr\/produit\/audioquest-carbon-digital-coax-600-cm\/#breadcrumb","itemListElement":[{"@type":"ListItem","position":1,"name":"Accueil","item":"https:\/\/dev.freakuence.nl\/fr\/"},{"@type":"ListItem","position":2,"name":"Produits","item":"https:\/\/dev.freakuence.nl\/fr\/produits\/"},{"@type":"ListItem","position":3,"name":"AudioQuest Carbon digital coax 600 cm"}]},{"@type":"WebSite","@id":"https:\/\/dev.freakuence.nl\/fr\/#website","url":"https:\/\/dev.freakuence.nl\/fr\/","name":"Freakuence!","description":"Freakuence!","publisher":{"@id":"https:\/\/dev.freakuence.nl\/fr\/#organization"},"alternateName":"Freakuence","potentialAction":[{"@type":"SearchAction","target":{"@type":"EntryPoint","urlTemplate":"https:\/\/dev.freakuence.nl\/fr\/?s={search_term_string}"},"query-input":{"@type":"PropertyValueSpecification","valueRequired":true,"valueName":"search_term_string"}}],"inLanguage":"fr-FR"},{"@type":"Organization","@id":"https:\/\/dev.freakuence.nl\/fr\/#organization","name":"Freakuence !","url":"https:\/\/dev.freakuence.nl\/fr\/","logo":{"@type":"ImageObject","inLanguage":"fr-FR","@id":"https:\/\/dev.freakuence.nl\/fr\/#\/schema\/logo\/image\/","url":"https:\/\/dev.freakuence.nl\/wp-content\/uploads\/2022\/05\/Brown_3_RGB_Freakuence-1.png","contentUrl":"https:\/\/dev.freakuence.nl\/wp-content\/uploads\/2022\/05\/Brown_3_RGB_Freakuence-1.png","width":2560,"height":684,"caption":"Freakuence !"},"image":{"@id":"https:\/\/dev.freakuence.nl\/fr\/#\/schema\/logo\/image\/"},"sameAs":["https:\/\/www.instagram.com\/freakuence_notorious_audio\/"]}]}},"_links":{"self":[{"href":"https:\/\/dev.freakuence.nl\/fr\/wp-json\/wp\/v2\/product\/325557","targetHints":{"allow":["GET"]}}],"collection":[{"href":"https:\/\/dev.freakuence.nl\/fr\/wp-json\/wp\/v2\/product"}],"about":[{"href":"https:\/\/dev.freakuence.nl\/fr\/wp-json\/wp\/v2\/types\/product"}],"wp:featuredmedia":[{"embeddable":true,"href":"https:\/\/dev.freakuence.nl\/fr\/wp-json\/wp\/v2\/media\/325558"}],"wp:attachment":[{"href":"https:\/\/dev.freakuence.nl\/fr\/wp-json\/wp\/v2\/media?parent=325557"}],"wp:term":[{"taxonomy":"product_brand","embeddable":true,"href":"https:\/\/dev.freakuence.nl\/fr\/wp-json\/wp\/v2\/product_brand?post=325557"},{"taxonomy":"product_cat","embeddable":true,"href":"https:\/\/dev.freakuence.nl\/fr\/wp-json\/wp\/v2\/product_cat?post=325557"},{"taxonomy":"product_tag","embeddable":true,"href":"https:\/\/dev.freakuence.nl\/fr\/wp-json\/wp\/v2\/product_tag?post=325557"}],"curies":[{"name":"wp","href":"https:\/\/api.w.org\/{rel}","templated":true}]}}