{"id":325567,"date":"2025-11-28T14:28:21","date_gmt":"2025-11-28T13:28:21","guid":{"rendered":"https:\/\/freakuence.nl\/product\/audioquest-evergreen-rca-200cm\/"},"modified":"2026-04-08T20:09:31","modified_gmt":"2026-04-08T18:09:31","slug":"audioquest-evergreen-rca-200cm","status":"publish","type":"product","link":"https:\/\/dev.freakuence.nl\/fr\/produit\/audioquest-evergreen-rca-200cm\/","title":{"rendered":"AudioQuest Evergreen RCA 200cm"},"content":{"rendered":"<div class=\"product-specifications-list\">\n<div class=\"specification-item row-header\"><span class=\"spec-content\"><strong>Description Freakuence !<\/strong><\/span><\/div>\n<div class=\"specification-item row-even\"><span class=\"spec-content\">Le son est clair et ouvert, avec une reproduction naturelle des m\u00e9diums et des d\u00e9tails subtils dans les aigus. La dynamique est vive, sans devenir trop analytique. Les instruments sont bien s\u00e9par\u00e9s, contribuant \u00e0 une sc\u00e8ne sonore spacieuse.  <\/span><\/div>\n<div class=\"specification-item row-odd\"><span class=\"spec-content\">Prix de vente au d\u00e9tail : 119,00<\/span><\/div>\n<div class=\"specification-item row-header\"><span class=\"spec-content\"><strong>D\u00e9tails<\/strong><\/span><\/div>\n<div class=\"specification-item row-even\"><span class=\"spec-content\">Vous cherchez un autre mod\u00e8le de la s\u00e9rie actuelle de la marque ? Envoyez-nous un message !  Nous aimons en faire quelque chose d&rsquo;amusant.<\/span><\/div>\n<div class=\"specification-item row-header\"><span class=\"spec-content\"><strong>Description g\u00e9n\u00e9rale<\/strong><\/span><\/div>\n<div class=\"specification-item row-even\"><span class=\"spec-content\">Le c\u00e2ble RCA Evergreen de 200 cm d&rsquo;AudioQuest est con\u00e7u pour relier les \u00e9quipements audio entre eux. Le c\u00e2ble utilise des conducteurs solides en cuivre \u00e0 long grain (LGC), ce qui permet de r\u00e9duire la distorsion. La g\u00e9om\u00e9trie asym\u00e9trique \u00e0 double \u00e9quilibrage offre une imp\u00e9dance plus faible au niveau du sol, ce qui contribue \u00e0 une exp\u00e9rience d&rsquo;\u00e9coute plus riche et plus dynamique. Les connecteurs dor\u00e9s soud\u00e9s \u00e0 froid offrent une connexion solide sans utiliser de soudure, qui est souvent une source de distorsion. La gaine verte aux accents noirs conf\u00e8re au c\u00e2ble un aspect subtil. Avec une longueur de 200 cm, ce c\u00e2ble offre suffisamment de flexibilit\u00e9 pour diff\u00e9rentes configurations. L&rsquo;AudioQuest Evergreen convient \u00e0 la connexion de divers appareils audio, tels que les amplificateurs, les lecteurs de CD et les platines. La combinaison de mat\u00e9riaux de haute qualit\u00e9 et d&rsquo;une construction soign\u00e9e fait de ce c\u00e2ble un choix fiable pour la transmission de signaux audio.       <\/span><\/div>\n<div class=\"specification-item row-header\"><span class=\"spec-content\"><strong>Informations g\u00e9n\u00e9rales<\/strong><\/span><\/div>\n<div class=\"specification-item row-even\"><span class=\"spec-content\">Faisant partie de la s\u00e9rie Bridges &amp; Falls, l&rsquo;AudioQuest Evergreen RCA 200cm est con\u00e7u selon la philosophie de la distorsion minimale. Le concepteur et fondateur William E. Low vise une puret\u00e9 maximale du signal. Le c\u00e2ble utilise des conducteurs solides en cuivre \u00e0 grain long (LGC) pour un meilleur son et moins de distorsion. L&rsquo;isolation en poly\u00e9thyl\u00e8ne remplie d&rsquo;air et le syst\u00e8me de dissipation du bruit en m\u00e9tal am\u00e9liorent sensiblement les performances.   <\/span><\/div>\n<div class=\"specification-item row-header\"><span class=\"spec-content\"><strong>Histoire de la marque<\/strong><\/span><\/div>\n<div class=\"specification-item row-even\"><span class=\"spec-content\">AudioQuest a \u00e9t\u00e9 fond\u00e9e en 1980 par William E. Low en Californie, aux \u00c9tats-Unis. La marque a commenc\u00e9 par assembler manuellement des c\u00e2bles selon des m\u00e9thodes de conception sp\u00e9cifiques bas\u00e9es sur la minimisation de la distorsion.  Depuis, AudioQuest a d\u00e9velopp\u00e9 une gamme de produits qui comprend des c\u00e2bles d&rsquo;interconnexion, des c\u00e2bles de haut-parleurs, des c\u00e2bles num\u00e9riques et de r\u00e9seau, des produits d&rsquo;alimentation et des accessoires portables. Depuis le d\u00e9but, l&rsquo;entreprise s&rsquo;en tient \u00e0 l&rsquo;utilisation de c\u00e2bles directionnels et de conducteurs \u00e0 \u00e2me pleine. En 2012, AudioQuest a lanc\u00e9 le DragonFly, un convertisseur num\u00e9rique-analogique USB. Le d\u00e9veloppement des produits a lieu aux \u00c9tats-Unis, tandis que la production est en partie r\u00e9alis\u00e9e en Chine et ailleurs. AudioQuest applique une philosophie selon laquelle la s\u00e9lection des mat\u00e9riaux, la g\u00e9om\u00e9trie et la finition ont un impact direct sur les performances du c\u00e2ble.    <\/span><\/div>\n<\/div>\n","protected":false},"excerpt":{"rendered":"<p>Description Freakuence ! Le son est clair et ouvert, avec une reproduction naturelle des m\u00e9diums et des d\u00e9tails subtils dans les aigus. La dynamique est vive, sans devenir trop analytique. Les instruments sont bien s\u00e9par\u00e9s, contribuant \u00e0 une sc\u00e8ne sonore spacieuse. Prix de vente au d\u00e9tail : 119,00 D\u00e9tails Vous cherchez un autre mod\u00e8le de [&hellip;]<\/p>\n","protected":false},"featured_media":385789,"template":"","meta":{"_acf_changed":false,"inline_featured_image":false},"product_brand":[],"product_cat":[345],"product_tag":[533],"class_list":{"0":"post-325567","1":"product","2":"type-product","3":"status-publish","4":"has-post-thumbnail","6":"product_cat-speakers","7":"product_tag-used","8":"pa_kleur-vert","10":"first","11":"instock","12":"sold-individually","13":"purchasable","14":"product-type-simple"},"acf":{"website":true,"show_on_homepage":false,"brand_title":"AudioQuest","product_type":"Evergreen RCA 200cm","color":"Vert","subcolor":"","reserved_status":"0"},"_links":{"self":[{"href":"https:\/\/dev.freakuence.nl\/fr\/wp-json\/wp\/v2\/product\/325567","targetHints":{"allow":["GET"]}}],"collection":[{"href":"https:\/\/dev.freakuence.nl\/fr\/wp-json\/wp\/v2\/product"}],"about":[{"href":"https:\/\/dev.freakuence.nl\/fr\/wp-json\/wp\/v2\/types\/product"}],"wp:featuredmedia":[{"embeddable":true,"href":"https:\/\/dev.freakuence.nl\/fr\/wp-json\/wp\/v2\/media\/385789"}],"wp:attachment":[{"href":"https:\/\/dev.freakuence.nl\/fr\/wp-json\/wp\/v2\/media?parent=325567"}],"wp:term":[{"taxonomy":"product_brand","embeddable":true,"href":"https:\/\/dev.freakuence.nl\/fr\/wp-json\/wp\/v2\/product_brand?post=325567"},{"taxonomy":"product_cat","embeddable":true,"href":"https:\/\/dev.freakuence.nl\/fr\/wp-json\/wp\/v2\/product_cat?post=325567"},{"taxonomy":"product_tag","embeddable":true,"href":"https:\/\/dev.freakuence.nl\/fr\/wp-json\/wp\/v2\/product_tag?post=325567"}],"curies":[{"name":"wp","href":"https:\/\/api.w.org\/{rel}","templated":true}]}}