{"id":325627,"date":"2025-11-28T14:31:45","date_gmt":"2025-11-28T13:31:45","guid":{"rendered":"https:\/\/freakuence.nl\/product\/audioquest-rocket-22-full-range-banban-silver-300cm\/"},"modified":"2026-04-08T11:20:10","modified_gmt":"2026-04-08T09:20:10","slug":"audioquest-rocket-22-full-range-banban-silver-300cm","status":"publish","type":"product","link":"https:\/\/dev.freakuence.nl\/fr\/produit\/audioquest-rocket-22-full-range-banban-silver-300cm\/","title":{"rendered":"AudioQuest Rocket 22 Full-Range banban silver 300cm"},"content":{"rendered":"<div class=\"product-specifications-list\">\n<div class=\"specification-item row-header\"><span class=\"spec-content\"><strong>Description Freakuence !<\/strong><\/span><\/div>\n<div class=\"specification-item row-even\"><span class=\"spec-content\">Ces c\u00e2bles offrent une reproduction spatiale et raffin\u00e9e, avec une sc\u00e8ne sonore plus large que les alternatives moins ch\u00e8res. Ils r\u00e9v\u00e8lent les d\u00e9tails subtils et les pr\u00e9sentent de mani\u00e8re stable et coh\u00e9rente, sans emphase. Il en r\u00e9sulte un \u00e9quilibre d\u00e9tendu qui convient \u00e0 une grande vari\u00e9t\u00e9 de syst\u00e8mes. Malgr\u00e9 leur nature civilis\u00e9e, elles offrent suffisamment de punch dynamique et de dynamisme rythmique pour transmettre correctement l&rsquo;\u00e9nergie et l&rsquo;attaque de \u00ab\u00a0Nevermind\u00a0\u00bb de Nirvana, par exemple. Lors de l&rsquo;interpr\u00e9tation du \u00ab\u00a0March\u00e9 Slave Op.31\u00a0\u00bb de Tcha\u00efkovski, ils aident le syst\u00e8me \u00e0 fournir une dynamique \u00e0 grande \u00e9chelle et une autorit\u00e9 dans le son.    <\/span><\/div>\n<div class=\"specification-item row-odd\"><span class=\"spec-content\">Prix de vente au d\u00e9tail : 599,00<\/span><\/div>\n<div class=\"specification-item row-header\"><span class=\"spec-content\"><strong>D\u00e9tails<\/strong><\/span><\/div>\n<div class=\"specification-item row-even\"><span class=\"spec-content\">Produit TVA. Les entrepreneurs, les personnes en dehors de l&rsquo;UE, en profitent. <\/span><\/div>\n<div class=\"specification-item row-odd\"><span class=\"spec-content\">Vous cherchez un autre mod\u00e8le de la s\u00e9rie actuelle de la marque ? Envoyez-nous un message !  Nous aimons en faire quelque chose d&rsquo;amusant.<\/span><\/div>\n<div class=\"specification-item row-even\"><span class=\"spec-content\">C&rsquo;est votre chance d&rsquo;obtenir enfin du mat\u00e9riel de d\u00e9monstration de la boutique la plus cool de l&rsquo;univers. Oui ! Pour cette raison, il vaut en r\u00e9alit\u00e9 beaucoup plus que le prix du neuf, mais nous allons nous retenir. Il n&rsquo;a \u00e9t\u00e9 utilis\u00e9 que pour des s\u00e9ances d&rsquo;\u00e9coute avec nos visiteurs et n&rsquo;a donc pas eu de propri\u00e9taire priv\u00e9. <\/span><\/div>\n<div class=\"specification-item row-header\"><span class=\"spec-content\"><strong>Description g\u00e9n\u00e9rale<\/strong><\/span><\/div>\n<div class=\"specification-item row-even\"><span class=\"spec-content\">Le c\u00e2ble d&rsquo;enceinte AudioQuest Rocket 22 Full-Range de 3 m\u00e8tres est con\u00e7u pour optimiser la transmission audio. Avec une combinaison de conducteurs en cuivre \u00e0 long grain (LGC) et en cuivre \u00e0 surface parfaite (PSC), ce c\u00e2ble assure une reproduction sonore claire et pr\u00e9cise. La construction concentrique semi-solide minimise la distorsion en r\u00e9duisant l&rsquo;interaction entre les brins. La g\u00e9om\u00e9trie \u00e0 double spirale r\u00e9duit l&rsquo;inductance, ce qui permet d&rsquo;am\u00e9liorer la clart\u00e9 et d&rsquo;\u00e9tendre la gamme de fr\u00e9quences des graves aux aigus. \u00c9quip\u00e9 de fiches bananes argent\u00e9es SureGrip 300, le Rocket 22 assure une connexion fiable et durable entre l&rsquo;amplificateur et les haut-parleurs. Ce c\u00e2ble convient \u00e0 la fois aux configurations \u00e0 gamme compl\u00e8te et \u00e0 fil unique, selon les capacit\u00e9s de connexion des haut-parleurs. D&rsquo;une longueur de 3 m\u00e8tres, le Rocket 22 offre une grande souplesse lors de l&rsquo;installation de l&rsquo;\u00e9quipement audio. La gaine en PVC noir avec des rayures bleues offre un aspect discret et professionnel. Le Rocket 22 d&rsquo;AudioQuest est un choix solide pour ceux qui recherchent un c\u00e2ble d&rsquo;enceinte fiable.        <\/span><\/div>\n<div class=\"specification-item row-header\"><span class=\"spec-content\"><strong>Informations g\u00e9n\u00e9rales<\/strong><\/span><\/div>\n<div class=\"specification-item row-even\"><span class=\"spec-content\">Le Rocket 22 Full-Range d&rsquo;AudioQuest est con\u00e7u pour offrir une puret\u00e9 de signal maximale. Le c\u00e2ble utilise des conducteurs concentriques semi-solides en cuivre \u00e0 grain long (LGC) pour une faible distorsion et une transmission coh\u00e9rente du signal. Des fiches bananes doubles moul\u00e9es garantissent une conductivit\u00e9 optimale. La s\u00e9paration physique des conducteurs positifs et n\u00e9gatifs am\u00e9liore le contr\u00f4le directionnel et r\u00e9duit la contamination mutuelle. Con\u00e7u selon la philosophie typique d&rsquo;AudioQuest : moins de bruit, plus de musique.    <\/span><\/div>\n<div class=\"specification-item row-header\"><span class=\"spec-content\"><strong>Histoire de la marque<\/strong><\/span><\/div>\n<div class=\"specification-item row-even\"><span class=\"spec-content\">AudioQuest a \u00e9t\u00e9 fond\u00e9e en 1980 par William E. Low en Californie, aux \u00c9tats-Unis. La marque a commenc\u00e9 par assembler manuellement des c\u00e2bles selon des m\u00e9thodes de conception sp\u00e9cifiques bas\u00e9es sur la minimisation de la distorsion.  Depuis, AudioQuest a d\u00e9velopp\u00e9 une gamme de produits qui comprend des c\u00e2bles d&rsquo;interconnexion, des c\u00e2bles de haut-parleurs, des c\u00e2bles num\u00e9riques et de r\u00e9seau, des produits d&rsquo;alimentation et des accessoires portables. Depuis le d\u00e9but, l&rsquo;entreprise s&rsquo;en tient \u00e0 l&rsquo;utilisation de c\u00e2bles directionnels et de conducteurs \u00e0 \u00e2me pleine. En 2012, AudioQuest a lanc\u00e9 le DragonFly, un convertisseur num\u00e9rique-analogique USB. Le d\u00e9veloppement des produits a lieu aux \u00c9tats-Unis, tandis que la production est en partie r\u00e9alis\u00e9e en Chine et ailleurs. AudioQuest applique une philosophie selon laquelle la s\u00e9lection des mat\u00e9riaux, la g\u00e9om\u00e9trie et la finition ont un impact direct sur les performances du c\u00e2ble.    <\/span><\/div>\n<\/div>\n","protected":false},"excerpt":{"rendered":"<p>Description Freakuence ! Ces c\u00e2bles offrent une reproduction spatiale et raffin\u00e9e, avec une sc\u00e8ne sonore plus large que les alternatives moins ch\u00e8res. Ils r\u00e9v\u00e8lent les d\u00e9tails subtils et les pr\u00e9sentent de mani\u00e8re stable et coh\u00e9rente, sans emphase. Il en r\u00e9sulte un \u00e9quilibre d\u00e9tendu qui convient \u00e0 une grande vari\u00e9t\u00e9 de syst\u00e8mes. Malgr\u00e9 leur nature civilis\u00e9e, [&hellip;]<\/p>\n","protected":false},"featured_media":379926,"template":"","meta":{"_acf_changed":false,"inline_featured_image":false},"product_brand":[],"product_cat":[345],"product_tag":[570],"class_list":{"0":"post-325627","1":"product","2":"type-product","3":"status-publish","4":"has-post-thumbnail","6":"product_cat-speakers","7":"product_tag-freakdemo","8":"pa_kleur-noir","10":"first","11":"instock","12":"sold-individually","13":"taxable","14":"shipping-taxable","15":"purchasable","16":"product-type-simple"},"acf":{"website":true,"show_on_homepage":false,"brand_title":"AudioQuest","product_type":"Rocket 22 Full-Range ban<>ban silver 300cm","color":"Noir","subcolor":"","reserved_status":"0"},"yoast_head":"<!-- This site is optimized with the Yoast SEO plugin v25.9 - https:\/\/yoast.com\/wordpress\/plugins\/seo\/ -->\n<title>AudioQuest Rocket 22 Full-Range banban silver 300cm | Freakuence!<\/title>\n<meta name=\"robots\" content=\"noindex, follow, max-snippet:-1, max-image-preview:large, max-video-preview:-1\" \/>\n<meta property=\"og:locale\" content=\"fr_FR\" \/>\n<meta property=\"og:type\" content=\"article\" \/>\n<meta property=\"og:title\" content=\"AudioQuest Rocket 22 Full-Range banban silver 300cm | Freakuence!\" \/>\n<meta property=\"og:description\" content=\"Description Freakuence ! Ces c\u00e2bles offrent une reproduction spatiale et raffin\u00e9e, avec une sc\u00e8ne sonore plus large que les alternatives moins ch\u00e8res. Ils r\u00e9v\u00e8lent les d\u00e9tails subtils et les pr\u00e9sentent de mani\u00e8re stable et coh\u00e9rente, sans emphase. Il en r\u00e9sulte un \u00e9quilibre d\u00e9tendu qui convient \u00e0 une grande vari\u00e9t\u00e9 de syst\u00e8mes. Malgr\u00e9 leur nature civilis\u00e9e, [&hellip;]\" \/>\n<meta property=\"og:url\" content=\"https:\/\/dev.freakuence.nl\/fr\/produit\/audioquest-rocket-22-full-range-banban-silver-300cm\/\" \/>\n<meta property=\"og:site_name\" content=\"Freakuence!\" \/>\n<meta property=\"article:modified_time\" content=\"2026-04-08T09:20:10+00:00\" \/>\n<meta property=\"og:image\" content=\"https:\/\/dev.freakuence.nl\/wp-content\/uploads\/2026\/04\/17643366972490-14312-IMG6264.jpg\" \/>\n\t<meta property=\"og:image:width\" content=\"1800\" \/>\n\t<meta property=\"og:image:height\" content=\"1200\" \/>\n\t<meta property=\"og:image:type\" content=\"image\/jpeg\" \/>\n<meta name=\"twitter:card\" content=\"summary_large_image\" \/>\n<script type=\"application\/ld+json\" class=\"yoast-schema-graph\">{\"@context\":\"https:\/\/schema.org\",\"@graph\":[{\"@type\":\"WebPage\",\"@id\":\"https:\/\/dev.freakuence.nl\/fr\/produit\/audioquest-rocket-22-full-range-banban-silver-300cm\/\",\"url\":\"https:\/\/dev.freakuence.nl\/fr\/produit\/audioquest-rocket-22-full-range-banban-silver-300cm\/\",\"name\":\"AudioQuest Rocket 22 Full-Range banban silver 300cm | Freakuence!\",\"isPartOf\":{\"@id\":\"https:\/\/dev.freakuence.nl\/fr\/#website\"},\"primaryImageOfPage\":{\"@id\":\"https:\/\/dev.freakuence.nl\/fr\/produit\/audioquest-rocket-22-full-range-banban-silver-300cm\/#primaryimage\"},\"image\":{\"@id\":\"https:\/\/dev.freakuence.nl\/fr\/produit\/audioquest-rocket-22-full-range-banban-silver-300cm\/#primaryimage\"},\"thumbnailUrl\":\"https:\/\/dev.freakuence.nl\/wp-content\/uploads\/2026\/04\/17643366972490-14312-IMG6264.jpg\",\"datePublished\":\"2025-11-28T13:31:45+00:00\",\"dateModified\":\"2026-04-08T09:20:10+00:00\",\"breadcrumb\":{\"@id\":\"https:\/\/dev.freakuence.nl\/fr\/produit\/audioquest-rocket-22-full-range-banban-silver-300cm\/#breadcrumb\"},\"inLanguage\":\"fr-FR\",\"potentialAction\":[{\"@type\":\"ReadAction\",\"target\":[\"https:\/\/dev.freakuence.nl\/fr\/produit\/audioquest-rocket-22-full-range-banban-silver-300cm\/\"]}]},{\"@type\":\"ImageObject\",\"inLanguage\":\"fr-FR\",\"@id\":\"https:\/\/dev.freakuence.nl\/fr\/produit\/audioquest-rocket-22-full-range-banban-silver-300cm\/#primaryimage\",\"url\":\"https:\/\/dev.freakuence.nl\/wp-content\/uploads\/2026\/04\/17643366972490-14312-IMG6264.jpg\",\"contentUrl\":\"https:\/\/dev.freakuence.nl\/wp-content\/uploads\/2026\/04\/17643366972490-14312-IMG6264.jpg\",\"width\":1800,\"height\":1200},{\"@type\":\"BreadcrumbList\",\"@id\":\"https:\/\/dev.freakuence.nl\/fr\/produit\/audioquest-rocket-22-full-range-banban-silver-300cm\/#breadcrumb\",\"itemListElement\":[{\"@type\":\"ListItem\",\"position\":1,\"name\":\"Accueil\",\"item\":\"https:\/\/dev.freakuence.nl\/fr\/\"},{\"@type\":\"ListItem\",\"position\":2,\"name\":\"Produits\",\"item\":\"https:\/\/dev.freakuence.nl\/fr\/produits\/\"},{\"@type\":\"ListItem\",\"position\":3,\"name\":\"AudioQuest Rocket 22 Full-Range banban silver 300cm\"}]},{\"@type\":\"WebSite\",\"@id\":\"https:\/\/dev.freakuence.nl\/fr\/#website\",\"url\":\"https:\/\/dev.freakuence.nl\/fr\/\",\"name\":\"Freakuence!\",\"description\":\"Freakuence!\",\"publisher\":{\"@id\":\"https:\/\/dev.freakuence.nl\/fr\/#organization\"},\"alternateName\":\"Freakuence\",\"potentialAction\":[{\"@type\":\"SearchAction\",\"target\":{\"@type\":\"EntryPoint\",\"urlTemplate\":\"https:\/\/dev.freakuence.nl\/fr\/?s={search_term_string}\"},\"query-input\":{\"@type\":\"PropertyValueSpecification\",\"valueRequired\":true,\"valueName\":\"search_term_string\"}}],\"inLanguage\":\"fr-FR\"},{\"@type\":\"Organization\",\"@id\":\"https:\/\/dev.freakuence.nl\/fr\/#organization\",\"name\":\"Freakuence !\",\"url\":\"https:\/\/dev.freakuence.nl\/fr\/\",\"logo\":{\"@type\":\"ImageObject\",\"inLanguage\":\"fr-FR\",\"@id\":\"https:\/\/dev.freakuence.nl\/fr\/#\/schema\/logo\/image\/\",\"url\":\"https:\/\/dev.freakuence.nl\/wp-content\/uploads\/2022\/05\/Brown_3_RGB_Freakuence-1.png\",\"contentUrl\":\"https:\/\/dev.freakuence.nl\/wp-content\/uploads\/2022\/05\/Brown_3_RGB_Freakuence-1.png\",\"width\":2560,\"height\":684,\"caption\":\"Freakuence !\"},\"image\":{\"@id\":\"https:\/\/dev.freakuence.nl\/fr\/#\/schema\/logo\/image\/\"},\"sameAs\":[\"https:\/\/www.instagram.com\/freakuence_notorious_audio\/\"]}]}<\/script>\n<!-- \/ Yoast SEO plugin. -->","yoast_head_json":{"title":"AudioQuest Rocket 22 Full-Range banban silver 300cm | Freakuence!","robots":{"index":"noindex","follow":"follow","max-snippet":"max-snippet:-1","max-image-preview":"max-image-preview:large","max-video-preview":"max-video-preview:-1"},"og_locale":"fr_FR","og_type":"article","og_title":"AudioQuest Rocket 22 Full-Range banban silver 300cm | Freakuence!","og_description":"Description Freakuence ! Ces c\u00e2bles offrent une reproduction spatiale et raffin\u00e9e, avec une sc\u00e8ne sonore plus large que les alternatives moins ch\u00e8res. Ils r\u00e9v\u00e8lent les d\u00e9tails subtils et les pr\u00e9sentent de mani\u00e8re stable et coh\u00e9rente, sans emphase. Il en r\u00e9sulte un \u00e9quilibre d\u00e9tendu qui convient \u00e0 une grande vari\u00e9t\u00e9 de syst\u00e8mes. Malgr\u00e9 leur nature civilis\u00e9e, [&hellip;]","og_url":"https:\/\/dev.freakuence.nl\/fr\/produit\/audioquest-rocket-22-full-range-banban-silver-300cm\/","og_site_name":"Freakuence!","article_modified_time":"2026-04-08T09:20:10+00:00","og_image":[{"width":1800,"height":1200,"url":"https:\/\/dev.freakuence.nl\/wp-content\/uploads\/2026\/04\/17643366972490-14312-IMG6264.jpg","type":"image\/jpeg"}],"twitter_card":"summary_large_image","schema":{"@context":"https:\/\/schema.org","@graph":[{"@type":"WebPage","@id":"https:\/\/dev.freakuence.nl\/fr\/produit\/audioquest-rocket-22-full-range-banban-silver-300cm\/","url":"https:\/\/dev.freakuence.nl\/fr\/produit\/audioquest-rocket-22-full-range-banban-silver-300cm\/","name":"AudioQuest Rocket 22 Full-Range banban silver 300cm | Freakuence!","isPartOf":{"@id":"https:\/\/dev.freakuence.nl\/fr\/#website"},"primaryImageOfPage":{"@id":"https:\/\/dev.freakuence.nl\/fr\/produit\/audioquest-rocket-22-full-range-banban-silver-300cm\/#primaryimage"},"image":{"@id":"https:\/\/dev.freakuence.nl\/fr\/produit\/audioquest-rocket-22-full-range-banban-silver-300cm\/#primaryimage"},"thumbnailUrl":"https:\/\/dev.freakuence.nl\/wp-content\/uploads\/2026\/04\/17643366972490-14312-IMG6264.jpg","datePublished":"2025-11-28T13:31:45+00:00","dateModified":"2026-04-08T09:20:10+00:00","breadcrumb":{"@id":"https:\/\/dev.freakuence.nl\/fr\/produit\/audioquest-rocket-22-full-range-banban-silver-300cm\/#breadcrumb"},"inLanguage":"fr-FR","potentialAction":[{"@type":"ReadAction","target":["https:\/\/dev.freakuence.nl\/fr\/produit\/audioquest-rocket-22-full-range-banban-silver-300cm\/"]}]},{"@type":"ImageObject","inLanguage":"fr-FR","@id":"https:\/\/dev.freakuence.nl\/fr\/produit\/audioquest-rocket-22-full-range-banban-silver-300cm\/#primaryimage","url":"https:\/\/dev.freakuence.nl\/wp-content\/uploads\/2026\/04\/17643366972490-14312-IMG6264.jpg","contentUrl":"https:\/\/dev.freakuence.nl\/wp-content\/uploads\/2026\/04\/17643366972490-14312-IMG6264.jpg","width":1800,"height":1200},{"@type":"BreadcrumbList","@id":"https:\/\/dev.freakuence.nl\/fr\/produit\/audioquest-rocket-22-full-range-banban-silver-300cm\/#breadcrumb","itemListElement":[{"@type":"ListItem","position":1,"name":"Accueil","item":"https:\/\/dev.freakuence.nl\/fr\/"},{"@type":"ListItem","position":2,"name":"Produits","item":"https:\/\/dev.freakuence.nl\/fr\/produits\/"},{"@type":"ListItem","position":3,"name":"AudioQuest Rocket 22 Full-Range banban silver 300cm"}]},{"@type":"WebSite","@id":"https:\/\/dev.freakuence.nl\/fr\/#website","url":"https:\/\/dev.freakuence.nl\/fr\/","name":"Freakuence!","description":"Freakuence!","publisher":{"@id":"https:\/\/dev.freakuence.nl\/fr\/#organization"},"alternateName":"Freakuence","potentialAction":[{"@type":"SearchAction","target":{"@type":"EntryPoint","urlTemplate":"https:\/\/dev.freakuence.nl\/fr\/?s={search_term_string}"},"query-input":{"@type":"PropertyValueSpecification","valueRequired":true,"valueName":"search_term_string"}}],"inLanguage":"fr-FR"},{"@type":"Organization","@id":"https:\/\/dev.freakuence.nl\/fr\/#organization","name":"Freakuence !","url":"https:\/\/dev.freakuence.nl\/fr\/","logo":{"@type":"ImageObject","inLanguage":"fr-FR","@id":"https:\/\/dev.freakuence.nl\/fr\/#\/schema\/logo\/image\/","url":"https:\/\/dev.freakuence.nl\/wp-content\/uploads\/2022\/05\/Brown_3_RGB_Freakuence-1.png","contentUrl":"https:\/\/dev.freakuence.nl\/wp-content\/uploads\/2022\/05\/Brown_3_RGB_Freakuence-1.png","width":2560,"height":684,"caption":"Freakuence !"},"image":{"@id":"https:\/\/dev.freakuence.nl\/fr\/#\/schema\/logo\/image\/"},"sameAs":["https:\/\/www.instagram.com\/freakuence_notorious_audio\/"]}]}},"_links":{"self":[{"href":"https:\/\/dev.freakuence.nl\/fr\/wp-json\/wp\/v2\/product\/325627","targetHints":{"allow":["GET"]}}],"collection":[{"href":"https:\/\/dev.freakuence.nl\/fr\/wp-json\/wp\/v2\/product"}],"about":[{"href":"https:\/\/dev.freakuence.nl\/fr\/wp-json\/wp\/v2\/types\/product"}],"wp:featuredmedia":[{"embeddable":true,"href":"https:\/\/dev.freakuence.nl\/fr\/wp-json\/wp\/v2\/media\/379926"}],"wp:attachment":[{"href":"https:\/\/dev.freakuence.nl\/fr\/wp-json\/wp\/v2\/media?parent=325627"}],"wp:term":[{"taxonomy":"product_brand","embeddable":true,"href":"https:\/\/dev.freakuence.nl\/fr\/wp-json\/wp\/v2\/product_brand?post=325627"},{"taxonomy":"product_cat","embeddable":true,"href":"https:\/\/dev.freakuence.nl\/fr\/wp-json\/wp\/v2\/product_cat?post=325627"},{"taxonomy":"product_tag","embeddable":true,"href":"https:\/\/dev.freakuence.nl\/fr\/wp-json\/wp\/v2\/product_tag?post=325627"}],"curies":[{"name":"wp","href":"https:\/\/api.w.org\/{rel}","templated":true}]}}