{"id":325639,"date":"2025-12-03T12:13:55","date_gmt":"2025-12-03T11:13:55","guid":{"rendered":"https:\/\/freakuence.nl\/product\/conrad-johnson-ct5\/"},"modified":"2026-04-08T20:10:14","modified_gmt":"2026-04-08T18:10:14","slug":"conrad-johnson-ct5","status":"publish","type":"product","link":"https:\/\/dev.freakuence.nl\/fr\/produit\/conrad-johnson-ct5\/","title":{"rendered":"Conrad Johnson CT5"},"content":{"rendered":"<div class=\"product-specifications-list\">\n<div class=\"specification-item row-header\"><span class=\"spec-content\"><strong>Description Freakuence !<\/strong><\/span><\/div>\n<div class=\"specification-item row-even\"><span class=\"spec-content\">Chose \u00e9paisse. Les tubes sont joliment dispos\u00e9s dans une vo\u00fbte horizontale. Lecture tr\u00e8s immersive sans la nettet\u00e9 de certains amplificateurs \u00e0 semi-conducteurs.  <\/span><\/div>\n<div class=\"specification-item row-header\"><span class=\"spec-content\"><strong>Description g\u00e9n\u00e9rale<\/strong><\/span><\/div>\n<div class=\"specification-item row-even\"><span class=\"spec-content\">Le Conrad-Johnson CT5 est un pr\u00e9amplificateur de ligne reconnu pour son honn\u00eatet\u00e9 musicale et son plaisir d&rsquo;\u00e9coute. Sa conception est ax\u00e9e sur une reproduction sonore riche et solide, en pr\u00eatant attention \u00e0 l&rsquo;\u00e9nergie et \u00e0 la pr\u00e9sence des instruments de musique et des voix.   <\/p>\n<p>L&rsquo;appareil utilise un circuit composite-triode, une technique qui commute plusieurs appareils en parall\u00e8le pour obtenir des performances optimales. Cela contribue \u00e0 l&rsquo;\u00e9quilibre et \u00e0 la coh\u00e9rence musicale du CT5, lui permettant de reproduire avec pr\u00e9cision la couleur et la texture d&rsquo;une performance.   <\/p>\n<p>Le CT5 est dot\u00e9 d&rsquo;un contr\u00f4le de volume discret contr\u00f4l\u00e9 par relais, similaire \u00e0 celui des mod\u00e8les GAT et ACT2 de Conrad-Johnson. Cela garantit un contr\u00f4le pr\u00e9cis et coh\u00e9rent du volume, contribuant \u00e0 la qualit\u00e9 g\u00e9n\u00e9rale du son. <\/p>\n<p>Avec son design solide et d\u00e9termin\u00e9, le CT5 respire la confiance. C&rsquo;est un appareil d\u00e9di\u00e9 \u00e0 la satisfaction et au plaisir d&rsquo;\u00e9coute \u00e0 long terme, sans se laisser influencer par les tendances ou les modes. <\/span><\/div>\n<div class=\"specification-item row-header\"><span class=\"spec-content\"><strong>Informations g\u00e9n\u00e9rales<\/strong><\/span><\/div>\n<div class=\"specification-item row-even\"><span class=\"spec-content\">Le Conrad-Johnson CT5 a \u00e9t\u00e9 con\u00e7u par Bill Conrad et Lew Johnson, avec une philosophie ax\u00e9e sur la pr\u00e9cision musicale plut\u00f4t que sur la perfection technique. Le pr\u00e9ampli utilise des composants de haute qualit\u00e9, soigneusement s\u00e9lectionn\u00e9s, tels que des condensateurs au t\u00e9flon et des r\u00e9sistances discr\u00e8tes. Le c\u00e2blage interne est r\u00e9alis\u00e9 \u00e0 la main pour une transmission optimale du signal. Le coffret est simple mais robuste, con\u00e7u pour lutter contre les microphonies et minimiser les interf\u00e9rences \u00e9lectriques. Tout est assembl\u00e9 \u00e0 la main aux \u00c9tats-Unis.    <\/span><\/div>\n<div class=\"specification-item row-header\"><span class=\"spec-content\"><strong>Histoire de la marque<\/strong><\/span><\/div>\n<div class=\"specification-item row-even\"><span class=\"spec-content\">Fond\u00e9 au milieu des ann\u00e9es 1970 aux \u00c9tats-Unis par deux amis aux ant\u00e9c\u00e9dents tout sauf musicaux. En effet, le Dr William Conrad et le Dr Lewis Johnson \u00e9taient \u00e9conomistes de m\u00e9tier&#8230; mais avec une tr\u00e8s grande passion audiophile. Les produits Conrad-Johnson sont r\u00e9alis\u00e9s avec des circuits simples, mais construits avec des composants sur mesure de la plus haute qualit\u00e9.  <\/span><\/div>\n<\/div>\n","protected":false},"excerpt":{"rendered":"<p>Description Freakuence ! Chose \u00e9paisse. Les tubes sont joliment dispos\u00e9s dans une vo\u00fbte horizontale. Lecture tr\u00e8s immersive sans la nettet\u00e9 de certains amplificateurs \u00e0 semi-conducteurs. Description g\u00e9n\u00e9rale Le Conrad-Johnson CT5 est un pr\u00e9amplificateur de ligne reconnu pour son honn\u00eatet\u00e9 musicale et son plaisir d&rsquo;\u00e9coute. Sa conception est ax\u00e9e sur une reproduction sonore riche et solide, [&hellip;]<\/p>\n","protected":false},"featured_media":385797,"template":"","meta":{"_acf_changed":false,"inline_featured_image":false},"product_brand":[],"product_cat":[530,556,745],"product_tag":[533],"class_list":{"0":"post-325639","1":"product","2":"type-product","3":"status-publish","4":"has-post-thumbnail","6":"product_cat-amplificateurs","7":"product_cat-amplificateurs-a-tubes","8":"product_cat-amplificateurs-stereo","9":"product_tag-used","10":"pa_kleur-lor","12":"first","13":"instock","14":"sold-individually","15":"purchasable","16":"product-type-simple"},"acf":{"website":true,"show_on_homepage":false,"brand_title":"Conrad Johnson","product_type":"CT5","color":"L'or","subcolor":"","reserved_status":"0"},"yoast_head":"<!-- This site is optimized with the Yoast SEO plugin v25.9 - https:\/\/yoast.com\/wordpress\/plugins\/seo\/ -->\n<title>Conrad Johnson CT5 | Freakuence!<\/title>\n<meta name=\"description\" content=\"Conrad-Johnson CT5 : pr\u00e9amplificateur \u00e0 tubes haut de gamme offrant une reproduction sonore riche et immersive. \u2713 HiFi neuf et d&#039;occasion \u2713 Note du client : 4.9 sur 5 \u2713 Reprise \u2713 Session d&#039;\u00e9coute\" \/>\n<meta name=\"robots\" content=\"noindex, follow, max-snippet:-1, max-image-preview:large, max-video-preview:-1\" \/>\n<meta property=\"og:locale\" content=\"fr_FR\" \/>\n<meta property=\"og:type\" content=\"article\" \/>\n<meta property=\"og:title\" content=\"Conrad Johnson CT5 | Freakuence!\" \/>\n<meta property=\"og:description\" content=\"Conrad-Johnson CT5 : pr\u00e9amplificateur \u00e0 tubes haut de gamme offrant une reproduction sonore riche et immersive. \u2713 HiFi neuf et d&#039;occasion \u2713 Note du client : 4.9 sur 5 \u2713 Reprise \u2713 Session d&#039;\u00e9coute\" \/>\n<meta property=\"og:url\" content=\"https:\/\/dev.freakuence.nl\/fr\/produit\/conrad-johnson-ct5\/\" \/>\n<meta property=\"og:site_name\" content=\"Freakuence!\" \/>\n<meta property=\"article:modified_time\" content=\"2026-04-08T18:10:14+00:00\" \/>\n<meta property=\"og:image\" content=\"https:\/\/dev.freakuence.nl\/wp-content\/uploads\/2026\/04\/17647604207722-18550-IMG6356.jpg\" \/>\n\t<meta property=\"og:image:width\" content=\"1800\" \/>\n\t<meta property=\"og:image:height\" content=\"1200\" \/>\n\t<meta property=\"og:image:type\" content=\"image\/jpeg\" \/>\n<meta name=\"twitter:card\" content=\"summary_large_image\" \/>\n<script type=\"application\/ld+json\" class=\"yoast-schema-graph\">{\"@context\":\"https:\/\/schema.org\",\"@graph\":[{\"@type\":\"WebPage\",\"@id\":\"https:\/\/dev.freakuence.nl\/fr\/produit\/conrad-johnson-ct5\/\",\"url\":\"https:\/\/dev.freakuence.nl\/fr\/produit\/conrad-johnson-ct5\/\",\"name\":\"Conrad Johnson CT5 | Freakuence!\",\"isPartOf\":{\"@id\":\"https:\/\/dev.freakuence.nl\/fr\/#website\"},\"primaryImageOfPage\":{\"@id\":\"https:\/\/dev.freakuence.nl\/fr\/produit\/conrad-johnson-ct5\/#primaryimage\"},\"image\":{\"@id\":\"https:\/\/dev.freakuence.nl\/fr\/produit\/conrad-johnson-ct5\/#primaryimage\"},\"thumbnailUrl\":\"https:\/\/dev.freakuence.nl\/wp-content\/uploads\/2026\/04\/17647604207722-18550-IMG6356.jpg\",\"datePublished\":\"2025-12-03T11:13:55+00:00\",\"dateModified\":\"2026-04-08T18:10:14+00:00\",\"description\":\"Conrad-Johnson CT5 : pr\u00e9amplificateur \u00e0 tubes haut de gamme offrant une reproduction sonore riche et immersive. \u2713 HiFi neuf et d'occasion \u2713 Note du client : 4.9 sur 5 \u2713 Reprise \u2713 Session d'\u00e9coute\",\"breadcrumb\":{\"@id\":\"https:\/\/dev.freakuence.nl\/fr\/produit\/conrad-johnson-ct5\/#breadcrumb\"},\"inLanguage\":\"fr-FR\",\"potentialAction\":[{\"@type\":\"ReadAction\",\"target\":[\"https:\/\/dev.freakuence.nl\/fr\/produit\/conrad-johnson-ct5\/\"]}]},{\"@type\":\"ImageObject\",\"inLanguage\":\"fr-FR\",\"@id\":\"https:\/\/dev.freakuence.nl\/fr\/produit\/conrad-johnson-ct5\/#primaryimage\",\"url\":\"https:\/\/dev.freakuence.nl\/wp-content\/uploads\/2026\/04\/17647604207722-18550-IMG6356.jpg\",\"contentUrl\":\"https:\/\/dev.freakuence.nl\/wp-content\/uploads\/2026\/04\/17647604207722-18550-IMG6356.jpg\",\"width\":1800,\"height\":1200},{\"@type\":\"BreadcrumbList\",\"@id\":\"https:\/\/dev.freakuence.nl\/fr\/produit\/conrad-johnson-ct5\/#breadcrumb\",\"itemListElement\":[{\"@type\":\"ListItem\",\"position\":1,\"name\":\"Accueil\",\"item\":\"https:\/\/dev.freakuence.nl\/fr\/\"},{\"@type\":\"ListItem\",\"position\":2,\"name\":\"Produits\",\"item\":\"https:\/\/dev.freakuence.nl\/fr\/produits\/\"},{\"@type\":\"ListItem\",\"position\":3,\"name\":\"Conrad Johnson CT5\"}]},{\"@type\":\"WebSite\",\"@id\":\"https:\/\/dev.freakuence.nl\/fr\/#website\",\"url\":\"https:\/\/dev.freakuence.nl\/fr\/\",\"name\":\"Freakuence!\",\"description\":\"Freakuence!\",\"publisher\":{\"@id\":\"https:\/\/dev.freakuence.nl\/fr\/#organization\"},\"alternateName\":\"Freakuence\",\"potentialAction\":[{\"@type\":\"SearchAction\",\"target\":{\"@type\":\"EntryPoint\",\"urlTemplate\":\"https:\/\/dev.freakuence.nl\/fr\/?s={search_term_string}\"},\"query-input\":{\"@type\":\"PropertyValueSpecification\",\"valueRequired\":true,\"valueName\":\"search_term_string\"}}],\"inLanguage\":\"fr-FR\"},{\"@type\":\"Organization\",\"@id\":\"https:\/\/dev.freakuence.nl\/fr\/#organization\",\"name\":\"Freakuence !\",\"url\":\"https:\/\/dev.freakuence.nl\/fr\/\",\"logo\":{\"@type\":\"ImageObject\",\"inLanguage\":\"fr-FR\",\"@id\":\"https:\/\/dev.freakuence.nl\/fr\/#\/schema\/logo\/image\/\",\"url\":\"https:\/\/dev.freakuence.nl\/wp-content\/uploads\/2022\/05\/Brown_3_RGB_Freakuence-1.png\",\"contentUrl\":\"https:\/\/dev.freakuence.nl\/wp-content\/uploads\/2022\/05\/Brown_3_RGB_Freakuence-1.png\",\"width\":2560,\"height\":684,\"caption\":\"Freakuence !\"},\"image\":{\"@id\":\"https:\/\/dev.freakuence.nl\/fr\/#\/schema\/logo\/image\/\"},\"sameAs\":[\"https:\/\/www.instagram.com\/freakuence_notorious_audio\/\"]}]}<\/script>\n<!-- \/ Yoast SEO plugin. -->","yoast_head_json":{"title":"Conrad Johnson CT5 | Freakuence!","description":"Conrad-Johnson CT5 : pr\u00e9amplificateur \u00e0 tubes haut de gamme offrant une reproduction sonore riche et immersive. \u2713 HiFi neuf et d'occasion \u2713 Note du client : 4.9 sur 5 \u2713 Reprise \u2713 Session d'\u00e9coute","robots":{"index":"noindex","follow":"follow","max-snippet":"max-snippet:-1","max-image-preview":"max-image-preview:large","max-video-preview":"max-video-preview:-1"},"og_locale":"fr_FR","og_type":"article","og_title":"Conrad Johnson CT5 | Freakuence!","og_description":"Conrad-Johnson CT5 : pr\u00e9amplificateur \u00e0 tubes haut de gamme offrant une reproduction sonore riche et immersive. \u2713 HiFi neuf et d'occasion \u2713 Note du client : 4.9 sur 5 \u2713 Reprise \u2713 Session d'\u00e9coute","og_url":"https:\/\/dev.freakuence.nl\/fr\/produit\/conrad-johnson-ct5\/","og_site_name":"Freakuence!","article_modified_time":"2026-04-08T18:10:14+00:00","og_image":[{"width":1800,"height":1200,"url":"https:\/\/dev.freakuence.nl\/wp-content\/uploads\/2026\/04\/17647604207722-18550-IMG6356.jpg","type":"image\/jpeg"}],"twitter_card":"summary_large_image","schema":{"@context":"https:\/\/schema.org","@graph":[{"@type":"WebPage","@id":"https:\/\/dev.freakuence.nl\/fr\/produit\/conrad-johnson-ct5\/","url":"https:\/\/dev.freakuence.nl\/fr\/produit\/conrad-johnson-ct5\/","name":"Conrad Johnson CT5 | Freakuence!","isPartOf":{"@id":"https:\/\/dev.freakuence.nl\/fr\/#website"},"primaryImageOfPage":{"@id":"https:\/\/dev.freakuence.nl\/fr\/produit\/conrad-johnson-ct5\/#primaryimage"},"image":{"@id":"https:\/\/dev.freakuence.nl\/fr\/produit\/conrad-johnson-ct5\/#primaryimage"},"thumbnailUrl":"https:\/\/dev.freakuence.nl\/wp-content\/uploads\/2026\/04\/17647604207722-18550-IMG6356.jpg","datePublished":"2025-12-03T11:13:55+00:00","dateModified":"2026-04-08T18:10:14+00:00","description":"Conrad-Johnson CT5 : pr\u00e9amplificateur \u00e0 tubes haut de gamme offrant une reproduction sonore riche et immersive. \u2713 HiFi neuf et d'occasion \u2713 Note du client : 4.9 sur 5 \u2713 Reprise \u2713 Session d'\u00e9coute","breadcrumb":{"@id":"https:\/\/dev.freakuence.nl\/fr\/produit\/conrad-johnson-ct5\/#breadcrumb"},"inLanguage":"fr-FR","potentialAction":[{"@type":"ReadAction","target":["https:\/\/dev.freakuence.nl\/fr\/produit\/conrad-johnson-ct5\/"]}]},{"@type":"ImageObject","inLanguage":"fr-FR","@id":"https:\/\/dev.freakuence.nl\/fr\/produit\/conrad-johnson-ct5\/#primaryimage","url":"https:\/\/dev.freakuence.nl\/wp-content\/uploads\/2026\/04\/17647604207722-18550-IMG6356.jpg","contentUrl":"https:\/\/dev.freakuence.nl\/wp-content\/uploads\/2026\/04\/17647604207722-18550-IMG6356.jpg","width":1800,"height":1200},{"@type":"BreadcrumbList","@id":"https:\/\/dev.freakuence.nl\/fr\/produit\/conrad-johnson-ct5\/#breadcrumb","itemListElement":[{"@type":"ListItem","position":1,"name":"Accueil","item":"https:\/\/dev.freakuence.nl\/fr\/"},{"@type":"ListItem","position":2,"name":"Produits","item":"https:\/\/dev.freakuence.nl\/fr\/produits\/"},{"@type":"ListItem","position":3,"name":"Conrad Johnson CT5"}]},{"@type":"WebSite","@id":"https:\/\/dev.freakuence.nl\/fr\/#website","url":"https:\/\/dev.freakuence.nl\/fr\/","name":"Freakuence!","description":"Freakuence!","publisher":{"@id":"https:\/\/dev.freakuence.nl\/fr\/#organization"},"alternateName":"Freakuence","potentialAction":[{"@type":"SearchAction","target":{"@type":"EntryPoint","urlTemplate":"https:\/\/dev.freakuence.nl\/fr\/?s={search_term_string}"},"query-input":{"@type":"PropertyValueSpecification","valueRequired":true,"valueName":"search_term_string"}}],"inLanguage":"fr-FR"},{"@type":"Organization","@id":"https:\/\/dev.freakuence.nl\/fr\/#organization","name":"Freakuence !","url":"https:\/\/dev.freakuence.nl\/fr\/","logo":{"@type":"ImageObject","inLanguage":"fr-FR","@id":"https:\/\/dev.freakuence.nl\/fr\/#\/schema\/logo\/image\/","url":"https:\/\/dev.freakuence.nl\/wp-content\/uploads\/2022\/05\/Brown_3_RGB_Freakuence-1.png","contentUrl":"https:\/\/dev.freakuence.nl\/wp-content\/uploads\/2022\/05\/Brown_3_RGB_Freakuence-1.png","width":2560,"height":684,"caption":"Freakuence !"},"image":{"@id":"https:\/\/dev.freakuence.nl\/fr\/#\/schema\/logo\/image\/"},"sameAs":["https:\/\/www.instagram.com\/freakuence_notorious_audio\/"]}]}},"_links":{"self":[{"href":"https:\/\/dev.freakuence.nl\/fr\/wp-json\/wp\/v2\/product\/325639","targetHints":{"allow":["GET"]}}],"collection":[{"href":"https:\/\/dev.freakuence.nl\/fr\/wp-json\/wp\/v2\/product"}],"about":[{"href":"https:\/\/dev.freakuence.nl\/fr\/wp-json\/wp\/v2\/types\/product"}],"wp:featuredmedia":[{"embeddable":true,"href":"https:\/\/dev.freakuence.nl\/fr\/wp-json\/wp\/v2\/media\/385797"}],"wp:attachment":[{"href":"https:\/\/dev.freakuence.nl\/fr\/wp-json\/wp\/v2\/media?parent=325639"}],"wp:term":[{"taxonomy":"product_brand","embeddable":true,"href":"https:\/\/dev.freakuence.nl\/fr\/wp-json\/wp\/v2\/product_brand?post=325639"},{"taxonomy":"product_cat","embeddable":true,"href":"https:\/\/dev.freakuence.nl\/fr\/wp-json\/wp\/v2\/product_cat?post=325639"},{"taxonomy":"product_tag","embeddable":true,"href":"https:\/\/dev.freakuence.nl\/fr\/wp-json\/wp\/v2\/product_tag?post=325639"}],"curies":[{"name":"wp","href":"https:\/\/api.w.org\/{rel}","templated":true}]}}