{"id":325675,"date":"2025-12-05T11:52:13","date_gmt":"2025-12-05T10:52:13","guid":{"rendered":"https:\/\/freakuence.nl\/product\/hifi-rose-kit-de-connexion-fibre-sfp-usb-3-0\/"},"modified":"2026-04-08T19:56:38","modified_gmt":"2026-04-08T17:56:38","slug":"hifi-rose-kit-de-connexion-fibre-sfp-usb-3-0","status":"publish","type":"product","link":"https:\/\/dev.freakuence.nl\/fr\/produit\/hifi-rose-kit-de-connexion-fibre-sfp-usb-3-0\/","title":{"rendered":"Hifi Rose Kit de connexion fibre SFP USB 3.0"},"content":{"rendered":"<div class=\"product-specifications-list\">\n<div class=\"specification-item row-header\"><span class=\"spec-content\"><strong>Description Freakuence !<\/strong><\/span><\/div>\n<div class=\"specification-item row-even\"><span class=\"spec-content\">Le lien entre Rose et Rose ! \ud83d\ude42<\/span><\/div>\n<div class=\"specification-item row-odd\"><span class=\"spec-content\">Prix de vente au d\u00e9tail : 125,00<\/span><\/div>\n<div class=\"specification-item row-header\"><span class=\"spec-content\"><strong>Description g\u00e9n\u00e9rale<\/strong><\/span><\/div>\n<div class=\"specification-item row-even\"><span class=\"spec-content\">Le HiFi Rose USB 3.0 SFP Fibre Connection Kit est con\u00e7u pour fournir une connexion directe et sans interf\u00e9rence entre le RS130 Network Transport et le RD160 DAC. En utilisant la technologie de la fibre optique, il permet une transmission rapide et fiable du signal, contribuant ainsi \u00e0 am\u00e9liorer la lecture audio num\u00e9rique. Le kit comprend deux modules SFP et un c\u00e2ble \u00e0 fibre optique de haute qualit\u00e9, garantissant une installation facile et une connexion stable. Ce kit est id\u00e9al pour les passionn\u00e9s qui recherchent la pr\u00e9cision et la clart\u00e9 dans leur exp\u00e9rience d&rsquo;\u00e9coute. Veuillez noter que ce kit n&rsquo;est pas destin\u00e9 \u00e0 connecter le RS130 \u00e0 un r\u00e9seau.    <\/span><\/div>\n<div class=\"specification-item row-header\"><span class=\"spec-content\"><strong>Informations g\u00e9n\u00e9rales<\/strong><\/span><\/div>\n<div class=\"specification-item row-even\"><span class=\"spec-content\">Le kit de connexion USB 3.0 SFP Fibre de Hifi Rose est con\u00e7u pour r\u00e9duire consid\u00e9rablement le bruit des r\u00e9seaux num\u00e9riques. Ce kit convertit les donn\u00e9es USB en fibre, s\u00e9parant l&rsquo;\u00e9lectronique audio des signaux informatiques parasites et am\u00e9liorant sensiblement la qualit\u00e9 du son. Le bo\u00eetier est usin\u00e9 CNC en aluminium massif et utilise en interne des horloges OCXO de haute qualit\u00e9 pour une synchronisation stable. Con\u00e7u en Cor\u00e9e du Sud par l&rsquo;\u00e9quipe de Hifi Rose, qui s&rsquo;efforce d&rsquo;obtenir une transparence maximale dans l&rsquo;audio num\u00e9rique.   <\/span><\/div>\n<div class=\"specification-item row-header\"><span class=\"spec-content\"><strong>Histoire de la marque<\/strong><\/span><\/div>\n<div class=\"specification-item row-even\"><span class=\"spec-content\">Hifi Rose est une marque de la soci\u00e9t\u00e9 sud-cor\u00e9enne Citech Co, Ltd, qui se consacre depuis 2017 au d\u00e9veloppement de composants audio de haute qualit\u00e9 dans la cat\u00e9gorie des streamers r\u00e9seau et des lecteurs tout-en-un. La marque utilise des plateformes mat\u00e9rielles et logicielles propri\u00e9taires, notamment le syst\u00e8me d&rsquo;exploitation ROSE OS bas\u00e9 sur Android. Les appareils de Hifi Rose utilisent un \u00e9cran tactile LCD int\u00e9gr\u00e9 sur toute la largeur de la face avant. Ce faisant, la marque prend en charge les services de streaming populaires tels que TIDAL, Qobuz et Apple Music. La lecture musicale s&rsquo;effectue via des sorties analogiques et num\u00e9riques, selon le mod\u00e8le. Le stockage local est possible via des unit\u00e9s de stockage internes ou des interfaces USB et MicroSD externes. Les appareils peuvent \u00e9galement servir de lecteur de CD en connectant un lecteur de CD-ROM externe. La lecture musicale est compatible avec les formats jusqu&rsquo;\u00e0 DSD512 et PCM 32 bits\/768 kHz.       <\/span><\/div>\n<\/div>\n","protected":false},"excerpt":{"rendered":"<p>Description Freakuence ! Le lien entre Rose et Rose ! \ud83d\ude42 Prix de vente au d\u00e9tail : 125,00 Description g\u00e9n\u00e9rale Le HiFi Rose USB 3.0 SFP Fibre Connection Kit est con\u00e7u pour fournir une connexion directe et sans interf\u00e9rence entre le RS130 Network Transport et le RD160 DAC. En utilisant la technologie de la fibre [&hellip;]<\/p>\n","protected":false},"featured_media":385464,"template":"","meta":{"_acf_changed":false,"inline_featured_image":false},"product_brand":[],"product_cat":[345],"product_tag":[533],"class_list":{"0":"post-325675","1":"product","2":"type-product","3":"status-publish","4":"has-post-thumbnail","6":"product_cat-speakers","7":"product_tag-used","9":"first","10":"instock","11":"sold-individually","12":"purchasable","13":"product-type-simple"},"acf":{"website":true,"show_on_homepage":false,"brand_title":"Hifi Rose","product_type":"USB 3.0 SFP Fiber Connection Kit","color":"","subcolor":"","reserved_status":"0"},"_links":{"self":[{"href":"https:\/\/dev.freakuence.nl\/fr\/wp-json\/wp\/v2\/product\/325675","targetHints":{"allow":["GET"]}}],"collection":[{"href":"https:\/\/dev.freakuence.nl\/fr\/wp-json\/wp\/v2\/product"}],"about":[{"href":"https:\/\/dev.freakuence.nl\/fr\/wp-json\/wp\/v2\/types\/product"}],"wp:featuredmedia":[{"embeddable":true,"href":"https:\/\/dev.freakuence.nl\/fr\/wp-json\/wp\/v2\/media\/385464"}],"wp:attachment":[{"href":"https:\/\/dev.freakuence.nl\/fr\/wp-json\/wp\/v2\/media?parent=325675"}],"wp:term":[{"taxonomy":"product_brand","embeddable":true,"href":"https:\/\/dev.freakuence.nl\/fr\/wp-json\/wp\/v2\/product_brand?post=325675"},{"taxonomy":"product_cat","embeddable":true,"href":"https:\/\/dev.freakuence.nl\/fr\/wp-json\/wp\/v2\/product_cat?post=325675"},{"taxonomy":"product_tag","embeddable":true,"href":"https:\/\/dev.freakuence.nl\/fr\/wp-json\/wp\/v2\/product_tag?post=325675"}],"curies":[{"name":"wp","href":"https:\/\/api.w.org\/{rel}","templated":true}]}}