{"id":325717,"date":"2025-12-10T15:14:35","date_gmt":"2025-12-10T14:14:35","guid":{"rendered":"https:\/\/freakuence.nl\/product\/harbeth-30-1\/"},"modified":"2026-03-10T06:09:31","modified_gmt":"2026-03-10T05:09:31","slug":"harbeth-30-1","status":"publish","type":"product","link":"https:\/\/dev.freakuence.nl\/fr\/produit\/harbeth-30-1\/","title":{"rendered":"Harbeth 30.1"},"content":{"rendered":"<div class=\"product-specifications-list\">\n<div class=\"specification-item row-header\"><span class=\"spec-content\"><strong>Description Freakuence !<\/strong><\/span><\/div>\n<div class=\"specification-item row-even\"><span class=\"spec-content\">Joli, brillant, Harbeth. Moniteurs avec un milieu de gamme chaud mais naturel. Tr\u00e8s agr\u00e9able.  <\/span><\/div>\n<div class=\"specification-item row-header\"><span class=\"spec-content\"><strong>D\u00e9tails<\/strong><\/span><\/div>\n<div class=\"specification-item row-even\"><span class=\"spec-content\">Avec des supports sur mesure<\/span><\/div>\n<div class=\"specification-item row-odd\"><span class=\"spec-content\">Vous cherchez un autre mod\u00e8le de la s\u00e9rie actuelle de la marque ? Envoyez-nous un message !  Nous aimons en faire quelque chose d&rsquo;amusant.<\/span><\/div>\n<div class=\"specification-item row-header\"><span class=\"spec-content\"><strong>Description g\u00e9n\u00e9rale<\/strong><\/span><\/div>\n<div class=\"specification-item row-even\"><span class=\"spec-content\">Le Harbeth Monitor 30.1 est un haut-parleur compact \u00e0 deux voies connu pour sa reproduction sonore naturelle et \u00e9quilibr\u00e9e. En mettant l&rsquo;accent sur un m\u00e9dium clair et d\u00e9taill\u00e9, cette enceinte offre une exp\u00e9rience d&rsquo;\u00e9coute immersive adapt\u00e9e \u00e0 une vari\u00e9t\u00e9 de genres musicaux. L&rsquo;enceinte est con\u00e7ue avec des parois relativement fines en MDF plaqu\u00e9, les panneaux avant et arri\u00e8re \u00e9tant viss\u00e9s ensemble. Cette construction, inspir\u00e9e des conceptions de la BBC, permet de contr\u00f4ler les r\u00e9sonances et contribue \u00e0 la sonorit\u00e9 particuli\u00e8re de l&rsquo;enceinte. La Monitor 30.1 est \u00e9quip\u00e9e d&rsquo;un tweeter \u00e0 d\u00f4me souple de 25 mm et d&rsquo;un haut-parleur de m\u00e9dium\/grave de 8 pouces fabriqu\u00e9s \u00e0 partir du compos\u00e9 RADIAL exclusif de Harbeth. Cette combinaison assure une reproduction douce et contr\u00f4l\u00e9e sur toute la gamme de fr\u00e9quences. Bien que les basses ne soient pas les plus profondes, elles sont serr\u00e9es et bien d\u00e9finies, contribuant \u00e0 une pr\u00e9sentation coh\u00e9rente et musicale. L&rsquo;enceinte fonctionne de mani\u00e8re optimale lorsqu&rsquo;elle est plac\u00e9e sur des pieds, de pr\u00e9f\u00e9rence \u00e0 hauteur d&rsquo;oreille et \u00e0 une certaine distance des murs, afin de maximiser la reproduction spatiale. Avec son design intemporel et sa finition de haute qualit\u00e9, la Harbeth Monitor 30.1 s&rsquo;int\u00e8gre sans effort dans divers int\u00e9rieurs et offre un plaisir d&rsquo;\u00e9coute durable aux m\u00e9lomanes exigeants.        <\/span><\/div>\n<div class=\"specification-item row-header\"><span class=\"spec-content\"><strong>Informations g\u00e9n\u00e9rales<\/strong><\/span><\/div>\n<div class=\"specification-item row-even\"><span class=\"spec-content\">Le Harbeth M30.1 est un haut-parleur n\u00e9 des recherches de la BBC et perfectionn\u00e9 par Alan Shaw. Elle utilise le m\u00e9dium\/woofer propri\u00e9taire RADIAL2\u2122, d\u00e9velopp\u00e9 en interne pour une clart\u00e9 sans pr\u00e9c\u00e9dent. Le caisson est \u00e0 parois fines et faiblement amorti, ce qui contribue au son naturel. Les composants tels que le c\u00e2blage interne et les filtres de crossover sont soigneusement s\u00e9lectionn\u00e9s. Tout est fabriqu\u00e9 \u00e0 la main en Angleterre.    <\/span><\/div>\n<div class=\"specification-item row-header\"><span class=\"spec-content\"><strong>Histoire de la marque<\/strong><\/span><\/div>\n<div class=\"specification-item row-even\"><span class=\"spec-content\">Harbeth, fond\u00e9e en 1977 par Dudley Harwood, un ancien ing\u00e9nieur de la BBC, est connue pour ses haut-parleurs de haute qualit\u00e9. La marque tire son nom d&rsquo;un amalgame de Harwood et du nom de sa femme, Elizabeth. Harwood a introduit le c\u00f4ne en polypropyl\u00e8ne, une innovation qui a chang\u00e9 l&rsquo;industrie des haut-parleurs en offrant une meilleure r\u00e9ponse en fr\u00e9quence et moins de distorsion que les diaphragmes en papier traditionnels.  <\/p>\n<p>En 1986, Alan Shaw a repris l&rsquo;entreprise, ce qui a permis d&rsquo;\u00e9largir et d&rsquo;affiner la gamme. Shaw est rest\u00e9 fid\u00e8le \u00e0 la philosophie de reproduction naturelle du son, qui a fait de Harbeth l&rsquo;un des favoris des audiophiles. Le partenariat avec la BBC a renforc\u00e9 leur r\u00e9putation, avec des mod\u00e8les tels que le Monitor 40 utilis\u00e9s dans des environnements professionnels.  <\/p>\n<p>Un d\u00e9veloppement cl\u00e9 a \u00e9t\u00e9 l&rsquo;introduction de la technologie RADIAL\u2122 dans les ann\u00e9es 1990, un mat\u00e9riau plastique exclusif qui a consid\u00e9rablement am\u00e9lior\u00e9 les performances de leurs haut-parleurs. Harbeth continue de fabriquer des enceintes \u00e0 la main en Angleterre, en mettant l&rsquo;accent sur la qualit\u00e9 et les d\u00e9tails. Aujourd&rsquo;hui, la marque est respect\u00e9e dans le monde entier pour sa reproduction fid\u00e8le du son, en restant fid\u00e8le \u00e0 ses racines et \u00e0 sa petite capacit\u00e9 de production pour garantir des normes de qualit\u00e9 \u00e9lev\u00e9es.  <\/span><\/div>\n<\/div>\n","protected":false},"excerpt":{"rendered":"<p>Description Freakuence ! Joli, brillant, Harbeth. Moniteurs avec un milieu de gamme chaud mais naturel. Tr\u00e8s agr\u00e9able. D\u00e9tails Avec des supports sur mesure Vous cherchez un autre mod\u00e8le de la s\u00e9rie actuelle de la marque ? Envoyez-nous un message ! Nous aimons en faire quelque chose d&rsquo;amusant. Description g\u00e9n\u00e9rale Le Harbeth Monitor 30.1 est un [&hellip;]<\/p>\n","protected":false},"featured_media":373135,"template":"","meta":{"_acf_changed":false,"inline_featured_image":false},"product_brand":[],"product_cat":[543],"product_tag":[533],"class_list":{"0":"post-325717","1":"product","2":"type-product","3":"status-publish","4":"has-post-thumbnail","6":"product_cat-intervenants","7":"product_tag-used","8":"pa_kleur-noir","10":"first","11":"instock","12":"sold-individually","13":"purchasable","14":"product-type-simple"},"acf":{"website":true,"show_on_homepage":false,"brand_title":"Harbeth","product_type":"30.1","color":"Noir","subcolor":"","reserved_status":"0"},"_links":{"self":[{"href":"https:\/\/dev.freakuence.nl\/fr\/wp-json\/wp\/v2\/product\/325717","targetHints":{"allow":["GET"]}}],"collection":[{"href":"https:\/\/dev.freakuence.nl\/fr\/wp-json\/wp\/v2\/product"}],"about":[{"href":"https:\/\/dev.freakuence.nl\/fr\/wp-json\/wp\/v2\/types\/product"}],"wp:featuredmedia":[{"embeddable":true,"href":"https:\/\/dev.freakuence.nl\/fr\/wp-json\/wp\/v2\/media\/373135"}],"wp:attachment":[{"href":"https:\/\/dev.freakuence.nl\/fr\/wp-json\/wp\/v2\/media?parent=325717"}],"wp:term":[{"taxonomy":"product_brand","embeddable":true,"href":"https:\/\/dev.freakuence.nl\/fr\/wp-json\/wp\/v2\/product_brand?post=325717"},{"taxonomy":"product_cat","embeddable":true,"href":"https:\/\/dev.freakuence.nl\/fr\/wp-json\/wp\/v2\/product_cat?post=325717"},{"taxonomy":"product_tag","embeddable":true,"href":"https:\/\/dev.freakuence.nl\/fr\/wp-json\/wp\/v2\/product_tag?post=325717"}],"curies":[{"name":"wp","href":"https:\/\/api.w.org\/{rel}","templated":true}]}}