{"id":325791,"date":"2025-12-10T15:57:08","date_gmt":"2025-12-10T14:57:08","guid":{"rendered":"https:\/\/freakuence.nl\/product\/gato-audio-fm50\/"},"modified":"2026-02-25T18:48:49","modified_gmt":"2026-02-25T17:48:49","slug":"gato-audio-fm50","status":"publish","type":"product","link":"https:\/\/dev.freakuence.nl\/fr\/produit\/gato-audio-fm50\/","title":{"rendered":"Gato Audio FM50"},"content":{"rendered":"<div class=\"product-specifications-list\">\n<div class=\"specification-item row-header\"><span class=\"spec-content\"><strong>Description Freakuence !<\/strong><\/span><\/div>\n<div class=\"specification-item row-even\"><span class=\"spec-content\">Ces enceintes donnent vie aux morceaux avec une clart\u00e9 et des d\u00e9tails rarement vus. Les aigus sont \u00e9tincelants et les m\u00e9diums sont pleins et riches. M\u00eame \u00e0 des volumes \u00e9lev\u00e9s, tout reste serr\u00e9 et contr\u00f4l\u00e9. Un plaisir pour l&rsquo;oreille !   <\/span><\/div>\n<div class=\"specification-item row-odd\"><span class=\"spec-content\">Prix de vente au d\u00e9tail : 6 995,00<\/span><\/div>\n<div class=\"specification-item row-header\"><span class=\"spec-content\"><strong>Description g\u00e9n\u00e9rale<\/strong><\/span><\/div>\n<div class=\"specification-item row-even\"><span class=\"spec-content\">La Gato Audio FM50 est une enceinte colonne \u00e0 trois voies connue pour sa dynamique impressionnante et sa reproduction sonore pr\u00e9cise. Avec deux haut-parleurs de graves de 6 pouces et un volume d&rsquo;enceinte de 50 litres, cette enceinte offre une r\u00e9ponse serr\u00e9e dans les graves, des m\u00e9diums d\u00e9taill\u00e9s et dynamiques et des aigus clairs et sans r\u00e9sonance.  <\/p>\n<p>La conception du FM50 vise \u00e0 cr\u00e9er un \u00ab\u00a0projecteur d&rsquo;images sonores\u00a0\u00bb qui plonge l&rsquo;auditeur dans l&rsquo;atmosph\u00e8re et l&rsquo;\u00e9nergie de l&rsquo;enregistrement original. L&rsquo;enceinte est \u00e9quip\u00e9e de haut-parleurs sur mesure, d\u00e9velopp\u00e9s en collaboration avec d&rsquo;\u00e9minents ing\u00e9nieurs danois sp\u00e9cialis\u00e9s dans les transducteurs, ce qui permet d&rsquo;obtenir une reproduction sonore coh\u00e9rente et pr\u00e9cise.  <\/p>\n<p>L&rsquo;enceinte utilise la technologie FusedMASS, dans laquelle diff\u00e9rents mat\u00e9riaux sont lamin\u00e9s en couches pour augmenter l&rsquo;amortissement interne et minimiser les r\u00e9sonances. La technologie de crossover PurePHASE assure un contr\u00f4le pr\u00e9cis de la phase et une dispersion sonore large et lin\u00e9aire.  <\/p>\n<p>L&rsquo;une des caract\u00e9ristiques remarquables du FM50 est la possibilit\u00e9 d&rsquo;ajuster la sortie sonore aux pr\u00e9f\u00e9rences personnelles et \u00e0 la salle d&rsquo;\u00e9coute. Cela permet aux auditeurs d&rsquo;adapter le haut-parleur \u00e0 leurs go\u00fbts et \u00e0 leur environnement, sans perdre de d\u00e9tails ou de richesse sonore. <\/span><\/div>\n<div class=\"specification-item row-header\"><span class=\"spec-content\"><strong>Informations g\u00e9n\u00e9rales<\/strong><\/span><\/div>\n<div class=\"specification-item row-even\"><span class=\"spec-content\">La Gato Audio FM50 est une enceinte colonne haut de gamme con\u00e7ue et fabriqu\u00e9e au Danemark. Les concepteurs Frederik Johansen et Otto Hejne ont travaill\u00e9 \u00e0 partir d&rsquo;une philosophie de perfection acoustique et d&rsquo;esth\u00e9tique. L&rsquo;enceinte est fabriqu\u00e9e \u00e0 la main et se compose de plusieurs couches de MDF avec des formes incurv\u00e9es pour minimiser les r\u00e9flexions internes. Le c\u00e2blage interne est de haute qualit\u00e9 et tous les composants utilis\u00e9s, comme les haut-parleurs SEAS, sont soigneusement s\u00e9lectionn\u00e9s. Chaque enceinte est assembl\u00e9e au Danemark, en mettant l&rsquo;accent sur la pr\u00e9cision et la durabilit\u00e9.    <\/span><\/div>\n<div class=\"specification-item row-header\"><span class=\"spec-content\"><strong>Histoire de la marque<\/strong><\/span><\/div>\n<div class=\"specification-item row-even\"><span class=\"spec-content\">Gato Audio, fond\u00e9e au Danemark, se concentre sur la conception et la fabrication d&rsquo;\u00e9quipements audio de haute qualit\u00e9. La marque est connue pour son utilisation de technologies sp\u00e9cialement d\u00e9velopp\u00e9es, notamment la technologie TwinFET dans ses amplificateurs, qui r\u00e9duit le bruit et la distorsion dans la transmission du signal. Cette technologie permet de r\u00e9duire le bruit et la distorsion dans la transmission du signal, ce qui contribue \u00e0 la reproduction pr\u00e9cise de la qualit\u00e9 du son dans les appareils de la marque. Tous les produits sont con\u00e7us et fabriqu\u00e9s au Danemark, ce qui permet \u00e0 la marque de choisir m\u00e9ticuleusement les mat\u00e9riaux et les finitions.    Les amplificateurs et les haut-parleurs sont fabriqu\u00e9s avec des mat\u00e9riaux tels que le bois stratifi\u00e9 et des haut-parleurs sp\u00e9cialement con\u00e7us, alliant esth\u00e9tique et performance pour une exp\u00e9rience sonore compacte mais puissante.  <\/p>\n<p>Disponibles dans diff\u00e9rentes configurations, ces produits sont adapt\u00e9s \u00e0 des applications audio sp\u00e9cifiques, qu&rsquo;il s&rsquo;agisse d&rsquo;installations domestiques ou d&rsquo;applications professionnelles.<\/span><\/div>\n<\/div>\n","protected":false},"excerpt":{"rendered":"<p>Description Freakuence ! Ces enceintes donnent vie aux morceaux avec une clart\u00e9 et des d\u00e9tails rarement vus. Les aigus sont \u00e9tincelants et les m\u00e9diums sont pleins et riches. M\u00eame \u00e0 des volumes \u00e9lev\u00e9s, tout reste serr\u00e9 et contr\u00f4l\u00e9. Un plaisir pour l&rsquo;oreille ! Prix de vente au d\u00e9tail : 6 995,00 Description g\u00e9n\u00e9rale La Gato [&hellip;]<\/p>\n","protected":false},"featured_media":357185,"template":"","meta":{"_acf_changed":false,"inline_featured_image":false},"product_brand":[],"product_cat":[543],"product_tag":[533],"class_list":{"0":"post-325791","1":"product","2":"type-product","3":"status-publish","4":"has-post-thumbnail","6":"product_cat-intervenants","7":"product_tag-used","8":"pa_kleur-marron","10":"first","11":"outofstock","12":"sold-individually","13":"purchasable","14":"product-type-simple"},"acf":{"website":true,"show_on_homepage":false,"brand_title":"Gato Audio","product_type":"FM50","color":"Marron","subcolor":"","reserved_status":"1"},"_links":{"self":[{"href":"https:\/\/dev.freakuence.nl\/fr\/wp-json\/wp\/v2\/product\/325791","targetHints":{"allow":["GET"]}}],"collection":[{"href":"https:\/\/dev.freakuence.nl\/fr\/wp-json\/wp\/v2\/product"}],"about":[{"href":"https:\/\/dev.freakuence.nl\/fr\/wp-json\/wp\/v2\/types\/product"}],"wp:featuredmedia":[{"embeddable":true,"href":"https:\/\/dev.freakuence.nl\/fr\/wp-json\/wp\/v2\/media\/357185"}],"wp:attachment":[{"href":"https:\/\/dev.freakuence.nl\/fr\/wp-json\/wp\/v2\/media?parent=325791"}],"wp:term":[{"taxonomy":"product_brand","embeddable":true,"href":"https:\/\/dev.freakuence.nl\/fr\/wp-json\/wp\/v2\/product_brand?post=325791"},{"taxonomy":"product_cat","embeddable":true,"href":"https:\/\/dev.freakuence.nl\/fr\/wp-json\/wp\/v2\/product_cat?post=325791"},{"taxonomy":"product_tag","embeddable":true,"href":"https:\/\/dev.freakuence.nl\/fr\/wp-json\/wp\/v2\/product_tag?post=325791"}],"curies":[{"name":"wp","href":"https:\/\/api.w.org\/{rel}","templated":true}]}}