{"id":325793,"date":"2025-12-10T16:06:26","date_gmt":"2025-12-10T15:06:26","guid":{"rendered":"https:\/\/freakuence.nl\/product\/q-acoustics-q-active-200\/"},"modified":"2026-04-08T20:13:49","modified_gmt":"2026-04-08T18:13:49","slug":"q-acoustics-q-active-200","status":"publish","type":"product","link":"https:\/\/dev.freakuence.nl\/fr\/produit\/q-acoustics-q-active-200\/","title":{"rendered":"Q Acoustics Q Active 200"},"content":{"rendered":"<div class=\"product-specifications-list\">\n<div class=\"specification-item row-header\"><span class=\"spec-content\"><strong>Description Freakuence !<\/strong><\/span><\/div>\n<div class=\"specification-item row-even\"><span class=\"spec-content\">\u00c7a a l&rsquo;air cool ! Un ensemble puissant. Il peut \u00eatre accroch\u00e9 au mur de mani\u00e8re raisonnable, mais si vous le lib\u00e9rez, les m\u00e9diums seront suspendus tr\u00e8s librement. C&rsquo;est g\u00e9nial !   <\/span><\/div>\n<div class=\"specification-item row-odd\"><span class=\"spec-content\">Prix de vente au d\u00e9tail : 1999.00<\/span><\/div>\n<div class=\"specification-item row-header\"><span class=\"spec-content\"><strong>D\u00e9tails<\/strong><\/span><\/div>\n<div class=\"specification-item row-even\"><span class=\"spec-content\">Sur les supports optionnels. Avec HUB ! <\/span><\/div>\n<div class=\"specification-item row-header\"><span class=\"spec-content\"><strong>Description g\u00e9n\u00e9rale<\/strong><\/span><\/div>\n<div class=\"specification-item row-even\"><span class=\"spec-content\">La Q Acoustics Q Active 200 est une enceinte active qui allie flexibilit\u00e9 et facilit\u00e9 d&rsquo;utilisation. Un hub de contr\u00f4le sans fil permet de connecter diff\u00e9rentes sources, telles que Bluetooth, Apple AirPlay 2, Roon et Spotify Connect. Pour les connexions filaires, le hub offre des entr\u00e9es HDMI ARC, optiques et analogiques, ainsi qu&rsquo;un pr\u00e9ampli phono int\u00e9gr\u00e9 pour les platines.  <\/span><\/div>\n<div class=\"specification-item row-odd\"><span class=\"spec-content\">Les enceintes sont \u00e9quip\u00e9es de haut-parleurs BMR (Balanced Mode Radiator) dans une configuration d\u00e9cal\u00e9e, assurant une large dispersion du son et une grande zone d&rsquo;\u00e9coute. Quelle que soit votre position dans la pi\u00e8ce, vous b\u00e9n\u00e9ficierez d&rsquo;un son riche et d\u00e9taill\u00e9. <\/span><\/div>\n<div class=\"specification-item row-even\"><span class=\"spec-content\">Le design du Q Active 200 est \u00e0 la fois fonctionnel et esth\u00e9tique. Les pieds Tensegrity en option minimisent les vibrations ind\u00e9sirables et contribuent \u00e0 un son plus pur. <\/span><\/div>\n<div class=\"specification-item row-odd\"><span class=\"spec-content\">Avec le Q Active 200, vous disposez d&rsquo;un haut-parleur polyvalent adapt\u00e9 \u00e0 une grande vari\u00e9t\u00e9 d&rsquo;environnements d&rsquo;\u00e9coute et de go\u00fbts musicaux.<\/span><\/div>\n<div class=\"specification-item row-header\"><span class=\"spec-content\"><strong>Informations g\u00e9n\u00e9rales<\/strong><\/span><\/div>\n<div class=\"specification-item row-even\"><span class=\"spec-content\">Le Q Active 200 a \u00e9t\u00e9 con\u00e7u par l&rsquo;\u00e9quipe de Q Acoustics, connue pour ses performances acoustiques et son design innovant. Ces enceintes actives ont \u00e9t\u00e9 enti\u00e8rement d\u00e9velopp\u00e9es en interne en mettant l&rsquo;accent sur la neutralit\u00e9, les d\u00e9tails et une large sc\u00e8ne sonore. Elles utilisent des haut-parleurs BMR pour une dispersion homog\u00e8ne et un puissant subwoofer dans un bo\u00eetier sophistiqu\u00e9. Les mat\u00e9riaux ont \u00e9t\u00e9 choisis avec soin : caissons en MDF massif et mat\u00e9riau d&rsquo;amortissement acoustique \u00e0 l&rsquo;int\u00e9rieur.   <\/span><\/div>\n<div class=\"specification-item row-header\"><span class=\"spec-content\"><strong>Histoire de la marque<\/strong><\/span><\/div>\n<div class=\"specification-item row-even\"><span class=\"spec-content\">Q Acoustics a \u00e9t\u00e9 fond\u00e9e en 2006 au Royaume-Uni. La marque a lanc\u00e9 sa premi\u00e8re s\u00e9rie d&rsquo;enceintes, la s\u00e9rie 1000, l&rsquo;ann\u00e9e de sa cr\u00e9ation. La s\u00e9rie 2000 a suivi en 2009 et la marque a lanc\u00e9 son successeur, la s\u00e9rie 2000i, en 2011. En 2015, Q Acoustics a pr\u00e9sent\u00e9 les enceintes colonnes Concept 40 et la sous-ligne Concept. En 2017, le mod\u00e8le phare de cette s\u00e9rie, le Concept 500, a suivi. En 2019, Q Acoustics a lanc\u00e9 la s\u00e9rie 3000i, une extension de la s\u00e9rie 3000, introduite en 2015. En 2021, le M20 HD, un ensemble de haut-parleurs sans fil, a fait ses d\u00e9buts. En 2022, l&rsquo;enceinte sur pied Concept 50 a \u00e9t\u00e9 lanc\u00e9e, ainsi que d&rsquo;autres mod\u00e8les de la s\u00e9rie Concept. Q Acoustics vend ses produits en Europe, en Am\u00e9rique du Nord et en Asie, entre autres.        <\/span><\/div>\n<\/div>\n","protected":false},"excerpt":{"rendered":"<p>Description Freakuence ! \u00c7a a l&rsquo;air cool ! Un ensemble puissant. Il peut \u00eatre accroch\u00e9 au mur de mani\u00e8re raisonnable, mais si vous le lib\u00e9rez, les m\u00e9diums seront suspendus tr\u00e8s librement. C&rsquo;est g\u00e9nial ! Prix de vente au d\u00e9tail : 1999.00 D\u00e9tails Sur les supports optionnels. Avec HUB ! Description g\u00e9n\u00e9rale La Q Acoustics Q [&hellip;]<\/p>\n","protected":false},"featured_media":385929,"template":"","meta":{"_acf_changed":false,"inline_featured_image":false},"product_brand":[],"product_cat":[736,543],"product_tag":[533],"class_list":{"0":"post-325793","1":"product","2":"type-product","3":"status-publish","4":"has-post-thumbnail","6":"product_cat-haut-parleurs-actifs","7":"product_cat-intervenants","8":"product_tag-used","9":"pa_kleur-noir","11":"first","12":"instock","13":"sold-individually","14":"purchasable","15":"product-type-simple"},"acf":{"website":true,"show_on_homepage":false,"brand_title":"Q Acoustics ","product_type":"Q Active 200","color":"Noir","subcolor":"","reserved_status":"0"},"_links":{"self":[{"href":"https:\/\/dev.freakuence.nl\/fr\/wp-json\/wp\/v2\/product\/325793","targetHints":{"allow":["GET"]}}],"collection":[{"href":"https:\/\/dev.freakuence.nl\/fr\/wp-json\/wp\/v2\/product"}],"about":[{"href":"https:\/\/dev.freakuence.nl\/fr\/wp-json\/wp\/v2\/types\/product"}],"wp:featuredmedia":[{"embeddable":true,"href":"https:\/\/dev.freakuence.nl\/fr\/wp-json\/wp\/v2\/media\/385929"}],"wp:attachment":[{"href":"https:\/\/dev.freakuence.nl\/fr\/wp-json\/wp\/v2\/media?parent=325793"}],"wp:term":[{"taxonomy":"product_brand","embeddable":true,"href":"https:\/\/dev.freakuence.nl\/fr\/wp-json\/wp\/v2\/product_brand?post=325793"},{"taxonomy":"product_cat","embeddable":true,"href":"https:\/\/dev.freakuence.nl\/fr\/wp-json\/wp\/v2\/product_cat?post=325793"},{"taxonomy":"product_tag","embeddable":true,"href":"https:\/\/dev.freakuence.nl\/fr\/wp-json\/wp\/v2\/product_tag?post=325793"}],"curies":[{"name":"wp","href":"https:\/\/api.w.org\/{rel}","templated":true}]}}