{"id":325808,"date":"2025-12-05T11:39:39","date_gmt":"2025-12-05T10:39:39","guid":{"rendered":"https:\/\/freakuence.nl\/product\/audioquest-golden-holes-3-5mm3-5mm-mini-jack-150cm\/"},"modified":"2026-03-10T06:10:50","modified_gmt":"2026-03-10T05:10:50","slug":"audioquest-golden-holes-3-5mm3-5mm-mini-jack-150cm","status":"publish","type":"product","link":"https:\/\/dev.freakuence.nl\/fr\/produit\/audioquest-golden-holes-3-5mm3-5mm-mini-jack-150cm\/","title":{"rendered":"AudioQuest Golden Holes 3.5mm3.5mm mini-jack 150cm"},"content":{"rendered":"<div class=\"product-specifications-list\">\n<div class=\"specification-item row-header\"><span class=\"spec-content\"><strong>Description Freakuence !<\/strong><\/span><\/div>\n<div class=\"specification-item row-even\"><span class=\"spec-content\">Le c\u00e2ble utilise des conducteurs en \u00ab\u00a0cuivre \u00e0 surface parfaite\u00a0\u00bb (PSC), ce qui permet d&rsquo;obtenir un son clair et poli. La construction asym\u00e9trique \u00e0 double \u00e9quilibrage contribue \u00e0 une lecture ouverte et transparente. Les fiches RCA soud\u00e9es \u00e0 froid et plaqu\u00e9es or garantissent une connexion fiable.  <\/span><\/div>\n<div class=\"specification-item row-odd\"><span class=\"spec-content\">Prix de vente au d\u00e9tail : 139,00<\/span><\/div>\n<div class=\"specification-item row-header\"><span class=\"spec-content\"><strong>D\u00e9tails<\/strong><\/span><\/div>\n<div class=\"specification-item row-even\"><span class=\"spec-content\">Vous cherchez un autre mod\u00e8le de la s\u00e9rie actuelle de la marque ? Envoyez-nous un message !  Nous aimons en faire quelque chose d&rsquo;amusant.<\/span><\/div>\n<div class=\"specification-item row-header\"><span class=\"spec-content\"><strong>Description g\u00e9n\u00e9rale<\/strong><\/span><\/div>\n<div class=\"specification-item row-even\"><span class=\"spec-content\">Le c\u00e2ble mini-jack 3,5 mm AudioQuest Golden Gate de 150 cm est con\u00e7u pour ceux qui appr\u00e9cient une reproduction sonore claire et dynamique. Gr\u00e2ce \u00e0 sa construction flexible et \u00e0 sa finition de haute qualit\u00e9, ce c\u00e2ble convient aussi bien \u00e0 une utilisation domestique qu&rsquo;\u00e0 une utilisation nomade. <\/span><\/div>\n<div class=\"specification-item row-header\"><span class=\"spec-content\"><strong>Informations g\u00e9n\u00e9rales<\/strong><\/span><\/div>\n<div class=\"specification-item row-even\"><span class=\"spec-content\">Faisant partie de la s\u00e9rie Bridges &amp; Falls, le c\u00e2ble Golden Gate 3,5 mm vers mini-jack 3,5 mm d&rsquo;AudioQuest est con\u00e7u selon la philosophie d&rsquo;une distorsion minimale du signal. Le concepteur Joe Harley a choisi des conducteurs PSC+ (Perfect-Surface Copper Plus) pour une transmission optimale du signal. Le c\u00e2ble est dot\u00e9 d&rsquo;une g\u00e9om\u00e9trie \u00e0 triple \u00e9quilibrage et de fiches plaqu\u00e9es or soud\u00e9es \u00e0 froid. L&rsquo;isolation est en mousse de poly\u00e9thyl\u00e8ne, ce qui \u00e9vite la distorsion et la perte de signal.   <\/span><\/div>\n<\/div>\n","protected":false},"excerpt":{"rendered":"<p>Description Freakuence ! Le c\u00e2ble utilise des conducteurs en \u00ab\u00a0cuivre \u00e0 surface parfaite\u00a0\u00bb (PSC), ce qui permet d&rsquo;obtenir un son clair et poli. La construction asym\u00e9trique \u00e0 double \u00e9quilibrage contribue \u00e0 une lecture ouverte et transparente. Les fiches RCA soud\u00e9es \u00e0 froid et plaqu\u00e9es or garantissent une connexion fiable. Prix de vente au d\u00e9tail : [&hellip;]<\/p>\n","protected":false},"featured_media":338616,"template":"","meta":{"_acf_changed":false,"inline_featured_image":false},"product_brand":[],"product_cat":[345],"product_tag":[533],"class_list":{"0":"post-325808","1":"product","2":"type-product","3":"status-publish","4":"has-post-thumbnail","6":"product_cat-speakers","7":"product_tag-used","8":"pa_kleur-rouge","10":"first","11":"instock","12":"purchasable","13":"product-type-simple"},"acf":{"website":true,"show_on_homepage":false,"brand_title":"AudioQuest","product_type":"Golden Gaten 3.5mm<>3.5mm mini-jack 150cm","color":"Rouge","subcolor":"","reserved_status":"0"},"yoast_head":"<!-- This site is optimized with the Yoast SEO plugin v25.9 - https:\/\/yoast.com\/wordpress\/plugins\/seo\/ -->\n<title>AudioQuest Golden Holes 3.5mm3.5mm mini-jack 150cm | Freakuence!<\/title>\n<meta name=\"robots\" content=\"noindex, follow, max-snippet:-1, max-image-preview:large, max-video-preview:-1\" \/>\n<meta property=\"og:locale\" content=\"fr_FR\" \/>\n<meta property=\"og:type\" content=\"article\" \/>\n<meta property=\"og:title\" content=\"AudioQuest Golden Holes 3.5mm3.5mm mini-jack 150cm | Freakuence!\" \/>\n<meta property=\"og:description\" content=\"Description Freakuence ! Le c\u00e2ble utilise des conducteurs en \u00ab\u00a0cuivre \u00e0 surface parfaite\u00a0\u00bb (PSC), ce qui permet d&rsquo;obtenir un son clair et poli. La construction asym\u00e9trique \u00e0 double \u00e9quilibrage contribue \u00e0 une lecture ouverte et transparente. Les fiches RCA soud\u00e9es \u00e0 froid et plaqu\u00e9es or garantissent une connexion fiable. Prix de vente au d\u00e9tail : [&hellip;]\" \/>\n<meta property=\"og:url\" content=\"https:\/\/dev.freakuence.nl\/fr\/produit\/audioquest-golden-holes-3-5mm3-5mm-mini-jack-150cm\/\" \/>\n<meta property=\"og:site_name\" content=\"Freakuence!\" \/>\n<meta property=\"article:modified_time\" content=\"2026-03-10T05:10:50+00:00\" \/>\n<meta property=\"og:image\" content=\"https:\/\/dev.freakuence.nl\/wp-content\/uploads\/2026\/01\/17649311743425-18466-IMG6906.jpg\" \/>\n\t<meta property=\"og:image:width\" content=\"1800\" \/>\n\t<meta property=\"og:image:height\" content=\"1200\" \/>\n\t<meta property=\"og:image:type\" content=\"image\/jpeg\" \/>\n<meta name=\"twitter:card\" content=\"summary_large_image\" \/>\n<script type=\"application\/ld+json\" class=\"yoast-schema-graph\">{\"@context\":\"https:\/\/schema.org\",\"@graph\":[{\"@type\":\"WebPage\",\"@id\":\"https:\/\/dev.freakuence.nl\/fr\/produit\/audioquest-golden-holes-3-5mm3-5mm-mini-jack-150cm\/\",\"url\":\"https:\/\/dev.freakuence.nl\/fr\/produit\/audioquest-golden-holes-3-5mm3-5mm-mini-jack-150cm\/\",\"name\":\"AudioQuest Golden Holes 3.5mm3.5mm mini-jack 150cm | Freakuence!\",\"isPartOf\":{\"@id\":\"https:\/\/dev.freakuence.nl\/fr\/#website\"},\"primaryImageOfPage\":{\"@id\":\"https:\/\/dev.freakuence.nl\/fr\/produit\/audioquest-golden-holes-3-5mm3-5mm-mini-jack-150cm\/#primaryimage\"},\"image\":{\"@id\":\"https:\/\/dev.freakuence.nl\/fr\/produit\/audioquest-golden-holes-3-5mm3-5mm-mini-jack-150cm\/#primaryimage\"},\"thumbnailUrl\":\"https:\/\/dev.freakuence.nl\/wp-content\/uploads\/2026\/01\/17649311743425-18466-IMG6906.jpg\",\"datePublished\":\"2025-12-05T10:39:39+00:00\",\"dateModified\":\"2026-03-10T05:10:50+00:00\",\"breadcrumb\":{\"@id\":\"https:\/\/dev.freakuence.nl\/fr\/produit\/audioquest-golden-holes-3-5mm3-5mm-mini-jack-150cm\/#breadcrumb\"},\"inLanguage\":\"fr-FR\",\"potentialAction\":[{\"@type\":\"ReadAction\",\"target\":[\"https:\/\/dev.freakuence.nl\/fr\/produit\/audioquest-golden-holes-3-5mm3-5mm-mini-jack-150cm\/\"]}]},{\"@type\":\"ImageObject\",\"inLanguage\":\"fr-FR\",\"@id\":\"https:\/\/dev.freakuence.nl\/fr\/produit\/audioquest-golden-holes-3-5mm3-5mm-mini-jack-150cm\/#primaryimage\",\"url\":\"https:\/\/dev.freakuence.nl\/wp-content\/uploads\/2026\/01\/17649311743425-18466-IMG6906.jpg\",\"contentUrl\":\"https:\/\/dev.freakuence.nl\/wp-content\/uploads\/2026\/01\/17649311743425-18466-IMG6906.jpg\",\"width\":1800,\"height\":1200},{\"@type\":\"BreadcrumbList\",\"@id\":\"https:\/\/dev.freakuence.nl\/fr\/produit\/audioquest-golden-holes-3-5mm3-5mm-mini-jack-150cm\/#breadcrumb\",\"itemListElement\":[{\"@type\":\"ListItem\",\"position\":1,\"name\":\"Accueil\",\"item\":\"https:\/\/dev.freakuence.nl\/fr\/\"},{\"@type\":\"ListItem\",\"position\":2,\"name\":\"Produits\",\"item\":\"https:\/\/dev.freakuence.nl\/fr\/produits\/\"},{\"@type\":\"ListItem\",\"position\":3,\"name\":\"AudioQuest Golden Gaten 3.5mm&lt;&gt;3.5mm mini-jack 150cm\"}]},{\"@type\":\"WebSite\",\"@id\":\"https:\/\/dev.freakuence.nl\/fr\/#website\",\"url\":\"https:\/\/dev.freakuence.nl\/fr\/\",\"name\":\"Freakuence!\",\"description\":\"Freakuence!\",\"publisher\":{\"@id\":\"https:\/\/dev.freakuence.nl\/fr\/#organization\"},\"alternateName\":\"Freakuence\",\"potentialAction\":[{\"@type\":\"SearchAction\",\"target\":{\"@type\":\"EntryPoint\",\"urlTemplate\":\"https:\/\/dev.freakuence.nl\/fr\/?s={search_term_string}\"},\"query-input\":{\"@type\":\"PropertyValueSpecification\",\"valueRequired\":true,\"valueName\":\"search_term_string\"}}],\"inLanguage\":\"fr-FR\"},{\"@type\":\"Organization\",\"@id\":\"https:\/\/dev.freakuence.nl\/fr\/#organization\",\"name\":\"Freakuence !\",\"url\":\"https:\/\/dev.freakuence.nl\/fr\/\",\"logo\":{\"@type\":\"ImageObject\",\"inLanguage\":\"fr-FR\",\"@id\":\"https:\/\/dev.freakuence.nl\/fr\/#\/schema\/logo\/image\/\",\"url\":\"https:\/\/dev.freakuence.nl\/wp-content\/uploads\/2022\/05\/Brown_3_RGB_Freakuence-1.png\",\"contentUrl\":\"https:\/\/dev.freakuence.nl\/wp-content\/uploads\/2022\/05\/Brown_3_RGB_Freakuence-1.png\",\"width\":2560,\"height\":684,\"caption\":\"Freakuence !\"},\"image\":{\"@id\":\"https:\/\/dev.freakuence.nl\/fr\/#\/schema\/logo\/image\/\"},\"sameAs\":[\"https:\/\/www.instagram.com\/freakuence_notorious_audio\/\"]}]}<\/script>\n<!-- \/ Yoast SEO plugin. -->","yoast_head_json":{"title":"AudioQuest Golden Holes 3.5mm3.5mm mini-jack 150cm | Freakuence!","robots":{"index":"noindex","follow":"follow","max-snippet":"max-snippet:-1","max-image-preview":"max-image-preview:large","max-video-preview":"max-video-preview:-1"},"og_locale":"fr_FR","og_type":"article","og_title":"AudioQuest Golden Holes 3.5mm3.5mm mini-jack 150cm | Freakuence!","og_description":"Description Freakuence ! Le c\u00e2ble utilise des conducteurs en \u00ab\u00a0cuivre \u00e0 surface parfaite\u00a0\u00bb (PSC), ce qui permet d&rsquo;obtenir un son clair et poli. La construction asym\u00e9trique \u00e0 double \u00e9quilibrage contribue \u00e0 une lecture ouverte et transparente. Les fiches RCA soud\u00e9es \u00e0 froid et plaqu\u00e9es or garantissent une connexion fiable. Prix de vente au d\u00e9tail : [&hellip;]","og_url":"https:\/\/dev.freakuence.nl\/fr\/produit\/audioquest-golden-holes-3-5mm3-5mm-mini-jack-150cm\/","og_site_name":"Freakuence!","article_modified_time":"2026-03-10T05:10:50+00:00","og_image":[{"width":1800,"height":1200,"url":"https:\/\/dev.freakuence.nl\/wp-content\/uploads\/2026\/01\/17649311743425-18466-IMG6906.jpg","type":"image\/jpeg"}],"twitter_card":"summary_large_image","schema":{"@context":"https:\/\/schema.org","@graph":[{"@type":"WebPage","@id":"https:\/\/dev.freakuence.nl\/fr\/produit\/audioquest-golden-holes-3-5mm3-5mm-mini-jack-150cm\/","url":"https:\/\/dev.freakuence.nl\/fr\/produit\/audioquest-golden-holes-3-5mm3-5mm-mini-jack-150cm\/","name":"AudioQuest Golden Holes 3.5mm3.5mm mini-jack 150cm | Freakuence!","isPartOf":{"@id":"https:\/\/dev.freakuence.nl\/fr\/#website"},"primaryImageOfPage":{"@id":"https:\/\/dev.freakuence.nl\/fr\/produit\/audioquest-golden-holes-3-5mm3-5mm-mini-jack-150cm\/#primaryimage"},"image":{"@id":"https:\/\/dev.freakuence.nl\/fr\/produit\/audioquest-golden-holes-3-5mm3-5mm-mini-jack-150cm\/#primaryimage"},"thumbnailUrl":"https:\/\/dev.freakuence.nl\/wp-content\/uploads\/2026\/01\/17649311743425-18466-IMG6906.jpg","datePublished":"2025-12-05T10:39:39+00:00","dateModified":"2026-03-10T05:10:50+00:00","breadcrumb":{"@id":"https:\/\/dev.freakuence.nl\/fr\/produit\/audioquest-golden-holes-3-5mm3-5mm-mini-jack-150cm\/#breadcrumb"},"inLanguage":"fr-FR","potentialAction":[{"@type":"ReadAction","target":["https:\/\/dev.freakuence.nl\/fr\/produit\/audioquest-golden-holes-3-5mm3-5mm-mini-jack-150cm\/"]}]},{"@type":"ImageObject","inLanguage":"fr-FR","@id":"https:\/\/dev.freakuence.nl\/fr\/produit\/audioquest-golden-holes-3-5mm3-5mm-mini-jack-150cm\/#primaryimage","url":"https:\/\/dev.freakuence.nl\/wp-content\/uploads\/2026\/01\/17649311743425-18466-IMG6906.jpg","contentUrl":"https:\/\/dev.freakuence.nl\/wp-content\/uploads\/2026\/01\/17649311743425-18466-IMG6906.jpg","width":1800,"height":1200},{"@type":"BreadcrumbList","@id":"https:\/\/dev.freakuence.nl\/fr\/produit\/audioquest-golden-holes-3-5mm3-5mm-mini-jack-150cm\/#breadcrumb","itemListElement":[{"@type":"ListItem","position":1,"name":"Accueil","item":"https:\/\/dev.freakuence.nl\/fr\/"},{"@type":"ListItem","position":2,"name":"Produits","item":"https:\/\/dev.freakuence.nl\/fr\/produits\/"},{"@type":"ListItem","position":3,"name":"AudioQuest Golden Gaten 3.5mm&lt;&gt;3.5mm mini-jack 150cm"}]},{"@type":"WebSite","@id":"https:\/\/dev.freakuence.nl\/fr\/#website","url":"https:\/\/dev.freakuence.nl\/fr\/","name":"Freakuence!","description":"Freakuence!","publisher":{"@id":"https:\/\/dev.freakuence.nl\/fr\/#organization"},"alternateName":"Freakuence","potentialAction":[{"@type":"SearchAction","target":{"@type":"EntryPoint","urlTemplate":"https:\/\/dev.freakuence.nl\/fr\/?s={search_term_string}"},"query-input":{"@type":"PropertyValueSpecification","valueRequired":true,"valueName":"search_term_string"}}],"inLanguage":"fr-FR"},{"@type":"Organization","@id":"https:\/\/dev.freakuence.nl\/fr\/#organization","name":"Freakuence !","url":"https:\/\/dev.freakuence.nl\/fr\/","logo":{"@type":"ImageObject","inLanguage":"fr-FR","@id":"https:\/\/dev.freakuence.nl\/fr\/#\/schema\/logo\/image\/","url":"https:\/\/dev.freakuence.nl\/wp-content\/uploads\/2022\/05\/Brown_3_RGB_Freakuence-1.png","contentUrl":"https:\/\/dev.freakuence.nl\/wp-content\/uploads\/2022\/05\/Brown_3_RGB_Freakuence-1.png","width":2560,"height":684,"caption":"Freakuence !"},"image":{"@id":"https:\/\/dev.freakuence.nl\/fr\/#\/schema\/logo\/image\/"},"sameAs":["https:\/\/www.instagram.com\/freakuence_notorious_audio\/"]}]}},"_links":{"self":[{"href":"https:\/\/dev.freakuence.nl\/fr\/wp-json\/wp\/v2\/product\/325808","targetHints":{"allow":["GET"]}}],"collection":[{"href":"https:\/\/dev.freakuence.nl\/fr\/wp-json\/wp\/v2\/product"}],"about":[{"href":"https:\/\/dev.freakuence.nl\/fr\/wp-json\/wp\/v2\/types\/product"}],"wp:featuredmedia":[{"embeddable":true,"href":"https:\/\/dev.freakuence.nl\/fr\/wp-json\/wp\/v2\/media\/338616"}],"wp:attachment":[{"href":"https:\/\/dev.freakuence.nl\/fr\/wp-json\/wp\/v2\/media?parent=325808"}],"wp:term":[{"taxonomy":"product_brand","embeddable":true,"href":"https:\/\/dev.freakuence.nl\/fr\/wp-json\/wp\/v2\/product_brand?post=325808"},{"taxonomy":"product_cat","embeddable":true,"href":"https:\/\/dev.freakuence.nl\/fr\/wp-json\/wp\/v2\/product_cat?post=325808"},{"taxonomy":"product_tag","embeddable":true,"href":"https:\/\/dev.freakuence.nl\/fr\/wp-json\/wp\/v2\/product_tag?post=325808"}],"curies":[{"name":"wp","href":"https:\/\/api.w.org\/{rel}","templated":true}]}}