{"id":325818,"date":"2025-12-05T11:43:23","date_gmt":"2025-12-05T10:43:23","guid":{"rendered":"https:\/\/freakuence.nl\/product\/audioquest-golden-holes-3-5mm3-5mm-mini-jack-150cm-2\/"},"modified":"2026-04-08T19:55:15","modified_gmt":"2026-04-08T17:55:15","slug":"audioquest-golden-holes-3-5mm3-5mm-mini-jack-150cm-2","status":"publish","type":"product","link":"https:\/\/dev.freakuence.nl\/fr\/produit\/audioquest-golden-holes-3-5mm3-5mm-mini-jack-150cm-2\/","title":{"rendered":"AudioQuest Golden Holes 3.5mm3.5mm mini-jack 150cm"},"content":{"rendered":"<div class=\"product-specifications-list\">\n<div class=\"specification-item row-header\"><span class=\"spec-content\"><strong>Description Freakuence !<\/strong><\/span><\/div>\n<div class=\"specification-item row-even\"><span class=\"spec-content\">Le c\u00e2ble utilise des conducteurs en \u00ab\u00a0cuivre \u00e0 surface parfaite\u00a0\u00bb (PSC), ce qui permet d&rsquo;obtenir un son clair et poli. La construction asym\u00e9trique \u00e0 double \u00e9quilibrage contribue \u00e0 une lecture ouverte et transparente. Les fiches RCA soud\u00e9es \u00e0 froid et plaqu\u00e9es or garantissent une connexion fiable.  <\/span><\/div>\n<div class=\"specification-item row-odd\"><span class=\"spec-content\">Prix de vente au d\u00e9tail : 139,00<\/span><\/div>\n<div class=\"specification-item row-header\"><span class=\"spec-content\"><strong>Description g\u00e9n\u00e9rale<\/strong><\/span><\/div>\n<div class=\"specification-item row-even\"><span class=\"spec-content\">Le c\u00e2ble mini-jack 3,5 mm AudioQuest Golden Gate de 150 cm est con\u00e7u pour ceux qui appr\u00e9cient une reproduction sonore claire et dynamique. Gr\u00e2ce \u00e0 sa construction flexible et \u00e0 sa finition de haute qualit\u00e9, ce c\u00e2ble convient aussi bien \u00e0 une utilisation domestique qu&rsquo;\u00e0 une utilisation nomade. <\/span><\/div>\n<div class=\"specification-item row-header\"><span class=\"spec-content\"><strong>Informations g\u00e9n\u00e9rales<\/strong><\/span><\/div>\n<div class=\"specification-item row-even\"><span class=\"spec-content\">Faisant partie de la s\u00e9rie Bridges &amp; Falls, le c\u00e2ble Golden Gate 3,5 mm vers mini-jack 3,5 mm d&rsquo;AudioQuest est con\u00e7u selon la philosophie d&rsquo;une distorsion minimale du signal. Le concepteur Joe Harley a choisi des conducteurs PSC+ (Perfect-Surface Copper Plus) pour une transmission optimale du signal. Le c\u00e2ble est dot\u00e9 d&rsquo;une g\u00e9om\u00e9trie \u00e0 triple \u00e9quilibrage et de fiches plaqu\u00e9es or soud\u00e9es \u00e0 froid. L&rsquo;isolation est en mousse de poly\u00e9thyl\u00e8ne, ce qui \u00e9vite la distorsion et la perte de signal.   <\/span><\/div>\n<div class=\"specification-item row-header\"><span class=\"spec-content\"><strong>Histoire de la marque<\/strong><\/span><\/div>\n<div class=\"specification-item row-even\"><span class=\"spec-content\">AudioQuest a \u00e9t\u00e9 fond\u00e9e en 1980 par William E. Low en Californie, aux \u00c9tats-Unis. La marque a commenc\u00e9 par assembler manuellement des c\u00e2bles selon des m\u00e9thodes de conception sp\u00e9cifiques bas\u00e9es sur la minimisation de la distorsion.  Depuis, AudioQuest a d\u00e9velopp\u00e9 une gamme de produits qui comprend des c\u00e2bles d&rsquo;interconnexion, des c\u00e2bles de haut-parleurs, des c\u00e2bles num\u00e9riques et de r\u00e9seau, des produits d&rsquo;alimentation et des accessoires portables. Depuis le d\u00e9but, l&rsquo;entreprise s&rsquo;en tient \u00e0 l&rsquo;utilisation de c\u00e2bles directionnels et de conducteurs \u00e0 \u00e2me pleine. En 2012, AudioQuest a lanc\u00e9 le DragonFly, un convertisseur num\u00e9rique-analogique USB. Le d\u00e9veloppement des produits a lieu aux \u00c9tats-Unis, tandis que la production est en partie r\u00e9alis\u00e9e en Chine et ailleurs. AudioQuest applique une philosophie selon laquelle la s\u00e9lection des mat\u00e9riaux, la g\u00e9om\u00e9trie et la finition ont un impact direct sur les performances du c\u00e2ble.    <\/span><\/div>\n<\/div>\n","protected":false},"excerpt":{"rendered":"<p>Description Freakuence ! Le c\u00e2ble utilise des conducteurs en \u00ab\u00a0cuivre \u00e0 surface parfaite\u00a0\u00bb (PSC), ce qui permet d&rsquo;obtenir un son clair et poli. La construction asym\u00e9trique \u00e0 double \u00e9quilibrage contribue \u00e0 une lecture ouverte et transparente. Les fiches RCA soud\u00e9es \u00e0 froid et plaqu\u00e9es or garantissent une connexion fiable. Prix de vente au d\u00e9tail : [&hellip;]<\/p>\n","protected":false},"featured_media":385440,"template":"","meta":{"_acf_changed":false,"inline_featured_image":false},"product_brand":[],"product_cat":[345],"product_tag":[533],"class_list":{"0":"post-325818","1":"product","2":"type-product","3":"status-publish","4":"has-post-thumbnail","6":"product_cat-speakers","7":"product_tag-used","9":"first","10":"instock","11":"sold-individually","12":"purchasable","13":"product-type-simple"},"acf":{"website":true,"show_on_homepage":false,"brand_title":"AudioQuest","product_type":"Golden Gaten 3.5mm<>3.5mm mini-jack 150cm","color":"","subcolor":"","reserved_status":"0"},"_links":{"self":[{"href":"https:\/\/dev.freakuence.nl\/fr\/wp-json\/wp\/v2\/product\/325818","targetHints":{"allow":["GET"]}}],"collection":[{"href":"https:\/\/dev.freakuence.nl\/fr\/wp-json\/wp\/v2\/product"}],"about":[{"href":"https:\/\/dev.freakuence.nl\/fr\/wp-json\/wp\/v2\/types\/product"}],"wp:featuredmedia":[{"embeddable":true,"href":"https:\/\/dev.freakuence.nl\/fr\/wp-json\/wp\/v2\/media\/385440"}],"wp:attachment":[{"href":"https:\/\/dev.freakuence.nl\/fr\/wp-json\/wp\/v2\/media?parent=325818"}],"wp:term":[{"taxonomy":"product_brand","embeddable":true,"href":"https:\/\/dev.freakuence.nl\/fr\/wp-json\/wp\/v2\/product_brand?post=325818"},{"taxonomy":"product_cat","embeddable":true,"href":"https:\/\/dev.freakuence.nl\/fr\/wp-json\/wp\/v2\/product_cat?post=325818"},{"taxonomy":"product_tag","embeddable":true,"href":"https:\/\/dev.freakuence.nl\/fr\/wp-json\/wp\/v2\/product_tag?post=325818"}],"curies":[{"name":"wp","href":"https:\/\/api.w.org\/{rel}","templated":true}]}}