{"id":327739,"date":"2025-09-26T12:06:21","date_gmt":"2025-09-26T10:06:21","guid":{"rendered":"https:\/\/freakuence.nl\/product\/stax-lambda-basic-srm-xh\/"},"modified":"2026-04-16T09:47:31","modified_gmt":"2026-04-16T07:47:31","slug":"stax-lambda-basic-srm-xh","status":"publish","type":"product","link":"https:\/\/dev.freakuence.nl\/fr\/produit\/stax-lambda-basic-srm-xh\/","title":{"rendered":"Stax Lambda basic + SRM-Xh"},"content":{"rendered":"<div class=\"product-specifications-list\">\n<div class=\"specification-item row-header\"><span class=\"spec-content\"><strong>Description Freakuence !<\/strong><\/span><\/div>\n<div class=\"specification-item row-even\"><span class=\"spec-content\">Ceux qui se d\u00e9tachent du monde pendant un moment et entendent les premi\u00e8res tonalit\u00e9s ressentent imm\u00e9diatement \u00e0 quel point tout flotte dans l&rsquo;espace, sans forcer ni exag\u00e9rer. La reproduction est rapide, fluide et presque en apesanteur, avec des d\u00e9tails fins qui ne deviennent jamais tranchants. Les voix s&rsquo;expriment naturellement, les instruments conservent leur propre caract\u00e8re et le placement se fait sans effort. Branchez une source et coupez-vous du monde. C&rsquo;est un vrai r\u00e9gal !    <\/span><\/div>\n<div class=\"specification-item row-header\"><span class=\"spec-content\"><strong>Description g\u00e9n\u00e9rale<\/strong><\/span><\/div>\n<div class=\"specification-item row-even\"><span class=\"spec-content\">Le Stax Lambda Basic associ\u00e9 \u00e0 l&rsquo;amplificateur SRM-Xh offre une exp\u00e9rience d&rsquo;\u00e9coute qui s\u00e9duit de nombreux audiophiles. La Lambda Basic, qui fait partie de la c\u00e9l\u00e8bre s\u00e9rie Lambda, est connue pour son design ouvert, cr\u00e9ant une sc\u00e8ne sonore spacieuse et a\u00e9r\u00e9e.  Cette conception ouverte signifie que les sons ambiants restent audibles et que d&rsquo;autres personnes peuvent profiter de votre musique.  <\/p>\n<p>L&rsquo;amplificateur SRM-Xh est compact et facile \u00e0 utiliser, avec une seule prise casque et un contr\u00f4le du volume \u00e0 l&rsquo;avant. \u00c0 l&rsquo;arri\u00e8re, vous trouverez des entr\u00e9es de niveau ligne et une connexion pour l&rsquo;alimentation.  Malgr\u00e9 sa petite taille, le SRM-Xh offre des performances fiables et est facile \u00e0 transporter.  <\/p>\n<p>Ensemble, le Lambda Basic et le SRM-Xh forment une combinaison connue pour sa reproduction transparente et d\u00e9taill\u00e9e, qui donne vie \u00e0 la musique. Toutefois, il convient de noter que le SRM-Xh ne peut pas \u00eatre inclus dans une boucle de bande, car il n&rsquo;a pas de sortie.<\/span><\/div>\n<div class=\"specification-item row-header\"><span class=\"spec-content\"><strong>Informations g\u00e9n\u00e9rales<\/strong><\/span><\/div>\n<div class=\"specification-item row-even\"><span class=\"spec-content\">Le Stax Lambda Basic + SRM-Xh a \u00e9t\u00e9 con\u00e7u dans le respect de la tradition \u00e9lectrostatique de Stax, en mettant l&rsquo;accent sur la vitesse, le d\u00e9tail et la neutralit\u00e9. D\u00e9velopp\u00e9e par l&rsquo;\u00e9quipe de Stax au Japon &#8211; dirig\u00e9e par des ing\u00e9nieurs exp\u00e9riment\u00e9s comme M. Kobayashi &#8211; la Lambda Basic utilise des membranes en plastique ultrafines et des \u00e9lectrodes en m\u00e9tal massif. L&rsquo;amplificateur SRM-Xh est compact, totalement discret et ax\u00e9 sur la r\u00e9duction du bruit et de la distorsion. Tous les composants sont s\u00e9lectionn\u00e9s pour leur qualit\u00e9 audio, et la production est enti\u00e8rement r\u00e9alis\u00e9e au Japon.    <\/span><\/div>\n<div class=\"specification-item row-header\"><span class=\"spec-content\"><strong>Histoire de la marque<\/strong><\/span><\/div>\n<div class=\"specification-item row-even\"><span class=\"spec-content\">STAX Ltd. a \u00e9t\u00e9 fond\u00e9 en 1938 au Japon en tant que fabricant de composants \u00e9lectriques. En 1959, STAX a pr\u00e9sent\u00e9 le premier casque \u00e9lectrostatique au monde, le SR-1. Depuis lors, la marque s&rsquo;est sp\u00e9cialis\u00e9e dans la production de casques \u00e9lectrostatiques et d&rsquo;amplificateurs associ\u00e9s, appel\u00e9s \u00ab\u00a0earpeakers\u00a0\u00bb et \u00ab\u00a0driver units\u00a0\u00bb. STAX a d\u00e9velopp\u00e9 la s\u00e9rie Lambda en 1979, qui a introduit un nouveau design avec une oreillette plus large et un confort de port am\u00e9lior\u00e9. En 2011, STAX est devenu une filiale du groupe Edifier. Les produits STAX sont fabriqu\u00e9s \u00e0 la main au Japon. La technologie des haut-parleurs d&rsquo;oreille STAX est bas\u00e9e sur l&rsquo;entra\u00eenement \u00e9lectrostatique, o\u00f9 des membranes ultrafines sont entra\u00een\u00e9es entre deux \u00e9lectrodes. STAX propose plusieurs mod\u00e8les allant des produits d&rsquo;entr\u00e9e de gamme aux produits de r\u00e9f\u00e9rence. Outre les casques et les amplificateurs, STAX produit \u00e9galement des accessoires tels que des c\u00e2bles et des appuis-t\u00eate. Le nom \u00ab\u00a0STAX\u00a0\u00bb est d\u00e9riv\u00e9 du mot anglais \u00ab\u00a0stacks\u00a0\u00bb, qui fait r\u00e9f\u00e9rence aux ondes sonores empil\u00e9es.         <\/span><\/div>\n<\/div>\n","protected":false},"excerpt":{"rendered":"<p>Description Freakuence ! Ceux qui se d\u00e9tachent du monde pendant un moment et entendent les premi\u00e8res tonalit\u00e9s ressentent imm\u00e9diatement \u00e0 quel point tout flotte dans l&rsquo;espace, sans forcer ni exag\u00e9rer. La reproduction est rapide, fluide et presque en apesanteur, avec des d\u00e9tails fins qui ne deviennent jamais tranchants. Les voix s&rsquo;expriment naturellement, les instruments conservent [&hellip;]<\/p>\n","protected":false},"featured_media":400925,"template":"","meta":{"_acf_changed":false,"inline_featured_image":false},"product_brand":[],"product_cat":[786,572],"product_tag":[533],"class_list":{"0":"post-327739","1":"product","2":"type-product","3":"status-publish","4":"has-post-thumbnail","6":"product_cat-casques-decoute","7":"product_cat-casques-et-amplificateurs","8":"product_tag-used","9":"pa_kleur-noir","11":"first","12":"instock","13":"sold-individually","14":"purchasable","15":"product-type-simple"},"acf":{"website":true,"show_on_homepage":false,"brand_title":"Stax","product_type":"Lambda basic + SRM-Xh","color":"Noir","subcolor":"","reserved_status":"0"},"_links":{"self":[{"href":"https:\/\/dev.freakuence.nl\/fr\/wp-json\/wp\/v2\/product\/327739","targetHints":{"allow":["GET"]}}],"collection":[{"href":"https:\/\/dev.freakuence.nl\/fr\/wp-json\/wp\/v2\/product"}],"about":[{"href":"https:\/\/dev.freakuence.nl\/fr\/wp-json\/wp\/v2\/types\/product"}],"wp:featuredmedia":[{"embeddable":true,"href":"https:\/\/dev.freakuence.nl\/fr\/wp-json\/wp\/v2\/media\/400925"}],"wp:attachment":[{"href":"https:\/\/dev.freakuence.nl\/fr\/wp-json\/wp\/v2\/media?parent=327739"}],"wp:term":[{"taxonomy":"product_brand","embeddable":true,"href":"https:\/\/dev.freakuence.nl\/fr\/wp-json\/wp\/v2\/product_brand?post=327739"},{"taxonomy":"product_cat","embeddable":true,"href":"https:\/\/dev.freakuence.nl\/fr\/wp-json\/wp\/v2\/product_cat?post=327739"},{"taxonomy":"product_tag","embeddable":true,"href":"https:\/\/dev.freakuence.nl\/fr\/wp-json\/wp\/v2\/product_tag?post=327739"}],"curies":[{"name":"wp","href":"https:\/\/api.w.org\/{rel}","templated":true}]}}