{"id":327768,"date":"2025-09-26T12:23:58","date_gmt":"2025-09-26T10:23:58","guid":{"rendered":"https:\/\/freakuence.nl\/product\/nuforce-dac-9\/"},"modified":"2026-03-10T04:40:09","modified_gmt":"2026-03-10T03:40:09","slug":"nuforce-dac-9","status":"publish","type":"product","link":"https:\/\/dev.freakuence.nl\/fr\/produit\/nuforce-dac-9\/","title":{"rendered":"NuForce DAC-9"},"content":{"rendered":"<div class=\"product-specifications-list\">\n<div class=\"specification-item row-even\"><span class=\"spec-content\"><strong>Description Freakuence !<\/strong><\/span><\/div>\n<div class=\"specification-item row-odd\"><span class=\"spec-content\"><\/p>\n<p>Le son est g\u00e9n\u00e9ralement neutre, avec une l\u00e9g\u00e8re accentuation des hauts m\u00e9diums. La synchronisation est excellente et la dynamique est bonne. La sortie casque est particuli\u00e8rement r\u00e9v\u00e9latrice et rend justice \u00e0 de nombreux casques.  <\/p>\n<p><\/span><\/div>\n<div class=\"specification-item row-even\"><span class=\"spec-content\"><strong>D\u00e9tails<\/strong><\/span><\/div>\n<div class=\"specification-item row-odd\"><span class=\"spec-content\">Prix de vente au d\u00e9tail : 849,00<\/span><\/div>\n<div class=\"specification-item row-even\"><span class=\"spec-content\"><strong>Description g\u00e9n\u00e9rale<\/strong><\/span><\/div>\n<div class=\"specification-item row-odd\"><span class=\"spec-content\"><\/p>\n<p>Il est dot\u00e9 d&rsquo;un convertisseur num\u00e9rique-analogique 32 bits avec une fr\u00e9quence d&rsquo;\u00e9chantillonnage allant jusqu&rsquo;\u00e0 192 kHz. Il dispose de plusieurs entr\u00e9es num\u00e9riques, notamment USB, optique et coaxiale, et d&rsquo;une entr\u00e9e analogique. La section pr\u00e9amplificatrice offre des sorties sym\u00e9triques et asym\u00e9triques. Un amplificateur de casque est int\u00e9gr\u00e9. Le contr\u00f4le du volume est num\u00e9rique et une t\u00e9l\u00e9commande est incluse. Une entr\u00e9e phono est disponible en option pour connecter un tourne-disque. La conception est ax\u00e9e sur un traitement pr\u00e9cis du signal et une distorsion minimale.      <\/p>\n<p><\/span><\/div>\n<div class=\"specification-item row-even\"><span class=\"spec-content\"><strong>Histoire de la marque<\/strong><\/span><\/div>\n<div class=\"specification-item row-odd\"><span class=\"spec-content\"><\/p>\n<p>NuForce a \u00e9t\u00e9 fond\u00e9e en 2005 \u00e0 Milpitas, en Californie. \u00c0 l&rsquo;origine, la marque d\u00e9veloppait des produits audio num\u00e9riques, notamment des amplificateurs num\u00e9riques et des convertisseurs analogiques-num\u00e9riques. D\u00e8s le d\u00e9but, NuForce s&rsquo;est concentr\u00e9 sur la conception de produits destin\u00e9s aux consommateurs et aux professionnels. En 2014, NuForce a \u00e9t\u00e9 rachet\u00e9 par Optoma, apr\u00e8s quoi la marque a commenc\u00e9 \u00e0 se concentrer sur la production de solutions audio compactes, en particulier dans la cat\u00e9gorie des casques et des \u00e9couteurs sans fil. Apr\u00e8s l&rsquo;acquisition, des lignes de produits sp\u00e9cifiques de NuForce ont \u00e9t\u00e9 int\u00e9gr\u00e9es dans la gamme plus large d&rsquo;\u00e9lectronique grand public d&rsquo;Optoma. Les s\u00e9ries de produits les plus connues sous la marque NuForce comprennent la s\u00e9rie BE d&rsquo;\u00e9couteurs sans fil. Le d\u00e9veloppement, le marketing et la distribution des produits NuForce rel\u00e8vent depuis lors de la responsabilit\u00e9 d&rsquo;Optoma.      <\/p>\n<p><\/span><\/div>\n<\/div>\n","protected":false},"excerpt":{"rendered":"<p>Description Freakuence ! Le son est g\u00e9n\u00e9ralement neutre, avec une l\u00e9g\u00e8re accentuation des hauts m\u00e9diums. La synchronisation est excellente et la dynamique est bonne. La sortie casque est particuli\u00e8rement r\u00e9v\u00e9latrice et rend justice \u00e0 de nombreux casques. D\u00e9tails Prix de vente au d\u00e9tail : 849,00 Description g\u00e9n\u00e9rale Il est dot\u00e9 d&rsquo;un convertisseur num\u00e9rique-analogique 32 bits [&hellip;]<\/p>\n","protected":false},"featured_media":327769,"template":"","meta":{"_acf_changed":false,"inline_featured_image":false},"product_brand":[],"product_cat":[548],"product_tag":[533],"class_list":{"0":"post-327768","1":"product","2":"type-product","3":"status-publish","4":"has-post-thumbnail","6":"product_cat-dac-et-streamers","7":"product_tag-used","8":"pa_kleur-noir","10":"first","11":"instock","12":"purchasable","13":"product-type-simple"},"acf":{"website":true,"show_on_homepage":false,"brand_title":"NuForce","product_type":"DAC-9","color":"Noir","subcolor":"","reserved_status":"0"},"_links":{"self":[{"href":"https:\/\/dev.freakuence.nl\/fr\/wp-json\/wp\/v2\/product\/327768","targetHints":{"allow":["GET"]}}],"collection":[{"href":"https:\/\/dev.freakuence.nl\/fr\/wp-json\/wp\/v2\/product"}],"about":[{"href":"https:\/\/dev.freakuence.nl\/fr\/wp-json\/wp\/v2\/types\/product"}],"wp:featuredmedia":[{"embeddable":true,"href":"https:\/\/dev.freakuence.nl\/fr\/wp-json\/wp\/v2\/media\/327769"}],"wp:attachment":[{"href":"https:\/\/dev.freakuence.nl\/fr\/wp-json\/wp\/v2\/media?parent=327768"}],"wp:term":[{"taxonomy":"product_brand","embeddable":true,"href":"https:\/\/dev.freakuence.nl\/fr\/wp-json\/wp\/v2\/product_brand?post=327768"},{"taxonomy":"product_cat","embeddable":true,"href":"https:\/\/dev.freakuence.nl\/fr\/wp-json\/wp\/v2\/product_cat?post=327768"},{"taxonomy":"product_tag","embeddable":true,"href":"https:\/\/dev.freakuence.nl\/fr\/wp-json\/wp\/v2\/product_tag?post=327768"}],"curies":[{"name":"wp","href":"https:\/\/api.w.org\/{rel}","templated":true}]}}