{"id":328340,"date":"2025-12-19T16:08:30","date_gmt":"2025-12-19T15:08:30","guid":{"rendered":"https:\/\/freakuence.nl\/product\/the-chord-company-shawline-rca-a-din-150cm\/"},"modified":"2026-04-08T19:57:45","modified_gmt":"2026-04-08T17:57:45","slug":"the-chord-company-shawline-rca-a-din-150cm","status":"publish","type":"product","link":"https:\/\/dev.freakuence.nl\/fr\/produit\/the-chord-company-shawline-rca-a-din-150cm\/","title":{"rendered":"The Chord Company ShawLine RCA \u00e0 DIN 150cm"},"content":{"rendered":"<div class=\"product-specifications-list\">\n<div class=\"specification-item row-header\"><span class=\"spec-content\"><strong>Description Freakuence !<\/strong><\/span><\/div>\n<div class=\"specification-item row-even\"><span class=\"spec-content\">Juste un c\u00e2ble !<\/span><\/div>\n<div class=\"specification-item row-header\"><span class=\"spec-content\"><strong>Description g\u00e9n\u00e9rale<\/strong><\/span><\/div>\n<div class=\"specification-item row-even\"><span class=\"spec-content\">Le c\u00e2ble ShawLine RCA vers DIN de 150 cm de Chord Company est con\u00e7u pour assurer une connexion de haute qualit\u00e9 entre les appareils audio dot\u00e9s de connecteurs RCA et DIN. Ce c\u00e2ble utilise la g\u00e9om\u00e9trie des conducteurs Tuned ARAY, qui assure une transmission coh\u00e9rente et d\u00e9taill\u00e9e des signaux. Les conducteurs plaqu\u00e9s argent, l&rsquo;isolation FEP et le blindage composite contribuent \u00e0 r\u00e9duire les bruits m\u00e9caniques et les interf\u00e9rences. Le c\u00e2ble est fabriqu\u00e9 \u00e0 la main au Royaume-Uni et comporte des fiches RCA directes plaqu\u00e9es argent Chord VEE 3. Le c\u00e2ble RCA vers DIN de ShawLine convient \u00e0 une grande vari\u00e9t\u00e9 de configurations audio et peut am\u00e9liorer les performances des syst\u00e8mes \u00e9quip\u00e9s de connecteurs DIN.    <\/span><\/div>\n<div class=\"specification-item row-header\"><span class=\"spec-content\"><strong>Informations g\u00e9n\u00e9rales<\/strong><\/span><\/div>\n<div class=\"specification-item row-even\"><span class=\"spec-content\">Le c\u00e2ble ShawLine RCA vers DIN de Chord Company est con\u00e7u avec le m\u00eame soin que ses c\u00e2bles haut de gamme. D\u00e9velopp\u00e9 par les ing\u00e9nieurs de Chord dans le Wiltshire, au Royaume-Uni, ce c\u00e2ble utilise des conducteurs en cuivre sans oxyg\u00e8ne plaqu\u00e9s argent, blind\u00e9s par une double feuille et un blindage tress\u00e9 pour minimiser les interf\u00e9rences. La g\u00e9om\u00e9trie ARAY, d\u00e9velopp\u00e9e \u00e0 l&rsquo;origine par le concepteur principal Nigel Finn, garantit une transmission pr\u00e9cise du signal. Fabriqu\u00e9 \u00e0 la main au Royaume-Uni.   <\/span><\/div>\n<div class=\"specification-item row-header\"><span class=\"spec-content\"><strong>Histoire de la marque<\/strong><\/span><\/div>\n<div class=\"specification-item row-even\"><span class=\"spec-content\">La soci\u00e9t\u00e9 Chord a \u00e9t\u00e9 fond\u00e9e en 1985 dans le Wiltshire, en Angleterre. D\u00e8s le d\u00e9but, la soci\u00e9t\u00e9 s&rsquo;est occup\u00e9e de d\u00e9velopper et d&rsquo;assembler des c\u00e2bles. Tous les produits sont fabriqu\u00e9s manuellement au Royaume-Uni. L&rsquo;entreprise produit notamment des interconnexions, des c\u00e2bles pour haut-parleurs, des c\u00e2bles d&rsquo;alimentation et des c\u00e2bles num\u00e9riques. Au fil des ans, l&rsquo;entreprise a introduit plusieurs s\u00e9ries de produits, dont Clearway, Shawline, Epic, Signature et Sarum. En 2014, The Chord Company a introduit la technologie Tuned ARAY. Celle-ci a ensuite \u00e9t\u00e9 d\u00e9velopp\u00e9e dans les versions Super ARAY et Taylon. Les mat\u00e9riaux utilis\u00e9s par The Chord Company comprennent du cuivre exempt d&rsquo;oxyg\u00e8ne et des conducteurs plaqu\u00e9s argent. L&rsquo;entreprise dispose de son propre centre d&rsquo;essai pour le contr\u00f4le de la qualit\u00e9. Un nouveau site de production a \u00e9t\u00e9 ouvert \u00e0 Amesbury, dans le Wiltshire, en 2019. La marque fournit des c\u00e2bles pour une large gamme d&rsquo;applications standard et personnalis\u00e9es.          <\/span><\/div>\n<\/div>\n","protected":false},"excerpt":{"rendered":"<p>Description Freakuence ! Juste un c\u00e2ble ! Description g\u00e9n\u00e9rale Le c\u00e2ble ShawLine RCA vers DIN de 150 cm de Chord Company est con\u00e7u pour assurer une connexion de haute qualit\u00e9 entre les appareils audio dot\u00e9s de connecteurs RCA et DIN. Ce c\u00e2ble utilise la g\u00e9om\u00e9trie des conducteurs Tuned ARAY, qui assure une transmission coh\u00e9rente et [&hellip;]<\/p>\n","protected":false},"featured_media":385476,"template":"","meta":{"_acf_changed":false,"inline_featured_image":false},"product_brand":[],"product_cat":[345],"product_tag":[533],"class_list":{"0":"post-328340","1":"product","2":"type-product","3":"status-publish","4":"has-post-thumbnail","6":"product_cat-speakers","7":"product_tag-used","8":"pa_kleur-rouge","10":"first","11":"instock","12":"sold-individually","13":"purchasable","14":"product-type-simple"},"acf":{"website":true,"show_on_homepage":false,"brand_title":"The Chord Company","product_type":"ShawLine RCA to DIN 150cm","color":"Rouge","subcolor":"","reserved_status":"0"},"yoast_head":"<!-- This site is optimized with the Yoast SEO plugin v25.9 - https:\/\/yoast.com\/wordpress\/plugins\/seo\/ -->\n<title>The Chord Company ShawLine RCA \u00e0 DIN 150cm | Freakuence!<\/title>\n<meta name=\"description\" content=\"Am\u00e9liorez votre son avec le c\u00e2ble Shawline RCA vers DIN 150cm de Chord Company, dot\u00e9 de la technologie Tuned ARAY pour une clart\u00e9 in\u00e9gal\u00e9e. \u2713 HiFi neuf et d&#039;occasion \u2713 Note du client : 4.9 sur 5 \u2713 Reprise \u2713 Session d&#039;\u00e9coute\" \/>\n<meta name=\"robots\" content=\"noindex, follow, max-snippet:-1, max-image-preview:large, max-video-preview:-1\" \/>\n<meta property=\"og:locale\" content=\"fr_FR\" \/>\n<meta property=\"og:type\" content=\"article\" \/>\n<meta property=\"og:title\" content=\"The Chord Company ShawLine RCA \u00e0 DIN 150cm | Freakuence!\" \/>\n<meta property=\"og:description\" content=\"Am\u00e9liorez votre son avec le c\u00e2ble Shawline RCA vers DIN 150cm de Chord Company, dot\u00e9 de la technologie Tuned ARAY pour une clart\u00e9 in\u00e9gal\u00e9e. \u2713 HiFi neuf et d&#039;occasion \u2713 Note du client : 4.9 sur 5 \u2713 Reprise \u2713 Session d&#039;\u00e9coute\" \/>\n<meta property=\"og:url\" content=\"https:\/\/dev.freakuence.nl\/fr\/produit\/the-chord-company-shawline-rca-a-din-150cm\/\" \/>\n<meta property=\"og:site_name\" content=\"Freakuence!\" \/>\n<meta property=\"article:modified_time\" content=\"2026-04-08T17:57:45+00:00\" \/>\n<meta property=\"og:image\" content=\"https:\/\/dev.freakuence.nl\/wp-content\/uploads\/2026\/04\/17689889563126-18476-IMG8807.jpg\" \/>\n\t<meta property=\"og:image:width\" content=\"1800\" \/>\n\t<meta property=\"og:image:height\" content=\"1200\" \/>\n\t<meta property=\"og:image:type\" content=\"image\/jpeg\" \/>\n<meta name=\"twitter:card\" content=\"summary_large_image\" \/>\n<script type=\"application\/ld+json\" class=\"yoast-schema-graph\">{\"@context\":\"https:\/\/schema.org\",\"@graph\":[{\"@type\":\"WebPage\",\"@id\":\"https:\/\/dev.freakuence.nl\/fr\/produit\/the-chord-company-shawline-rca-a-din-150cm\/\",\"url\":\"https:\/\/dev.freakuence.nl\/fr\/produit\/the-chord-company-shawline-rca-a-din-150cm\/\",\"name\":\"The Chord Company ShawLine RCA \u00e0 DIN 150cm | Freakuence!\",\"isPartOf\":{\"@id\":\"https:\/\/dev.freakuence.nl\/fr\/#website\"},\"primaryImageOfPage\":{\"@id\":\"https:\/\/dev.freakuence.nl\/fr\/produit\/the-chord-company-shawline-rca-a-din-150cm\/#primaryimage\"},\"image\":{\"@id\":\"https:\/\/dev.freakuence.nl\/fr\/produit\/the-chord-company-shawline-rca-a-din-150cm\/#primaryimage\"},\"thumbnailUrl\":\"https:\/\/dev.freakuence.nl\/wp-content\/uploads\/2026\/04\/17689889563126-18476-IMG8807.jpg\",\"datePublished\":\"2025-12-19T15:08:30+00:00\",\"dateModified\":\"2026-04-08T17:57:45+00:00\",\"description\":\"Am\u00e9liorez votre son avec le c\u00e2ble Shawline RCA vers DIN 150cm de Chord Company, dot\u00e9 de la technologie Tuned ARAY pour une clart\u00e9 in\u00e9gal\u00e9e. \u2713 HiFi neuf et d'occasion \u2713 Note du client : 4.9 sur 5 \u2713 Reprise \u2713 Session d'\u00e9coute\",\"breadcrumb\":{\"@id\":\"https:\/\/dev.freakuence.nl\/fr\/produit\/the-chord-company-shawline-rca-a-din-150cm\/#breadcrumb\"},\"inLanguage\":\"fr-FR\",\"potentialAction\":[{\"@type\":\"ReadAction\",\"target\":[\"https:\/\/dev.freakuence.nl\/fr\/produit\/the-chord-company-shawline-rca-a-din-150cm\/\"]}]},{\"@type\":\"ImageObject\",\"inLanguage\":\"fr-FR\",\"@id\":\"https:\/\/dev.freakuence.nl\/fr\/produit\/the-chord-company-shawline-rca-a-din-150cm\/#primaryimage\",\"url\":\"https:\/\/dev.freakuence.nl\/wp-content\/uploads\/2026\/04\/17689889563126-18476-IMG8807.jpg\",\"contentUrl\":\"https:\/\/dev.freakuence.nl\/wp-content\/uploads\/2026\/04\/17689889563126-18476-IMG8807.jpg\",\"width\":1800,\"height\":1200},{\"@type\":\"BreadcrumbList\",\"@id\":\"https:\/\/dev.freakuence.nl\/fr\/produit\/the-chord-company-shawline-rca-a-din-150cm\/#breadcrumb\",\"itemListElement\":[{\"@type\":\"ListItem\",\"position\":1,\"name\":\"Accueil\",\"item\":\"https:\/\/dev.freakuence.nl\/fr\/\"},{\"@type\":\"ListItem\",\"position\":2,\"name\":\"Produits\",\"item\":\"https:\/\/dev.freakuence.nl\/fr\/produits\/\"},{\"@type\":\"ListItem\",\"position\":3,\"name\":\"The Chord Company ShawLine RCA to DIN 150cm\"}]},{\"@type\":\"WebSite\",\"@id\":\"https:\/\/dev.freakuence.nl\/fr\/#website\",\"url\":\"https:\/\/dev.freakuence.nl\/fr\/\",\"name\":\"Freakuence!\",\"description\":\"Freakuence!\",\"publisher\":{\"@id\":\"https:\/\/dev.freakuence.nl\/fr\/#organization\"},\"alternateName\":\"Freakuence\",\"potentialAction\":[{\"@type\":\"SearchAction\",\"target\":{\"@type\":\"EntryPoint\",\"urlTemplate\":\"https:\/\/dev.freakuence.nl\/fr\/?s={search_term_string}\"},\"query-input\":{\"@type\":\"PropertyValueSpecification\",\"valueRequired\":true,\"valueName\":\"search_term_string\"}}],\"inLanguage\":\"fr-FR\"},{\"@type\":\"Organization\",\"@id\":\"https:\/\/dev.freakuence.nl\/fr\/#organization\",\"name\":\"Freakuence !\",\"url\":\"https:\/\/dev.freakuence.nl\/fr\/\",\"logo\":{\"@type\":\"ImageObject\",\"inLanguage\":\"fr-FR\",\"@id\":\"https:\/\/dev.freakuence.nl\/fr\/#\/schema\/logo\/image\/\",\"url\":\"https:\/\/dev.freakuence.nl\/wp-content\/uploads\/2022\/05\/Brown_3_RGB_Freakuence-1.png\",\"contentUrl\":\"https:\/\/dev.freakuence.nl\/wp-content\/uploads\/2022\/05\/Brown_3_RGB_Freakuence-1.png\",\"width\":2560,\"height\":684,\"caption\":\"Freakuence !\"},\"image\":{\"@id\":\"https:\/\/dev.freakuence.nl\/fr\/#\/schema\/logo\/image\/\"},\"sameAs\":[\"https:\/\/www.instagram.com\/freakuence_notorious_audio\/\"]}]}<\/script>\n<!-- \/ Yoast SEO plugin. -->","yoast_head_json":{"title":"The Chord Company ShawLine RCA \u00e0 DIN 150cm | Freakuence!","description":"Am\u00e9liorez votre son avec le c\u00e2ble Shawline RCA vers DIN 150cm de Chord Company, dot\u00e9 de la technologie Tuned ARAY pour une clart\u00e9 in\u00e9gal\u00e9e. \u2713 HiFi neuf et d'occasion \u2713 Note du client : 4.9 sur 5 \u2713 Reprise \u2713 Session d'\u00e9coute","robots":{"index":"noindex","follow":"follow","max-snippet":"max-snippet:-1","max-image-preview":"max-image-preview:large","max-video-preview":"max-video-preview:-1"},"og_locale":"fr_FR","og_type":"article","og_title":"The Chord Company ShawLine RCA \u00e0 DIN 150cm | Freakuence!","og_description":"Am\u00e9liorez votre son avec le c\u00e2ble Shawline RCA vers DIN 150cm de Chord Company, dot\u00e9 de la technologie Tuned ARAY pour une clart\u00e9 in\u00e9gal\u00e9e. \u2713 HiFi neuf et d'occasion \u2713 Note du client : 4.9 sur 5 \u2713 Reprise \u2713 Session d'\u00e9coute","og_url":"https:\/\/dev.freakuence.nl\/fr\/produit\/the-chord-company-shawline-rca-a-din-150cm\/","og_site_name":"Freakuence!","article_modified_time":"2026-04-08T17:57:45+00:00","og_image":[{"width":1800,"height":1200,"url":"https:\/\/dev.freakuence.nl\/wp-content\/uploads\/2026\/04\/17689889563126-18476-IMG8807.jpg","type":"image\/jpeg"}],"twitter_card":"summary_large_image","schema":{"@context":"https:\/\/schema.org","@graph":[{"@type":"WebPage","@id":"https:\/\/dev.freakuence.nl\/fr\/produit\/the-chord-company-shawline-rca-a-din-150cm\/","url":"https:\/\/dev.freakuence.nl\/fr\/produit\/the-chord-company-shawline-rca-a-din-150cm\/","name":"The Chord Company ShawLine RCA \u00e0 DIN 150cm | Freakuence!","isPartOf":{"@id":"https:\/\/dev.freakuence.nl\/fr\/#website"},"primaryImageOfPage":{"@id":"https:\/\/dev.freakuence.nl\/fr\/produit\/the-chord-company-shawline-rca-a-din-150cm\/#primaryimage"},"image":{"@id":"https:\/\/dev.freakuence.nl\/fr\/produit\/the-chord-company-shawline-rca-a-din-150cm\/#primaryimage"},"thumbnailUrl":"https:\/\/dev.freakuence.nl\/wp-content\/uploads\/2026\/04\/17689889563126-18476-IMG8807.jpg","datePublished":"2025-12-19T15:08:30+00:00","dateModified":"2026-04-08T17:57:45+00:00","description":"Am\u00e9liorez votre son avec le c\u00e2ble Shawline RCA vers DIN 150cm de Chord Company, dot\u00e9 de la technologie Tuned ARAY pour une clart\u00e9 in\u00e9gal\u00e9e. \u2713 HiFi neuf et d'occasion \u2713 Note du client : 4.9 sur 5 \u2713 Reprise \u2713 Session d'\u00e9coute","breadcrumb":{"@id":"https:\/\/dev.freakuence.nl\/fr\/produit\/the-chord-company-shawline-rca-a-din-150cm\/#breadcrumb"},"inLanguage":"fr-FR","potentialAction":[{"@type":"ReadAction","target":["https:\/\/dev.freakuence.nl\/fr\/produit\/the-chord-company-shawline-rca-a-din-150cm\/"]}]},{"@type":"ImageObject","inLanguage":"fr-FR","@id":"https:\/\/dev.freakuence.nl\/fr\/produit\/the-chord-company-shawline-rca-a-din-150cm\/#primaryimage","url":"https:\/\/dev.freakuence.nl\/wp-content\/uploads\/2026\/04\/17689889563126-18476-IMG8807.jpg","contentUrl":"https:\/\/dev.freakuence.nl\/wp-content\/uploads\/2026\/04\/17689889563126-18476-IMG8807.jpg","width":1800,"height":1200},{"@type":"BreadcrumbList","@id":"https:\/\/dev.freakuence.nl\/fr\/produit\/the-chord-company-shawline-rca-a-din-150cm\/#breadcrumb","itemListElement":[{"@type":"ListItem","position":1,"name":"Accueil","item":"https:\/\/dev.freakuence.nl\/fr\/"},{"@type":"ListItem","position":2,"name":"Produits","item":"https:\/\/dev.freakuence.nl\/fr\/produits\/"},{"@type":"ListItem","position":3,"name":"The Chord Company ShawLine RCA to DIN 150cm"}]},{"@type":"WebSite","@id":"https:\/\/dev.freakuence.nl\/fr\/#website","url":"https:\/\/dev.freakuence.nl\/fr\/","name":"Freakuence!","description":"Freakuence!","publisher":{"@id":"https:\/\/dev.freakuence.nl\/fr\/#organization"},"alternateName":"Freakuence","potentialAction":[{"@type":"SearchAction","target":{"@type":"EntryPoint","urlTemplate":"https:\/\/dev.freakuence.nl\/fr\/?s={search_term_string}"},"query-input":{"@type":"PropertyValueSpecification","valueRequired":true,"valueName":"search_term_string"}}],"inLanguage":"fr-FR"},{"@type":"Organization","@id":"https:\/\/dev.freakuence.nl\/fr\/#organization","name":"Freakuence !","url":"https:\/\/dev.freakuence.nl\/fr\/","logo":{"@type":"ImageObject","inLanguage":"fr-FR","@id":"https:\/\/dev.freakuence.nl\/fr\/#\/schema\/logo\/image\/","url":"https:\/\/dev.freakuence.nl\/wp-content\/uploads\/2022\/05\/Brown_3_RGB_Freakuence-1.png","contentUrl":"https:\/\/dev.freakuence.nl\/wp-content\/uploads\/2022\/05\/Brown_3_RGB_Freakuence-1.png","width":2560,"height":684,"caption":"Freakuence !"},"image":{"@id":"https:\/\/dev.freakuence.nl\/fr\/#\/schema\/logo\/image\/"},"sameAs":["https:\/\/www.instagram.com\/freakuence_notorious_audio\/"]}]}},"_links":{"self":[{"href":"https:\/\/dev.freakuence.nl\/fr\/wp-json\/wp\/v2\/product\/328340","targetHints":{"allow":["GET"]}}],"collection":[{"href":"https:\/\/dev.freakuence.nl\/fr\/wp-json\/wp\/v2\/product"}],"about":[{"href":"https:\/\/dev.freakuence.nl\/fr\/wp-json\/wp\/v2\/types\/product"}],"wp:featuredmedia":[{"embeddable":true,"href":"https:\/\/dev.freakuence.nl\/fr\/wp-json\/wp\/v2\/media\/385476"}],"wp:attachment":[{"href":"https:\/\/dev.freakuence.nl\/fr\/wp-json\/wp\/v2\/media?parent=328340"}],"wp:term":[{"taxonomy":"product_brand","embeddable":true,"href":"https:\/\/dev.freakuence.nl\/fr\/wp-json\/wp\/v2\/product_brand?post=328340"},{"taxonomy":"product_cat","embeddable":true,"href":"https:\/\/dev.freakuence.nl\/fr\/wp-json\/wp\/v2\/product_cat?post=328340"},{"taxonomy":"product_tag","embeddable":true,"href":"https:\/\/dev.freakuence.nl\/fr\/wp-json\/wp\/v2\/product_tag?post=328340"}],"curies":[{"name":"wp","href":"https:\/\/api.w.org\/{rel}","templated":true}]}}