{"id":328392,"date":"2025-12-19T16:02:43","date_gmt":"2025-12-19T15:02:43","guid":{"rendered":"https:\/\/freakuence.nl\/product\/dali-epicon-vokal\/"},"modified":"2026-04-08T20:15:17","modified_gmt":"2026-04-08T18:15:17","slug":"dali-epicon-vokal","status":"publish","type":"product","link":"https:\/\/dev.freakuence.nl\/fr\/produit\/dali-epicon-vokal\/","title":{"rendered":"Dali Epicon Vokal"},"content":{"rendered":"<div class=\"product-specifications-list\">\n<div class=\"specification-item row-header\"><span class=\"spec-content\"><strong>Description Freakuence !<\/strong><\/span><\/div>\n<div class=\"specification-item row-even\"><span class=\"spec-content\">Avec ses deux woofers de 6,5 pouces et son module tweeter hybride, qui combine un d\u00f4me souple de 29 mm et un ruban de 10 x 55 mm, vous obtenez une reproduction qui caresse vos oreilles. Et le syst\u00e8me magn\u00e9tique SMC ? Il permet de r\u00e9duire la distorsion au minimum. La conception du coffret avec ses 10 couches de laque n&rsquo;est pas seulement agr\u00e9able \u00e0 l&rsquo;\u0153il, mais contribue \u00e9galement aux performances acoustiques. Recommand\u00e9 pour les amateurs de cin\u00e9ma haut de gamme qui ont de la place pour un tel g\u00e9ant.    <\/span><\/div>\n<div class=\"specification-item row-odd\"><span class=\"spec-content\">Prix de vente au d\u00e9tail : 4999.00<\/span><\/div>\n<div class=\"specification-item row-header\"><span class=\"spec-content\"><strong>Description g\u00e9n\u00e9rale<\/strong><\/span><\/div>\n<div class=\"specification-item row-even\"><span class=\"spec-content\">La DALI EPICON VOKAL est une enceinte centrale con\u00e7ue pour reproduire les voix et les effets sonores des films de mani\u00e8re claire et pr\u00e9cise. Avec deux woofers de 6\u00bd pouces et un module tweeter hybride, cette enceinte offre une exp\u00e9rience d&rsquo;\u00e9coute r\u00e9aliste.   <\/p>\n<p>Le syst\u00e8me magn\u00e9tique Linear Drive, d\u00e9velopp\u00e9 par DALI, minimise la distorsion et assure une reproduction sonore pure. Le module de tweeter hybride combine un tweeter \u00e0 d\u00f4me souple et un tweeter \u00e0 ruban, ce qui permet une reproduction large et d\u00e9taill\u00e9e des hautes fr\u00e9quences.   <\/p>\n<p>Le coffret de l&rsquo;EPICON VOKAL est recouvert d&rsquo;un placage en bois v\u00e9ritable et de plusieurs couches de laque, ce qui contribue non seulement \u00e0 son esth\u00e9tique, mais aussi \u00e0 ses performances acoustiques.  <\/p>\n<p>Gr\u00e2ce \u00e0 ces caract\u00e9ristiques, l&rsquo;EPICON VOKAL est un choix appropri\u00e9 pour les amateurs d&rsquo;audio multicanal \u00e0 la recherche d&rsquo;une enceinte centrale offrant une reproduction sonore claire et pr\u00e9cise.<\/span><\/div>\n<div class=\"specification-item row-header\"><span class=\"spec-content\"><strong>Informations g\u00e9n\u00e9rales<\/strong><\/span><\/div>\n<div class=\"specification-item row-even\"><span class=\"spec-content\">Le DALI Epicon Vokal est le canal central haut de gamme de DALI, con\u00e7u au Danemark par une \u00e9quipe dirig\u00e9e par le designer Lars Worre. Il est assorti \u00e0 la gamme Epicon avec des technologies telles que le syst\u00e8me magn\u00e9tique SMC (Soft Magnetic Compound) qui r\u00e9duit la distorsion. Le coffret est fabriqu\u00e9 \u00e0 la main avec plusieurs couches de MDF, dont l&rsquo;int\u00e9rieur est optimis\u00e9 contre les r\u00e9sonances. Les haut-parleurs sont de conception exclusive avec des c\u00f4nes en fibre de bois et un tweeter \u00e0 ruban.   <\/span><\/div>\n<div class=\"specification-item row-header\"><span class=\"spec-content\"><strong>Histoire de la marque<\/strong><\/span><\/div>\n<div class=\"specification-item row-even\"><span class=\"spec-content\">DALI est l&rsquo;acronyme de Danish Audiophile Loudspeaker Industries, un fabricant danois de haut-parleurs haut de gamme. L&rsquo;entreprise a \u00e9t\u00e9 fond\u00e9e en 1983 par Peter Lyngdorf, dans le but de r\u00e9pondre aux exigences toujours croissantes de la communaut\u00e9 hi-fi en mati\u00e8re de qualit\u00e9 audio. <\/span><\/div>\n<\/div>\n","protected":false},"excerpt":{"rendered":"<p>Description Freakuence ! Avec ses deux woofers de 6,5 pouces et son module tweeter hybride, qui combine un d\u00f4me souple de 29 mm et un ruban de 10 x 55 mm, vous obtenez une reproduction qui caresse vos oreilles. Et le syst\u00e8me magn\u00e9tique SMC ? Il permet de r\u00e9duire la distorsion au minimum. La conception [&hellip;]<\/p>\n","protected":false},"featured_media":386035,"template":"","meta":{"_acf_changed":false,"inline_featured_image":false},"product_brand":[],"product_cat":[543],"product_tag":[533],"class_list":{"0":"post-328392","1":"product","2":"type-product","3":"status-publish","4":"has-post-thumbnail","6":"product_cat-intervenants","7":"product_tag-used","8":"pa_kleur-noir","10":"first","11":"instock","12":"sold-individually","13":"purchasable","14":"product-type-simple"},"acf":{"website":true,"show_on_homepage":false,"brand_title":"Dali ","product_type":"Epicon Vokal","color":"Noir","subcolor":"Satin noir","reserved_status":"0"},"_links":{"self":[{"href":"https:\/\/dev.freakuence.nl\/fr\/wp-json\/wp\/v2\/product\/328392","targetHints":{"allow":["GET"]}}],"collection":[{"href":"https:\/\/dev.freakuence.nl\/fr\/wp-json\/wp\/v2\/product"}],"about":[{"href":"https:\/\/dev.freakuence.nl\/fr\/wp-json\/wp\/v2\/types\/product"}],"wp:featuredmedia":[{"embeddable":true,"href":"https:\/\/dev.freakuence.nl\/fr\/wp-json\/wp\/v2\/media\/386035"}],"wp:attachment":[{"href":"https:\/\/dev.freakuence.nl\/fr\/wp-json\/wp\/v2\/media?parent=328392"}],"wp:term":[{"taxonomy":"product_brand","embeddable":true,"href":"https:\/\/dev.freakuence.nl\/fr\/wp-json\/wp\/v2\/product_brand?post=328392"},{"taxonomy":"product_cat","embeddable":true,"href":"https:\/\/dev.freakuence.nl\/fr\/wp-json\/wp\/v2\/product_cat?post=328392"},{"taxonomy":"product_tag","embeddable":true,"href":"https:\/\/dev.freakuence.nl\/fr\/wp-json\/wp\/v2\/product_tag?post=328392"}],"curies":[{"name":"wp","href":"https:\/\/api.w.org\/{rel}","templated":true}]}}