{"id":328405,"date":"2025-12-19T16:29:06","date_gmt":"2025-12-19T15:29:06","guid":{"rendered":"https:\/\/freakuence.nl\/product\/kef-reference-1-meta\/"},"modified":"2026-03-10T06:07:53","modified_gmt":"2026-03-10T05:07:53","slug":"kef-reference-1-meta","status":"publish","type":"product","link":"https:\/\/dev.freakuence.nl\/fr\/produit\/kef-reference-1-meta\/","title":{"rendered":"KEF Reference 1 Meta"},"content":{"rendered":"<div class=\"product-specifications-list\">\n<div class=\"specification-item row-header\"><span class=\"spec-content\"><strong>Description Freakuence !<\/strong><\/span><\/div>\n<div class=\"specification-item row-even\"><span class=\"spec-content\">Special surveille la ligne de t\u00eate actuelle. Directe et franche, sans cri. Un bas de gamme solide qui peut \u00eatre pris au s\u00e9rieux. Le son peut \u00eatre qualifi\u00e9 de silencieux.   <\/span><\/div>\n<div class=\"specification-item row-odd\"><span class=\"spec-content\">Prix de vente au d\u00e9tail : 10000.00<\/span><\/div>\n<div class=\"specification-item row-header\"><span class=\"spec-content\"><strong>D\u00e9tails<\/strong><\/span><\/div>\n<div class=\"specification-item row-even\"><span class=\"spec-content\">Nous avons deux ensembles de d\u00e9monstration, c&rsquo;est pourquoi l&rsquo;un d&rsquo;entre eux peut quitter l&rsquo;atelier. (Noir et noyer) <\/span><\/div>\n<div class=\"specification-item row-odd\"><span class=\"spec-content\">C&rsquo;est votre chance d&rsquo;obtenir enfin du mat\u00e9riel de d\u00e9monstration de la boutique la plus cool de l&rsquo;univers. Oui ! Pour cette raison, il vaut en r\u00e9alit\u00e9 beaucoup plus que le prix du neuf, mais nous allons nous retenir. Il n&rsquo;a \u00e9t\u00e9 utilis\u00e9 que pour des s\u00e9ances d&rsquo;\u00e9coute avec nos visiteurs et n&rsquo;a donc pas eu de propri\u00e9taire priv\u00e9. <\/span><\/div>\n<div class=\"specification-item row-even\"><span class=\"spec-content\">Vous recherchez un autre type de la s\u00e9rie actuelle de la marque ou une autre couleur de ce mod\u00e8le ? Envoyez-nous un message avec votre demande de reprise \u00e9ventuelle ! Nous serions ravis d&rsquo;en faire quelque chose de bien.  <\/span><\/div>\n<div class=\"specification-item row-header\"><span class=\"spec-content\"><strong>Description g\u00e9n\u00e9rale<\/strong><\/span><\/div>\n<div class=\"specification-item row-even\"><span class=\"spec-content\">Le KEF Reference 1 Meta est un haut-parleur biblioth\u00e8que \u00e0 trois voies qui d\u00e9livre un son impressionnant. Gr\u00e2ce au haut-parleur Uni-Q de 12e g\u00e9n\u00e9ration dot\u00e9 de la technologie MAT\u2122, une image sonore claire et pr\u00e9cise est cr\u00e9\u00e9e. Sa taille compacte permet \u00e0 ce haut-parleur de s&rsquo;adapter \u00e0 une grande vari\u00e9t\u00e9 de pi\u00e8ces, sans compromis sur les performances.   La Reference 1 Meta a \u00e9t\u00e9 con\u00e7ue, d\u00e9velopp\u00e9e et fabriqu\u00e9e \u00e0 la main \u00e0 Maidstone, dans le Kent, au Royaume-Uni.<\/span><\/div>\n<div class=\"specification-item row-header\"><span class=\"spec-content\"><strong>Informations g\u00e9n\u00e9rales<\/strong><\/span><\/div>\n<div class=\"specification-item row-even\"><span class=\"spec-content\">Le KEF Reference 1 Meta a \u00e9t\u00e9 d\u00e9velopp\u00e9 par l&rsquo;\u00e9quipe d&rsquo;ing\u00e9nieurs acoustiques de KEF dirig\u00e9e par Jack Oclee-Brown. Le haut-parleur utilise le haut-parleur Uni-Q de 12\u00e8me g\u00e9n\u00e9ration de KEF avec la technologie MAT (Metamaterial Absorption Technology), qui amortit les r\u00e9flexions sonores ind\u00e9sirables. Le coffret est usin\u00e9 avec pr\u00e9cision dans le Kent, au Royaume-Uni, et fortement renforc\u00e9 \u00e0 l&rsquo;int\u00e9rieur. Le c\u00e2blage est de haute qualit\u00e9 et les composants sont soigneusement s\u00e9lectionn\u00e9s pour une acoustique optimale.   <\/span><\/div>\n<div class=\"specification-item row-header\"><span class=\"spec-content\"><strong>Histoire de la marque<\/strong><\/span><\/div>\n<div class=\"specification-item row-even\"><span class=\"spec-content\">KEF a \u00e9t\u00e9 fond\u00e9e en 1961 par Raymond Cooke \u00e0 Maidstone, dans le Kent, au Royaume-Uni. Le nom d\u00e9rive de Kent Engineering &amp; Foundry, o\u00f9 l&rsquo;atelier d&rsquo;origine \u00e9tait situ\u00e9 sur le site de l&rsquo;usine de construction m\u00e9tallique de Kent Engineering. Raymond Cooke \u00e9tait un ancien ing\u00e9nieur du son de la BBC. D\u00e8s le d\u00e9but, la soci\u00e9t\u00e9 a utilis\u00e9 des mat\u00e9riaux synth\u00e9tiques et effectu\u00e9 des mesures dans des conditions contr\u00f4l\u00e9es. En 1973, un laboratoire acoustique sp\u00e9cial est ouvert pour les d\u00e9veloppements techniques. En 1988, KEF a mis au point le haut-parleur Uni-Q, dans lequel les haut-parleurs d&rsquo;aigus et de m\u00e9diums sont plac\u00e9s ensemble dans un m\u00eame axe. Depuis 2005, le si\u00e8ge de l&rsquo;entreprise est situ\u00e9 dans l&rsquo;East Sussex, au Royaume-Uni. Au fil des ans, la marque s&rsquo;est concentr\u00e9e sur la construction de haut-parleurs, y compris des mod\u00e8les sur pied, des mod\u00e8les de biblioth\u00e8que et des haut-parleurs encastr\u00e9s, ainsi que des produits de lecture portables.       <\/span><\/div>\n<\/div>\n","protected":false},"excerpt":{"rendered":"<p>Description Freakuence ! Special surveille la ligne de t\u00eate actuelle. Directe et franche, sans cri. Un bas de gamme solide qui peut \u00eatre pris au s\u00e9rieux. Le son peut \u00eatre qualifi\u00e9 de silencieux. Prix de vente au d\u00e9tail : 10000.00 D\u00e9tails Nous avons deux ensembles de d\u00e9monstration, c&rsquo;est pourquoi l&rsquo;un d&rsquo;entre eux peut quitter l&rsquo;atelier. [&hellip;]<\/p>\n","protected":false},"featured_media":337297,"template":"","meta":{"_acf_changed":false,"inline_featured_image":false},"product_brand":[],"product_cat":[543],"product_tag":[570],"class_list":{"0":"post-328405","1":"product","2":"type-product","3":"status-publish","4":"has-post-thumbnail","6":"product_cat-intervenants","7":"product_tag-freakdemo","8":"pa_kleur-noir","10":"first","11":"instock","12":"purchasable","13":"product-type-simple"},"acf":{"website":true,"show_on_homepage":false,"brand_title":"KEF","product_type":"Reference 1 Meta","color":"Noir","subcolor":"NOIR\/COPPER","reserved_status":"0"},"_links":{"self":[{"href":"https:\/\/dev.freakuence.nl\/fr\/wp-json\/wp\/v2\/product\/328405","targetHints":{"allow":["GET"]}}],"collection":[{"href":"https:\/\/dev.freakuence.nl\/fr\/wp-json\/wp\/v2\/product"}],"about":[{"href":"https:\/\/dev.freakuence.nl\/fr\/wp-json\/wp\/v2\/types\/product"}],"wp:featuredmedia":[{"embeddable":true,"href":"https:\/\/dev.freakuence.nl\/fr\/wp-json\/wp\/v2\/media\/337297"}],"wp:attachment":[{"href":"https:\/\/dev.freakuence.nl\/fr\/wp-json\/wp\/v2\/media?parent=328405"}],"wp:term":[{"taxonomy":"product_brand","embeddable":true,"href":"https:\/\/dev.freakuence.nl\/fr\/wp-json\/wp\/v2\/product_brand?post=328405"},{"taxonomy":"product_cat","embeddable":true,"href":"https:\/\/dev.freakuence.nl\/fr\/wp-json\/wp\/v2\/product_cat?post=328405"},{"taxonomy":"product_tag","embeddable":true,"href":"https:\/\/dev.freakuence.nl\/fr\/wp-json\/wp\/v2\/product_tag?post=328405"}],"curies":[{"name":"wp","href":"https:\/\/api.w.org\/{rel}","templated":true}]}}