{"id":328428,"date":"2025-12-19T16:32:15","date_gmt":"2025-12-19T15:32:15","guid":{"rendered":"https:\/\/freakuence.nl\/product\/kef-reference-1-meta-2\/"},"modified":"2026-03-10T06:16:57","modified_gmt":"2026-03-10T05:16:57","slug":"kef-reference-1-meta-2","status":"publish","type":"product","link":"https:\/\/dev.freakuence.nl\/fr\/produit\/kef-reference-1-meta-2\/","title":{"rendered":"KEF Reference 1 Meta"},"content":{"rendered":"<p><strong>Description Freakuence !<\/strong><\/p>\n<p>Special surveille la ligne de t\u00eate actuelle. Directe et franche, sans cri. Un bas de gamme solide qui peut \u00eatre pris au s\u00e9rieux. Le son peut \u00eatre qualifi\u00e9 de silencieux.   <\/p>\n<p><strong>Prix de vente au d\u00e9tail :<\/strong> 10 000,00<\/p>\n<p><strong>D\u00e9tails<\/strong><\/p>\n<p>Nous avons deux sets de d\u00e9monstration, l&rsquo;un d&rsquo;entre eux peut donc quitter le magasin. (Noir et noyer)C&rsquo;est votre chance d&rsquo;obtenir enfin du mat\u00e9riel de d\u00e9monstration du magasin le plus cool de l&rsquo;univers.  Oui ! Pour cette raison, il vaut en r\u00e9alit\u00e9 beaucoup plus que le prix du neuf, mais nous allons nous retenir. Vous cherchez un autre type de la s\u00e9rie actuelle de la marque ou une autre couleur de ce mod\u00e8le ?  Envoyez un message avec votre demande de reprise \u00e9ventuelle ! Nous aimons en faire quelque chose d&rsquo;amusant.<\/p>\n<p><strong>Description g\u00e9n\u00e9rale<\/strong><\/p>\n<p>Le KEF Reference 1 Meta est un haut-parleur biblioth\u00e8que \u00e0 trois voies qui d\u00e9livre un son impressionnant. Gr\u00e2ce au haut-parleur Uni-Q de 12e g\u00e9n\u00e9ration dot\u00e9 de la technologie MAT\u2122, une image sonore claire et pr\u00e9cise est cr\u00e9\u00e9e. Sa taille compacte permet \u00e0 ce haut-parleur de s&rsquo;adapter \u00e0 une grande vari\u00e9t\u00e9 de pi\u00e8ces, sans compromis sur les performances.   La Reference 1 Meta a \u00e9t\u00e9 con\u00e7ue, d\u00e9velopp\u00e9e et fabriqu\u00e9e \u00e0 la main \u00e0 Maidstone, dans le Kent, au Royaume-Uni.  <\/p>\n<p><strong>Description g\u00e9n\u00e9rale<\/strong><\/p>\n<p>Nous sommes un revendeur officiel et pouvons fournir tous les autres produits et versions. Nous pouvons \u00e9galement apporter des produits d&rsquo;autres fabricants dans notre magasin.  N&rsquo;h\u00e9sitez pas \u00e0 demander ! Nous \u00e9changeons des v\u00e9hicules neufs et d&rsquo;occasion. <\/p>\n<p>Vous pouvez faire en sorte qu&rsquo;un haut-parleur de moniteur (mod\u00e8le de biblioth\u00e8que) sonne de mani\u00e8re fantastique. L&rsquo;influence de l&rsquo;amplificateur est souvent sous-estim\u00e9e. Un moniteur ne sonnera pas comme une colonne&#8230; mais il est possible d&rsquo;en tirer une grande qualit\u00e9. Ce n&rsquo;est pas seulement la taille qui incite les enthousiastes \u00e0 choisir un moniteur, le moment choisi pour un syst\u00e8me \u00e0 deux voies garantit \u00e9galement qu&rsquo;il y a des hordes de fanatiques qui ne devraient pas penser \u00e0 une colonne \u00e0 trois voies. Le go\u00fbt ! N&rsquo;h\u00e9sitez donc pas \u00e0 passer nous voir pour une comparaison.     <\/p>\n<p><strong>Informations g\u00e9n\u00e9rales<\/strong><\/p>\n<p>Le KEF Reference 1 Meta a \u00e9t\u00e9 d\u00e9velopp\u00e9 par l&rsquo;\u00e9quipe d&rsquo;ing\u00e9nieurs acoustiques de KEF dirig\u00e9e par Jack Oclee-Brown. Le haut-parleur utilise le haut-parleur Uni-Q de 12\u00e8me g\u00e9n\u00e9ration de KEF avec la technologie MAT (Metamaterial Absorption Technology), qui amortit les r\u00e9flexions sonores ind\u00e9sirables. Le coffret est usin\u00e9 avec pr\u00e9cision dans le Kent, au Royaume-Uni, et fortement renforc\u00e9 \u00e0 l&rsquo;int\u00e9rieur. Le c\u00e2blage est de haute qualit\u00e9 et les composants sont soigneusement s\u00e9lectionn\u00e9s pour une acoustique optimale.   <\/p>\n","protected":false},"excerpt":{"rendered":"<p>Description Freakuence ! Special surveille la ligne de t\u00eate actuelle. Directe et franche, sans cri. Un bas de gamme solide qui peut \u00eatre pris au s\u00e9rieux. Le son peut \u00eatre qualifi\u00e9 de silencieux. Prix de vente au d\u00e9tail : 10 000,00 D\u00e9tails Nous avons deux sets de d\u00e9monstration, l&rsquo;un d&rsquo;entre eux peut donc quitter le [&hellip;]<\/p>\n","protected":false},"featured_media":328429,"template":"","meta":{"_acf_changed":false,"inline_featured_image":false},"product_brand":[],"product_cat":[543],"product_tag":[570],"class_list":{"0":"post-328428","1":"product","2":"type-product","3":"status-publish","4":"has-post-thumbnail","6":"product_cat-intervenants","7":"product_tag-freakdemo","8":"pa_kleur-argent","10":"first","11":"instock","12":"sold-individually","13":"purchasable","14":"product-type-simple"},"acf":{"website":true,"show_on_homepage":false,"brand_title":"KEF","product_type":"Reference 1 Meta","color":"Argent","subcolor":"NOYER SATIN\u00c9\/ARGENT","reserved_status":"0"},"yoast_head":"<!-- This site is optimized with the Yoast SEO plugin v25.9 - https:\/\/yoast.com\/wordpress\/plugins\/seo\/ -->\n<title>KEF Reference 1 Meta | Freakuence!<\/title>\n<meta name=\"robots\" content=\"noindex, follow, max-snippet:-1, max-image-preview:large, max-video-preview:-1\" \/>\n<meta property=\"og:locale\" content=\"fr_FR\" \/>\n<meta property=\"og:type\" content=\"article\" \/>\n<meta property=\"og:title\" content=\"KEF Reference 1 Meta | Freakuence!\" \/>\n<meta property=\"og:description\" content=\"Description Freakuence ! Special surveille la ligne de t\u00eate actuelle. Directe et franche, sans cri. Un bas de gamme solide qui peut \u00eatre pris au s\u00e9rieux. Le son peut \u00eatre qualifi\u00e9 de silencieux. Prix de vente au d\u00e9tail : 10 000,00 D\u00e9tails Nous avons deux sets de d\u00e9monstration, l&rsquo;un d&rsquo;entre eux peut donc quitter le [&hellip;]\" \/>\n<meta property=\"og:url\" content=\"https:\/\/dev.freakuence.nl\/fr\/produit\/kef-reference-1-meta-2\/\" \/>\n<meta property=\"og:site_name\" content=\"Freakuence!\" \/>\n<meta property=\"article:modified_time\" content=\"2026-03-10T05:16:57+00:00\" \/>\n<meta property=\"og:image\" content=\"https:\/\/dev.freakuence.nl\/wp-content\/uploads\/2025\/12\/17661583106061-18661-IMG7584-1-scaled.jpg\" \/>\n\t<meta property=\"og:image:width\" content=\"1200\" \/>\n\t<meta property=\"og:image:height\" content=\"1800\" \/>\n\t<meta property=\"og:image:type\" content=\"image\/jpeg\" \/>\n<meta name=\"twitter:card\" content=\"summary_large_image\" \/>\n<script type=\"application\/ld+json\" class=\"yoast-schema-graph\">{\"@context\":\"https:\/\/schema.org\",\"@graph\":[{\"@type\":\"WebPage\",\"@id\":\"https:\/\/dev.freakuence.nl\/fr\/produit\/kef-reference-1-meta-2\/\",\"url\":\"https:\/\/dev.freakuence.nl\/fr\/produit\/kef-reference-1-meta-2\/\",\"name\":\"KEF Reference 1 Meta | Freakuence!\",\"isPartOf\":{\"@id\":\"https:\/\/dev.freakuence.nl\/fr\/#website\"},\"primaryImageOfPage\":{\"@id\":\"https:\/\/dev.freakuence.nl\/fr\/produit\/kef-reference-1-meta-2\/#primaryimage\"},\"image\":{\"@id\":\"https:\/\/dev.freakuence.nl\/fr\/produit\/kef-reference-1-meta-2\/#primaryimage\"},\"thumbnailUrl\":\"https:\/\/dev.freakuence.nl\/wp-content\/uploads\/2025\/12\/17661583106061-18661-IMG7584-1-scaled.jpg\",\"datePublished\":\"2025-12-19T15:32:15+00:00\",\"dateModified\":\"2026-03-10T05:16:57+00:00\",\"breadcrumb\":{\"@id\":\"https:\/\/dev.freakuence.nl\/fr\/produit\/kef-reference-1-meta-2\/#breadcrumb\"},\"inLanguage\":\"fr-FR\",\"potentialAction\":[{\"@type\":\"ReadAction\",\"target\":[\"https:\/\/dev.freakuence.nl\/fr\/produit\/kef-reference-1-meta-2\/\"]}]},{\"@type\":\"ImageObject\",\"inLanguage\":\"fr-FR\",\"@id\":\"https:\/\/dev.freakuence.nl\/fr\/produit\/kef-reference-1-meta-2\/#primaryimage\",\"url\":\"https:\/\/dev.freakuence.nl\/wp-content\/uploads\/2025\/12\/17661583106061-18661-IMG7584-1-scaled.jpg\",\"contentUrl\":\"https:\/\/dev.freakuence.nl\/wp-content\/uploads\/2025\/12\/17661583106061-18661-IMG7584-1-scaled.jpg\",\"width\":1200,\"height\":1800},{\"@type\":\"BreadcrumbList\",\"@id\":\"https:\/\/dev.freakuence.nl\/fr\/produit\/kef-reference-1-meta-2\/#breadcrumb\",\"itemListElement\":[{\"@type\":\"ListItem\",\"position\":1,\"name\":\"Accueil\",\"item\":\"https:\/\/dev.freakuence.nl\/fr\/\"},{\"@type\":\"ListItem\",\"position\":2,\"name\":\"Produits\",\"item\":\"https:\/\/dev.freakuence.nl\/fr\/produits\/\"},{\"@type\":\"ListItem\",\"position\":3,\"name\":\"KEF Reference 1 Meta\"}]},{\"@type\":\"WebSite\",\"@id\":\"https:\/\/dev.freakuence.nl\/fr\/#website\",\"url\":\"https:\/\/dev.freakuence.nl\/fr\/\",\"name\":\"Freakuence!\",\"description\":\"Freakuence!\",\"publisher\":{\"@id\":\"https:\/\/dev.freakuence.nl\/fr\/#organization\"},\"alternateName\":\"Freakuence\",\"potentialAction\":[{\"@type\":\"SearchAction\",\"target\":{\"@type\":\"EntryPoint\",\"urlTemplate\":\"https:\/\/dev.freakuence.nl\/fr\/?s={search_term_string}\"},\"query-input\":{\"@type\":\"PropertyValueSpecification\",\"valueRequired\":true,\"valueName\":\"search_term_string\"}}],\"inLanguage\":\"fr-FR\"},{\"@type\":\"Organization\",\"@id\":\"https:\/\/dev.freakuence.nl\/fr\/#organization\",\"name\":\"Freakuence !\",\"url\":\"https:\/\/dev.freakuence.nl\/fr\/\",\"logo\":{\"@type\":\"ImageObject\",\"inLanguage\":\"fr-FR\",\"@id\":\"https:\/\/dev.freakuence.nl\/fr\/#\/schema\/logo\/image\/\",\"url\":\"https:\/\/dev.freakuence.nl\/wp-content\/uploads\/2022\/05\/Brown_3_RGB_Freakuence-1.png\",\"contentUrl\":\"https:\/\/dev.freakuence.nl\/wp-content\/uploads\/2022\/05\/Brown_3_RGB_Freakuence-1.png\",\"width\":2560,\"height\":684,\"caption\":\"Freakuence !\"},\"image\":{\"@id\":\"https:\/\/dev.freakuence.nl\/fr\/#\/schema\/logo\/image\/\"},\"sameAs\":[\"https:\/\/www.instagram.com\/freakuence_notorious_audio\/\"]}]}<\/script>\n<!-- \/ Yoast SEO plugin. -->","yoast_head_json":{"title":"KEF Reference 1 Meta | Freakuence!","robots":{"index":"noindex","follow":"follow","max-snippet":"max-snippet:-1","max-image-preview":"max-image-preview:large","max-video-preview":"max-video-preview:-1"},"og_locale":"fr_FR","og_type":"article","og_title":"KEF Reference 1 Meta | Freakuence!","og_description":"Description Freakuence ! Special surveille la ligne de t\u00eate actuelle. Directe et franche, sans cri. Un bas de gamme solide qui peut \u00eatre pris au s\u00e9rieux. Le son peut \u00eatre qualifi\u00e9 de silencieux. Prix de vente au d\u00e9tail : 10 000,00 D\u00e9tails Nous avons deux sets de d\u00e9monstration, l&rsquo;un d&rsquo;entre eux peut donc quitter le [&hellip;]","og_url":"https:\/\/dev.freakuence.nl\/fr\/produit\/kef-reference-1-meta-2\/","og_site_name":"Freakuence!","article_modified_time":"2026-03-10T05:16:57+00:00","og_image":[{"width":1200,"height":1800,"url":"https:\/\/dev.freakuence.nl\/wp-content\/uploads\/2025\/12\/17661583106061-18661-IMG7584-1-scaled.jpg","type":"image\/jpeg"}],"twitter_card":"summary_large_image","schema":{"@context":"https:\/\/schema.org","@graph":[{"@type":"WebPage","@id":"https:\/\/dev.freakuence.nl\/fr\/produit\/kef-reference-1-meta-2\/","url":"https:\/\/dev.freakuence.nl\/fr\/produit\/kef-reference-1-meta-2\/","name":"KEF Reference 1 Meta | Freakuence!","isPartOf":{"@id":"https:\/\/dev.freakuence.nl\/fr\/#website"},"primaryImageOfPage":{"@id":"https:\/\/dev.freakuence.nl\/fr\/produit\/kef-reference-1-meta-2\/#primaryimage"},"image":{"@id":"https:\/\/dev.freakuence.nl\/fr\/produit\/kef-reference-1-meta-2\/#primaryimage"},"thumbnailUrl":"https:\/\/dev.freakuence.nl\/wp-content\/uploads\/2025\/12\/17661583106061-18661-IMG7584-1-scaled.jpg","datePublished":"2025-12-19T15:32:15+00:00","dateModified":"2026-03-10T05:16:57+00:00","breadcrumb":{"@id":"https:\/\/dev.freakuence.nl\/fr\/produit\/kef-reference-1-meta-2\/#breadcrumb"},"inLanguage":"fr-FR","potentialAction":[{"@type":"ReadAction","target":["https:\/\/dev.freakuence.nl\/fr\/produit\/kef-reference-1-meta-2\/"]}]},{"@type":"ImageObject","inLanguage":"fr-FR","@id":"https:\/\/dev.freakuence.nl\/fr\/produit\/kef-reference-1-meta-2\/#primaryimage","url":"https:\/\/dev.freakuence.nl\/wp-content\/uploads\/2025\/12\/17661583106061-18661-IMG7584-1-scaled.jpg","contentUrl":"https:\/\/dev.freakuence.nl\/wp-content\/uploads\/2025\/12\/17661583106061-18661-IMG7584-1-scaled.jpg","width":1200,"height":1800},{"@type":"BreadcrumbList","@id":"https:\/\/dev.freakuence.nl\/fr\/produit\/kef-reference-1-meta-2\/#breadcrumb","itemListElement":[{"@type":"ListItem","position":1,"name":"Accueil","item":"https:\/\/dev.freakuence.nl\/fr\/"},{"@type":"ListItem","position":2,"name":"Produits","item":"https:\/\/dev.freakuence.nl\/fr\/produits\/"},{"@type":"ListItem","position":3,"name":"KEF Reference 1 Meta"}]},{"@type":"WebSite","@id":"https:\/\/dev.freakuence.nl\/fr\/#website","url":"https:\/\/dev.freakuence.nl\/fr\/","name":"Freakuence!","description":"Freakuence!","publisher":{"@id":"https:\/\/dev.freakuence.nl\/fr\/#organization"},"alternateName":"Freakuence","potentialAction":[{"@type":"SearchAction","target":{"@type":"EntryPoint","urlTemplate":"https:\/\/dev.freakuence.nl\/fr\/?s={search_term_string}"},"query-input":{"@type":"PropertyValueSpecification","valueRequired":true,"valueName":"search_term_string"}}],"inLanguage":"fr-FR"},{"@type":"Organization","@id":"https:\/\/dev.freakuence.nl\/fr\/#organization","name":"Freakuence !","url":"https:\/\/dev.freakuence.nl\/fr\/","logo":{"@type":"ImageObject","inLanguage":"fr-FR","@id":"https:\/\/dev.freakuence.nl\/fr\/#\/schema\/logo\/image\/","url":"https:\/\/dev.freakuence.nl\/wp-content\/uploads\/2022\/05\/Brown_3_RGB_Freakuence-1.png","contentUrl":"https:\/\/dev.freakuence.nl\/wp-content\/uploads\/2022\/05\/Brown_3_RGB_Freakuence-1.png","width":2560,"height":684,"caption":"Freakuence !"},"image":{"@id":"https:\/\/dev.freakuence.nl\/fr\/#\/schema\/logo\/image\/"},"sameAs":["https:\/\/www.instagram.com\/freakuence_notorious_audio\/"]}]}},"_links":{"self":[{"href":"https:\/\/dev.freakuence.nl\/fr\/wp-json\/wp\/v2\/product\/328428","targetHints":{"allow":["GET"]}}],"collection":[{"href":"https:\/\/dev.freakuence.nl\/fr\/wp-json\/wp\/v2\/product"}],"about":[{"href":"https:\/\/dev.freakuence.nl\/fr\/wp-json\/wp\/v2\/types\/product"}],"wp:featuredmedia":[{"embeddable":true,"href":"https:\/\/dev.freakuence.nl\/fr\/wp-json\/wp\/v2\/media\/328429"}],"wp:attachment":[{"href":"https:\/\/dev.freakuence.nl\/fr\/wp-json\/wp\/v2\/media?parent=328428"}],"wp:term":[{"taxonomy":"product_brand","embeddable":true,"href":"https:\/\/dev.freakuence.nl\/fr\/wp-json\/wp\/v2\/product_brand?post=328428"},{"taxonomy":"product_cat","embeddable":true,"href":"https:\/\/dev.freakuence.nl\/fr\/wp-json\/wp\/v2\/product_cat?post=328428"},{"taxonomy":"product_tag","embeddable":true,"href":"https:\/\/dev.freakuence.nl\/fr\/wp-json\/wp\/v2\/product_tag?post=328428"}],"curies":[{"name":"wp","href":"https:\/\/api.w.org\/{rel}","templated":true}]}}