{"id":328719,"date":"2025-12-24T13:41:21","date_gmt":"2025-12-24T12:41:21","guid":{"rendered":"https:\/\/freakuence.nl\/product\/thivanlabs-lion-805a\/"},"modified":"2026-04-16T15:27:26","modified_gmt":"2026-04-16T13:27:26","slug":"thivanlabs-lion-805a","status":"publish","type":"product","link":"https:\/\/dev.freakuence.nl\/fr\/produit\/thivanlabs-lion-805a\/","title":{"rendered":"Thivanlabs Lion 805a"},"content":{"rendered":"<div class=\"product-specifications-list\">\n<div class=\"specification-item row-header\"><span class=\"spec-content\"><strong>Description Freakuence !<\/strong><\/span><\/div>\n<div class=\"specification-item row-even\"><span class=\"spec-content\">Puissance ! Tr\u00e8s entra\u00eenant, avec beaucoup d&rsquo;attention pour les percussions, alors que d&rsquo;autres amplis \u00e0 lampes ne le font souvent pas. Le m\u00e9dium est tr\u00e8s robuste et agr\u00e9able. Le tube, dans toute sa gloire. Tr\u00e8s bon ampli.    <\/span><\/div>\n<div class=\"specification-item row-odd\"><span class=\"spec-content\">Prix de vente au d\u00e9tail : 6500.00<\/span><\/div>\n<div class=\"specification-item row-header\"><span class=\"spec-content\"><strong>D\u00e9tails<\/strong><\/span><\/div>\n<div class=\"specification-item row-even\"><span class=\"spec-content\">Ne vous inqui\u00e9tez pas ! Nous offrons une excellente garantie de 12 mois sur les produits usag\u00e9s. <\/span><\/div>\n<div class=\"specification-item row-odd\"><span class=\"spec-content\">Les tubes sont mesur\u00e9s et en parfait \u00e9tat.<\/span><\/div>\n<div class=\"specification-item row-header\"><span class=\"spec-content\"><strong>Description g\u00e9n\u00e9rale<\/strong><\/span><\/div>\n<div class=\"specification-item row-even\"><span class=\"spec-content\">Le Lion 805A de ThivanLabs est un amplificateur int\u00e9gr\u00e9 \u00e0 tubes connu pour sa capacit\u00e9 \u00e0 reproduire la musique avec puissance et finesse. Avec une conception \u00e0 triode simple et une amplification de classe A, cet amplificateur offre une exp\u00e9rience d&rsquo;\u00e9coute riche et dynamique.   <\/p>\n<p>La conception du Lion 805A a \u00e9t\u00e9 soigneusement \u00e9tudi\u00e9e, avec une construction solide et des composants de haute qualit\u00e9. La combinaison des tubes de puissance 805A et d&rsquo;une alimentation bien con\u00e7ue garantit un fonctionnement stable et fiable.   <\/p>\n<p>Avec ses performances impressionnantes et sa qualit\u00e9 de fabrication, le Lion 805A de ThivanLabs est un compl\u00e9ment pr\u00e9cieux \u00e0 toute installation audiophile.<\/span><\/div>\n<div class=\"specification-item row-header\"><span class=\"spec-content\"><strong>Informations g\u00e9n\u00e9rales<\/strong><\/span><\/div>\n<div class=\"specification-item row-even\"><span class=\"spec-content\">Le Lion 805a de Thivanlabs est con\u00e7u selon une topologie de triode mono-alternance (SET) de classe A avec le l\u00e9gendaire tube de puissance 805. L&rsquo;ing\u00e9nieur principal, M. Thivan, est lui-m\u00eame au c\u0153ur de la conception. L&rsquo;amplificateur est construit \u00e0 la main avec des transformateurs japonais de haute qualit\u00e9, un c\u00e2blage interne en cuivre pur et des composants s\u00e9lectionn\u00e9s tels que des condensateurs allemands. Le coffret en bois est fabriqu\u00e9 dans notre propre atelier et fini avec de l&rsquo;huile naturelle.    <\/span><\/div>\n<div class=\"specification-item row-header\"><span class=\"spec-content\"><strong>Histoire de la marque<\/strong><\/span><\/div>\n<div class=\"specification-item row-even\"><span class=\"spec-content\">ThivanLabs est un fabricant vietnamien de mat\u00e9riel audio haut de gamme, sp\u00e9cialis\u00e9 dans les amplificateurs \u00e0 tube \u00e0 vide et les haut-parleurs tr\u00e8s sensibles. Son histoire comprend plus de 20 ans de recherche et de d\u00e9veloppement, au cours desquels l&rsquo;entreprise a \u00e9volu\u00e9 de la personnalisation locale \u00e0 une marque internationale. <\/span><\/div>\n<div class=\"specification-item row-odd\"><span class=\"spec-content\">Principales \u00e9tapes historiques<\/span><\/div>\n<div class=\"specification-item row-even\"><span class=\"spec-content\">D\u00e9but des ann\u00e9es 2000 : Les fondateurs, M. Thi Hoang Nguyen et Mme Joe Nguyen, ont commenc\u00e9 leurs premi\u00e8res recherches et exp\u00e9rimentations sur les circuits \u00e0 tubes et la conception d&rsquo;enceintes pendant leurs \u00e9tudes.2008 : M. Thi a lanc\u00e9 sa premi\u00e8re entreprise commerciale sous la marque AirPower.2010 : La marque ThivanLabs a \u00e9t\u00e9 officiellement \u00e9tablie.2012-2013 : Apr\u00e8s le retour de Mme Joe Nguyen du Royaume-Uni, la soci\u00e9t\u00e9 a affin\u00e9 son logo en ajoutant \u00ab\u00a0Labs\u00a0\u00bb, signifiant un engagement dans un processus structur\u00e9 de recherche et d\u00e9veloppement. Cette p\u00e9riode marque \u00e9galement le d\u00e9but de leur philosophie sonore \u00ab\u00a0True Live\u00a0\u00bb.2015-2016 : Lancement de lignes d&rsquo;enceintes cl\u00e9s, dont le premier mod\u00e8le commercial, le Fullrange 10 (2015), et la premi\u00e8re enceinte \u00e0 baffle ouvert, le Grand Open (2016).2019-pr\u00e9sent : La marque \u00e9tend sa pr\u00e9sence internationale, en particulier sur les march\u00e9s europ\u00e9ens tels que l&rsquo;Allemagne.  \u00c0 la fin de l&rsquo;ann\u00e9e 2025, l&rsquo;entreprise a pr\u00e9sent\u00e9 l&rsquo;Eros-9X pour c\u00e9l\u00e9brer les 10 ans de la gamme d&rsquo;enceintes \u00e0 pavillon Eros, avec des d\u00e9buts internationaux pr\u00e9vus pour 2026.<\/span><\/div>\n<div class=\"specification-item row-odd\"><span class=\"spec-content\">\u00c9volution des produits de base<\/span><\/div>\n<div class=\"specification-item row-even\"><span class=\"spec-content\">L&rsquo;entreprise dispose d&rsquo;un \u00e9cosyst\u00e8me diversifi\u00e9 d&rsquo;\u00e9quipements audio :<\/span><\/div>\n<div class=\"specification-item row-odd\"><span class=\"spec-content\">Amplification : Connus pour leurs puissants amplificateurs \u00e0 tube \u00e0 extr\u00e9mit\u00e9 unique (SE) utilisant des tubes tels que le 811, le 833 et le 211. Leurs normes actuelles privil\u00e9gient les conceptions sans r\u00e9troaction pour maintenir une qualit\u00e9 sonore naturelle.Haut-parleurs : le d\u00e9veloppement se concentre sur les conceptions \u00e0 haute sensibilit\u00e9, y compris les haut-parleurs \u00e0 pavillon (s\u00e9rie Eros) et les syst\u00e8mes Open Baffle (s\u00e9ries Anteros et Grand Open).Num\u00e9rique et hybride : expansion dans les sources num\u00e9riques avec des DAC et des streamers \u00e0 tubes, et amplification hybride par l&rsquo;interm\u00e9diaire de la soci\u00e9t\u00e9 s\u0153ur Mavis Lab. <\/span><\/div>\n<\/div>\n","protected":false},"excerpt":{"rendered":"<p>Description Freakuence ! Puissance ! Tr\u00e8s entra\u00eenant, avec beaucoup d&rsquo;attention pour les percussions, alors que d&rsquo;autres amplis \u00e0 lampes ne le font souvent pas. Le m\u00e9dium est tr\u00e8s robuste et agr\u00e9able. Le tube, dans toute sa gloire. Tr\u00e8s bon ampli. Prix de vente au d\u00e9tail : 6500.00 D\u00e9tails Ne vous inqui\u00e9tez pas ! Nous offrons [&hellip;]<\/p>\n","protected":false},"featured_media":402920,"template":"","meta":{"_acf_changed":false,"inline_featured_image":false},"product_brand":[],"product_cat":[530,556,745],"product_tag":[533],"class_list":{"0":"post-328719","1":"product","2":"type-product","3":"status-publish","4":"has-post-thumbnail","6":"product_cat-amplificateurs","7":"product_cat-amplificateurs-a-tubes","8":"product_cat-amplificateurs-stereo","9":"product_tag-used","10":"pa_kleur-marron","12":"first","13":"instock","14":"sold-individually","15":"purchasable","16":"product-type-simple"},"acf":{"website":true,"show_on_homepage":false,"brand_title":"Thivanlabs","product_type":"Lion 805a","color":"Marron","subcolor":"","reserved_status":"0"},"yoast_head":"<!-- This site is optimized with the Yoast SEO plugin v25.9 - https:\/\/yoast.com\/wordpress\/plugins\/seo\/ -->\n<title>Thivanlabs Lion 805a | Freakuence!<\/title>\n<meta name=\"robots\" content=\"noindex, follow, max-snippet:-1, max-image-preview:large, max-video-preview:-1\" \/>\n<meta property=\"og:locale\" content=\"fr_FR\" \/>\n<meta property=\"og:type\" content=\"article\" \/>\n<meta property=\"og:title\" content=\"Thivanlabs Lion 805a | Freakuence!\" \/>\n<meta property=\"og:description\" content=\"Description Freakuence ! Puissance ! Tr\u00e8s entra\u00eenant, avec beaucoup d&rsquo;attention pour les percussions, alors que d&rsquo;autres amplis \u00e0 lampes ne le font souvent pas. Le m\u00e9dium est tr\u00e8s robuste et agr\u00e9able. Le tube, dans toute sa gloire. Tr\u00e8s bon ampli. Prix de vente au d\u00e9tail : 6500.00 D\u00e9tails Ne vous inqui\u00e9tez pas ! Nous offrons [&hellip;]\" \/>\n<meta property=\"og:url\" content=\"https:\/\/dev.freakuence.nl\/fr\/produit\/thivanlabs-lion-805a\/\" \/>\n<meta property=\"og:site_name\" content=\"Freakuence!\" \/>\n<meta property=\"article:modified_time\" content=\"2026-04-16T13:27:26+00:00\" \/>\n<meta property=\"og:image\" content=\"https:\/\/dev.freakuence.nl\/wp-content\/uploads\/2026\/04\/17665800614607-18691-IMG8027-2.jpg\" \/>\n\t<meta property=\"og:image:width\" content=\"1800\" \/>\n\t<meta property=\"og:image:height\" content=\"1200\" \/>\n\t<meta property=\"og:image:type\" content=\"image\/jpeg\" \/>\n<meta name=\"twitter:card\" content=\"summary_large_image\" \/>\n<script type=\"application\/ld+json\" class=\"yoast-schema-graph\">{\"@context\":\"https:\/\/schema.org\",\"@graph\":[{\"@type\":\"WebPage\",\"@id\":\"https:\/\/dev.freakuence.nl\/fr\/produit\/thivanlabs-lion-805a\/\",\"url\":\"https:\/\/dev.freakuence.nl\/fr\/produit\/thivanlabs-lion-805a\/\",\"name\":\"Thivanlabs Lion 805a | Freakuence!\",\"isPartOf\":{\"@id\":\"https:\/\/dev.freakuence.nl\/fr\/#website\"},\"primaryImageOfPage\":{\"@id\":\"https:\/\/dev.freakuence.nl\/fr\/produit\/thivanlabs-lion-805a\/#primaryimage\"},\"image\":{\"@id\":\"https:\/\/dev.freakuence.nl\/fr\/produit\/thivanlabs-lion-805a\/#primaryimage\"},\"thumbnailUrl\":\"https:\/\/dev.freakuence.nl\/wp-content\/uploads\/2026\/04\/17665800614607-18691-IMG8027-2.jpg\",\"datePublished\":\"2025-12-24T12:41:21+00:00\",\"dateModified\":\"2026-04-16T13:27:26+00:00\",\"breadcrumb\":{\"@id\":\"https:\/\/dev.freakuence.nl\/fr\/produit\/thivanlabs-lion-805a\/#breadcrumb\"},\"inLanguage\":\"fr-FR\",\"potentialAction\":[{\"@type\":\"ReadAction\",\"target\":[\"https:\/\/dev.freakuence.nl\/fr\/produit\/thivanlabs-lion-805a\/\"]}]},{\"@type\":\"ImageObject\",\"inLanguage\":\"fr-FR\",\"@id\":\"https:\/\/dev.freakuence.nl\/fr\/produit\/thivanlabs-lion-805a\/#primaryimage\",\"url\":\"https:\/\/dev.freakuence.nl\/wp-content\/uploads\/2026\/04\/17665800614607-18691-IMG8027-2.jpg\",\"contentUrl\":\"https:\/\/dev.freakuence.nl\/wp-content\/uploads\/2026\/04\/17665800614607-18691-IMG8027-2.jpg\",\"width\":1800,\"height\":1200},{\"@type\":\"BreadcrumbList\",\"@id\":\"https:\/\/dev.freakuence.nl\/fr\/produit\/thivanlabs-lion-805a\/#breadcrumb\",\"itemListElement\":[{\"@type\":\"ListItem\",\"position\":1,\"name\":\"Accueil\",\"item\":\"https:\/\/dev.freakuence.nl\/fr\/\"},{\"@type\":\"ListItem\",\"position\":2,\"name\":\"Produits\",\"item\":\"https:\/\/dev.freakuence.nl\/fr\/produits\/\"},{\"@type\":\"ListItem\",\"position\":3,\"name\":\"Thivanlabs Lion 805a\"}]},{\"@type\":\"WebSite\",\"@id\":\"https:\/\/dev.freakuence.nl\/fr\/#website\",\"url\":\"https:\/\/dev.freakuence.nl\/fr\/\",\"name\":\"Freakuence!\",\"description\":\"Freakuence!\",\"publisher\":{\"@id\":\"https:\/\/dev.freakuence.nl\/fr\/#organization\"},\"alternateName\":\"Freakuence\",\"potentialAction\":[{\"@type\":\"SearchAction\",\"target\":{\"@type\":\"EntryPoint\",\"urlTemplate\":\"https:\/\/dev.freakuence.nl\/fr\/?s={search_term_string}\"},\"query-input\":{\"@type\":\"PropertyValueSpecification\",\"valueRequired\":true,\"valueName\":\"search_term_string\"}}],\"inLanguage\":\"fr-FR\"},{\"@type\":\"Organization\",\"@id\":\"https:\/\/dev.freakuence.nl\/fr\/#organization\",\"name\":\"Freakuence !\",\"url\":\"https:\/\/dev.freakuence.nl\/fr\/\",\"logo\":{\"@type\":\"ImageObject\",\"inLanguage\":\"fr-FR\",\"@id\":\"https:\/\/dev.freakuence.nl\/fr\/#\/schema\/logo\/image\/\",\"url\":\"https:\/\/dev.freakuence.nl\/wp-content\/uploads\/2022\/05\/Brown_3_RGB_Freakuence-1.png\",\"contentUrl\":\"https:\/\/dev.freakuence.nl\/wp-content\/uploads\/2022\/05\/Brown_3_RGB_Freakuence-1.png\",\"width\":2560,\"height\":684,\"caption\":\"Freakuence !\"},\"image\":{\"@id\":\"https:\/\/dev.freakuence.nl\/fr\/#\/schema\/logo\/image\/\"},\"sameAs\":[\"https:\/\/www.instagram.com\/freakuence_notorious_audio\/\"]}]}<\/script>\n<!-- \/ Yoast SEO plugin. -->","yoast_head_json":{"title":"Thivanlabs Lion 805a | Freakuence!","robots":{"index":"noindex","follow":"follow","max-snippet":"max-snippet:-1","max-image-preview":"max-image-preview:large","max-video-preview":"max-video-preview:-1"},"og_locale":"fr_FR","og_type":"article","og_title":"Thivanlabs Lion 805a | Freakuence!","og_description":"Description Freakuence ! Puissance ! Tr\u00e8s entra\u00eenant, avec beaucoup d&rsquo;attention pour les percussions, alors que d&rsquo;autres amplis \u00e0 lampes ne le font souvent pas. Le m\u00e9dium est tr\u00e8s robuste et agr\u00e9able. Le tube, dans toute sa gloire. Tr\u00e8s bon ampli. Prix de vente au d\u00e9tail : 6500.00 D\u00e9tails Ne vous inqui\u00e9tez pas ! Nous offrons [&hellip;]","og_url":"https:\/\/dev.freakuence.nl\/fr\/produit\/thivanlabs-lion-805a\/","og_site_name":"Freakuence!","article_modified_time":"2026-04-16T13:27:26+00:00","og_image":[{"width":1800,"height":1200,"url":"https:\/\/dev.freakuence.nl\/wp-content\/uploads\/2026\/04\/17665800614607-18691-IMG8027-2.jpg","type":"image\/jpeg"}],"twitter_card":"summary_large_image","schema":{"@context":"https:\/\/schema.org","@graph":[{"@type":"WebPage","@id":"https:\/\/dev.freakuence.nl\/fr\/produit\/thivanlabs-lion-805a\/","url":"https:\/\/dev.freakuence.nl\/fr\/produit\/thivanlabs-lion-805a\/","name":"Thivanlabs Lion 805a | Freakuence!","isPartOf":{"@id":"https:\/\/dev.freakuence.nl\/fr\/#website"},"primaryImageOfPage":{"@id":"https:\/\/dev.freakuence.nl\/fr\/produit\/thivanlabs-lion-805a\/#primaryimage"},"image":{"@id":"https:\/\/dev.freakuence.nl\/fr\/produit\/thivanlabs-lion-805a\/#primaryimage"},"thumbnailUrl":"https:\/\/dev.freakuence.nl\/wp-content\/uploads\/2026\/04\/17665800614607-18691-IMG8027-2.jpg","datePublished":"2025-12-24T12:41:21+00:00","dateModified":"2026-04-16T13:27:26+00:00","breadcrumb":{"@id":"https:\/\/dev.freakuence.nl\/fr\/produit\/thivanlabs-lion-805a\/#breadcrumb"},"inLanguage":"fr-FR","potentialAction":[{"@type":"ReadAction","target":["https:\/\/dev.freakuence.nl\/fr\/produit\/thivanlabs-lion-805a\/"]}]},{"@type":"ImageObject","inLanguage":"fr-FR","@id":"https:\/\/dev.freakuence.nl\/fr\/produit\/thivanlabs-lion-805a\/#primaryimage","url":"https:\/\/dev.freakuence.nl\/wp-content\/uploads\/2026\/04\/17665800614607-18691-IMG8027-2.jpg","contentUrl":"https:\/\/dev.freakuence.nl\/wp-content\/uploads\/2026\/04\/17665800614607-18691-IMG8027-2.jpg","width":1800,"height":1200},{"@type":"BreadcrumbList","@id":"https:\/\/dev.freakuence.nl\/fr\/produit\/thivanlabs-lion-805a\/#breadcrumb","itemListElement":[{"@type":"ListItem","position":1,"name":"Accueil","item":"https:\/\/dev.freakuence.nl\/fr\/"},{"@type":"ListItem","position":2,"name":"Produits","item":"https:\/\/dev.freakuence.nl\/fr\/produits\/"},{"@type":"ListItem","position":3,"name":"Thivanlabs Lion 805a"}]},{"@type":"WebSite","@id":"https:\/\/dev.freakuence.nl\/fr\/#website","url":"https:\/\/dev.freakuence.nl\/fr\/","name":"Freakuence!","description":"Freakuence!","publisher":{"@id":"https:\/\/dev.freakuence.nl\/fr\/#organization"},"alternateName":"Freakuence","potentialAction":[{"@type":"SearchAction","target":{"@type":"EntryPoint","urlTemplate":"https:\/\/dev.freakuence.nl\/fr\/?s={search_term_string}"},"query-input":{"@type":"PropertyValueSpecification","valueRequired":true,"valueName":"search_term_string"}}],"inLanguage":"fr-FR"},{"@type":"Organization","@id":"https:\/\/dev.freakuence.nl\/fr\/#organization","name":"Freakuence !","url":"https:\/\/dev.freakuence.nl\/fr\/","logo":{"@type":"ImageObject","inLanguage":"fr-FR","@id":"https:\/\/dev.freakuence.nl\/fr\/#\/schema\/logo\/image\/","url":"https:\/\/dev.freakuence.nl\/wp-content\/uploads\/2022\/05\/Brown_3_RGB_Freakuence-1.png","contentUrl":"https:\/\/dev.freakuence.nl\/wp-content\/uploads\/2022\/05\/Brown_3_RGB_Freakuence-1.png","width":2560,"height":684,"caption":"Freakuence !"},"image":{"@id":"https:\/\/dev.freakuence.nl\/fr\/#\/schema\/logo\/image\/"},"sameAs":["https:\/\/www.instagram.com\/freakuence_notorious_audio\/"]}]}},"_links":{"self":[{"href":"https:\/\/dev.freakuence.nl\/fr\/wp-json\/wp\/v2\/product\/328719","targetHints":{"allow":["GET"]}}],"collection":[{"href":"https:\/\/dev.freakuence.nl\/fr\/wp-json\/wp\/v2\/product"}],"about":[{"href":"https:\/\/dev.freakuence.nl\/fr\/wp-json\/wp\/v2\/types\/product"}],"wp:featuredmedia":[{"embeddable":true,"href":"https:\/\/dev.freakuence.nl\/fr\/wp-json\/wp\/v2\/media\/402920"}],"wp:attachment":[{"href":"https:\/\/dev.freakuence.nl\/fr\/wp-json\/wp\/v2\/media?parent=328719"}],"wp:term":[{"taxonomy":"product_brand","embeddable":true,"href":"https:\/\/dev.freakuence.nl\/fr\/wp-json\/wp\/v2\/product_brand?post=328719"},{"taxonomy":"product_cat","embeddable":true,"href":"https:\/\/dev.freakuence.nl\/fr\/wp-json\/wp\/v2\/product_cat?post=328719"},{"taxonomy":"product_tag","embeddable":true,"href":"https:\/\/dev.freakuence.nl\/fr\/wp-json\/wp\/v2\/product_tag?post=328719"}],"curies":[{"name":"wp","href":"https:\/\/api.w.org\/{rel}","templated":true}]}}