{"id":330473,"date":"2026-01-14T16:03:53","date_gmt":"2026-01-14T15:03:53","guid":{"rendered":"https:\/\/freakuence.nl\/product\/hegel-h600\/"},"modified":"2026-04-08T20:22:06","modified_gmt":"2026-04-08T18:22:06","slug":"hegel-h600","status":"publish","type":"product","link":"https:\/\/dev.freakuence.nl\/fr\/produit\/hegel-h600\/","title":{"rendered":"Hegel H600"},"content":{"rendered":"<div class=\"product-specifications-list\">\n<div class=\"specification-item row-header\"><span class=\"spec-content\"><strong>Description Freakuence !<\/strong><\/span><\/div>\n<div class=\"specification-item row-even\"><span class=\"spec-content\">Puissance, contr\u00f4le, transparence, sans distorsion ! Conduit presque tout, vraiment presque tout. Avec une sc\u00e8ne sonore large et profonde, une gamme dynamique et un contr\u00f4le \u00e9trange des basses fr\u00e9quences. Est-ce votre go\u00fbt ? Venez nous voir et nous vous ferons entendre.    <\/span><\/div>\n<div class=\"specification-item row-odd\"><span class=\"spec-content\">Prix de vente au d\u00e9tail : 11495.00<\/span><\/div>\n<div class=\"specification-item row-header\"><span class=\"spec-content\"><strong>D\u00e9tails<\/strong><\/span><\/div>\n<div class=\"specification-item row-even\"><span class=\"spec-content\">D\u00e9monstration de l&rsquo;importateur. Les mod\u00e8les d&rsquo;exposition n&rsquo;ont pratiquement pas d&rsquo;heures de fonctionnement, voire pas du tout (tous les produits ne peuvent pas \u00eatre allum\u00e9s en m\u00eame temps sur un stand d&rsquo;exposition). Ils sont sortis de leur bo\u00eete, expos\u00e9s et souvent envoy\u00e9s directement \u00e0 notre magasin. Avec toute la garantie officielle du fabricant !  <\/span><\/div>\n<div class=\"specification-item row-odd\"><span class=\"spec-content\">Produit TVA. Les entrepreneurs, les personnes en dehors de l&rsquo;UE, en profitent. <\/span><\/div>\n<div class=\"specification-item row-even\"><span class=\"spec-content\">Vous cherchez un autre mod\u00e8le de la s\u00e9rie actuelle de la marque ? Envoyez-nous un message !  Nous aimons en faire quelque chose d&rsquo;amusant.<\/span><\/div>\n<div class=\"specification-item row-header\"><span class=\"spec-content\"><strong>Description g\u00e9n\u00e9rale<\/strong><\/span><\/div>\n<div class=\"specification-item row-even\"><span class=\"spec-content\">Ce syst\u00e8me d&rsquo;amplification int\u00e9gr\u00e9 d\u00e9livre 2 x 303 W \u00e0 8 ohms et est con\u00e7u dans une configuration double mono. Il dispose de deux entr\u00e9es XLR sym\u00e9triques et de deux entr\u00e9es RCA asym\u00e9triques. Les connexions num\u00e9riques comprennent un port r\u00e9seau LAN, une entr\u00e9e USB 32\/384 (supportant DSD256\/DoP), trois entr\u00e9es optiques, une entr\u00e9e coaxiale et une entr\u00e9e BNC 75 ohms. Les sorties analogiques se composent d&rsquo;une paire de sorties RCA fixes et d&rsquo;une paire de sorties RCA variables. Le syst\u00e8me prend en charge le streaming via UPnP, Spotify Connect, AirPlay, Tidal Connect et est compatible avec Roon. Le bo\u00eetier est en aluminium et comporte de grands pieds en aluminium avec un design anti-rayures pour la stabilit\u00e9 et la r\u00e9duction des vibrations. De larges boutons de contr\u00f4le avec commande tactile garantissent une utilisation intuitive. Le syst\u00e8me est \u00e9quip\u00e9 d&rsquo;un convertisseur N\/A au bit pr\u00e8s et utilise la technologie de correction SoundEngine2. Des mises \u00e0 jour optionnelles du micrologiciel peuvent \u00eatre install\u00e9es automatiquement pour maintenir les fonctionnalit\u00e9s \u00e0 jour.        <\/span><\/div>\n<div class=\"specification-item row-header\"><span class=\"spec-content\"><strong>Informations g\u00e9n\u00e9rales<\/strong><\/span><\/div>\n<div class=\"specification-item row-even\"><span class=\"spec-content\">Le Hegel H600 a \u00e9t\u00e9 con\u00e7u par l&rsquo;\u00e9quipe norv\u00e9gienne autour du designer en chef Bent Holter. L&rsquo;amplificateur int\u00e9gr\u00e9 combine 303 W par canal avec une conception enti\u00e8rement \u00e9quilibr\u00e9e et la technologie SoundEngine2 pour minimiser la distorsion. Le bo\u00eetier est usin\u00e9 CNC en aluminium pour une protection et une rigidit\u00e9 optimales. Tous les composants critiques sont s\u00e9lectionn\u00e9s pour leur faible tol\u00e9rance et leur qualit\u00e9 sonore. Le c\u00e2blage interne est court, direct et soigneusement plac\u00e9 pour minimiser la contamination du signal. Hegel fabrique et assemble ses produits en Norv\u00e8ge.     <\/span><\/div>\n<div class=\"specification-item row-header\"><span class=\"spec-content\"><strong>Histoire de la marque<\/strong><\/span><\/div>\n<div class=\"specification-item row-even\"><span class=\"spec-content\">Hegel a \u00e9t\u00e9 fond\u00e9e en Norv\u00e8ge \u00e0 la fin des ann\u00e9es 1980 par Bent Holter. Dans le cadre de son projet de fin d&rsquo;\u00e9tudes \u00e0 l&rsquo;universit\u00e9 de technologie de Trondheim, il a mis au point une solution pour r\u00e9duire la distorsion dans les amplificateurs \u00e0 transistors. C&rsquo;est ainsi qu&rsquo;est n\u00e9e la technologie qui sera plus tard connue sous le nom de SoundEngine. En 1988, le nom Hegel a \u00e9t\u00e9 utilis\u00e9 pour la premi\u00e8re fois pour un amplificateur. Dans les ann\u00e9es 1990, l&rsquo;entreprise a lanc\u00e9 plusieurs lecteurs de CD et amplificateurs. En 1996, le premier amplificateur enti\u00e8rement sym\u00e9trique a \u00e9t\u00e9 introduit. Vers 2004, la marque a commenc\u00e9 \u00e0 d\u00e9velopper des convertisseurs DA. Plus tard, les produits ont \u00e9t\u00e9 \u00e9quip\u00e9s de capacit\u00e9s de mise en r\u00e9seau pour prendre en charge la lecture de musique num\u00e9rique. Hegel commercialise exclusivement ses propres produits \u00e9lectroniques, en d\u00e9veloppant elle-m\u00eame la conception des circuits et les logiciels n\u00e9cessaires. L&rsquo;entreprise assure la distribution internationale de ses produits depuis la Norv\u00e8ge.         <\/span><\/div>\n<\/div>\n","protected":false},"excerpt":{"rendered":"<p>Description Freakuence ! Puissance, contr\u00f4le, transparence, sans distorsion ! Conduit presque tout, vraiment presque tout. Avec une sc\u00e8ne sonore large et profonde, une gamme dynamique et un contr\u00f4le \u00e9trange des basses fr\u00e9quences. Est-ce votre go\u00fbt ? Venez nous voir et nous vous ferons entendre. Prix de vente au d\u00e9tail : 11495.00 D\u00e9tails D\u00e9monstration de l&rsquo;importateur. [&hellip;]<\/p>\n","protected":false},"featured_media":386722,"template":"","meta":{"_acf_changed":false,"inline_featured_image":false},"product_brand":[],"product_cat":[530,745,773],"product_tag":[552],"class_list":{"0":"post-330473","1":"product","2":"type-product","3":"status-publish","4":"has-post-thumbnail","6":"product_cat-amplificateurs","7":"product_cat-amplificateurs-stereo","8":"product_cat-classe-a-amplificateurs-stereo-a-b","9":"product_tag-demo","10":"pa_kleur-noir","12":"first","13":"instock","14":"sold-individually","15":"purchasable","16":"product-type-simple"},"acf":{"website":true,"show_on_homepage":false,"brand_title":"Hegel","product_type":"H600","color":"Noir","subcolor":"","reserved_status":"1"},"yoast_head":"<!-- This site is optimized with the Yoast SEO plugin v25.9 - https:\/\/yoast.com\/wordpress\/plugins\/seo\/ -->\n<title>Hegel H600 | Freakuence!<\/title>\n<meta name=\"description\" content=\"Amplificateur int\u00e9gr\u00e9 Hegel H600 : 303 W par canal, DAC sup\u00e9rieur et streaming. \u2713 HiFi neuf et d&#039;occasion \u2713 Note du client : 4.9 sur 5 \u2713 Reprise \u2713 Session d&#039;\u00e9coute\" \/>\n<meta name=\"robots\" content=\"noindex, follow, max-snippet:-1, max-image-preview:large, max-video-preview:-1\" \/>\n<meta property=\"og:locale\" content=\"fr_FR\" \/>\n<meta property=\"og:type\" content=\"article\" \/>\n<meta property=\"og:title\" content=\"Hegel H600 | Freakuence!\" \/>\n<meta property=\"og:description\" content=\"Amplificateur int\u00e9gr\u00e9 Hegel H600 : 303 W par canal, DAC sup\u00e9rieur et streaming. \u2713 HiFi neuf et d&#039;occasion \u2713 Note du client : 4.9 sur 5 \u2713 Reprise \u2713 Session d&#039;\u00e9coute\" \/>\n<meta property=\"og:url\" content=\"https:\/\/dev.freakuence.nl\/fr\/produit\/hegel-h600\/\" \/>\n<meta property=\"og:site_name\" content=\"Freakuence!\" \/>\n<meta property=\"article:modified_time\" content=\"2026-04-08T18:22:06+00:00\" \/>\n<meta property=\"og:image\" content=\"https:\/\/dev.freakuence.nl\/wp-content\/uploads\/2026\/04\/17684030179752-18762-IMG8252.jpg\" \/>\n\t<meta property=\"og:image:width\" content=\"1800\" \/>\n\t<meta property=\"og:image:height\" content=\"1200\" \/>\n\t<meta property=\"og:image:type\" content=\"image\/jpeg\" \/>\n<meta name=\"twitter:card\" content=\"summary_large_image\" \/>\n<script type=\"application\/ld+json\" class=\"yoast-schema-graph\">{\"@context\":\"https:\/\/schema.org\",\"@graph\":[{\"@type\":\"WebPage\",\"@id\":\"https:\/\/dev.freakuence.nl\/fr\/produit\/hegel-h600\/\",\"url\":\"https:\/\/dev.freakuence.nl\/fr\/produit\/hegel-h600\/\",\"name\":\"Hegel H600 | Freakuence!\",\"isPartOf\":{\"@id\":\"https:\/\/dev.freakuence.nl\/fr\/#website\"},\"primaryImageOfPage\":{\"@id\":\"https:\/\/dev.freakuence.nl\/fr\/produit\/hegel-h600\/#primaryimage\"},\"image\":{\"@id\":\"https:\/\/dev.freakuence.nl\/fr\/produit\/hegel-h600\/#primaryimage\"},\"thumbnailUrl\":\"https:\/\/dev.freakuence.nl\/wp-content\/uploads\/2026\/04\/17684030179752-18762-IMG8252.jpg\",\"datePublished\":\"2026-01-14T15:03:53+00:00\",\"dateModified\":\"2026-04-08T18:22:06+00:00\",\"description\":\"Amplificateur int\u00e9gr\u00e9 Hegel H600 : 303 W par canal, DAC sup\u00e9rieur et streaming. \u2713 HiFi neuf et d'occasion \u2713 Note du client : 4.9 sur 5 \u2713 Reprise \u2713 Session d'\u00e9coute\",\"breadcrumb\":{\"@id\":\"https:\/\/dev.freakuence.nl\/fr\/produit\/hegel-h600\/#breadcrumb\"},\"inLanguage\":\"fr-FR\",\"potentialAction\":[{\"@type\":\"ReadAction\",\"target\":[\"https:\/\/dev.freakuence.nl\/fr\/produit\/hegel-h600\/\"]}]},{\"@type\":\"ImageObject\",\"inLanguage\":\"fr-FR\",\"@id\":\"https:\/\/dev.freakuence.nl\/fr\/produit\/hegel-h600\/#primaryimage\",\"url\":\"https:\/\/dev.freakuence.nl\/wp-content\/uploads\/2026\/04\/17684030179752-18762-IMG8252.jpg\",\"contentUrl\":\"https:\/\/dev.freakuence.nl\/wp-content\/uploads\/2026\/04\/17684030179752-18762-IMG8252.jpg\",\"width\":1800,\"height\":1200},{\"@type\":\"BreadcrumbList\",\"@id\":\"https:\/\/dev.freakuence.nl\/fr\/produit\/hegel-h600\/#breadcrumb\",\"itemListElement\":[{\"@type\":\"ListItem\",\"position\":1,\"name\":\"Accueil\",\"item\":\"https:\/\/dev.freakuence.nl\/fr\/\"},{\"@type\":\"ListItem\",\"position\":2,\"name\":\"Produits\",\"item\":\"https:\/\/dev.freakuence.nl\/fr\/produits\/\"},{\"@type\":\"ListItem\",\"position\":3,\"name\":\"Hegel H600\"}]},{\"@type\":\"WebSite\",\"@id\":\"https:\/\/dev.freakuence.nl\/fr\/#website\",\"url\":\"https:\/\/dev.freakuence.nl\/fr\/\",\"name\":\"Freakuence!\",\"description\":\"Freakuence!\",\"publisher\":{\"@id\":\"https:\/\/dev.freakuence.nl\/fr\/#organization\"},\"alternateName\":\"Freakuence\",\"potentialAction\":[{\"@type\":\"SearchAction\",\"target\":{\"@type\":\"EntryPoint\",\"urlTemplate\":\"https:\/\/dev.freakuence.nl\/fr\/?s={search_term_string}\"},\"query-input\":{\"@type\":\"PropertyValueSpecification\",\"valueRequired\":true,\"valueName\":\"search_term_string\"}}],\"inLanguage\":\"fr-FR\"},{\"@type\":\"Organization\",\"@id\":\"https:\/\/dev.freakuence.nl\/fr\/#organization\",\"name\":\"Freakuence !\",\"url\":\"https:\/\/dev.freakuence.nl\/fr\/\",\"logo\":{\"@type\":\"ImageObject\",\"inLanguage\":\"fr-FR\",\"@id\":\"https:\/\/dev.freakuence.nl\/fr\/#\/schema\/logo\/image\/\",\"url\":\"https:\/\/dev.freakuence.nl\/wp-content\/uploads\/2022\/05\/Brown_3_RGB_Freakuence-1.png\",\"contentUrl\":\"https:\/\/dev.freakuence.nl\/wp-content\/uploads\/2022\/05\/Brown_3_RGB_Freakuence-1.png\",\"width\":2560,\"height\":684,\"caption\":\"Freakuence !\"},\"image\":{\"@id\":\"https:\/\/dev.freakuence.nl\/fr\/#\/schema\/logo\/image\/\"},\"sameAs\":[\"https:\/\/www.instagram.com\/freakuence_notorious_audio\/\"]}]}<\/script>\n<!-- \/ Yoast SEO plugin. -->","yoast_head_json":{"title":"Hegel H600 | Freakuence!","description":"Amplificateur int\u00e9gr\u00e9 Hegel H600 : 303 W par canal, DAC sup\u00e9rieur et streaming. \u2713 HiFi neuf et d'occasion \u2713 Note du client : 4.9 sur 5 \u2713 Reprise \u2713 Session d'\u00e9coute","robots":{"index":"noindex","follow":"follow","max-snippet":"max-snippet:-1","max-image-preview":"max-image-preview:large","max-video-preview":"max-video-preview:-1"},"og_locale":"fr_FR","og_type":"article","og_title":"Hegel H600 | Freakuence!","og_description":"Amplificateur int\u00e9gr\u00e9 Hegel H600 : 303 W par canal, DAC sup\u00e9rieur et streaming. \u2713 HiFi neuf et d'occasion \u2713 Note du client : 4.9 sur 5 \u2713 Reprise \u2713 Session d'\u00e9coute","og_url":"https:\/\/dev.freakuence.nl\/fr\/produit\/hegel-h600\/","og_site_name":"Freakuence!","article_modified_time":"2026-04-08T18:22:06+00:00","og_image":[{"width":1800,"height":1200,"url":"https:\/\/dev.freakuence.nl\/wp-content\/uploads\/2026\/04\/17684030179752-18762-IMG8252.jpg","type":"image\/jpeg"}],"twitter_card":"summary_large_image","schema":{"@context":"https:\/\/schema.org","@graph":[{"@type":"WebPage","@id":"https:\/\/dev.freakuence.nl\/fr\/produit\/hegel-h600\/","url":"https:\/\/dev.freakuence.nl\/fr\/produit\/hegel-h600\/","name":"Hegel H600 | Freakuence!","isPartOf":{"@id":"https:\/\/dev.freakuence.nl\/fr\/#website"},"primaryImageOfPage":{"@id":"https:\/\/dev.freakuence.nl\/fr\/produit\/hegel-h600\/#primaryimage"},"image":{"@id":"https:\/\/dev.freakuence.nl\/fr\/produit\/hegel-h600\/#primaryimage"},"thumbnailUrl":"https:\/\/dev.freakuence.nl\/wp-content\/uploads\/2026\/04\/17684030179752-18762-IMG8252.jpg","datePublished":"2026-01-14T15:03:53+00:00","dateModified":"2026-04-08T18:22:06+00:00","description":"Amplificateur int\u00e9gr\u00e9 Hegel H600 : 303 W par canal, DAC sup\u00e9rieur et streaming. \u2713 HiFi neuf et d'occasion \u2713 Note du client : 4.9 sur 5 \u2713 Reprise \u2713 Session d'\u00e9coute","breadcrumb":{"@id":"https:\/\/dev.freakuence.nl\/fr\/produit\/hegel-h600\/#breadcrumb"},"inLanguage":"fr-FR","potentialAction":[{"@type":"ReadAction","target":["https:\/\/dev.freakuence.nl\/fr\/produit\/hegel-h600\/"]}]},{"@type":"ImageObject","inLanguage":"fr-FR","@id":"https:\/\/dev.freakuence.nl\/fr\/produit\/hegel-h600\/#primaryimage","url":"https:\/\/dev.freakuence.nl\/wp-content\/uploads\/2026\/04\/17684030179752-18762-IMG8252.jpg","contentUrl":"https:\/\/dev.freakuence.nl\/wp-content\/uploads\/2026\/04\/17684030179752-18762-IMG8252.jpg","width":1800,"height":1200},{"@type":"BreadcrumbList","@id":"https:\/\/dev.freakuence.nl\/fr\/produit\/hegel-h600\/#breadcrumb","itemListElement":[{"@type":"ListItem","position":1,"name":"Accueil","item":"https:\/\/dev.freakuence.nl\/fr\/"},{"@type":"ListItem","position":2,"name":"Produits","item":"https:\/\/dev.freakuence.nl\/fr\/produits\/"},{"@type":"ListItem","position":3,"name":"Hegel H600"}]},{"@type":"WebSite","@id":"https:\/\/dev.freakuence.nl\/fr\/#website","url":"https:\/\/dev.freakuence.nl\/fr\/","name":"Freakuence!","description":"Freakuence!","publisher":{"@id":"https:\/\/dev.freakuence.nl\/fr\/#organization"},"alternateName":"Freakuence","potentialAction":[{"@type":"SearchAction","target":{"@type":"EntryPoint","urlTemplate":"https:\/\/dev.freakuence.nl\/fr\/?s={search_term_string}"},"query-input":{"@type":"PropertyValueSpecification","valueRequired":true,"valueName":"search_term_string"}}],"inLanguage":"fr-FR"},{"@type":"Organization","@id":"https:\/\/dev.freakuence.nl\/fr\/#organization","name":"Freakuence !","url":"https:\/\/dev.freakuence.nl\/fr\/","logo":{"@type":"ImageObject","inLanguage":"fr-FR","@id":"https:\/\/dev.freakuence.nl\/fr\/#\/schema\/logo\/image\/","url":"https:\/\/dev.freakuence.nl\/wp-content\/uploads\/2022\/05\/Brown_3_RGB_Freakuence-1.png","contentUrl":"https:\/\/dev.freakuence.nl\/wp-content\/uploads\/2022\/05\/Brown_3_RGB_Freakuence-1.png","width":2560,"height":684,"caption":"Freakuence !"},"image":{"@id":"https:\/\/dev.freakuence.nl\/fr\/#\/schema\/logo\/image\/"},"sameAs":["https:\/\/www.instagram.com\/freakuence_notorious_audio\/"]}]}},"_links":{"self":[{"href":"https:\/\/dev.freakuence.nl\/fr\/wp-json\/wp\/v2\/product\/330473","targetHints":{"allow":["GET"]}}],"collection":[{"href":"https:\/\/dev.freakuence.nl\/fr\/wp-json\/wp\/v2\/product"}],"about":[{"href":"https:\/\/dev.freakuence.nl\/fr\/wp-json\/wp\/v2\/types\/product"}],"wp:featuredmedia":[{"embeddable":true,"href":"https:\/\/dev.freakuence.nl\/fr\/wp-json\/wp\/v2\/media\/386722"}],"wp:attachment":[{"href":"https:\/\/dev.freakuence.nl\/fr\/wp-json\/wp\/v2\/media?parent=330473"}],"wp:term":[{"taxonomy":"product_brand","embeddable":true,"href":"https:\/\/dev.freakuence.nl\/fr\/wp-json\/wp\/v2\/product_brand?post=330473"},{"taxonomy":"product_cat","embeddable":true,"href":"https:\/\/dev.freakuence.nl\/fr\/wp-json\/wp\/v2\/product_cat?post=330473"},{"taxonomy":"product_tag","embeddable":true,"href":"https:\/\/dev.freakuence.nl\/fr\/wp-json\/wp\/v2\/product_tag?post=330473"}],"curies":[{"name":"wp","href":"https:\/\/api.w.org\/{rel}","templated":true}]}}