{"id":330606,"date":"2026-01-14T16:41:52","date_gmt":"2026-01-14T15:41:52","guid":{"rendered":"https:\/\/freakuence.nl\/product\/brocksieper-arabeske\/"},"modified":"2026-03-10T06:16:30","modified_gmt":"2026-03-10T05:16:30","slug":"brocksieper-arabeske","status":"publish","type":"product","link":"https:\/\/dev.freakuence.nl\/fr\/produit\/brocksieper-arabeske\/","title":{"rendered":"Brocksieper Arabeske"},"content":{"rendered":"<div class=\"product-specifications-list\">\n<div class=\"specification-item row-even\"><span class=\"spec-content\"><strong>Description Freakuence !<\/strong><\/span><\/div>\n<div class=\"specification-item row-odd\"><span class=\"spec-content\">Il se passe beaucoup de choses ici aussi. Ce qu&rsquo;il y a. Avec un haut-parleur de graves en chitine de 32 cm, un haut-parleur de m\u00e9diums en chitine de 17 cm et un haut-parleur d&rsquo;aigus Thiel en c\u00e9ramique. Il s&rsquo;agit d&rsquo;un haut-parleur de premi\u00e8re classe. Propre, avec une tr\u00e8s bonne assise dans le bas du spectre. Une sc\u00e8ne tr\u00e8s profonde.     <\/span><\/div>\n<div class=\"specification-item row-even\"><span class=\"spec-content\"><strong>Description g\u00e9n\u00e9rale<\/strong><\/span><\/div>\n<div class=\"specification-item row-odd\"><span class=\"spec-content\"><\/p>\n<p>Le Brocksieper Arabeske est un haut-parleur qui allie savoir-faire et composants de haute qualit\u00e9. Avec un haut-parleur de grave en chitine de 32 cm, un haut-parleur de m\u00e9dium en chitine de 17 cm et un haut-parleur d&rsquo;aigu en c\u00e9ramique Thiel, cette enceinte offre une reproduction sonore pr\u00e9cise et dynamique. Un supertweeter sp\u00e9cialement d\u00e9velopp\u00e9 offre une r\u00e9ponse en fr\u00e9quence \u00e9tendue, ce qui est particuli\u00e8rement \u00e9vident avec les SACD. La conception se concentre sur une r\u00e9ponse temporelle r\u00e9aliste, reproduisant fid\u00e8lement les impulsions. L&rsquo;Arabeske est un haut-parleur passif en standard, mais il peut \u00eatre \u00e9quip\u00e9 d&rsquo;un filtre actif \u00e0 tube pour une amplification active. Le placement lat\u00e9ral du subwoofer permet de conserver la finesse du design. Avec une sensibilit\u00e9 de 91 dB et une gamme de fr\u00e9quences de 29 Hz \u00e0 30 kHz, l&rsquo;Arabeske offre une exp\u00e9rience d&rsquo;\u00e9coute impressionnante.      <\/p>\n<p><\/span><\/div>\n<div class=\"specification-item row-even\"><span class=\"spec-content\"><strong>Histoire de la marque<\/strong><\/span><\/div>\n<div class=\"specification-item row-odd\"><span class=\"spec-content\"><\/p>\n<p>Depuis 2001, Brocksieper d\u00e9veloppe et fabrique des appareils \u00e9lectroniques en mettant l&rsquo;accent sur la technologie des tubes. Son fondateur, Michael Brocksieper, est impliqu\u00e9 dans le d\u00e9veloppement d&rsquo;amplificateurs depuis 1985. La production a lieu enti\u00e8rement dans notre propre atelier en Allemagne, tous les composants \u00e9tant assembl\u00e9s et test\u00e9s \u00e0 la main. Les bo\u00eetiers et les composants sont d\u00e9velopp\u00e9s et fabriqu\u00e9s en collaboration avec des fournisseurs locaux. Des mat\u00e9riaux de haute qualit\u00e9 sont choisis pour la production, notamment l&rsquo;aluminium et l&rsquo;acier inoxydable. Depuis 2002, l&rsquo;entreprise utilise un concept modulaire, dans lequel les appareils contiennent des modules interchangeables. Brocksieper n&rsquo;utilise que des composants discrets et \u00e9vite l&rsquo;utilisation d&rsquo;amplificateurs optiques. Chaque appareil n&rsquo;est exp\u00e9di\u00e9 qu&rsquo;apr\u00e8s un contr\u00f4le de qualit\u00e9 approfondi et des mesures individuelles. Les activit\u00e9s comprennent le d\u00e9veloppement de circuits ainsi que la conception et la finition des bo\u00eetiers.        <\/p>\n<p><\/span><\/div>\n<\/div>\n","protected":false},"excerpt":{"rendered":"<p>Description Freakuence ! Il se passe beaucoup de choses ici aussi. Ce qu&rsquo;il y a. Avec un haut-parleur de graves en chitine de 32 cm, un haut-parleur de m\u00e9diums en chitine de 17 cm et un haut-parleur d&rsquo;aigus Thiel en c\u00e9ramique. Il s&rsquo;agit d&rsquo;un haut-parleur de premi\u00e8re classe. Propre, avec une tr\u00e8s bonne assise dans [&hellip;]<\/p>\n","protected":false},"featured_media":331301,"template":"","meta":{"_acf_changed":false,"inline_featured_image":false},"product_brand":[],"product_cat":[543],"product_tag":[533],"class_list":{"0":"post-330606","1":"product","2":"type-product","3":"status-publish","4":"has-post-thumbnail","6":"product_cat-intervenants","7":"product_tag-used","8":"pa_kleur-noir","10":"first","11":"instock","12":"purchasable","13":"product-type-simple"},"acf":{"website":true,"show_on_homepage":false,"brand_title":"Brocksieper","product_type":"Arabeske","color":"Noir","subcolor":"","reserved_status":"0"},"_links":{"self":[{"href":"https:\/\/dev.freakuence.nl\/fr\/wp-json\/wp\/v2\/product\/330606","targetHints":{"allow":["GET"]}}],"collection":[{"href":"https:\/\/dev.freakuence.nl\/fr\/wp-json\/wp\/v2\/product"}],"about":[{"href":"https:\/\/dev.freakuence.nl\/fr\/wp-json\/wp\/v2\/types\/product"}],"wp:featuredmedia":[{"embeddable":true,"href":"https:\/\/dev.freakuence.nl\/fr\/wp-json\/wp\/v2\/media\/331301"}],"wp:attachment":[{"href":"https:\/\/dev.freakuence.nl\/fr\/wp-json\/wp\/v2\/media?parent=330606"}],"wp:term":[{"taxonomy":"product_brand","embeddable":true,"href":"https:\/\/dev.freakuence.nl\/fr\/wp-json\/wp\/v2\/product_brand?post=330606"},{"taxonomy":"product_cat","embeddable":true,"href":"https:\/\/dev.freakuence.nl\/fr\/wp-json\/wp\/v2\/product_cat?post=330606"},{"taxonomy":"product_tag","embeddable":true,"href":"https:\/\/dev.freakuence.nl\/fr\/wp-json\/wp\/v2\/product_tag?post=330606"}],"curies":[{"name":"wp","href":"https:\/\/api.w.org\/{rel}","templated":true}]}}