{"id":331729,"date":"2026-01-19T15:47:57","date_gmt":"2026-01-19T14:47:57","guid":{"rendered":"https:\/\/freakuence.nl\/product\/wadia-a315-2\/"},"modified":"2026-04-10T09:10:55","modified_gmt":"2026-04-10T07:10:55","slug":"wadia-a315-2","status":"publish","type":"product","link":"https:\/\/dev.freakuence.nl\/fr\/produit\/wadia-a315-2\/","title":{"rendered":"Wadia A315"},"content":{"rendered":"<div class=\"product-specifications-list\">\n<div class=\"specification-item row-header\"><span class=\"spec-content\"><strong>Description Freakuence !<\/strong><\/span><\/div>\n<div class=\"specification-item row-even\"><span class=\"spec-content\">Amplificateur tr\u00e8s puissant et tr\u00e8s d\u00e9taill\u00e9 en provenance des \u00c9tats-Unis, c&rsquo;est-\u00e0-dire de l&rsquo;Am\u00e9rique. Il offre une large gamme de tonalit\u00e9s. Une base solide pour les basses fr\u00e9quences et un milieu de gamme doux.  <\/span><\/div>\n<div class=\"specification-item row-header\"><span class=\"spec-content\"><strong>Description g\u00e9n\u00e9rale<\/strong><\/span><\/div>\n<div class=\"specification-item row-even\"><span class=\"spec-content\">Ce syst\u00e8me d\u00e9livre 150 watts par canal \u00e0 8 ohms et 250 watts par canal \u00e0 4 ohms. Il est dot\u00e9 d&rsquo;entr\u00e9es sym\u00e9triques et asym\u00e9triques et de bornes de raccordement d&rsquo;enceintes \u00e0 5 voies sp\u00e9cialement con\u00e7ues. La technologie Frequency Switching Transmission\u2122 s&rsquo;ajuste pour r\u00e9duire la distorsion sur l&rsquo;ensemble du spectre audio. Signal Surveyor\u2122 surveille le signal de sortie et arr\u00eate l&rsquo;amplification \u00e0 des niveaux de tension continue dangereux. Une entr\u00e9e et une sortie de d\u00e9clenchement permettent une int\u00e9gration facile du syst\u00e8me. La conception compacte avec une hauteur inf\u00e9rieure \u00e0 9 cm facilite le placement. L&rsquo;outil optionnel pour les connexions des haut-parleurs garantit des connexions extra solides.      <\/span><\/div>\n<div class=\"specification-item row-header\"><span class=\"spec-content\"><strong>Informations g\u00e9n\u00e9rales<\/strong><\/span><\/div>\n<div class=\"specification-item row-even\"><span class=\"spec-content\">Le Wadia A315 a \u00e9t\u00e9 con\u00e7u par l&rsquo;\u00e9quipe d&rsquo;ing\u00e9nieurs de Wadia, autour du designer en chef John Schaffer, dans le but de reproduire de la musique haut de gamme. Le circuit d&rsquo;amplification utilise des composants discrets de qualit\u00e9 audiophile et le c\u00e2blage interne a \u00e9t\u00e9 soigneusement s\u00e9lectionn\u00e9 pour une transmission optimale du signal. Le bo\u00eetier est usin\u00e9 CNC en aluminium massif pour assurer la stabilit\u00e9 et la dissipation thermique. Wadia est r\u00e9put\u00e9 pour la pr\u00e9cision de ses assemblages aux \u00c9tats-Unis.   <\/span><\/div>\n<div class=\"specification-item row-header\"><span class=\"spec-content\"><strong>Histoire de la marque<\/strong><\/span><\/div>\n<div class=\"specification-item row-even\"><span class=\"spec-content\">Wadia Digital a \u00e9t\u00e9 fond\u00e9e en 1988 aux \u00c9tats-Unis. D\u00e8s le d\u00e9but, la marque s&rsquo;est sp\u00e9cialis\u00e9e dans l&rsquo;ing\u00e9nierie audio num\u00e9rique, en mettant l&rsquo;accent sur le traitement pr\u00e9cis des signaux num\u00e9riques. Wadia a utilis\u00e9 des techniques telles que DigiMaster, un algorithme de filtrage num\u00e9rique, et des composants discrets au lieu de circuits int\u00e9gr\u00e9s pour la conversion num\u00e9rique-analogique. Au cours de ses premi\u00e8res ann\u00e9es d&rsquo;existence, Wadia a commercialis\u00e9 des produits tels que le Wadia 2000, un produit audio num\u00e9rique bas\u00e9 sur des recherches originales dans le domaine du traitement num\u00e9rique haut de gamme. L&rsquo;une des caract\u00e9ristiques des produits Wadia \u00e9tait l&rsquo;utilisation de ce que l&rsquo;on appelle le \u00ab\u00a0verre optique\u00a0\u00bb et d&rsquo;autres interconnexions num\u00e9riques pour un transfert de donn\u00e9es pr\u00e9cis. Plus tard, les produits et les technologies de Wadia ont \u00e9t\u00e9 int\u00e9gr\u00e9s \u00e0 la gamme Audio Research et ont \u00e9t\u00e9 rattach\u00e9s au groupe McIntosh. L&rsquo;approche du traitement des signaux num\u00e9riques est rest\u00e9e techniquement constante, l&rsquo;accent \u00e9tant mis sur la reconstruction au bit pr\u00e8s et sur les sp\u00e9cifications techniques.      <\/span><\/div>\n<\/div>\n","protected":false},"excerpt":{"rendered":"<p>Description Freakuence ! Amplificateur tr\u00e8s puissant et tr\u00e8s d\u00e9taill\u00e9 en provenance des \u00c9tats-Unis, c&rsquo;est-\u00e0-dire de l&rsquo;Am\u00e9rique. Il offre une large gamme de tonalit\u00e9s. Une base solide pour les basses fr\u00e9quences et un milieu de gamme doux. Description g\u00e9n\u00e9rale Ce syst\u00e8me d\u00e9livre 150 watts par canal \u00e0 8 ohms et 250 watts par canal \u00e0 4 [&hellip;]<\/p>\n","protected":false},"featured_media":387429,"template":"","meta":{"_acf_changed":false,"inline_featured_image":false},"product_brand":[],"product_cat":[530,747,746],"product_tag":[533],"class_list":{"0":"post-331729","1":"product","2":"type-product","3":"status-publish","4":"has-post-thumbnail","6":"product_cat-amplificateurs","7":"product_cat-amplificateurs-de-classe-d","8":"product_cat-amplificateurs-de-puissance","9":"product_tag-used","10":"pa_kleur-argent","12":"first","13":"instock","14":"sold-individually","15":"purchasable","16":"product-type-simple"},"acf":{"website":true,"show_on_homepage":false,"brand_title":"Wadia","product_type":"A315","color":"Argent","subcolor":"","reserved_status":"0"},"_links":{"self":[{"href":"https:\/\/dev.freakuence.nl\/fr\/wp-json\/wp\/v2\/product\/331729","targetHints":{"allow":["GET"]}}],"collection":[{"href":"https:\/\/dev.freakuence.nl\/fr\/wp-json\/wp\/v2\/product"}],"about":[{"href":"https:\/\/dev.freakuence.nl\/fr\/wp-json\/wp\/v2\/types\/product"}],"wp:featuredmedia":[{"embeddable":true,"href":"https:\/\/dev.freakuence.nl\/fr\/wp-json\/wp\/v2\/media\/387429"}],"wp:attachment":[{"href":"https:\/\/dev.freakuence.nl\/fr\/wp-json\/wp\/v2\/media?parent=331729"}],"wp:term":[{"taxonomy":"product_brand","embeddable":true,"href":"https:\/\/dev.freakuence.nl\/fr\/wp-json\/wp\/v2\/product_brand?post=331729"},{"taxonomy":"product_cat","embeddable":true,"href":"https:\/\/dev.freakuence.nl\/fr\/wp-json\/wp\/v2\/product_cat?post=331729"},{"taxonomy":"product_tag","embeddable":true,"href":"https:\/\/dev.freakuence.nl\/fr\/wp-json\/wp\/v2\/product_tag?post=331729"}],"curies":[{"name":"wp","href":"https:\/\/api.w.org\/{rel}","templated":true}]}}